{"id":35212,"date":"2025-07-02T20:23:44","date_gmt":"2025-07-03T04:23:44","guid":{"rendered":"https:\/\/tangooled.com\/?post_type=product&#038;p=35212"},"modified":"2026-02-02T22:06:07","modified_gmt":"2026-02-03T06:06:07","slug":"wooden-wall-skirting-led-black-aluminum-baseboard-for-18mm-wood","status":"publish","type":"product","link":"https:\/\/tangooled.com\/pt\/product\/wooden-wall-skirting-led-black-aluminum-baseboard-for-18mm-wood\/","title":{"rendered":"rodap\u00e9 de madeira LED base de alum\u00ednio preto para madeira de 18mm"},"content":{"rendered":"<div class=\"wp-block-group is-vertical is-layout-flex wp-container-core-group-is-layout-d255d7c4 wp-block-group-is-layout-flex\" style=\"padding-top:var(--wp--preset--spacing--80);padding-bottom:var(--wp--preset--spacing--80)\">\n<p>Our wooden wall skirting LED baseboard is built to fit 18\u00a0mm thick tiles and wooden wall panels. It features a unique lighting structure that offers a more creative illumination effect.<\/p>\n\n\n\n<p>A fita LED se encaixa em um canal que fica a cerca de 20 mm da parede. A luz brilha na face vertical da linha do rodap\u00e9 e depois reflete suavemente no ch\u00e3o. Ao enterrar a fonte de luz dentro do espa\u00e7o do rodap\u00e9, o brilho resultante \u00e9 esteticamente agrad\u00e1vel e suave para os olhos humanos.<\/p>\n\n\n\n<p>This black aluminum board makes it to integrate seamlessly with a wide range of decorative styles, including modern minimalism, industrial, and light luxury designs. It is perfectly suited for LED skirting profile lighting design in various settings. The black background further enhances the strip light&#8217;s color and brilliance, making it stand out more distinctly.<\/p>\n<\/div>\n\n\n\n<div class=\"wp-block-group has-background is-vertical is-layout-flex wp-container-core-group-is-layout-d255d7c4 wp-block-group-is-layout-flex\" style=\"background-color:#f1f1f1;padding-top:var(--wp--preset--spacing--80);padding-bottom:var(--wp--preset--spacing--80)\">\n<div class=\"wp-block-group is-vertical is-layout-flex wp-container-core-group-is-layout-8cf370e7 wp-block-group-is-layout-flex\">\n<h2 class=\"wp-block-heading\" style=\"padding-top:var(--wp--preset--spacing--40);padding-bottom:var(--wp--preset--spacing--40);font-size:25px;font-style:normal;font-weight:600;text-transform:capitalize\">Principais caracter\u00edsticas do perfil LED em alum\u00ednio preto TG-SK01<\/h2>\n\n\n\n<ul class=\"wp-block-list\">\n<li>O design embutido se adapta bem a pain\u00e9is de madeira e azulejos de 18mm de espessura.<\/li>\n\n\n\n<li>Feito de alum\u00ednio extrudado 6063-T5 de alta qualidade com acabamento anodizado preto fosco, combina bem com a maioria das decora\u00e7\u00f5es de interiores.<\/li>\n\n\n\n<li>A largura interna de 7.9 mm pode acomodar fitas de luz de at\u00e9 7 mm de largura.<\/li>\n\n\n\n<li>Perfil de rodap\u00e9 de alum\u00ednio preto que \u00e9 iluminado diagonalmente para evitar que a luz fique muito intensa ou projete sombras.<\/li>\n\n\n\n<li>The height of the skirting led light from the ground is ideal; it&#8217;s neither too high to look out of place or too low to change the lighting effect. It works well with the baseboard lighting needs of most rooms.<\/li>\n<\/ul>\n<\/div>\n<\/div>\n\n\n\n<div class=\"wp-block-group is-vertical is-layout-flex wp-container-core-group-is-layout-d255d7c4 wp-block-group-is-layout-flex\" style=\"padding-top:var(--wp--preset--spacing--80);padding-bottom:var(--wp--preset--spacing--80)\">\n<hr class=\"wp-block-separator has-alpha-channel-opacity\"\/>\n\n\n\n<div class=\"wp-block-media-text has-media-on-the-right is-stacked-on-mobile\" style=\"grid-template-columns:auto 40%\"><div class=\"wp-block-media-text__content\">\n<h2 class=\"wp-block-heading\" style=\"padding-top:var(--wp--preset--spacing--40);padding-bottom:var(--wp--preset--spacing--40);font-size:25px;font-style:normal;font-weight:600;text-transform:capitalize\">Como instalar o canal do rodap\u00e9 de madeira LED?<\/h2>\n\n\n\n<ul class=\"wp-block-list\">\n<li>Coloque sua fita de luz LED dentro do canal.<\/li>\n\n\n\n<li>Coloque o difusor fosco sobre a fita LED e encaixe-o para obter uma luz suave sem ofuscamento.<\/li>\n\n\n\n<li>Use uma fresadora para fazer um canal no painel de madeira de 18 mm que tenha o mesmo tamanho do perfil.<\/li>\n\n\n\n<li>Use parafusos ou cola forte para fixar o rodap\u00e9 de alum\u00ednio LED no lugar.<\/li>\n\n\n\n<li>Conecte-o \u00e0 fonte de alimenta\u00e7\u00e3o DC e aproveite a luz.<\/li>\n<\/ul>\n<\/div><figure class=\"wp-block-media-text__media\"><img loading=\"lazy\" decoding=\"async\" width=\"500\" height=\"500\" src=\"https:\/\/tangooled.com\/wp-content\/uploads\/2025\/07\/sk01-ins.webp\" alt=\"wooden wall skirting led black aluminum baseboard for 18mm wood\" class=\"wp-image-42129 size-full\" srcset=\"https:\/\/tangooled.com\/wp-content\/uploads\/2025\/07\/sk01-ins.webp 500w, https:\/\/tangooled.com\/wp-content\/uploads\/2025\/07\/sk01-ins-300x300.webp 300w, https:\/\/tangooled.com\/wp-content\/uploads\/2025\/07\/sk01-ins-150x150.webp 150w\" sizes=\"auto, (max-width: 500px) 100vw, 500px\" \/><\/figure><\/div>\n<\/div>\n\n\n\n<div class=\"wp-block-group has-background is-vertical is-layout-flex wp-container-core-group-is-layout-b429018a wp-block-group-is-layout-flex\" style=\"background-color:#f1f1f1f2;padding-top:var(--wp--preset--spacing--70);padding-bottom:var(--wp--preset--spacing--70)\">\n<h2 class=\"wp-block-heading\" style=\"padding-top:var(--wp--preset--spacing--40);padding-bottom:var(--wp--preset--spacing--40);font-size:25px;font-style:normal;font-weight:600\">Onde Pode Us\u00e1-lo?<\/h2>\n\n\n\n<p>O perfil TG-SK01 \u00e9 excelente para v\u00e1rios lugares. Aqui est\u00e3o algumas ideias e exemplos de como us\u00e1-lo:<\/p>\n\n\n\n<ul class=\"wp-block-list\">\n<li>Ilumina\u00e7\u00e3o ao longo dos rodap\u00e9s no corredor para ajudar voc\u00ea a ver \u00e0 noite.<\/li>\n\n\n\n<li>Ilumina\u00e7\u00e3o sob o balc\u00e3o da cozinha para iluminar cantos escuros.<\/li>\n\n\n\n<li>Luz nas escadas para evitar que as pessoas escorreguem e caiam.<\/li>\n\n\n\n<li>Luzes em corredores de hotel para tornar os caminhos mais agrad\u00e1veis e seguros.<\/li>\n\n\n\n<li>Ilumina\u00e7\u00e3o no ch\u00e3o do cinema para um brilho agrad\u00e1vel e de bom gosto.<\/li>\n\n\n\n<li>Adicione uma temperatura aconchegante aos quartos ou salas de estar com ilumina\u00e7\u00e3o de humor.<\/li>\n<\/ul>\n<\/div>\n\n\n\n<div class=\"wp-block-group is-vertical is-layout-flex wp-container-core-group-is-layout-d255d7c4 wp-block-group-is-layout-flex\" style=\"padding-top:var(--wp--preset--spacing--80);padding-bottom:var(--wp--preset--spacing--80)\">\n<h2 class=\"wp-block-heading\" style=\"padding-top:var(--wp--preset--spacing--40);padding-bottom:var(--wp--preset--spacing--40);font-size:25px;font-style:normal;font-weight:600;text-transform:capitalize\">Por que confiar em nosso rodap\u00e9 de madeira LED?<\/h2>\n\n\n\n<p>Testamos nosso rodap\u00e9 de madeira LED para garantir que se encaixe precisamente em pain\u00e9is de madeira de 18 mm. Ele \u00e9 feito para oferecer uma ilumina\u00e7\u00e3o de rodap\u00e9 que \u00e9 atraente e energeticamente eficiente, atendendo tanto \u00e0s suas demandas pr\u00e1ticas quanto decorativas de ilumina\u00e7\u00e3o baixa. Se voc\u00ea deseja instalar um rodap\u00e9 LED embutido, perfil de rodap\u00e9 montado na superf\u00edcie ou rodap\u00e9 LED embutido, TG-SK01 \u00e9 a melhor escolha.<\/p>\n<\/div>\n\n\n\n<div class=\"wp-block-group has-background\" style=\"background-color:#f1f1f1;padding-top:var(--wp--preset--spacing--80);padding-bottom:var(--wp--preset--spacing--80)\"><div class=\"wp-block-group__inner-container is-layout-constrained wp-block-group-is-layout-constrained\">\n<h2 class=\"wp-block-heading\" style=\"padding-top:var(--wp--preset--spacing--40);padding-right:0;padding-bottom:var(--wp--preset--spacing--40);padding-left:0;font-size:25px;font-style:normal;font-weight:600;text-transform:capitalize\">Links relacionados<\/h2>\n\n\n\n<ul class=\"wp-block-list\">\n<li>Saiba mais sobre <a href=\"https:\/\/tangooled.com\/pt\/how-to-install-led-aluminum-profiles\/\"><mark style=\"background-color:rgba(0, 0, 0, 0)\" class=\"has-inline-color has-vivid-red-color\">como instalar perfis de alum\u00ednio LED <\/mark><\/a>em nosso site.<\/li>\n\n\n\n<li>Confira nosso <mark style=\"background-color:rgba(0, 0, 0, 0)\" class=\"has-inline-color has-vivid-red-color\"><a href=\"https:\/\/tangooled.com\/pt\/top-10-led-aluminum-profile-application-ideas\/\">Ideias para instala\u00e7\u00e3o de perfis de alum\u00ednio LED<\/a><\/mark> para sua inspira\u00e7\u00e3o.<\/li>\n<\/ul>\n<\/div><\/div>\n\n\n\n<p><\/p>","protected":false},"featured_media":13622,"template":"","meta":{"_acf_changed":true,"_seopress_robots_primary_cat":"none","_seopress_titles_title":"LED Skirting Board Base Black Aluminum Profile for 18mm Wood SK01 | TANGOOLED","_seopress_titles_desc":"The SK01 is a black aluminum led skirting board base specifically designed for 18mm wood panels. Create modern up-light wall wash effects at floor level with this durable recessed baseboard profile.","_seopress_robots_index":""},"pcb-width":[228],"product-cat":[198],"class_list":{"0":"post-35212","1":"product","2":"type-product","3":"status-publish","4":"has-post-thumbnail","6":"pcb-width-6-12mm","7":"product-cat-skirting-profile"},"acf":[],"_links":{"self":[{"href":"https:\/\/tangooled.com\/pt\/wp-json\/wp\/v2\/product\/35212","targetHints":{"allow":["GET"]}}],"collection":[{"href":"https:\/\/tangooled.com\/pt\/wp-json\/wp\/v2\/product"}],"about":[{"href":"https:\/\/tangooled.com\/pt\/wp-json\/wp\/v2\/types\/product"}],"wp:featuredmedia":[{"embeddable":true,"href":"https:\/\/tangooled.com\/pt\/wp-json\/wp\/v2\/media\/13622"}],"wp:attachment":[{"href":"https:\/\/tangooled.com\/pt\/wp-json\/wp\/v2\/media?parent=35212"}],"wp:term":[{"taxonomy":"pcb-width","embeddable":true,"href":"https:\/\/tangooled.com\/pt\/wp-json\/wp\/v2\/pcb-width?post=35212"},{"taxonomy":"product-cat","embeddable":true,"href":"https:\/\/tangooled.com\/pt\/wp-json\/wp\/v2\/product-cat?post=35212"}],"curies":[{"name":"wp","href":"https:\/\/api.w.org\/{rel}","templated":true}]}}