{"id":35192,"date":"2025-07-02T20:04:44","date_gmt":"2025-07-03T04:04:44","guid":{"rendered":"https:\/\/tangooled.com\/?post_type=product&#038;p=35192"},"modified":"2026-01-27T01:34:50","modified_gmt":"2026-01-27T09:34:50","slug":"45-degree-stair-aluminum-profile-down-lighting-stp01","status":"publish","type":"product","link":"https:\/\/tangooled.com\/pt\/product\/45-degree-stair-aluminum-profile-down-lighting-stp01\/","title":{"rendered":"STP01: Perfil de degrau com ilumina\u00e7\u00e3o para baixo em \u00e2ngulo de 45 graus para tiras de 10mm"},"content":{"rendered":"<div class=\"wp-block-group is-vertical is-layout-flex wp-container-core-group-is-layout-d255d7c4 wp-block-group-is-layout-flex\" style=\"padding-top:var(--wp--preset--spacing--80);padding-bottom:var(--wp--preset--spacing--80)\">\n<p>Ilumine suas escadas com seguran\u00e7a e estilo com nosso perfil de alum\u00ednio para degraus com ilumina\u00e7\u00e3o para baixo em \u00e2ngulo de 45 graus. Nosso perfil de degrau LED \u00e9 feito de alum\u00ednio e \u00e9 extremamente dur\u00e1vel para uso em ambientes internos e externos. A largura interna deste perfil \u00e9 compat\u00edvel com uma tira LED de 10&nbsp;mm de largura ou tiras RGB de 12&nbsp;mm. Al\u00e9m de uma \u00fanica cor de luz, voc\u00ea pode obter cores variadas e vibrantes usando tiras RGB, melhorando dramaticamente a apar\u00eancia de suas escadas.<\/p>\n\n\n\n<p>A instala\u00e7\u00e3o deste perfil de alum\u00ednio para degraus tamb\u00e9m \u00e9 simples. Basta fix\u00e1-lo na borda do degrau com parafusos ap\u00f3s montar as tiras e as tampas de extremidade. Este perfil de ilumina\u00e7\u00e3o para degraus direciona a luz para baixo em um \u00e2ngulo de 45 graus, o que significa que n\u00e3o h\u00e1 ofuscamento nos seus olhos e garante que cada passo esteja claramente iluminado. \u00c9 perfeito para casas, escrit\u00f3rios, hot\u00e9is e ambientes externos.<\/p>\n<\/div>\n\n\n\n<div class=\"wp-block-group has-background is-vertical is-layout-flex wp-container-core-group-is-layout-d255d7c4 wp-block-group-is-layout-flex\" style=\"background-color:#f1f1f1;padding-top:var(--wp--preset--spacing--80);padding-bottom:var(--wp--preset--spacing--80)\">\n<div class=\"wp-block-group is-vertical is-layout-flex wp-container-core-group-is-layout-8cf370e7 wp-block-group-is-layout-flex\">\n<h2 class=\"wp-block-heading\" style=\"padding-top:var(--wp--preset--spacing--40);padding-bottom:var(--wp--preset--spacing--40);font-size:25px;font-style:normal;font-weight:600;text-transform:capitalize\">Principais Caracter\u00edsticas e Benef\u00edcios<\/h2>\n\n\n\n<ul class=\"wp-block-list\">\n<li>Ilumina\u00e7\u00e3o para baixo em 45 graus: suporta tiras LED e ilumina o degrau em um \u00e2ngulo de 45 graus, sem ofuscamento.<\/li>\n\n\n\n<li>Compat\u00edvel com diferentes tiras LED: funciona com tiras LED de 8mm, 10mm e inclui tiras RGB de 12mm.<\/li>\n\n\n\n<li>Alum\u00ednio dur\u00e1vel: fabricado em liga de alum\u00ednio anodizado 6063, resistente \u00e0 ferrugem e ao desgaste.<\/li>\n\n\n\n<li>Luz suave com difusor: apresenta uma cobertura difusora opalina ou fosca, sem pontos escuros de luz.<\/li>\n\n\n\n<li>Instala\u00e7\u00e3o f\u00e1cil: fixa\u00e7\u00e3o direta com parafusos nas bordas dos degraus.<\/li>\n\n\n\n<li>Corte para qualquer comprimento para um ajuste perfeito nas suas escadas.<\/li>\n<\/ul>\n<\/div>\n<\/div>\n\n\n\n<div class=\"wp-block-group is-vertical is-layout-flex wp-container-core-group-is-layout-d255d7c4 wp-block-group-is-layout-flex\" style=\"padding-top:var(--wp--preset--spacing--80);padding-bottom:var(--wp--preset--spacing--80)\">\n<hr class=\"wp-block-separator has-alpha-channel-opacity\"\/>\n\n\n\n<div class=\"wp-block-media-text has-media-on-the-right is-stacked-on-mobile\" style=\"grid-template-columns:auto 40%\"><div class=\"wp-block-media-text__content\">\n<h2 class=\"wp-block-heading\" style=\"padding-top:var(--wp--preset--spacing--40);padding-bottom:var(--wp--preset--spacing--40);font-size:25px;font-style:normal;font-weight:600;text-transform:capitalize\">Passos f\u00e1ceis para instalar<\/h2>\n\n\n\n<ul class=\"wp-block-list\">\n<li>Use uma serra para cortar o perfil no tamanho certo para suas escadas.<\/li>\n\n\n\n<li>Coloque sua tira de LED de 10mm dentro do canal.<\/li>\n\n\n\n<li>Coloque a cobertura do difusor para suavizar a luz.<\/li>\n\n\n\n<li>Coloque as tampas nas extremidades para dar um acabamento limpo e polido.<\/li>\n\n\n\n<li>Use parafusos para fixar o perfil na borda das escadas.<\/li>\n\n\n\n<li>Conecte sua fita LED a uma fonte de energia.<\/li>\n<\/ul>\n<\/div><figure class=\"wp-block-media-text__media\"><img loading=\"lazy\" decoding=\"async\" width=\"500\" height=\"500\" src=\"https:\/\/tangooled.com\/wp-content\/uploads\/2025\/07\/stp01-ins.webp\" alt=\"down lighting 45 degree stair aluminum profile for 10mm strips\" class=\"wp-image-42205 size-full\" srcset=\"https:\/\/tangooled.com\/wp-content\/uploads\/2025\/07\/stp01-ins.webp 500w, https:\/\/tangooled.com\/wp-content\/uploads\/2025\/07\/stp01-ins-300x300.webp 300w, https:\/\/tangooled.com\/wp-content\/uploads\/2025\/07\/stp01-ins-150x150.webp 150w\" sizes=\"auto, (max-width: 500px) 100vw, 500px\" \/><\/figure><\/div>\n<\/div>\n\n\n\n<div class=\"wp-block-group has-background is-vertical is-layout-flex wp-container-core-group-is-layout-b429018a wp-block-group-is-layout-flex\" style=\"background-color:#f1f1f1f2;padding-top:var(--wp--preset--spacing--70);padding-bottom:var(--wp--preset--spacing--70)\">\n<h2 class=\"wp-block-heading\" style=\"padding-top:var(--wp--preset--spacing--40);padding-bottom:var(--wp--preset--spacing--40);font-size:25px;font-style:normal;font-weight:600;text-transform:capitalize\">locais perfeitos para usar este perfil de alum\u00ednio para ilumina\u00e7\u00e3o em \u00e2ngulo de 45 graus<\/h2>\n\n\n\n<ul class=\"wp-block-list\">\n<li>Escadas em casas de madeira, azulejo ou carpete&nbsp;<\/li>\n\n\n\n<li>Hot\u00e9is e teatros que precisam de ilumina\u00e7\u00e3o de degraus bonita e segura<\/li>\n\n\n\n<li>Decks externos (com tiras LED imperme\u00e1veis)<\/li>\n\n\n\n<li>Restaurantes e lojas que desejam escadas seguras e bonitas<\/li>\n\n\n\n<li>Escrit\u00f3rios e edif\u00edcios comerciais<\/li>\n<\/ul>\n<\/div>\n\n\n\n<div class=\"wp-block-group is-vertical is-layout-flex wp-container-core-group-is-layout-d255d7c4 wp-block-group-is-layout-flex\" style=\"padding-top:var(--wp--preset--spacing--80);padding-bottom:var(--wp--preset--spacing--80)\">\n<h2 class=\"wp-block-heading\" style=\"padding-top:var(--wp--preset--spacing--40);padding-bottom:var(--wp--preset--spacing--40);font-size:25px;font-style:normal;font-weight:600;text-transform:capitalize\">Produtos Relacionados Que Voc\u00ea Pode Gostar<\/h2>\n\n\n\n<ul class=\"wp-block-list\">\n<li>Perfil LED de degrau com tira de borracha para luzes de fita LED de 12mm: <a href=\"https:\/\/tangooled.com\/pt\/product\/staircase-led-profile-with-rubber-strip-for-12mm-led-tape-lights\/\"><mark style=\"background-color:rgba(0, 0, 0, 0)\" class=\"has-inline-color has-vivid-red-color\">Perfil LED de Degrau<\/mark><\/a><\/li>\n\n\n\n<li>Perfil de alum\u00ednio de borda de degrau para montagem na superf\u00edcie para tira LED de 10mm: <a href=\"https:\/\/tangooled.com\/pt\/product\/surface-mount-aluminum-stair-nosing-profile-for-10mm-led-strip\/\"><mark style=\"background-color:rgba(0, 0, 0, 0)\" class=\"has-inline-color has-vivid-red-color\">Perfil de Borda de Alum\u00ednio de Degrau<\/mark><\/a><\/li>\n\n\n\n<li>Canal de alum\u00ednio em \u00e2ngulo de 45 graus para tiras LED de 10mm: <a href=\"https:\/\/tangooled.com\/pt\/product\/45-degree-corner-led-aluminum-channel-for-10mm-led-strips\/\"><mark style=\"background-color:rgba(0, 0, 0, 0)\" class=\"has-inline-color has-vivid-red-color\">Canal LED de 45 Graus<\/mark><\/a><\/li>\n<\/ul>\n<\/div>\n\n\n\n<div class=\"wp-block-group has-background\" style=\"background-color:#f1f1f1;padding-top:var(--wp--preset--spacing--80);padding-bottom:var(--wp--preset--spacing--80)\"><div class=\"wp-block-group__inner-container is-layout-constrained wp-block-group-is-layout-constrained\">\n<h2 class=\"wp-block-heading\" style=\"padding-top:var(--wp--preset--spacing--40);padding-bottom:var(--wp--preset--spacing--40);font-size:25px;font-style:normal;font-weight:600;text-transform:capitalize\">Mais sobre este perfil<\/h2>\n\n\n\n<p style=\"padding-right:var(--wp--preset--spacing--50);padding-left:var(--wp--preset--spacing--50)\">Nosso perfil de alum\u00ednio para ilumina\u00e7\u00e3o inclinada em 45 graus funciona como extrus\u00e3o de ilumina\u00e7\u00e3o LED em borda de degrau e canal de alum\u00ednio para ilumina\u00e7\u00e3o de degrau. \u00c9 perfeito tanto para escadas novas quanto para upgrades. O brilho suave faz suas escadas parecerem flutuar \u00e0 noite.<br>Este perfil tamb\u00e9m \u00e9 chamado de perfil de ilumina\u00e7\u00e3o de degrau embutido ou de alojamento de alum\u00ednio para tiras LED. Ele oferece resist\u00eancia para um perfil de degrau LED que permite que as pessoas possam pisar com seguran\u00e7a. \u00c9 uma excelente extrus\u00e3o linear de LED para degraus e um canal em \u00e2ngulo ideal para fita LED. Use-o para ilumina\u00e7\u00e3o de perfil de degrau de montagem na superf\u00edcie que se integra ao seu decor.<\/p>\n<\/div><\/div>\n\n\n\n<p><\/p>","protected":false},"featured_media":13547,"template":"","meta":{"_acf_changed":true,"_seopress_robots_primary_cat":"none","_seopress_titles_title":"45 Degree Stair Aluminum Profile | Down-Lighting Step Channel STP01","_seopress_titles_desc":"The STP01 is a specialized 45 degree stair aluminum profile for down lighting. Designed for 10mm strips, this angled channel ensures glare-free step illumination and enhanced safety for modern staircases.","_seopress_robots_index":""},"pcb-width":[228],"product-cat":[200],"class_list":{"0":"post-35192","1":"product","2":"type-product","3":"status-publish","4":"has-post-thumbnail","6":"pcb-width-6-12mm","7":"product-cat-stair-nosing-profile"},"acf":[],"_links":{"self":[{"href":"https:\/\/tangooled.com\/pt\/wp-json\/wp\/v2\/product\/35192","targetHints":{"allow":["GET"]}}],"collection":[{"href":"https:\/\/tangooled.com\/pt\/wp-json\/wp\/v2\/product"}],"about":[{"href":"https:\/\/tangooled.com\/pt\/wp-json\/wp\/v2\/types\/product"}],"wp:featuredmedia":[{"embeddable":true,"href":"https:\/\/tangooled.com\/pt\/wp-json\/wp\/v2\/media\/13547"}],"wp:attachment":[{"href":"https:\/\/tangooled.com\/pt\/wp-json\/wp\/v2\/media?parent=35192"}],"wp:term":[{"taxonomy":"pcb-width","embeddable":true,"href":"https:\/\/tangooled.com\/pt\/wp-json\/wp\/v2\/pcb-width?post=35192"},{"taxonomy":"product-cat","embeddable":true,"href":"https:\/\/tangooled.com\/pt\/wp-json\/wp\/v2\/product-cat?post=35192"}],"curies":[{"name":"wp","href":"https:\/\/api.w.org\/{rel}","templated":true}]}}