{"id":35175,"date":"2025-07-02T19:12:46","date_gmt":"2025-07-03T03:12:46","guid":{"rendered":"https:\/\/tangooled.com\/?post_type=product&#038;p=35175"},"modified":"2026-02-02T01:56:56","modified_gmt":"2026-02-02T09:56:56","slug":"shallow-recessed-floor-led-profile-10mm-deep","status":"publish","type":"product","link":"https:\/\/tangooled.com\/pt\/product\/shallow-recessed-floor-led-profile-10mm-deep\/","title":{"rendered":"perfil LED raso embutido no ch\u00e3o com 10mm de profundidade"},"content":{"rendered":"<div class=\"wp-block-group is-vertical is-layout-flex wp-container-core-group-is-layout-d255d7c4 wp-block-group-is-layout-flex\" style=\"padding-top:var(--wp--preset--spacing--80);padding-bottom:var(--wp--preset--spacing--80)\">\n<p>Our FL01 shallow recessed floor LED profile is a great\u00a0way to provide clean, modern lighting. This slim\u00a0aluminum channel is 19.5mm wide and 10mm deep\u00a0on the outside. The inner width is\u00a011.4mm. It works with LED strips that are up to 10mm wide, so it&#8217;s great for simple floor lighting designs that can be walked on.<\/p>\n\n\n\n<p>\u00c9 incorporado diretamente em pisos, passagens ou decks, para que se integre perfeitamente \u00e0 superf\u00edcie. Este perfil robusto mant\u00e9m as coisas frescas e seguras ao mesmo tempo. Crie facilmente linhas suaves de luz suave e duradoura na sua casa ou ambiente comercial para um efeito arquitet\u00f4nico seguro e profissional.<\/p>\n<\/div>\n\n\n\n<div class=\"wp-block-group has-background is-vertical is-layout-flex wp-container-core-group-is-layout-d255d7c4 wp-block-group-is-layout-flex\" style=\"background-color:#f1f1f1;padding-top:var(--wp--preset--spacing--80);padding-bottom:var(--wp--preset--spacing--80)\">\n<div class=\"wp-block-group is-vertical is-layout-flex wp-container-core-group-is-layout-8cf370e7 wp-block-group-is-layout-flex\">\n<h2 class=\"wp-block-heading\" style=\"padding-top:var(--wp--preset--spacing--40);padding-bottom:var(--wp--preset--spacing--40);font-size:25px;font-style:normal;font-weight:600;text-transform:capitalize\">Por que escolher o nosso perfil de piso LED rebaixado?<\/h2>\n\n\n\n<ul class=\"wp-block-list\">\n<li>Design ultra fino: Apenas 10 mm de profundidade para rebaixo raso.<\/li>\n\n\n\n<li>Classificado para pisar: Forte o suficiente para que as pessoas possam andar em locais p\u00fablicos e corredores.<\/li>\n\n\n\n<li>Alum\u00ednio anodizado de alta qualidade que atua como um dissipador de calor e resiste \u00e0 ferrugem.<\/li>\n\n\n\n<li>Funciona com fitas LED de 10 mm de largura: \u00c9 compat\u00edvel com vers\u00f5es SMD3528, COB e RGB.<\/li>\n\n\n\n<li>Difusor opalino: Faz com que a luz seja suave e livre de pontos.<\/li>\n\n\n\n<li>Available in 2m and 3m lengths, so it&#8217;s easy to cut to size for any application.<\/li>\n\n\n\n<li>Pode ser utilizado tanto em ambientes internos quanto externos em locais semi-protegidos quando usado com fitas LED \u00e0 prova d'\u00e1gua.<\/li>\n<\/ul>\n<\/div>\n<\/div>\n\n\n\n<div class=\"wp-block-group\" style=\"padding-top:var(--wp--preset--spacing--60);padding-bottom:var(--wp--preset--spacing--60)\"><div class=\"wp-block-group__inner-container is-layout-constrained wp-block-group-is-layout-constrained\">\n<div class=\"wp-block-media-text has-media-on-the-right is-stacked-on-mobile\" style=\"grid-template-columns:auto 40%\"><div class=\"wp-block-media-text__content\">\n<h2 class=\"wp-block-heading\" style=\"padding-top:var(--wp--preset--spacing--40);padding-bottom:var(--wp--preset--spacing--40);font-size:25px;font-style:normal;font-weight:600;text-transform:capitalize\">F\u00e1cil de montar<\/h2>\n\n\n\n<ul class=\"wp-block-list\">\n<li>Corte a ranhura no piso: Uma ranhura de 10 mm de profundidade que se encaixa perfeitamente na forma.<\/li>\n\n\n\n<li>Adicione o perfil: Coloque o canal de alum\u00ednio na ranhura para que fique nivelado com o piso.<\/li>\n\n\n\n<li>Para mant\u00ea-lo no lugar: Verifique se o solo \u00e9 s\u00f3lido o suficiente para que as pessoas possam andar.<\/li>\n\n\n\n<li>Adicione fitas LED: Coloque qualquer fita LED de 10 mm de largura que se encaixe no perfil.<\/li>\n\n\n\n<li>Difusor de encaixe: A tampa opalina se encaixa sobre a fita e distribui a luz.<\/li>\n\n\n\n<li>Coloque as tampas de extremidade e sel\u00e1-las com silicone se precisar manter a umidade afastada.<\/li>\n<\/ul>\n<\/div><figure class=\"wp-block-media-text__media\"><img loading=\"lazy\" decoding=\"async\" width=\"500\" height=\"500\" src=\"https:\/\/tangooled.com\/wp-content\/uploads\/2025\/07\/fl01-ins.webp\" alt=\"shallow recessed floor led profile 10mm deep\" class=\"wp-image-42242 size-full\" srcset=\"https:\/\/tangooled.com\/wp-content\/uploads\/2025\/07\/fl01-ins.webp 500w, https:\/\/tangooled.com\/wp-content\/uploads\/2025\/07\/fl01-ins-300x300.webp 300w, https:\/\/tangooled.com\/wp-content\/uploads\/2025\/07\/fl01-ins-150x150.webp 150w\" sizes=\"auto, (max-width: 500px) 100vw, 500px\" \/><\/figure><\/div>\n<\/div><\/div>\n\n\n\n<div class=\"wp-block-group has-background is-vertical is-layout-flex wp-container-core-group-is-layout-b429018a wp-block-group-is-layout-flex\" style=\"background-color:#f1f1f1f2;padding-top:var(--wp--preset--spacing--70);padding-bottom:var(--wp--preset--spacing--70)\">\n<h2 class=\"wp-block-heading\" style=\"padding-top:var(--wp--preset--spacing--40);padding-bottom:var(--wp--preset--spacing--40);font-size:25px;font-style:normal;font-weight:600;text-transform:capitalize\">Usos perfeitos para o canal raso de 10mm para pisar<\/h2>\n\n\n\n<p>Nosso produto \u00e9 \u00f3timo para muitas aplica\u00e7\u00f5es de ilumina\u00e7\u00e3o internas e externas:<\/p>\n\n\n\n<ul class=\"wp-block-list\">\n<li>Ilumina\u00e7\u00e3o integrada no piso: Instalar \u00e0 flor da cer\u00e2mica, madeira, laminado ou pisos de concreto.<\/li>\n\n\n\n<li>Luzes para escadas e degraus: Para torn\u00e1-los mais seguros e elegantes, coloque luzes nos beirais das escadas.<\/li>\n\n\n\n<li>Ilumina\u00e7\u00e3o de destaque para passagens e corredores: Use perfis LED classificados para pisar e dur\u00e1veis para formar linhas guia.<\/li>\n\n\n\n<li>Exibi\u00e7\u00f5es para neg\u00f3cios e varejo: Ajude os consumidores a encontrar o caminho dentro de lojas ou exibir mercadorias.<\/li>\n\n\n\n<li>Patios e decks (com impermeabiliza\u00e7\u00e3o): Coloque luzes de piso externas para torn\u00e1-los mais convidativos.<\/li>\n<\/ul>\n<\/div>\n\n\n\n<div class=\"wp-block-group is-vertical is-layout-flex wp-container-core-group-is-layout-d255d7c4 wp-block-group-is-layout-flex\" style=\"padding-top:var(--wp--preset--spacing--80);padding-bottom:var(--wp--preset--spacing--80)\">\n<h2 class=\"wp-block-heading\" style=\"padding-top:var(--wp--preset--spacing--40);padding-bottom:var(--wp--preset--spacing--40);font-size:25px;font-style:normal;font-weight:600;text-transform:capitalize\">Mais produtos relacionados<\/h2>\n\n\n\n<p>Explore esses perfis de alum\u00ednio LED relacionados que complementam o seu perfil de piso LED rebaixado:<\/p>\n\n\n\n<ul class=\"wp-block-list\">\n<li><a href=\"https:\/\/tangooled.com\/pt\/product\/black-led-profile-with-black-diffuser-for-10mm-led-strip-light\/\"><mark style=\"background-color:rgba(0, 0, 0, 0)\" class=\"has-inline-color has-vivid-red-color\">Perfil LED preto com difusor preto para fita LED de 10mm<\/mark><\/a>.<\/li>\n\n\n\n<li><a href=\"https:\/\/tangooled.com\/pt\/product\/surface-mount-led-profile-with-frosted-diffuser-for-10mm-rope-lights\/\"><mark style=\"background-color:rgba(0, 0, 0, 0)\" class=\"has-inline-color has-vivid-red-color\">Perfil LED de montagem de superf\u00edcie com difusor fosco para luzes de cord\u00e3o de 10mm<\/mark><\/a>.<\/li>\n\n\n\n<li><a href=\"https:\/\/tangooled.com\/pt\/product\/led-strip-light-channel-aluminum-profile-with-diffused-cover-6mm-height\/\"><mark style=\"background-color:rgba(0, 0, 0, 0)\" class=\"has-inline-color has-vivid-red-color\">Canal de luz LED de alum\u00ednio com cobertura difusa, altura de 6 mm<\/mark><\/a>.<\/li>\n\n\n\n<li><mark style=\"background-color:rgba(0, 0, 0, 0)\" class=\"has-inline-color has-vivid-red-color\"><a href=\"https:\/\/tangooled.com\/pt\/product\/26mm-floor-recessed-led-aluminum-channel-for-12mm-led-strips\/\">Canal de alum\u00ednio LED rebaixado de 26mm para fitas LED de 12mm<\/a>.<\/mark><\/li>\n\n\n\n<li><a href=\"https:\/\/tangooled.com\/pt\/product\/recessed-floor-step-edge-lighting-led-profile\/\"><mark style=\"background-color:rgba(0, 0, 0, 0)\" class=\"has-inline-color has-vivid-red-color\">Perfil LED de ilumina\u00e7\u00e3o de borda de degrau rebaixado<\/mark><\/a>.<\/li>\n<\/ul>\n<\/div>\n\n\n\n<div class=\"wp-block-group has-background\" style=\"background-color:#f1f1f1;padding-top:var(--wp--preset--spacing--80);padding-bottom:var(--wp--preset--spacing--80)\"><div class=\"wp-block-group__inner-container is-layout-constrained wp-block-group-is-layout-constrained\">\n<p style=\"padding-right:var(--wp--preset--spacing--50);padding-left:var(--wp--preset--spacing--50)\">The ideal choice for professional-grade floor lighting that can be walked on is our shallow recessed floor LED profile, which is 10mm deep. It works great in homes, offices, stores, and architectural projects, and it has a sleek look. With Tangooled&#8217;s TG-FL01, you can improve your lighting right now.<\/p>\n<\/div><\/div>\n\n\n\n<p><\/p>","protected":false},"featured_media":13524,"template":"","meta":{"_acf_changed":true,"_seopress_robots_primary_cat":"none","_seopress_titles_title":"Shallow Recessed Floor LED Profile | 10mm Deep Walk-over Channel | TANGOOLED","_seopress_titles_desc":"The FL01 is a premium shallow recessed floor LED profile with a slim 10mm depth. Designed for high-durability and walk-over safety, this aluminum channel is perfect for linear floor lighting in hallways and commercial spaces.","_seopress_robots_index":""},"pcb-width":[228],"product-cat":[199],"class_list":{"0":"post-35175","1":"product","2":"type-product","3":"status-publish","4":"has-post-thumbnail","6":"pcb-width-6-12mm","7":"product-cat-inground-profile"},"acf":[],"_links":{"self":[{"href":"https:\/\/tangooled.com\/pt\/wp-json\/wp\/v2\/product\/35175","targetHints":{"allow":["GET"]}}],"collection":[{"href":"https:\/\/tangooled.com\/pt\/wp-json\/wp\/v2\/product"}],"about":[{"href":"https:\/\/tangooled.com\/pt\/wp-json\/wp\/v2\/types\/product"}],"wp:featuredmedia":[{"embeddable":true,"href":"https:\/\/tangooled.com\/pt\/wp-json\/wp\/v2\/media\/13524"}],"wp:attachment":[{"href":"https:\/\/tangooled.com\/pt\/wp-json\/wp\/v2\/media?parent=35175"}],"wp:term":[{"taxonomy":"pcb-width","embeddable":true,"href":"https:\/\/tangooled.com\/pt\/wp-json\/wp\/v2\/pcb-width?post=35175"},{"taxonomy":"product-cat","embeddable":true,"href":"https:\/\/tangooled.com\/pt\/wp-json\/wp\/v2\/product-cat?post=35175"}],"curies":[{"name":"wp","href":"https:\/\/api.w.org\/{rel}","templated":true}]}}