{"id":35169,"date":"2025-07-02T18:51:56","date_gmt":"2025-07-03T02:51:56","guid":{"rendered":"https:\/\/tangooled.com\/?post_type=product&#038;p=35169"},"modified":"2026-01-26T19:47:11","modified_gmt":"2026-01-27T03:47:11","slug":"sg7575-75mm-pendant-led-channel-middle-tray-quad-row","status":"publish","type":"product","link":"https:\/\/tangooled.com\/pt\/product\/sg7575-75mm-pendant-led-channel-middle-tray-quad-row\/","title":{"rendered":"SG7575: Canal LED pendente 75x75mm com bandeja central (Compat\u00edvel com quatro linhas)"},"content":{"rendered":"<div class=\"wp-block-group\" style=\"padding-top:var(--wp--preset--spacing--80);padding-bottom:var(--wp--preset--spacing--80)\"><div class=\"wp-block-group__inner-container is-layout-constrained wp-block-group-is-layout-constrained\">\n<p>Este canal LED pendente de 75mm com bandeja central \u00e9 uma lumin\u00e1ria linear arquitet\u00f4nica poderosa que ir\u00e1 real\u00e7ar qualquer \u00e1rea comercial ou profissional.<\/p>\n\n\n\n<p>Este canal LED de 75mm de largura \u00e9 feito de alum\u00ednio robusto e \u00e9 projetado para fornecer uma ilumina\u00e7\u00e3o geral potente e uniforme. O design integrado \u00e9 sua caracter\u00edstica principal. A bandeja interna ampla pode suportar quatro tiras de LED lado a lado e, o mais importante, ela esconde os drivers (fonte de alimenta\u00e7\u00e3o) de forma segura.<\/p>\n\n\n\n<p>Esta caixa embutida elimina a necessidade de caixas externas volumosas ou fios emaranhados, resultando em uma instala\u00e7\u00e3o limpa, profissional e visualmente agrad\u00e1vel. O SG7575 oferece uma linha de luz cont\u00ednua e elegante, tornando-o ideal para uso em escrit\u00f3rios, lojas de varejo, hot\u00e9is e hospitalidade, e outras aplica\u00e7\u00f5es de ilumina\u00e7\u00e3o arquitet\u00f4nica de alto padr\u00e3o.<\/p>\n\n\n\n<p>Escolha o SG7575 para iluminar seu ambiente com luz de alta sa\u00edda, mantendo uma apar\u00eancia simples e ordenada.<\/p>\n<\/div><\/div>\n\n\n\n<div class=\"wp-block-group has-background is-vertical is-layout-flex wp-container-core-group-is-layout-d255d7c4 wp-block-group-is-layout-flex\" style=\"background-color:#f1f1f1;padding-top:var(--wp--preset--spacing--80);padding-bottom:var(--wp--preset--spacing--80)\">\n<div class=\"wp-block-group is-vertical is-layout-flex wp-container-core-group-is-layout-8cf370e7 wp-block-group-is-layout-flex\">\n<h2 class=\"wp-block-heading\" style=\"padding-top:var(--wp--preset--spacing--40);padding-bottom:var(--wp--preset--spacing--40);font-size:25px;font-style:normal;font-weight:600;text-transform:capitalize\">Por que escolher o canal LED pendente de 75mm com bandeja central?<\/h2>\n\n\n\n<ul class=\"wp-block-list\">\n<li>A bandeja central do canal suporta quatro tiras de fita LED, que produzem uma luz extremamente brilhante.<\/li>\n\n\n\n<li>O driver de pot\u00eancia e os fios est\u00e3o ocultos pela bandeja central, o que o faz parecer organizado.<\/li>\n\n\n\n<li>Feito de robusto alum\u00ednio anodizado que mant\u00e9m as luzes frescas.<\/li>\n\n\n\n<li>Vem com um difusor fosco que torna a luz suave e sem pontos.&nbsp;<\/li>\n\n\n\n<li>Pode ser pendurado do teto como um sistema de canal suspenso.<\/li>\n<\/ul>\n<\/div>\n<\/div>\n\n\n\n<div class=\"wp-block-group\" style=\"padding-top:var(--wp--preset--spacing--60);padding-bottom:var(--wp--preset--spacing--60)\"><div class=\"wp-block-group__inner-container is-layout-constrained wp-block-group-is-layout-constrained\">\n<div class=\"wp-block-media-text has-media-on-the-right is-stacked-on-mobile\"><div class=\"wp-block-media-text__content\">\n<h2 class=\"wp-block-heading\" style=\"padding-top:var(--wp--preset--spacing--40);padding-bottom:var(--wp--preset--spacing--40);font-size:25px;font-style:normal;font-weight:600;text-transform:capitalize\">Onde usar o canal pendente SG7575<\/h2>\n\n\n\n<ul class=\"wp-block-list\">\n<li>Escrit\u00f3rios modernos: Luzes brilhantes e sem ofuscamento para mesas e salas de reuni\u00e3o.<\/li>\n\n\n\n<li>Lojas de varejo: Luzes brilhantes nos corredores que ficam boas.<\/li>\n\n\n\n<li>Hot\u00e9is e restaurantes: Luzes agrad\u00e1veis no lobby e nas \u00e1reas de refei\u00e7\u00e3o.<\/li>\n\n\n\n<li>Ilumina\u00e7\u00e3o arquitet\u00f4nica: Use este canal LED largo para fazer uma afirma\u00e7\u00e3o em corredores ou grandes salas.<\/li>\n\n\n\n<li>Ilumina\u00e7\u00e3o de tarefa: Luz direta e brilhante sobre esta\u00e7\u00f5es de trabalho ou balc\u00f5es que precisam.<\/li>\n<\/ul>\n<\/div><figure class=\"wp-block-media-text__media\"><img loading=\"lazy\" decoding=\"async\" width=\"500\" height=\"500\" src=\"https:\/\/tangooled.com\/wp-content\/uploads\/2025\/07\/sg7575-ins.webp\" alt=\"sg7575 pendant led tape mounting channel with middle tray for quad row led strips\" class=\"wp-image-41070 size-full\" srcset=\"https:\/\/tangooled.com\/wp-content\/uploads\/2025\/07\/sg7575-ins.webp 500w, https:\/\/tangooled.com\/wp-content\/uploads\/2025\/07\/sg7575-ins-300x300.webp 300w, https:\/\/tangooled.com\/wp-content\/uploads\/2025\/07\/sg7575-ins-150x150.webp 150w\" sizes=\"auto, (max-width: 500px) 100vw, 500px\" \/><\/figure><\/div>\n<\/div><\/div>\n\n\n\n<div class=\"wp-block-group has-background\" style=\"background-color:#f1f1f1;padding-top:var(--wp--preset--spacing--80);padding-bottom:var(--wp--preset--spacing--80)\"><div class=\"wp-block-group__inner-container is-layout-constrained wp-block-group-is-layout-constrained\">\n<h2 class=\"wp-block-heading\" style=\"font-size:25px;font-style:normal;font-weight:600;text-transform:capitalize\">Onde usar o canal LED pendente SG7575<\/h2>\n\n\n\n<ul class=\"wp-block-list\">\n<li>Escrit\u00f3rios modernos: Luzes brilhantes e sem ofuscamento para mesas e salas de reuni\u00e3o.<\/li>\n\n\n\n<li>Lojas de varejo: Luzes brilhantes nos corredores que ficam boas.<\/li>\n\n\n\n<li>Hot\u00e9is e restaurantes: Luzes agrad\u00e1veis no lobby e nas \u00e1reas de refei\u00e7\u00e3o.<\/li>\n\n\n\n<li>Ilumina\u00e7\u00e3o arquitet\u00f4nica: Use este canal LED largo para fazer uma afirma\u00e7\u00e3o em corredores ou grandes salas.<\/li>\n\n\n\n<li>Ilumina\u00e7\u00e3o de tarefa: Luz direta e brilhante sobre esta\u00e7\u00f5es de trabalho ou balc\u00f5es que precisam.<\/li>\n<\/ul>\n<\/div><\/div>\n\n\n\n<div class=\"wp-block-group is-vertical is-layout-flex wp-container-core-group-is-layout-b429018a wp-block-group-is-layout-flex\" style=\"padding-top:var(--wp--preset--spacing--70);padding-bottom:var(--wp--preset--spacing--70)\">\n<h2 class=\"wp-block-heading\" style=\"font-size:25px;font-style:normal;font-weight:600\">What\u2019s in the Box?<\/h2>\n\n\n\n<ul class=\"wp-block-list\">\n<li>1x canal LED em alum\u00ednio SG7575 (no comprimento de sua escolha)<\/li>\n\n\n\n<li>1x tampa de lente opalina (tipo de encaixe)<\/li>\n\n\n\n<li>2x tampas met\u00e1licas<\/li>\n\n\n\n<li>1x kit de suspens\u00e3o<\/li>\n<\/ul>\n<\/div>\n\n\n\n<div class=\"wp-block-group has-background is-vertical is-layout-flex wp-container-core-group-is-layout-d255d7c4 wp-block-group-is-layout-flex\" style=\"background-color:#f1f1f1;padding-top:var(--wp--preset--spacing--80);padding-bottom:var(--wp--preset--spacing--80)\">\n<h2 class=\"wp-block-heading\" style=\"padding-top:var(--wp--preset--spacing--40);padding-bottom:var(--wp--preset--spacing--40);font-size:25px;font-style:normal;font-weight:600;text-transform:capitalize\">Mais sobre o canal LED pendente SG7575<\/h2>\n\n\n\n<p style=\"padding-right:var(--wp--preset--spacing--50);padding-left:var(--wp--preset--spacing--50)\">Esta \u00e9 uma extrus\u00e3o de alum\u00ednio de qualidade profissional que pode suportar at\u00e9 quatro linhas de fita LED e produzir uma ilumina\u00e7\u00e3o linear poderosa e estilosa. O driver e os fios est\u00e3o escondidos na parte de tr\u00e1s da bandeja central para que seu teto fique limpo. A tampa de lente fosca sobre as luzes de tira de quatro linhas emite um brilho uniforme, sem pontos. O canal de alum\u00ednio anodizado \u00e9 extremamente dur\u00e1vel e tamb\u00e9m funciona como um dissipador de calor. O SG7575 \u00e9 \u00f3timo para ilumina\u00e7\u00e3o comercial, ilumina\u00e7\u00e3o de escrit\u00f3rios, corredores de varejo e ambientes de hospitalidade.<\/p>\n\n\n\n<p style=\"padding-right:var(--wp--preset--spacing--50);padding-left:var(--wp--preset--spacing--50)\">Se voc\u00ea quer uma luz brilhante que tenha boa apar\u00eancia e dure muito tempo, adquira este canal LED de qualidade arquitet\u00f4nica.<\/p>\n<\/div>\n\n\n\n<div class=\"wp-block-group\" style=\"padding-top:var(--wp--preset--spacing--80);padding-bottom:var(--wp--preset--spacing--80)\"><div class=\"wp-block-group__inner-container is-layout-constrained wp-block-group-is-layout-constrained\">\n<h2 class=\"wp-block-heading\" style=\"font-size:25px;font-style:normal;font-weight:600;text-transform:capitalize\">Saiba mais sobre canais LED relacionados<\/h2>\n\n\n\n<ul class=\"wp-block-list\">\n<li><a href=\"https:\/\/tangooled.com\/pt\/product\/black-led-diffuser-aluminum-channel-for-12mm-tape-lights\/\"><mark style=\"background-color:rgba(0, 0, 0, 0)\" class=\"has-inline-color has-vivid-red-color\">Canal de alum\u00ednio com difusor LED preto para luzes de fita de 12mm<\/mark><\/a><\/li>\n\n\n\n<li><a href=\"https:\/\/tangooled.com\/pt\/product\/surface-mount-led-profile-with-frosted-diffuser-for-10mm-rope-lights\/\"><mark style=\"background-color:rgba(0, 0, 0, 0)\" class=\"has-inline-color has-vivid-red-color\">Perfil LED de montagem de superf\u00edcie com difusor fosco para luzes de cord\u00e3o de 10mm<\/mark><\/a><\/li>\n\n\n\n<li><a href=\"https:\/\/tangooled.com\/pt\/product\/25x14m-surface-mounted-led-light-aluminum-profile\/\"><mark style=\"background-color:rgba(0, 0, 0, 0)\" class=\"has-inline-color has-vivid-red-color\">Perfil de alum\u00ednio para luz LED montado na superf\u00edcie de 25x14m<\/mark><\/a><\/li>\n\n\n\n<li><a href=\"https:\/\/tangooled.com\/pt\/product\/75x75mm-pendant-aluminum-led-channel-with-space-for-led-driver\/\"><mark style=\"background-color:rgba(0, 0, 0, 0)\" class=\"has-inline-color has-vivid-red-color\">Canal LED pendente em alum\u00ednio 75x75mm com espa\u00e7o para driver de LED<\/mark><\/a><\/li>\n<\/ul>\n\n\n\n<p>O canal de montagem de fita LED pendente SG7575 com bandeja central para tiras LED de quatro linhas \u00e9 a melhor solu\u00e7\u00e3o para voc\u00ea criar uma ilumina\u00e7\u00e3o linear brilhante, suave e profissional. Explore mais op\u00e7\u00f5es para projetos de lumin\u00e1rias lineares em<a href=\"https:\/\/tangooled.com\/pt\/led-profiles\/\"> <mark style=\"background-color:rgba(0, 0, 0, 0)\" class=\"has-inline-color has-vivid-red-color\">p\u00e1gina de produtos TANGOOLED.<\/mark><\/a><\/p>\n<\/div><\/div>","protected":false},"featured_media":35142,"template":"","meta":{"_acf_changed":true,"_seopress_robots_primary_cat":"none","_seopress_titles_title":"75mm Pendant LED Channel with Middle Tray | Quad-Row Support | TANGOOLED","_seopress_titles_desc":"The SG7575 is a robust 75mm pendant led channel featuring a middle tray for quad-row LED strips. Designed for heavy-duty commercial lighting, it provides ample space for internal drivers and superior heat dissipation.","_seopress_robots_index":""},"pcb-width":[232],"product-cat":[194],"class_list":{"0":"post-35169","1":"product","2":"type-product","3":"status-publish","4":"has-post-thumbnail","6":"pcb-width-35-45mm","7":"product-cat-suspended-profile"},"acf":[],"_links":{"self":[{"href":"https:\/\/tangooled.com\/pt\/wp-json\/wp\/v2\/product\/35169","targetHints":{"allow":["GET"]}}],"collection":[{"href":"https:\/\/tangooled.com\/pt\/wp-json\/wp\/v2\/product"}],"about":[{"href":"https:\/\/tangooled.com\/pt\/wp-json\/wp\/v2\/types\/product"}],"wp:featuredmedia":[{"embeddable":true,"href":"https:\/\/tangooled.com\/pt\/wp-json\/wp\/v2\/media\/35142"}],"wp:attachment":[{"href":"https:\/\/tangooled.com\/pt\/wp-json\/wp\/v2\/media?parent=35169"}],"wp:term":[{"taxonomy":"pcb-width","embeddable":true,"href":"https:\/\/tangooled.com\/pt\/wp-json\/wp\/v2\/pcb-width?post=35169"},{"taxonomy":"product-cat","embeddable":true,"href":"https:\/\/tangooled.com\/pt\/wp-json\/wp\/v2\/product-cat?post=35169"}],"curies":[{"name":"wp","href":"https:\/\/api.w.org\/{rel}","templated":true}]}}