{"id":35151,"date":"2025-07-02T18:41:59","date_gmt":"2025-07-03T02:41:59","guid":{"rendered":"https:\/\/tangooled.com\/?post_type=product&#038;p=35151"},"modified":"2026-01-29T23:59:40","modified_gmt":"2026-01-30T07:59:40","slug":"suspended-led-extrusion-profile-70mm-height","status":"publish","type":"product","link":"https:\/\/tangooled.com\/pt\/product\/suspended-led-extrusion-profile-70mm-height\/","title":{"rendered":"perfil de extrus\u00e3o LED suspenso 70mm de altura"},"content":{"rendered":"<div class=\"wp-block-group is-vertical is-layout-flex wp-container-core-group-is-layout-d255d7c4 wp-block-group-is-layout-flex\" style=\"padding-top:var(--wp--preset--spacing--80);padding-bottom:var(--wp--preset--spacing--80)\">\n<p>Este perfil de extrus\u00e3o LED suspenso de 70mm de altura \u00e9 uma lumin\u00e1ria linear robusta para \u00e1reas comerciais e profissionais modernas. O canal profundo de 70mm \u00e9 feito de alum\u00ednio dur\u00e1vel e possui grandes capacidades de dissipa\u00e7\u00e3o de calor, fazendo com que as fitas de LED durem mais.<\/p>\n\n\n\n<p>Possui um difusor de policarbonato que transforma LEDs brilhantes em uma linha suave e uniforme de luz que evita ofuscamento. O design amplo tamb\u00e9m oferece espa\u00e7o suficiente para ocultar os drivers de pot\u00eancia de forma organizada.<br>Este perfil oferece as mais diversas possibilidades de instala\u00e7\u00e3o: elegante montagem suspensa (com um kit de cabos de a\u00e7o), montagem em superf\u00edcie limpa e instala\u00e7\u00e3o embutida suave.<\/p>\n<\/div>\n\n\n\n<div class=\"wp-block-group has-background\" style=\"background-color:#f1f1f1;padding-top:var(--wp--preset--spacing--80);padding-bottom:var(--wp--preset--spacing--80)\"><div class=\"wp-block-group__inner-container is-layout-constrained wp-block-group-is-layout-constrained\">\n<div class=\"wp-block-group is-vertical is-layout-flex wp-container-core-group-is-layout-8cf370e7 wp-block-group-is-layout-flex\">\n<h2 class=\"wp-block-heading\" style=\"padding-top:var(--wp--preset--spacing--40);padding-bottom:var(--wp--preset--spacing--40);font-size:25px;font-style:normal;font-weight:600;text-transform:capitalize\">Por que escolher nosso extrus\u00e3o LED suspensa de 70mm de profundidade?<\/h2>\n\n\n\n<ul class=\"wp-block-list\">\n<li>Profundidade de 70mm: ideal para grandes salas ou tetos altos. A forma profunda se adapta a um canal de fita LED de dupla linha, que emite uma luz forte e eficiente.<\/li>\n\n\n\n<li>Melhor gerenciamento t\u00e9rmico: O alum\u00ednio \u00e9 um perfil de dissipa\u00e7\u00e3o de calor potente que mant\u00e9m os LEDs frios, fazendo com que durem mais.<\/li>\n\n\n\n<li>Sem Pontos: Use com nosso canal de alum\u00ednio difusor opal para uma luz suave e uniforme, excelente para conforto visual.<\/li>\n\n\n\n<li>F\u00e1cil de instalar: Voc\u00ea pode cortar o perfil no local ou conectar v\u00e1rias pe\u00e7as usando conectores lineares para extrus\u00e3o. Os kits de suspens\u00e3o ajust\u00e1veis permitem definir a altura exatamente certa.<\/li>\n\n\n\n<li>Acabamento Opcional: anodizado prata, revestido em p\u00f3 preto ou cores RAL personalizadas que combinam com sua decora\u00e7\u00e3o.<\/li>\n<\/ul>\n<\/div>\n<\/div><\/div>\n\n\n\n<div class=\"wp-block-group\" style=\"padding-top:var(--wp--preset--spacing--60);padding-bottom:var(--wp--preset--spacing--60)\"><div class=\"wp-block-group__inner-container is-layout-constrained wp-block-group-is-layout-constrained\">\n<div class=\"wp-block-media-text has-media-on-the-right is-stacked-on-mobile\"><div class=\"wp-block-media-text__content\">\n<h2 class=\"wp-block-heading\" style=\"padding-top:var(--wp--preset--spacing--40);padding-bottom:var(--wp--preset--spacing--40);font-size:25px;font-style:normal;font-weight:600;text-transform:capitalize\">Acess\u00f3rios para um sistema completo<\/h2>\n\n\n\n<p>To finish your project, you\u2019ll need some key items:<\/p>\n\n\n\n<ul class=\"wp-block-list\">\n<li>Kits de Suspens\u00e3o Ajust\u00e1veis t\u00eam cabos de a\u00e7o que voc\u00ea pode pendurar no teto.<\/li>\n\n\n\n<li>Conectores Lineares: conecte v\u00e1rios perfis para fazer executa\u00e7\u00f5es longas e suaves.<\/li>\n\n\n\n<li>Tampas de Extremidade: op\u00e7\u00f5es com furos para fios que tornam a fia\u00e7\u00e3o mais organizada.<\/li>\n\n\n\n<li>Suportes de Montagem: para fixar na parede ou outra superf\u00edcie em vez de pendur\u00e1-lo.<\/li>\n\n\n\n<li>Drivers LED que funcionam com uma sele\u00e7\u00e3o de fitas LED e permitem que voc\u00ea diminue as luzes.<\/li>\n<\/ul>\n<\/div><figure class=\"wp-block-media-text__media\"><img loading=\"lazy\" decoding=\"async\" width=\"500\" height=\"500\" src=\"https:\/\/tangooled.com\/wp-content\/uploads\/2025\/07\/sg5470-ins.webp\" alt=\"perfil de extrus\u00e3o LED suspenso 70mm de altura\" class=\"wp-image-41080 size-full\" srcset=\"https:\/\/tangooled.com\/wp-content\/uploads\/2025\/07\/sg5470-ins.webp 500w, https:\/\/tangooled.com\/wp-content\/uploads\/2025\/07\/sg5470-ins-300x300.webp 300w, https:\/\/tangooled.com\/wp-content\/uploads\/2025\/07\/sg5470-ins-150x150.webp 150w\" sizes=\"auto, (max-width: 500px) 100vw, 500px\" \/><\/figure><\/div>\n<\/div><\/div>\n\n\n\n<div class=\"wp-block-group has-background\" style=\"background-color:#f1f1f1;padding-top:var(--wp--preset--spacing--80);padding-bottom:var(--wp--preset--spacing--80)\"><div class=\"wp-block-group__inner-container is-layout-constrained wp-block-group-is-layout-constrained\">\n<h2 class=\"wp-block-heading\" style=\"padding-top:var(--wp--preset--spacing--40);padding-bottom:var(--wp--preset--spacing--40);font-size:25px;font-style:normal;font-weight:600;text-transform:capitalize\">what&#8217;s included in the kit?<\/h2>\n\n\n\n<ul class=\"wp-block-list\">\n<li>1x canal de alum\u00ednio extrudado de alta qualidade<\/li>\n\n\n\n<li>1x difusor opal de policarbonato (PC)<\/li>\n\n\n\n<li>1x 2 tampas de extremidade met\u00e1licas<\/li>\n\n\n\n<li>1x kit de cabo de suspens\u00e3o<\/li>\n\n\n\n<li>1x fivela de embutir (opcional)<\/li>\n<\/ul>\n<\/div><\/div>\n\n\n\n<div class=\"wp-block-group\" style=\"padding-top:var(--wp--preset--spacing--80);padding-bottom:var(--wp--preset--spacing--80)\"><div class=\"wp-block-group__inner-container is-layout-constrained wp-block-group-is-layout-constrained\">\n<h2 class=\"wp-block-heading\" style=\"padding-top:var(--wp--preset--spacing--40);padding-bottom:var(--wp--preset--spacing--40);font-size:25px;font-style:normal;font-weight:600;text-transform:capitalize\">Onde usar seu perfil de extrus\u00e3o LED suspenso de 70mm de altura<\/h2>\n\n\n\n<p style=\"padding-right:var(--wp--preset--spacing--50);padding-left:var(--wp--preset--spacing--50)\">Este perfil de luz linear \u00e9 perfeito para:<\/p>\n\n\n\n<ul class=\"wp-block-list\">\n<li>Ilumina\u00e7\u00e3o para empresas, como escrit\u00f3rios, salas de confer\u00eancias, corredores e sagu\u00f5es.<\/li>\n\n\n\n<li>Em lojas: ilumina\u00e7\u00e3o para corredores, exibi\u00e7\u00f5es e \u00e1reas de desconto.<\/li>\n\n\n\n<li>Hospitalidade: restaurantes, bares, hot\u00e9is e caf\u00e9s.<\/li>\n\n\n\n<li>Locais de aprendizagem: bibliotecas e salas de aula.<\/li>\n\n\n\n<li>\u00c1reas de estar e cozinhas em casas modernas t\u00eam tetos altos.<\/li>\n<\/ul>\n<\/div><\/div>\n\n\n\n<div class=\"wp-block-group has-background\" style=\"background-color:#f1f1f1;padding-top:var(--wp--preset--spacing--80);padding-bottom:var(--wp--preset--spacing--80)\"><div class=\"wp-block-group__inner-container is-layout-constrained wp-block-group-is-layout-constrained\">\n<h2 class=\"wp-block-heading\" style=\"padding-top:var(--wp--preset--spacing--40);padding-bottom:var(--wp--preset--spacing--40);font-size:25px;font-style:normal;font-weight:600;text-transform:capitalize\">Explore Mais Perfis e Acess\u00f3rios<\/h2>\n\n\n\n<ul class=\"wp-block-list\">\n<li><a href=\"https:\/\/tangooled.com\/pt\/product\/surface-mount-led-profile-with-frosted-diffuser-for-10mm-rope-lights\/\"><mark style=\"background-color:rgba(0, 0, 0, 0)\" class=\"has-inline-color has-vivid-red-color\">Perfil LED de montagem de superf\u00edcie com difusor fosco para luzes de cord\u00e3o de 10mm<\/mark><\/a><\/li>\n\n\n\n<li><a href=\"https:\/\/tangooled.com\/pt\/product\/black-aluminum-u-channel-profile-for-10mm-led-strips\/\"><mark style=\"background-color:rgba(0, 0, 0, 0)\" class=\"has-inline-color has-vivid-red-color\">Perfil de canal em U de alum\u00ednio preto para fitas LED de 10mm<\/mark><\/a><\/li>\n\n\n\n<li><a href=\"http:\/\/Up and down illumination pendant aluminum led strip mounting profile sgd5470\"><mark style=\"background-color:rgba(0, 0, 0, 0)\" class=\"has-inline-color has-vivid-red-color\">Perfil de montagem de fita LED de alum\u00ednio pendente de ilumina\u00e7\u00e3o para cima e para baixo sgd5470<\/mark><\/a><\/li>\n<\/ul>\n<\/div><\/div>","protected":false},"featured_media":35138,"template":"","meta":{"_acf_changed":true,"_seopress_robots_primary_cat":"none","_seopress_titles_title":"Suspended LED Extrusion 70mm Height | SG5470 Internal Driver Profile I TANGOOLED","_seopress_titles_desc":"The SG5470 is a professional suspended led extrusion 70mm height designed for architectural lighting. Its deep housing ensures dot-free illumination and provides ample space for internal drivers. Ideal for office linear lighting.","_seopress_robots_index":""},"pcb-width":[231],"product-cat":[192,194],"class_list":{"0":"post-35151","1":"product","2":"type-product","3":"status-publish","4":"has-post-thumbnail","6":"pcb-width-25-35mm","7":"product-cat-surface-led-profile","8":"product-cat-suspended-profile"},"acf":[],"_links":{"self":[{"href":"https:\/\/tangooled.com\/pt\/wp-json\/wp\/v2\/product\/35151","targetHints":{"allow":["GET"]}}],"collection":[{"href":"https:\/\/tangooled.com\/pt\/wp-json\/wp\/v2\/product"}],"about":[{"href":"https:\/\/tangooled.com\/pt\/wp-json\/wp\/v2\/types\/product"}],"wp:featuredmedia":[{"embeddable":true,"href":"https:\/\/tangooled.com\/pt\/wp-json\/wp\/v2\/media\/35138"}],"wp:attachment":[{"href":"https:\/\/tangooled.com\/pt\/wp-json\/wp\/v2\/media?parent=35151"}],"wp:term":[{"taxonomy":"pcb-width","embeddable":true,"href":"https:\/\/tangooled.com\/pt\/wp-json\/wp\/v2\/pcb-width?post=35151"},{"taxonomy":"product-cat","embeddable":true,"href":"https:\/\/tangooled.com\/pt\/wp-json\/wp\/v2\/product-cat?post=35151"}],"curies":[{"name":"wp","href":"https:\/\/api.w.org\/{rel}","templated":true}]}}