{"id":35123,"date":"2025-07-02T17:09:17","date_gmt":"2025-07-03T01:09:17","guid":{"rendered":"https:\/\/tangooled.com\/?post_type=product&#038;p=35123"},"modified":"2026-01-26T01:19:17","modified_gmt":"2026-01-26T09:19:17","slug":"black-led-strip-light-channel-35x66mm-for-ceiling-hanging","status":"publish","type":"product","link":"https:\/\/tangooled.com\/pt\/product\/black-led-strip-light-channel-35x66mm-for-ceiling-hanging\/","title":{"rendered":"Perfil LED preto 35x66mm para suspens\u00e3o no teto (S\u00e9rie Deep)"},"content":{"rendered":"<div class=\"wp-block-group is-vertical is-layout-flex wp-container-core-group-is-layout-d255d7c4 wp-block-group-is-layout-flex\" style=\"padding-top:var(--wp--preset--spacing--80);padding-bottom:var(--wp--preset--spacing--80)\">\n<p>O nosso canal LED preto 35X66mm \u00e9 um perfil de alum\u00ednio pendente de c\u00e2mara profunda. Este fixture de luz suspensa proporciona uma ilumina\u00e7\u00e3o linear de n\u00edvel profissional com melhor design e funcionalidade.<\/p>\n\n\n\n<p>The profile&#8217;s sophisticated design includes a movable middle&nbsp;tray dedicated to LED strip installation. This tray splits the profile into two parts: the top part contains the LED strip, while the bottom part is made to hold and hide the LED drivers and wiring. This eliminates the need for large external driver boxes, resulting in a clean, seamless appearance. The movable center tray is very important since it makes it easy to get to the LED strips and power supply modules for both installation and future maintenance.<\/p>\n\n\n\n<p>O canal \u00e9 feito para encaixar fitas LED de at\u00e9 20mm de largura. Este perfil possui tampas de metal e \u00e9 projetado para montagem suspensa com um kit de fio de a\u00e7o, o que lhe confere uma apar\u00eancia duradoura e de alta qualidade. Isso o torna uma \u00f3tima escolha para locais p\u00fablicos, escrit\u00f3rios de alto padr\u00e3o e lojas.<\/p>\n<\/div>\n\n\n\n<div class=\"wp-block-group has-background is-vertical is-layout-flex wp-container-core-group-is-layout-d255d7c4 wp-block-group-is-layout-flex\" style=\"background-color:#f1f1f1;padding-top:var(--wp--preset--spacing--80);padding-bottom:var(--wp--preset--spacing--80)\">\n<div class=\"wp-block-group is-vertical is-layout-flex wp-container-core-group-is-layout-8cf370e7 wp-block-group-is-layout-flex\">\n<h2 class=\"wp-block-heading\" style=\"padding-top:var(--wp--preset--spacing--40);padding-bottom:var(--wp--preset--spacing--40);font-size:25px;font-style:normal;font-weight:600;text-transform:capitalize\">Por que escolher o nosso canal de luz LED preta 35x66mm?<\/h2>\n\n\n\n<ul class=\"wp-block-list\">\n<li>Este canal de luz LED preta \u00e9 feito de alum\u00ednio anodizado 6063-T5 e funciona como um poderoso dissipador de calor para manter suas fitas LED frescas, o que faz com que durem mais.<\/li>\n\n\n\n<li>Espa\u00e7o para driver interno: Gra\u00e7as \u00e0 sua arquitetura de c\u00e2mara profunda, este perfil oferece amplo espa\u00e7o para abrigar drivers LED integrados.<\/li>\n\n\n\n<li>Feito para ser um canal de ilumina\u00e7\u00e3o pendente, vem com kits de suspens\u00e3o para teto, como sistemas de pendurar com fio e cabos para ilumina\u00e7\u00e3o.<\/li>\n\n\n\n<li>Vem com uma lente difusora de policarbonato (PC) fosca que espalha a luz de maneira mais uniforme e elimina pontos quentes para uma ilumina\u00e7\u00e3o uniforme.<\/li>\n\n\n\n<li>A dimens\u00e3o interna para a fita LED \u00e9 de 21,5mm de largura, portanto, voc\u00ea pode adicionar fitas LED de alta densidade, como fitas COB ou em dupla fila, para obter a maior quantidade de luz poss\u00edvel.<\/li>\n<\/ul>\n<\/div>\n<\/div>\n\n\n\n<div class=\"wp-block-group\" style=\"padding-top:var(--wp--preset--spacing--60);padding-bottom:var(--wp--preset--spacing--60)\"><div class=\"wp-block-group__inner-container is-layout-constrained wp-block-group-is-layout-constrained\">\n<div class=\"wp-block-media-text has-media-on-the-right is-stacked-on-mobile\"><div class=\"wp-block-media-text__content\">\n<h2 class=\"wp-block-heading\" style=\"font-size:25px;font-style:normal;font-weight:600;text-transform:capitalize\">como instalar<\/h2>\n\n\n\n<ul class=\"wp-block-list\">\n<li>Utilize uma serra tipo hacksaw para cortar o canal no comprimento desejado.<\/li>\n\n\n\n<li>Coloque fitas LED de alta qualidade dentro do canal.<\/li>\n\n\n\n<li>Pendure o canal com kits de suspens\u00e3o para teto que funcionem com ele (vendidos separadamente).<\/li>\n\n\n\n<li>Para proteger os LEDs e garantir que a luz seja suave, encaixe a lente difusora fosca.<\/li>\n\n\n\n<li>Coloque tampas nas extremidades para deix\u00e1-lo bonito.<\/li>\n\n\n\n<li>Use uma fonte de alimenta\u00e7\u00e3o de 24V DC com drivers opcionais dimm\u00e1veis ou m\u00f3dulos de integra\u00e7\u00e3o para casas inteligentes, como Lutron ou Philips Hue, para conectar \u00e0 eletricidade.<\/li>\n<\/ul>\n<\/div><figure class=\"wp-block-media-text__media\"><img loading=\"lazy\" decoding=\"async\" width=\"500\" height=\"500\" src=\"https:\/\/tangooled.com\/wp-content\/uploads\/2025\/07\/sg3566-ins.webp\" alt=\"canal de luz LED preta 35x66mm para suspens\u00e3o no teto\" class=\"wp-image-41089 size-full\" srcset=\"https:\/\/tangooled.com\/wp-content\/uploads\/2025\/07\/sg3566-ins.webp 500w, https:\/\/tangooled.com\/wp-content\/uploads\/2025\/07\/sg3566-ins-300x300.webp 300w, https:\/\/tangooled.com\/wp-content\/uploads\/2025\/07\/sg3566-ins-150x150.webp 150w\" sizes=\"auto, (max-width: 500px) 100vw, 500px\" \/><\/figure><\/div>\n<\/div><\/div>\n\n\n\n<div class=\"wp-block-group has-background\" style=\"background-color:#f1f1f1;padding-top:var(--wp--preset--spacing--80);padding-bottom:var(--wp--preset--spacing--80)\"><div class=\"wp-block-group__inner-container is-layout-constrained wp-block-group-is-layout-constrained\">\n<h2 class=\"wp-block-heading\" style=\"font-size:25px;font-style:normal;font-weight:600;text-transform:capitalize\">What\u2019s in the kit?<\/h2>\n\n\n\n<ul class=\"wp-block-list\">\n<li>Perfil de alum\u00ednio: 1 pc, comprimento personalizado.<\/li>\n\n\n\n<li>Inserto\/Bandeja de alum\u00ednio: 1 pc, comprimento personalizado.<\/li>\n\n\n\n<li>Difusor de policarbonato (PC): 1 pc, comprimento personalizado.<\/li>\n\n\n\n<li>Tampas de metal: 2 pcs (1 par).<\/li>\n\n\n\n<li>Fivela de montagem na parede.<\/li>\n\n\n\n<li>Kit de suspens\u00e3o: 1 conjunto (incluindo fios, \u00e2ncoras e fixadores).<\/li>\n<\/ul>\n<\/div><\/div>\n\n\n\n<div class=\"wp-block-group is-vertical is-layout-flex wp-container-core-group-is-layout-d255d7c4 wp-block-group-is-layout-flex\" style=\"padding-top:var(--wp--preset--spacing--80);padding-bottom:var(--wp--preset--spacing--80)\">\n<h2 class=\"wp-block-heading\" style=\"padding-top:var(--wp--preset--spacing--40);padding-bottom:var(--wp--preset--spacing--40);font-size:25px;font-style:normal;font-weight:600;text-transform:capitalize\">Cen\u00e1rios de Uso Ideais<\/h2>\n\n\n\n<ul class=\"wp-block-list\">\n<li>Ilumina\u00e7\u00e3o ambiente e de humor: Crie uma ilumina\u00e7\u00e3o ambiente suave e moderna para salas de estar, cozinhas ou lugares onde as pessoas permanecem.<\/li>\n\n\n\n<li>Ilumina\u00e7\u00e3o de destaque arquitet\u00f4nica: Use elegantes fixtures lineares pretos para chamar aten\u00e7\u00e3o para tetos, paredes e arm\u00e1rios.<\/li>\n\n\n\n<li>Para escrit\u00f3rios e empresas, use-os para ilumina\u00e7\u00e3o pendente em escrit\u00f3rios, salas de confer\u00eancias, exibi\u00e7\u00f5es de lojas e mesas de recep\u00e7\u00e3o.<\/li>\n\n\n\n<li>Luzes lineares pendentes para casas: \u00d3timas para salas de estar modernas, cozinhas e \u00e1reas de jantar com tetos altos.<\/li>\n\n\n\n<li>Ilumina\u00e7\u00e3o geral: Use com fitas LED de alto CRI para fazer as cores parecerem melhores de forma natural, com boas op\u00e7\u00f5es de temperatura de cor (CCT).<\/li>\n<\/ul>\n<\/div>\n\n\n\n<div class=\"wp-block-group has-background\" style=\"background-color:#f1f1f1;padding-top:var(--wp--preset--spacing--80);padding-bottom:var(--wp--preset--spacing--80)\"><div class=\"wp-block-group__inner-container is-layout-constrained wp-block-group-is-layout-constrained\">\n<h2 class=\"wp-block-heading\" style=\"font-size:25px;font-style:normal;font-weight:600\">Produtos Relacionados Que Voc\u00ea Pode Gostar<\/h2>\n\n\n\n<ul class=\"wp-block-list\">\n<li><a href=\"https:\/\/tangooled.com\/pt\/product\/black-led-profile-with-black-diffuser-for-10mm-led-strip-light\/\"><mark style=\"background-color:rgba(0, 0, 0, 0)\" class=\"has-inline-color has-vivid-red-color\">Perfil LED Preto com Difusor Preto para Luz de Fita LED de 10mm<\/mark><\/a><\/li>\n\n\n\n<li><a href=\"https:\/\/tangooled.com\/pt\/product\/black-led-diffuser-aluminum-channel-for-12mm-tape-lights\/\"><mark style=\"background-color:rgba(0, 0, 0, 0)\" class=\"has-inline-color has-vivid-red-color\">Canal de Alum\u00ednio Difusor LED Preto para Fitas de 12mm<\/mark><\/a><\/li>\n\n\n\n<li><a href=\"https:\/\/tangooled.com\/pt\/product\/surface-mount-led-profile-with-frosted-diffuser-for-10mm-rope-lights\/\"><mark style=\"background-color:rgba(0, 0, 0, 0)\" class=\"has-inline-color has-vivid-red-color\">Perfil LED de Montagem Superficial com Difusor Fosco para Luzes de Cord\u00e3o de 10mm<\/mark><\/a><\/li>\n\n\n\n<li><a href=\"https:\/\/tangooled.com\/pt\/product\/black-aluminum-u-channel-profile-for-10mm-led-strips\/\"><mark style=\"background-color:rgba(0, 0, 0, 0)\" class=\"has-inline-color has-vivid-red-color\">Perfil em U de Alum\u00ednio Preto para Fitas LED de 10mm<\/mark><\/a><\/li>\n<\/ul>\n<\/div><\/div>\n\n\n\n<div class=\"wp-block-group\" style=\"padding-top:var(--wp--preset--spacing--80);padding-bottom:var(--wp--preset--spacing--80)\"><div class=\"wp-block-group__inner-container is-layout-constrained wp-block-group-is-layout-constrained\">\n<h2 class=\"wp-block-heading\" style=\"padding-top:var(--wp--preset--spacing--40);padding-bottom:var(--wp--preset--spacing--40);font-size:25px;font-style:normal;font-weight:600;text-transform:capitalize\">Resumo<\/h2>\n\n\n\n<p>Our black led channel 35x66mm for ceiling hanging is a stylish, sturdy choice to build suspended LED linear lights. The matte black finish, durable aluminum extrusion, and frosted diffuser create dotless LED strip lighting that fits multiple scenarios\u2014from residential kitchens, commercial offices, to retail environments.<\/p>\n\n\n\n<p>Este canal permite f\u00e1cil instala\u00e7\u00e3o, \u00f3tima dissipa\u00e7\u00e3o de calor e perfeita difus\u00e3o da luz. Ele suporta muitos tipos de fitas LED e se integra perfeitamente aos projetos de ilumina\u00e7\u00e3o arquitet\u00f4nica moderna com suspens\u00e3o pendente.<\/p>\n\n\n\n<p>Elevate your lighting project with our black led strip light channel 35x66mm\u2014engineered for performance, designed for style.<\/p>\n\n\n\n<p style=\"font-size:25px\"><\/p>\n<\/div><\/div>","protected":false},"featured_media":16248,"template":"","meta":{"_acf_changed":true,"_seopress_robots_primary_cat":"none","_seopress_titles_title":"35x66mm Black LED Channel | Deep-Cavity Pendant Aluminum Profile | TANGOOLED","_seopress_titles_desc":"This 35x66mm black led channel for ceiling hanging features a deep-profile design, ensuring a dot-free glow and providing space for internal drivers. Ideal for sleek, modern office lighting.","_seopress_robots_index":""},"pcb-width":[229],"product-cat":[192,194],"class_list":{"0":"post-35123","1":"product","2":"type-product","3":"status-publish","4":"has-post-thumbnail","6":"pcb-width-15-20mm","7":"product-cat-surface-led-profile","8":"product-cat-suspended-profile"},"acf":[],"_links":{"self":[{"href":"https:\/\/tangooled.com\/pt\/wp-json\/wp\/v2\/product\/35123","targetHints":{"allow":["GET"]}}],"collection":[{"href":"https:\/\/tangooled.com\/pt\/wp-json\/wp\/v2\/product"}],"about":[{"href":"https:\/\/tangooled.com\/pt\/wp-json\/wp\/v2\/types\/product"}],"wp:featuredmedia":[{"embeddable":true,"href":"https:\/\/tangooled.com\/pt\/wp-json\/wp\/v2\/media\/16248"}],"wp:attachment":[{"href":"https:\/\/tangooled.com\/pt\/wp-json\/wp\/v2\/media?parent=35123"}],"wp:term":[{"taxonomy":"pcb-width","embeddable":true,"href":"https:\/\/tangooled.com\/pt\/wp-json\/wp\/v2\/pcb-width?post=35123"},{"taxonomy":"product-cat","embeddable":true,"href":"https:\/\/tangooled.com\/pt\/wp-json\/wp\/v2\/product-cat?post=35123"}],"curies":[{"name":"wp","href":"https:\/\/api.w.org\/{rel}","templated":true}]}}