{"id":35122,"date":"2025-07-02T17:06:40","date_gmt":"2025-07-03T01:06:40","guid":{"rendered":"https:\/\/tangooled.com\/?post_type=product&#038;p=35122"},"modified":"2026-01-26T01:02:59","modified_gmt":"2026-01-26T09:02:59","slug":"pendant-light-aluminum-led-channel-35x40mm-with-flat-light-cover","status":"publish","type":"product","link":"https:\/\/tangooled.com\/pt\/product\/pendant-light-aluminum-led-channel-35x40mm-with-flat-light-cover\/","title":{"rendered":"Canal de LED pendente em alum\u00ednio 35x40mm com cobertura de luz plana"},"content":{"rendered":"<div class=\"wp-block-group\" style=\"padding-top:var(--wp--preset--spacing--80);padding-bottom:var(--wp--preset--spacing--80)\"><div class=\"wp-block-group__inner-container is-layout-constrained wp-block-group-is-layout-constrained\">\n<p>Ilumine o seu ambiente com nosso canal de LED pendente 35x40mm em perfil de alum\u00ednio com uma cobertura de luz plana. Este alojamento de LED profissional \u00e9 feito para uso em casas e empresas modernas, perfeito para criar ilumina\u00e7\u00e3o linear suspensa elegante. Ele garante uma est\u00e9tica de alto padr\u00e3o enquanto proporciona uma excelente ilumina\u00e7\u00e3o difusa e uniforme. <\/p>\n\n\n\n<p>O canal de alum\u00ednio para LED pendente possui uma estrutura de duas c\u00e2maras. A c\u00e2mara superior \u00e9 projetada para montar com seguran\u00e7a as fitas de LED, que s\u00e3o cobertas pelo difusor de policarbonato (PC) para uma ilumina\u00e7\u00e3o suave e sem pontos. A c\u00e2mara inferior separada \u00e9 especificamente para alojar a fonte de alimenta\u00e7\u00e3o, otimizando o espa\u00e7o e simplificando a instala\u00e7\u00e3o.<\/p>\n\n\n\n<p>Este canal suspenso possui tampas de metal nas extremidades, kits de fios de suspens\u00e3o, conectores para corridas cont\u00ednuas e fivelas embutidas para montagem segura. Este perfil vers\u00e1til suporta tanto instala\u00e7\u00e3o pendente quanto montagem embutida, oferecendo solu\u00e7\u00f5es de design flex\u00edveis para casas, escrit\u00f3rios e espa\u00e7os de varejo.<\/p>\n<\/div><\/div>\n\n\n\n<div class=\"wp-block-group has-background is-vertical is-layout-flex wp-container-core-group-is-layout-d255d7c4 wp-block-group-is-layout-flex\" style=\"background-color:#f1f1f1;padding-top:var(--wp--preset--spacing--80);padding-bottom:var(--wp--preset--spacing--80)\">\n<div class=\"wp-block-group is-vertical is-layout-flex wp-container-core-group-is-layout-8cf370e7 wp-block-group-is-layout-flex\">\n<h2 class=\"wp-block-heading\" style=\"padding-top:var(--wp--preset--spacing--40);padding-bottom:var(--wp--preset--spacing--40);font-size:25px;font-style:normal;font-weight:600;text-transform:capitalize\">Por que escolher nosso canal de LED pendente 35x40mm?<\/h2>\n\n\n\n<ul class=\"wp-block-list\">\n<li>Made of durable 6063-T5 anodized aluminum that won&#8217;t rust.<\/li>\n\n\n\n<li>Compat\u00edvel com fitas LED que t\u00eam de 16 a 20 mm de largura, como fitas SMD 2835, 5050 ou COB.<\/li>\n\n\n\n<li>Vem com um difusor de policarbonato fosco plano que torna a luz suave e uniforme.<\/li>\n\n\n\n<li>Pode ser usado como ilumina\u00e7\u00e3o suspensa ou montado em superf\u00edcies como paredes e tetos.<\/li>\n\n\n\n<li>Vem com tampas nas extremidades, clipes de montagem e kits de suspens\u00e3o para facilitar a instala\u00e7\u00e3o.<\/li>\n\n\n\n<li>Funciona com muitos tipos diferentes de ilumina\u00e7\u00e3o, como ilumina\u00e7\u00e3o arquitet\u00f4nica, ilumina\u00e7\u00e3o de tarefas, ilumina\u00e7\u00e3o ambiente e ilumina\u00e7\u00e3o linear.<\/li>\n<\/ul>\n<\/div>\n<\/div>\n\n\n\n<div class=\"wp-block-group\" style=\"padding-top:var(--wp--preset--spacing--60);padding-bottom:var(--wp--preset--spacing--60)\"><div class=\"wp-block-group__inner-container is-layout-constrained wp-block-group-is-layout-constrained\">\n<div class=\"wp-block-media-text has-media-on-the-right is-stacked-on-mobile\"><div class=\"wp-block-media-text__content\">\n<h2 class=\"wp-block-heading\" style=\"font-size:25px;font-style:normal;font-weight:600;text-transform:capitalize\">como instalar<\/h2>\n\n\n\n<ul class=\"wp-block-list\">\n<li>Use uma serra profissional para cortar o canal e o difusor no comprimento desejado.<\/li>\n\n\n\n<li>Coloque as fivelas ou os fios de suspens\u00e3o na sua parede ou teto.<\/li>\n\n\n\n<li>Coloque sua fita LED no canal e certifique-se de que esteja bem fixada.<\/li>\n\n\n\n<li>Use o buraco da tampa para conectar os fios da fita LED ao driver.<\/li>\n\n\n\n<li>Coloque a tampa plana para proteger os LEDs e tornar a luz suave.<\/li>\n\n\n\n<li>Suspense ou instale o canal com seguran\u00e7a e, em seguida, desfrute das suas novas luzes!<\/li>\n<\/ul>\n<\/div><figure class=\"wp-block-media-text__media\"><img loading=\"lazy\" decoding=\"async\" width=\"500\" height=\"500\" src=\"https:\/\/tangooled.com\/wp-content\/uploads\/2025\/07\/sg3540-ins.webp\" alt=\"pendant light aluminum led channel 35x40mm with flat light cover\" class=\"wp-image-41104 size-full\" srcset=\"https:\/\/tangooled.com\/wp-content\/uploads\/2025\/07\/sg3540-ins.webp 500w, https:\/\/tangooled.com\/wp-content\/uploads\/2025\/07\/sg3540-ins-300x300.webp 300w, https:\/\/tangooled.com\/wp-content\/uploads\/2025\/07\/sg3540-ins-150x150.webp 150w\" sizes=\"auto, (max-width: 500px) 100vw, 500px\" \/><\/figure><\/div>\n<\/div><\/div>\n\n\n\n<div class=\"wp-block-group has-background\" style=\"background-color:#f1f1f1;padding-top:var(--wp--preset--spacing--80);padding-bottom:var(--wp--preset--spacing--80)\"><div class=\"wp-block-group__inner-container is-layout-constrained wp-block-group-is-layout-constrained\">\n<h2 class=\"wp-block-heading\" style=\"padding-top:var(--wp--preset--spacing--40);padding-bottom:var(--wp--preset--spacing--40);font-size:25px;font-style:normal;font-weight:600;text-transform:capitalize\">What&#8217;s inside the box?<\/h2>\n\n\n\n<ul class=\"wp-block-list\">\n<li>1x Canal de LED Pendente 35x40mm (comprimento conforme solicitado)<\/li>\n\n\n\n<li>1x Cobertura de policarbonato fosca plana para o difusor<\/li>\n\n\n\n<li>Duas tampas de metal nas extremidades (sem furos)<\/li>\n\n\n\n<li>Um kit de fio de suspens\u00e3o, fivelas de recesso ou fivela de montagem na parede (dependendo da instala\u00e7\u00e3o)<\/li>\n<\/ul>\n<\/div><\/div>\n\n\n\n<div class=\"wp-block-group is-vertical is-layout-flex wp-container-core-group-is-layout-d255d7c4 wp-block-group-is-layout-flex\" style=\"padding-top:var(--wp--preset--spacing--80);padding-bottom:var(--wp--preset--spacing--80)\">\n<h2 class=\"wp-block-heading\" style=\"padding-top:var(--wp--preset--spacing--40);padding-bottom:var(--wp--preset--spacing--40);font-size:25px;font-style:normal;font-weight:600;text-transform:capitalize\">Onde usar este canal de LED pendente 35x40mm<\/h2>\n\n\n\n<p>This aluminum LED channel is ideal for making pendant lights that hang from the ceiling. This is what it&#8217;s best for:<\/p>\n\n\n\n<ul class=\"wp-block-list\">\n<li>Ilhas de Cozinha: luz uniforme para sua \u00e1rea de cozimento<\/li>\n\n\n\n<li>Ilumina\u00e7\u00e3o de Escrit\u00f3rios: luz brilhante e constante para mesas e salas de reuni\u00e3o<\/li>\n\n\n\n<li>Exibi\u00e7\u00f5es de Varejo: use linhas de luz claras e brilhantes para destacar itens<\/li>\n\n\n\n<li>Ateli\u00eas em Casa: ilumina\u00e7\u00e3o de tarefa forte e sem ofuscamento<\/li>\n\n\n\n<li>\u00c1reas de Hospitalidade: ilumina\u00e7\u00e3o estilosa para pubs, hot\u00e9is e restaurantes<\/li>\n<\/ul>\n<\/div>\n\n\n\n<div class=\"wp-block-group has-background\" style=\"background-color:#f1f1f1f2;padding-top:var(--wp--preset--spacing--80);padding-bottom:var(--wp--preset--spacing--80)\"><div class=\"wp-block-group__inner-container is-layout-constrained wp-block-group-is-layout-constrained\">\n<h2 class=\"wp-block-heading\" style=\"font-size:25px;font-style:normal;font-weight:600;text-transform:capitalize\">produto relacionado que voc\u00ea pode gostar<\/h2>\n\n\n\n<ul class=\"wp-block-list\">\n<li>Saiba mais sobre <a href=\"http:\/\/black led strip light channel 35x66mm for ceiling hanging\"><mark style=\"background-color:rgba(0, 0, 0, 0)\" class=\"has-inline-color has-vivid-red-color\">canal de luz LED preta 35x66mm para suspens\u00e3o no teto<\/mark><\/a><\/li>\n\n\n\n<li>Confira <a href=\"https:\/\/tangooled.com\/pt\/product\/aluminum-base-with-opal-square-light-cover-for-suspension\/\"><mark style=\"background-color:rgba(0, 0, 0, 0)\" class=\"has-inline-color has-vivid-red-color\">base de alum\u00ednio com cobertura de luz quadrada opalina para suspens\u00e3o<\/mark><\/a><\/li>\n\n\n\n<li>Descubra diferentes <a href=\"https:\/\/tangooled.com\/pt\/led-profiles\/\"><mark style=\"background-color:rgba(0, 0, 0, 0)\" class=\"has-inline-color has-vivid-red-color\">cole\u00e7\u00e3o de perfis de alum\u00ednio LED.<\/mark><\/a> na nossa p\u00e1gina de produtos<\/li>\n<\/ul>\n<\/div><\/div>\n\n\n\n<div class=\"wp-block-group\" style=\"padding-top:var(--wp--preset--spacing--80);padding-bottom:var(--wp--preset--spacing--80)\"><div class=\"wp-block-group__inner-container is-layout-constrained wp-block-group-is-layout-constrained\">\n<h2 class=\"wp-block-heading\" style=\"padding-top:var(--wp--preset--spacing--40);padding-bottom:var(--wp--preset--spacing--40);font-size:25px;font-style:normal;font-weight:600;text-transform:capitalize\">resumo<\/h2>\n\n\n\n<p>Se voc\u00ea deseja um alojamento de alum\u00ednio de alta qualidade e premium para ilumina\u00e7\u00e3o pendente moderna, nosso canal de LED pendente TG-SG3540 35x40mm \u00e9 a melhor escolha. Ele funciona bem com fitas LED, proporciona ilumina\u00e7\u00e3o sem pontos e sem ofuscamento, e se adapta a muitos ambientes internos, como casas, empresas e lojas. Use este perfil de alum\u00ednio de grau arquitet\u00f4nico e a cobertura difusora fosca plana para destacar seus lumin\u00e1rios.<\/p>\n\n\n\n<p><\/p>\n<\/div><\/div>","protected":false},"featured_media":33395,"template":"","meta":{"_acf_changed":true,"_seopress_robots_primary_cat":"none","_seopress_titles_title":"35x40mm Pendant LED Channel | Flat Cover Linear Aluminum Profile | TANGOOLED","_seopress_titles_desc":"This 35x40mm pendant led channel is designed with a sleek flat light cover. The aluminum linear profile offers a minimalist design and seamless light distribution for modern office and residential interiors.","_seopress_robots_index":""},"pcb-width":[229],"product-cat":[194],"class_list":{"0":"post-35122","1":"product","2":"type-product","3":"status-publish","4":"has-post-thumbnail","6":"pcb-width-15-20mm","7":"product-cat-suspended-profile"},"acf":[],"_links":{"self":[{"href":"https:\/\/tangooled.com\/pt\/wp-json\/wp\/v2\/product\/35122","targetHints":{"allow":["GET"]}}],"collection":[{"href":"https:\/\/tangooled.com\/pt\/wp-json\/wp\/v2\/product"}],"about":[{"href":"https:\/\/tangooled.com\/pt\/wp-json\/wp\/v2\/types\/product"}],"wp:featuredmedia":[{"embeddable":true,"href":"https:\/\/tangooled.com\/pt\/wp-json\/wp\/v2\/media\/33395"}],"wp:attachment":[{"href":"https:\/\/tangooled.com\/pt\/wp-json\/wp\/v2\/media?parent=35122"}],"wp:term":[{"taxonomy":"pcb-width","embeddable":true,"href":"https:\/\/tangooled.com\/pt\/wp-json\/wp\/v2\/pcb-width?post=35122"},{"taxonomy":"product-cat","embeddable":true,"href":"https:\/\/tangooled.com\/pt\/wp-json\/wp\/v2\/product-cat?post=35122"}],"curies":[{"name":"wp","href":"https:\/\/api.w.org\/{rel}","templated":true}]}}