{"id":35118,"date":"2025-07-02T17:00:18","date_gmt":"2025-07-03T01:00:18","guid":{"rendered":"https:\/\/tangooled.com\/?post_type=product&#038;p=35118"},"modified":"2026-01-29T23:46:12","modified_gmt":"2026-01-30T07:46:12","slug":"35mm-aluminum-base-opal-square-light-cover-sg3535c","status":"publish","type":"product","link":"https:\/\/tangooled.com\/pt\/product\/35mm-aluminum-base-opal-square-light-cover-sg3535c\/","title":{"rendered":"SG3535C: Perfil de LED de alum\u00ednio de 35mm com tampa quadrada opala"},"content":{"rendered":"<div class=\"wp-block-group is-vertical is-layout-flex wp-container-core-group-is-layout-d255d7c4 wp-block-group-is-layout-flex\" style=\"padding-top:var(--wp--preset--spacing--80);padding-bottom:var(--wp--preset--spacing--80)\">\n<p>Nossa base de alum\u00ednio de alta qualidade com tampa de luz quadrada opala ir\u00e1 iluminar o seu espa\u00e7o. Este elegante acess\u00f3rio de ilumina\u00e7\u00e3o linear tem 35x35mm e \u00e9 perfeito para espa\u00e7os sofisticados como cozinhas e escrit\u00f3rios. Sua estrutura robusta \u00e9 feita de alum\u00ednio extrudado, o que ajuda a dissipar bem o calor. Isso significa que suas luzes de fita LED durar\u00e3o mais e funcionar\u00e3o de forma mais confi\u00e1vel.<\/p>\n\n\n\n<p>O perfil vem com um desvio quadrado opala deslumbrante. Essa fun\u00e7\u00e3o torna a luz menos intensa, evitando ofuscamento e garantindo uma ilumina\u00e7\u00e3o uniforme. Voc\u00ea recebe uma apar\u00eancia de ilumina\u00e7\u00e3o profissional, livre de pontos, que torna a visualiza\u00e7\u00e3o muito mais confort\u00e1vel e garante que a luz se espalhe de forma uniforme pelo seu ambiente.<\/p>\n\n\n\n<p>Quando se trata de instala\u00e7\u00e3o, nosso perfil LED quadrado \u00e9 incrivelmente adapt\u00e1vel. Voc\u00ea pode instal\u00e1-lo de forma segura em uma superf\u00edcie ou usar os kits de suspens\u00e3o para pendur\u00e1-lo. Tampas de metal e clipes de montagem s\u00e3o dois acess\u00f3rios importantes que v\u00eam com o kit. Use este canal de 35x35mm para criar acess\u00f3rios de ilumina\u00e7\u00e3o modernos e \u00fanicos para qualquer ambiente.<\/p>\n<\/div>\n\n\n\n<div class=\"wp-block-group has-background is-vertical is-layout-flex wp-container-core-group-is-layout-d255d7c4 wp-block-group-is-layout-flex\" style=\"background-color:#f1f1f1;padding-top:var(--wp--preset--spacing--80);padding-bottom:var(--wp--preset--spacing--80)\">\n<div class=\"wp-block-group is-vertical is-layout-flex wp-container-core-group-is-layout-8cf370e7 wp-block-group-is-layout-flex\">\n<h2 class=\"wp-block-heading\" style=\"padding-top:var(--wp--preset--spacing--40);padding-bottom:var(--wp--preset--spacing--40);font-size:25px;font-style:normal;font-weight:600;text-transform:capitalize\">Por que escolher nossa base de alum\u00ednio de 35mm com tampa de luz quadrada opala?<\/h2>\n\n\n\n<ul class=\"wp-block-list\">\n<li>Base de alum\u00ednio forte e leve: A base \u00e9 feita de alum\u00ednio de grau arquitet\u00f4nico, que ajuda a manter as luzes LED frias por mais tempo.<\/li>\n\n\n\n<li>Difusor quadrado opala: Feito de policarbonato (PC) de alta transmiss\u00e3o, oferece uma ilumina\u00e7\u00e3o suave e uniforme, sem ofuscamento ou pontos duros.<\/li>\n\n\n\n<li>Suspens\u00e3o ajust\u00e1vel: Vem com um kit de suspens\u00e3o de cabo de aeronave que facilita a altera\u00e7\u00e3o da altura e proporciona um visual limpo e moderno.<\/li>\n\n\n\n<li>F\u00e1cil de instalar: Vem com clipes de montagem e um kit de suspens\u00e3o de teto que combinam, funcionando tanto com tetos planos como inclinados.<\/li>\n\n\n\n<li>Funciona em muitos lugares: \u00d3timo para cozinhas, salas de jantar, salas de confer\u00eancias, \u00e1reas de varejo e escrit\u00f3rios em open space.<\/li>\n<\/ul>\n<\/div>\n<\/div>\n\n\n\n<div class=\"wp-block-group\" style=\"padding-top:var(--wp--preset--spacing--60);padding-bottom:var(--wp--preset--spacing--60)\"><div class=\"wp-block-group__inner-container is-layout-constrained wp-block-group-is-layout-constrained\">\n<h2 class=\"wp-block-heading\" style=\"font-size:25px;font-style:normal;font-weight:600;text-transform:capitalize\">Melhores usos para esta base de alum\u00ednio com tampa de luz quadrada opala<\/h2>\n\n\n\n<div class=\"wp-block-media-text has-media-on-the-right is-stacked-on-mobile\"><div class=\"wp-block-media-text__content\">\n<ul class=\"wp-block-list\">\n<li>Ilumina\u00e7\u00e3o para a ilha da cozinha: luz brilhante e uniforme, sem ofuscamento.<\/li>\n\n\n\n<li>Luz pendente para a sala de jantar: deixa o ambiente acolhedor e moderno.<\/li>\n\n\n\n<li>Esta\u00e7\u00f5es de Trabalho de Escrit\u00f3rio: Luz natural clara ajuda a concentrar e reduz o cansa\u00e7o visual.<\/li>\n\n\n\n<li>Salas de Confer\u00eancia: Estilo moderno e elegante com controle total sobre as luzes.<\/li>\n\n\n\n<li>Espa\u00e7os de Varejo: Exiba produtos em luz brilhante e clara.<\/li>\n\n\n\n<li>\u00c1reas de Recep\u00e7\u00e3o e Lobbies: Visitantes s\u00e3o recebidos por uma ilumina\u00e7\u00e3o elegante e impressionante.<\/li>\n<\/ul>\n<\/div><figure class=\"wp-block-media-text__media\"><img loading=\"lazy\" decoding=\"async\" width=\"500\" height=\"500\" src=\"https:\/\/tangooled.com\/wp-content\/uploads\/2025\/07\/sg3535c-ins.webp\" alt=\"base de alum\u00ednio com cobertura de luz quadrada opalina para suspens\u00e3o\" class=\"wp-image-41107 size-full\" srcset=\"https:\/\/tangooled.com\/wp-content\/uploads\/2025\/07\/sg3535c-ins.webp 500w, https:\/\/tangooled.com\/wp-content\/uploads\/2025\/07\/sg3535c-ins-300x300.webp 300w, https:\/\/tangooled.com\/wp-content\/uploads\/2025\/07\/sg3535c-ins-150x150.webp 150w\" sizes=\"auto, (max-width: 500px) 100vw, 500px\" \/><\/figure><\/div>\n<\/div><\/div>\n\n\n\n<div class=\"wp-block-group has-background\" style=\"background-color:#f1f1f1;padding-top:var(--wp--preset--spacing--80);padding-bottom:var(--wp--preset--spacing--80)\"><div class=\"wp-block-group__inner-container is-layout-constrained wp-block-group-is-layout-constrained\">\n<h2 class=\"wp-block-heading\" style=\"font-size:25px;font-style:normal;font-weight:600;text-transform:capitalize\">O que voc\u00ea recebe ao comprar<\/h2>\n\n\n\n<ul class=\"wp-block-list\">\n<li>Canal de alum\u00ednio suspenso<\/li>\n\n\n\n<li>Tampa de luz quadrada opala<\/li>\n\n\n\n<li>Duas tampas de metal<\/li>\n\n\n\n<li>Suspens\u00e3o ajust\u00e1vel com cabo de aeronave e hardware de montagem<\/li>\n<\/ul>\n<\/div><\/div>\n\n\n\n<div class=\"wp-block-group\" style=\"padding-top:var(--wp--preset--spacing--80);padding-bottom:var(--wp--preset--spacing--80)\"><div class=\"wp-block-group__inner-container is-layout-constrained wp-block-group-is-layout-constrained\">\n<h2 class=\"wp-block-heading\" style=\"padding-top:0;padding-bottom:0;font-size:25px;font-style:normal;font-weight:600;text-transform:capitalize\">Produtos Relacionados Que Voc\u00ea Pode Gostar<\/h2>\n\n\n\n<ul class=\"wp-block-list\">\n<li><a href=\"https:\/\/tangooled.com\/pt\/product\/black-led-diffuser-aluminum-channel-for-12mm-tape-lights\/\"><mark style=\"background-color:rgba(0, 0, 0, 0)\" class=\"has-inline-color has-vivid-red-color\">Canal de alum\u00ednio com difusor LED preto para luzes de fita de 12mm<\/mark><\/a><\/li>\n\n\n\n<li><mark style=\"background-color:rgba(0, 0, 0, 0)\" class=\"has-inline-color has-vivid-red-color\"><a href=\"https:\/\/tangooled.com\/pt\/product\/25x14m-surface-mounted-led-light-aluminum-profile\/\">Perfil de alum\u00ednio para luz LED montado na superf\u00edcie de 25x14mm<\/a><\/mark><\/li>\n\n\n\n<li><a href=\"https:\/\/tangooled.com\/pt\/product\/square-led-diffuser-channel-with-hidden-mounting-clips-for-surface-mounting\/\"><mark style=\"background-color:rgba(0, 0, 0, 0)\" class=\"has-inline-color has-vivid-red-color\">Canal difusor LED quadrado com clipes de montagem ocultos para montagem em superf\u00edcie<\/mark><\/a><\/li>\n\n\n\n<li><a href=\"https:\/\/tangooled.com\/pt\/product\/aluminum-u-channel-with-curved-led-diffuser-inner-16mm\/\"><mark style=\"background-color:rgba(0, 0, 0, 0)\" class=\"has-inline-color has-vivid-red-color\">Canal de alum\u00ednio em U com difusor LED curvado interior de 16mm<\/mark><\/a><\/li>\n<\/ul>\n<\/div><\/div>\n\n\n\n<div class=\"wp-block-group has-background\" style=\"background-color:#f1f1f1;padding-top:var(--wp--preset--spacing--80);padding-bottom:var(--wp--preset--spacing--80)\"><div class=\"wp-block-group__inner-container is-layout-constrained wp-block-group-is-layout-constrained\">\n<h2 class=\"wp-block-heading\" style=\"padding-top:var(--wp--preset--spacing--40);padding-bottom:var(--wp--preset--spacing--40);font-size:25px;font-style:normal;font-weight:600;text-transform:capitalize\">Resumo<\/h2>\n\n\n\n<p style=\"padding-right:var(--wp--preset--spacing--50);padding-left:var(--wp--preset--spacing--50);font-size:20px\">Our aluminum base with opal square light cover is a modern suspension fixture that has clean lines and no glare. The adjustable suspension and sturdy aluminum channel make it a great choice for homes and businesses alike. It&#8217;s great for offices, kitchens, and more. Check out our other <a href=\"https:\/\/tangooled.com\/pt\/led-profiles\/\"><mark style=\"background-color:rgba(0, 0, 0, 0)\" class=\"has-inline-color has-vivid-red-color\">perf\u00eds de LED de alum\u00ednio<\/mark><\/a> op\u00e7\u00f5es de ilumina\u00e7\u00e3o inteligente.<\/p>\n<\/div><\/div>","protected":false},"featured_media":14711,"template":"","meta":{"_acf_changed":true,"_seopress_robots_primary_cat":"none","_seopress_titles_title":"35mm Aluminum Base with Opal Square Light Cover | SG3535C Profile","_seopress_titles_desc":"The SG3535C features a 35mm aluminum base with a premium opal square light cover. This suspended profile creates a unique 3-sided 3D lighting effect, ensuring soft, spotless illumination for modern interiors.","_seopress_robots_index":""},"pcb-width":[230],"product-cat":[192,194],"class_list":{"0":"post-35118","1":"product","2":"type-product","3":"status-publish","4":"has-post-thumbnail","6":"pcb-width-20-25mm","7":"product-cat-surface-led-profile","8":"product-cat-suspended-profile"},"acf":[],"_links":{"self":[{"href":"https:\/\/tangooled.com\/pt\/wp-json\/wp\/v2\/product\/35118","targetHints":{"allow":["GET"]}}],"collection":[{"href":"https:\/\/tangooled.com\/pt\/wp-json\/wp\/v2\/product"}],"about":[{"href":"https:\/\/tangooled.com\/pt\/wp-json\/wp\/v2\/types\/product"}],"wp:featuredmedia":[{"embeddable":true,"href":"https:\/\/tangooled.com\/pt\/wp-json\/wp\/v2\/media\/14711"}],"wp:attachment":[{"href":"https:\/\/tangooled.com\/pt\/wp-json\/wp\/v2\/media?parent=35118"}],"wp:term":[{"taxonomy":"pcb-width","embeddable":true,"href":"https:\/\/tangooled.com\/pt\/wp-json\/wp\/v2\/pcb-width?post=35118"},{"taxonomy":"product-cat","embeddable":true,"href":"https:\/\/tangooled.com\/pt\/wp-json\/wp\/v2\/product-cat?post=35118"}],"curies":[{"name":"wp","href":"https:\/\/api.w.org\/{rel}","templated":true}]}}