{"id":35074,"date":"2025-07-02T01:55:05","date_gmt":"2025-07-02T09:55:05","guid":{"rendered":"https:\/\/tangooled.com\/?post_type=product&#038;p=35074"},"modified":"2026-01-29T23:43:08","modified_gmt":"2026-01-30T07:43:08","slug":"75x75mm-pendant-aluminum-led-channel-with-space-for-led-driver","status":"publish","type":"product","link":"https:\/\/tangooled.com\/pt\/product\/75x75mm-pendant-aluminum-led-channel-with-space-for-led-driver\/","title":{"rendered":"Canal LED pendente de alum\u00ednio 75x75mm com espa\u00e7o para driver LED"},"content":{"rendered":"<div class=\"wp-block-group is-vertical is-layout-flex wp-container-core-group-is-layout-d255d7c4 wp-block-group-is-layout-flex\" style=\"padding-top:var(--wp--preset--spacing--80);padding-bottom:var(--wp--preset--spacing--80)\">\n<p>O canal LED pendente de 75x75mm com espa\u00e7o para driver possui um estilo forte e elegante que tornar\u00e1 os seus ambientes mais iluminados. Este grande perfil LED de alum\u00ednio 75x75MM \u00e9 feito para arquitetos, eletricistas e designers que desejam um estilo dram\u00e1tico, instala\u00e7\u00e3o r\u00e1pida e ilumina\u00e7\u00e3o que flui suavemente, sem mostrar caixas extras de driver. A estrutura robusta possui uma grande cavidade interna que \u00e9 especificamente projetada para esconder com seguran\u00e7a os drivers LED e uma fonte de alimenta\u00e7\u00e3o, portanto, n\u00e3o h\u00e1 necessidade de partes externas.<\/p>\n\n\n\n<p>Este canal linear flex\u00edvel \u00e9 excelente para instala\u00e7\u00f5es de ilumina\u00e7\u00e3o em grandes escrit\u00f3rios e empresas. As tiras de LED s\u00e3o colocadas em uma bandeja interna remov\u00edvel e ajust\u00e1vel, facilitando a posi\u00e7\u00e3o e a limpeza. A instala\u00e7\u00e3o \u00e9 bastante flex\u00edvel, pois o canal LED pode ser montado no teto ou na parede. Isso permite que os designers criem belos aparelhos lineares que fornecem luz brilhante e t\u00eam uma apar\u00eancia limpa e profissional.<\/p>\n<\/div>\n\n\n\n<div class=\"wp-block-group has-background is-vertical is-layout-flex wp-container-core-group-is-layout-d255d7c4 wp-block-group-is-layout-flex\" style=\"background-color:#f1f1f1;padding-top:var(--wp--preset--spacing--80);padding-bottom:var(--wp--preset--spacing--80)\">\n<div class=\"wp-block-group is-vertical is-layout-flex wp-container-core-group-is-layout-8cf370e7 wp-block-group-is-layout-flex\">\n<h2 class=\"wp-block-heading\" style=\"padding-top:var(--wp--preset--spacing--40);padding-bottom:var(--wp--preset--spacing--40);font-size:25px;font-style:normal;font-weight:600;text-transform:capitalize\">Por que escolher nosso canal LED pendente 75x75mm com espa\u00e7o para driver?<\/h2>\n\n\n\n<ul class=\"wp-block-list\">\n<li>Design tudo-em-um: O espa\u00e7o interno \u00e9 grande o suficiente para acomodar o driver LED. Chega de caixas nas paredes ou tetos.<\/li>\n\n\n\n<li>Forte e leve: \u00c9 feito de alum\u00ednio anodizado 6063-T5, que \u00e9 um material de alta qualidade. Um bom dissipador de calor ajudar\u00e1 o LED a durar mais.<\/li>\n\n\n\n<li>Grande dimens\u00e3o para muita luz: O tamanho 75mm x 75mm permite que voc\u00ea use tiras de LED largas ou at\u00e9 v\u00e1rias tiras para gerar luz brilhante e uniforme.<\/li>\n\n\n\n<li>Easy to hang: It&#8217;s a pendant style that hangs from cables, which looks wonderful and makes it easy to change the height.<\/li>\n\n\n\n<li>Luz suave: O difusor de policarbonato opalino que vem com ele torna a luz suave e sem pontos.<\/li>\n\n\n\n<li>Cores e comprimentos personalizados: Voc\u00ea pode obter exatamente o que precisa escolhendo entre acabamentos com revestimento em p\u00f3 ou cortes sob medida.<\/li>\n<\/ul>\n<\/div>\n<\/div>\n\n\n\n<div class=\"wp-block-group\" style=\"padding-top:var(--wp--preset--spacing--60);padding-bottom:var(--wp--preset--spacing--60)\"><div class=\"wp-block-group__inner-container is-layout-constrained wp-block-group-is-layout-constrained\">\n<div class=\"wp-block-media-text has-media-on-the-right is-stacked-on-mobile\"><div class=\"wp-block-media-text__content\">\n<h2 class=\"wp-block-heading\" style=\"font-size:25px;font-style:normal;font-weight:600;text-transform:capitalize\">Dicas de Instala\u00e7\u00e3o<\/h2>\n\n\n\n<ul class=\"wp-block-list\">\n<li>Suspenso por fios que podem ser ajustados para que a altura possa ser alterada.<\/li>\n\n\n\n<li>Escolha os drivers LED adequados que encaixem no espa\u00e7o do driver interno. Isso facilitar\u00e1 a fia\u00e7\u00e3o.<\/li>\n\n\n\n<li>If you&#8217;re building a long run of lights, add mounting clips or joiners.<\/li>\n\n\n\n<li>Feche as extremidades do perfil com terminais met\u00e1licos para dar um acabamento.<\/li>\n<\/ul>\n<\/div><figure class=\"wp-block-media-text__media\"><img loading=\"lazy\" decoding=\"async\" width=\"500\" height=\"500\" src=\"https:\/\/tangooled.com\/wp-content\/uploads\/2025\/07\/s7575-ins.webp\" alt=\"75x75mm pendant aluminum led channel with space for led driver\" class=\"wp-image-41110 size-full\" srcset=\"https:\/\/tangooled.com\/wp-content\/uploads\/2025\/07\/s7575-ins.webp 500w, https:\/\/tangooled.com\/wp-content\/uploads\/2025\/07\/s7575-ins-300x300.webp 300w, https:\/\/tangooled.com\/wp-content\/uploads\/2025\/07\/s7575-ins-150x150.webp 150w\" sizes=\"auto, (max-width: 500px) 100vw, 500px\" \/><\/figure><\/div>\n<\/div><\/div>\n\n\n\n<div class=\"wp-block-group has-background\" style=\"background-color:#f1f1f1;padding-top:var(--wp--preset--spacing--80);padding-bottom:var(--wp--preset--spacing--80)\"><div class=\"wp-block-group__inner-container is-layout-constrained wp-block-group-is-layout-constrained\">\n<h2 class=\"wp-block-heading\" style=\"padding-top:var(--wp--preset--spacing--40);padding-bottom:var(--wp--preset--spacing--40);font-size:25px;font-style:normal;font-weight:600;text-transform:capitalize\">Aplica\u00e7\u00f5es para o Canal LED Pendente de 75mm com Espa\u00e7o para Driver<\/h2>\n\n\n\n<p>Este canal LED pendente de alum\u00ednio 75mm \u00e9 adequado para uma ampla gama de aplica\u00e7\u00f5es.<\/p>\n\n\n\n<ul class=\"wp-block-list\">\n<li>Escrit\u00f3rios: Use elegantes pendentes lineares para iluminar salas de confer\u00eancia e mesas de trabalho.<\/li>\n\n\n\n<li>Casas: \u00d3timo para ilhas de cozinha ou salas de jantar com atraentes lumin\u00e1rias pendentes.<\/li>\n\n\n\n<li>Lojas e Showrooms: Exiba seus produtos em luz brilhante e uniforme, sem fios vis\u00edveis.<\/li>\n\n\n\n<li>Hot\u00e9is ou Restaurantes: Deixe as luzes no lobby ou bar com uma apar\u00eancia agrad\u00e1vel e profissional.<\/li>\n\n\n\n<li>Ilumina\u00e7\u00e3o de Tarefa e Ambiente: Voc\u00ea pode ter luz de tarefa brilhante ou luz ambiente suave com um \u00fanico aparelho.<\/li>\n<\/ul>\n<\/div><\/div>\n\n\n\n<div class=\"wp-block-group\" style=\"padding-top:var(--wp--preset--spacing--80);padding-bottom:var(--wp--preset--spacing--80)\"><div class=\"wp-block-group__inner-container is-layout-constrained wp-block-group-is-layout-constrained\">\n<h2 class=\"wp-block-heading\" style=\"padding-top:var(--wp--preset--spacing--40);padding-bottom:var(--wp--preset--spacing--40);font-size:25px;font-style:normal;font-weight:600;text-transform:capitalize\">O que voc\u00ea pode obter em um kit<\/h2>\n\n\n\n<ul class=\"wp-block-list\">\n<li>Canal de alum\u00ednio extrudado (prateado, branco ou preto)<\/li>\n\n\n\n<li>Difusor de LED de policarbonato opalino<\/li>\n\n\n\n<li>Terminais met\u00e1licos<\/li>\n\n\n\n<li>Kit de fios de suspens\u00e3o (para uso pendente)<\/li>\n\n\n\n<li>Fivela embutida (para uso embutido)<\/li>\n\n\n\n<li>Clipes de montagem (para montagem em superf\u00edcie)<\/li>\n\n\n\n<li>Conectores para fazer formas ou longos conjuntos <\/li>\n<\/ul>\n<\/div><\/div>\n\n\n\n<div class=\"wp-block-group\" style=\"padding-top:var(--wp--preset--spacing--80);padding-bottom:var(--wp--preset--spacing--80)\"><div class=\"wp-block-group__inner-container is-layout-constrained wp-block-group-is-layout-constrained\">\n<h2 class=\"wp-block-heading\" style=\"padding-top:var(--wp--preset--spacing--40);padding-bottom:var(--wp--preset--spacing--40);font-size:25px;font-style:normal;font-weight:600;text-transform:capitalize\">Resumo<\/h2>\n\n\n\n<p>O canal LED pendente de 75mm com espa\u00e7o para driver \u00e9 uma escolha inteligente, dur\u00e1vel e estilosa para quem deseja criar uma ilumina\u00e7\u00e3o pendente requintada e poderosa. O grande canal de alum\u00ednio esconde seu driver LED dentro do design tudo-em-um. O robusto dissipador de calor e o difusor acetinado\/opalino fazem a luz durar muito tempo e mant\u00eam a suavidade. Ele se adapta a tiras de LED largas e \u00e9 f\u00e1cil de pendurar. \u00d3timo para casas, escrit\u00f3rios, lojas ou lugares de hospitalidade.<\/p>\n\n\n\n<p>Confira nossa linha completa de perfis de alum\u00ednio LED e difusores para completar seu sistema de ilumina\u00e7\u00e3o:<\/p>\n\n\n\n<ul class=\"wp-block-list\">\n<li><a href=\"https:\/\/tangooled.com\/pt\/product\/black-aluminum-u-channel-profile-for-10mm-led-strips\/\"><mark style=\"background-color:rgba(0, 0, 0, 0)\" class=\"has-inline-color has-vivid-red-color\">Perfil de canal em U de alum\u00ednio preto para fitas LED de 10mm<\/mark><\/a><\/li>\n\n\n\n<li><a href=\"https:\/\/tangooled.com\/pt\/product\/led-strip-light-channel-aluminum-profile-with-diffused-cover-6mm-height\/\"><mark style=\"background-color:rgba(0, 0, 0, 0)\" class=\"has-inline-color has-vivid-red-color\">Canal de luz LED de alum\u00ednio com cobertura difusa, altura de 6 mm<\/mark><\/a><\/li>\n\n\n\n<li><a href=\"https:\/\/tangooled.com\/pt\/product\/25mm-u-shape-led-mounting-channel-for-15mm-double-row-led-strip-lights\/\"><mark style=\"background-color:rgba(0, 0, 0, 0)\" class=\"has-inline-color has-vivid-red-color\">Canal de montagem em LED em forma de U de 25mm para tiras LED de 15mm de duas fileiras<\/mark><\/a><\/li>\n<\/ul>\n<\/div><\/div>","protected":false},"featured_media":33392,"template":"","meta":{"_acf_changed":true,"_seopress_robots_primary_cat":"none","_seopress_titles_title":"75x75mm Pendant LED Channel | Large Profile with Driver Space | TANGOOLED","_seopress_titles_desc":"This 75x75mm pendant led channel featuring a built-in space for LED drivers. This large square aluminum profile provides high-output, dot-free lighting for commercial offices and retail spaces.","_seopress_robots_index":""},"pcb-width":[232],"product-cat":[192,194],"class_list":{"0":"post-35074","1":"product","2":"type-product","3":"status-publish","4":"has-post-thumbnail","6":"pcb-width-35-45mm","7":"product-cat-surface-led-profile","8":"product-cat-suspended-profile"},"acf":[],"_links":{"self":[{"href":"https:\/\/tangooled.com\/pt\/wp-json\/wp\/v2\/product\/35074","targetHints":{"allow":["GET"]}}],"collection":[{"href":"https:\/\/tangooled.com\/pt\/wp-json\/wp\/v2\/product"}],"about":[{"href":"https:\/\/tangooled.com\/pt\/wp-json\/wp\/v2\/types\/product"}],"wp:featuredmedia":[{"embeddable":true,"href":"https:\/\/tangooled.com\/pt\/wp-json\/wp\/v2\/media\/33392"}],"wp:attachment":[{"href":"https:\/\/tangooled.com\/pt\/wp-json\/wp\/v2\/media?parent=35074"}],"wp:term":[{"taxonomy":"pcb-width","embeddable":true,"href":"https:\/\/tangooled.com\/pt\/wp-json\/wp\/v2\/pcb-width?post=35074"},{"taxonomy":"product-cat","embeddable":true,"href":"https:\/\/tangooled.com\/pt\/wp-json\/wp\/v2\/product-cat?post=35074"}],"curies":[{"name":"wp","href":"https:\/\/api.w.org\/{rel}","templated":true}]}}