{"id":35071,"date":"2025-07-02T01:51:20","date_gmt":"2025-07-02T09:51:20","guid":{"rendered":"https:\/\/tangooled.com\/?post_type=product&#038;p=35071"},"modified":"2026-01-26T00:43:01","modified_gmt":"2026-01-26T08:43:01","slug":"75x35mm-ceiling-hanging-light-led-channel-aluminum-extrusion","status":"publish","type":"product","link":"https:\/\/tangooled.com\/pt\/product\/75x35mm-ceiling-hanging-light-led-channel-aluminum-extrusion\/","title":{"rendered":"Extrus\u00e3o de canal de alum\u00ednio LED pendurado no teto 75x35mm"},"content":{"rendered":"<div class=\"wp-block-group is-vertical is-layout-flex wp-container-core-group-is-layout-d255d7c4 wp-block-group-is-layout-flex\" style=\"padding-top:var(--wp--preset--spacing--80);padding-bottom:var(--wp--preset--spacing--80)\">\n<p>Nossa extrus\u00e3o de canal de alum\u00ednio LED pendurado no teto 75x35mm \u00e9 perfeita para arquitetos, designers de ilumina\u00e7\u00e3o e empreiteiros que desejam uma ilumina\u00e7\u00e3o linear elegante e de alta qualidade. A liga de alum\u00ednio 6063-T5 de alta qualidade utilizada na fabrica\u00e7\u00e3o deste perfil torna-o incrivelmente forte e ajuda as suas fitas LED a durarem mais, mantendo-as frescas.<\/p>\n\n\n\n<p>Esta extrus\u00e3o de luz dur\u00e1vel \u00e9 perfeita para fitas LED largas. Possui um difusor de Policarbonato (PC) que proporciona uma sa\u00edda de luz suave e sem pontos. Isso a torna perfeita para aplica\u00e7\u00f5es de alta luminosidade em grandes \u00e1reas. Pode ser instalada de v\u00e1rias maneiras, incluindo pendura no teto (suspens\u00e3o) e montagem em superf\u00edcie.<\/p>\n\n\n\n<p>The complete 75&#215;35 mm system includes all necessary components for a seamless setup. It has rigid metal end caps for a clean finish, suspension wires for adjustable hanging, and mounting clips for solid surface attachment. This profile is great for making the lighting look better in businesses, stores, hotels, and modern houses.<\/p>\n<\/div>\n\n\n\n<div class=\"wp-block-group has-background is-vertical is-layout-flex wp-container-core-group-is-layout-d255d7c4 wp-block-group-is-layout-flex\" style=\"background-color:#f1f1f1;padding-top:var(--wp--preset--spacing--80);padding-bottom:var(--wp--preset--spacing--80)\">\n<div class=\"wp-block-group is-vertical is-layout-flex wp-container-core-group-is-layout-8cf370e7 wp-block-group-is-layout-flex\">\n<h2 class=\"wp-block-heading\" style=\"padding-top:var(--wp--preset--spacing--40);padding-bottom:var(--wp--preset--spacing--40);font-size:25px;font-style:normal;font-weight:600;text-transform:capitalize\">Why Choose Our 75x35mm Ceiling Hanging LED Channel\uff1f<\/h2>\n\n\n\n<ul class=\"wp-block-list\">\n<li>Feito de alum\u00ednio 6063-T5 de alta qualidade, que mant\u00e9m os seus LEDs frescos e os faz durar mais.<\/li>\n\n\n\n<li>Feito para pendurar no teto como um perfil pendente, para que voc\u00ea possa fazer suas pr\u00f3prias luzes lineares.<\/li>\n\n\n\n<li>Grande o suficiente para suportar drivers LED e fitas LED de at\u00e9 50mm de largura.<\/li>\n\n\n\n<li>Vem com um difusor de PC opalino que suaviza a luz, tornando-a uniforme e sem pontos.<\/li>\n\n\n\n<li>Dispon\u00edvel em acabamentos anodizados em prata, preto e branco para combinar com qualquer estilo.<\/li>\n\n\n\n<li>Funciona com acess\u00f3rios, incluindo kits de suspens\u00e3o, tampas de extremidade e conectores que s\u00e3o oferecidos separadamente.<\/li>\n<\/ul>\n<\/div>\n<\/div>\n\n\n\n<div class=\"wp-block-group\" style=\"padding-top:var(--wp--preset--spacing--60);padding-bottom:var(--wp--preset--spacing--60)\"><div class=\"wp-block-group__inner-container is-layout-constrained wp-block-group-is-layout-constrained\">\n<div class=\"wp-block-media-text has-media-on-the-right is-stacked-on-mobile\"><div class=\"wp-block-media-text__content\">\n<h2 class=\"wp-block-heading\" style=\"padding-top:var(--wp--preset--spacing--40);padding-bottom:var(--wp--preset--spacing--40);font-size:25px;font-style:normal;font-weight:600;text-transform:capitalize\">Acess\u00f3rios do canal para f\u00e1cil instala\u00e7\u00e3o<\/h2>\n\n\n\n<p>Para completar seu sistema de ilumina\u00e7\u00e3o personalizado, use acess\u00f3rios compat\u00edveis:<\/p>\n\n\n\n<ul class=\"wp-block-list\">\n<li>Kit de Suspens\u00e3o: Suspens\u00e3o ajust\u00e1vel com cabo de avi\u00e3o<\/li>\n\n\n\n<li>Tampas de Extremidade: Tampas s\u00f3lidas ou com orif\u00edcios para acabamento limpo<\/li>\n\n\n\n<li>Fivelas de Recuo: Uso na instala\u00e7\u00e3o em tetos<\/li>\n\n\n\n<li>Suporte de Montagem: Uso na instala\u00e7\u00e3o em superf\u00edcie<\/li>\n\n\n\n<li>Conectores Lineares: Para conex\u00f5es cont\u00ednuas entre v\u00e1rios perfis<\/li>\n<\/ul>\n<\/div><figure class=\"wp-block-media-text__media\"><img loading=\"lazy\" decoding=\"async\" width=\"500\" height=\"500\" src=\"https:\/\/tangooled.com\/wp-content\/uploads\/2025\/07\/s7535-ins-3.webp\" alt=\"75x35mm ceiling hanging light led channel aluminum extrusion\" class=\"wp-image-41117 size-full\" srcset=\"https:\/\/tangooled.com\/wp-content\/uploads\/2025\/07\/s7535-ins-3.webp 500w, https:\/\/tangooled.com\/wp-content\/uploads\/2025\/07\/s7535-ins-3-300x300.webp 300w, https:\/\/tangooled.com\/wp-content\/uploads\/2025\/07\/s7535-ins-3-150x150.webp 150w\" sizes=\"auto, (max-width: 500px) 100vw, 500px\" \/><\/figure><\/div>\n<\/div><\/div>\n\n\n\n<div class=\"wp-block-group has-background\" style=\"background-color:#f1f1f1;padding-top:var(--wp--preset--spacing--80);padding-bottom:var(--wp--preset--spacing--80)\"><div class=\"wp-block-group__inner-container is-layout-constrained wp-block-group-is-layout-constrained\">\n<h2 class=\"wp-block-heading\" style=\"padding-top:var(--wp--preset--spacing--40);padding-bottom:var(--wp--preset--spacing--40);font-size:25px;font-style:normal;font-weight:600;text-transform:capitalize\">what\u2018s in a kit?<\/h2>\n\n\n\n<ul class=\"wp-block-list\">\n<li>Canal de alum\u00ednio anodizado com flange<\/li>\n\n\n\n<li>Difusor LED PC opalino<\/li>\n\n\n\n<li>Duas tampas de metal<\/li>\n\n\n\n<li>Clipes de montagem ocultos, kit de cabo de suspens\u00e3o, fivelas de recuo (dependendo da instala\u00e7\u00e3o)<\/li>\n<\/ul>\n<\/div><\/div>\n\n\n\n<div class=\"wp-block-group\" style=\"padding-top:var(--wp--preset--spacing--80);padding-bottom:var(--wp--preset--spacing--80)\"><div class=\"wp-block-group__inner-container is-layout-constrained wp-block-group-is-layout-constrained\">\n<h2 class=\"wp-block-heading\" style=\"padding-top:var(--wp--preset--spacing--40);padding-bottom:var(--wp--preset--spacing--40);font-size:25px;font-style:normal;font-weight:600;text-transform:capitalize\">75x35mm ceiling hanging led channel &#8211; applications<\/h2>\n\n\n\n<ul class=\"wp-block-list\">\n<li>Ilumina\u00e7\u00e3o de exibi\u00e7\u00e3o em lojas: Cria exibi\u00e7\u00f5es atraentes que chamam a aten\u00e7\u00e3o do consumidor.<\/li>\n\n\n\n<li>Ilumina\u00e7\u00e3o sob o arm\u00e1rio na cozinha: Ilumina suas bancadas para facilitar o cozimento e a prepara\u00e7\u00e3o.<\/li>\n\n\n\n<li>Ilumina\u00e7\u00e3o de guarda-roupa e closet: Ilumina o espa\u00e7o para melhor visibilidade e organiza\u00e7\u00e3o.<\/li>\n\n\n\n<li>Ilumina\u00e7\u00e3o residencial: Cria linhas limpas de luz de destaque em salas de estar e quartos.<\/li>\n\n\n\n<li>Integra\u00e7\u00e3o em espa\u00e7o comercial: Uma op\u00e7\u00e3o de ilumina\u00e7\u00e3o vers\u00e1til para escrit\u00f3rios, sagu\u00f5es e showrooms.<\/li>\n\n\n\n<li>Architectural feature enhancement: Highlights a building&#8217;s unique and interesting design features.<\/li>\n<\/ul>\n<\/div><\/div>\n\n\n\n<div class=\"wp-block-group has-background\" style=\"background-color:#f1f1f1;padding-top:var(--wp--preset--spacing--80);padding-bottom:var(--wp--preset--spacing--80)\"><div class=\"wp-block-group__inner-container is-layout-constrained wp-block-group-is-layout-constrained\">\n<h2 class=\"wp-block-heading\" style=\"padding-top:var(--wp--preset--spacing--40);padding-bottom:var(--wp--preset--spacing--40);font-size:25px;font-style:normal;font-weight:600;text-transform:capitalize\">Mantenha sua ilumina\u00e7\u00e3o atualizada com o canal LED pendurado no teto 75x35mm<\/h2>\n\n\n\n<p>O canal LED pendurado no teto 75x35mm ajuda voc\u00ea a manter o design da sua ilumina\u00e7\u00e3o limpo e moderno.<br>Get your professional 75x35mm LED channel for ceiling hanging lights&nbsp;today. It&#8217;s the best choice for your next lighting project, whether it&#8217;s for a building, an office, or a store.<br>Este produto cumpre os mais recentes padr\u00f5es da ind\u00fastria. \u00c9 feito de alum\u00ednio de grau arquitet\u00f4nico 6063-T5 e possui acabamentos profissionais, portanto funcionar\u00e1 com qualquer tipo de fita LED.<br>Please don&#8217;t hesitate to get in touch with our sales staff if you have any special needs or inquiries.<\/p>\n\n\n\n<p>Confira a linha completa de <a href=\"https:\/\/tangooled.com\/pt\/led-profiles\/\"><mark style=\"background-color:rgba(0, 0, 0, 0)\" class=\"has-inline-color has-vivid-red-color\">Canais de alum\u00ednio LED<\/mark><\/a> para encontrar mais op\u00e7\u00f5es, componentes e acess\u00f3rios.<\/p>\n<\/div><\/div>\n\n\n\n<p><\/p>","protected":false},"featured_media":33390,"template":"","meta":{"_acf_changed":true,"_seopress_robots_primary_cat":"none","_seopress_titles_title":"75x35mm Ceiling Hanging LED Channel | Wide Aluminum Linear Profile | TANGOOLED","_seopress_titles_desc":"This 75x35mm ceiling hanging led channel is wide-span aluminum extrusion that supports multiple LED strips for high-output lighting. It's ideal for large offices and retail showrooms.","_seopress_robots_index":""},"pcb-width":[233],"product-cat":[192,194],"class_list":{"0":"post-35071","1":"product","2":"type-product","3":"status-publish","4":"has-post-thumbnail","6":"pcb-width-50-90mm","7":"product-cat-surface-led-profile","8":"product-cat-suspended-profile"},"acf":[],"_links":{"self":[{"href":"https:\/\/tangooled.com\/pt\/wp-json\/wp\/v2\/product\/35071","targetHints":{"allow":["GET"]}}],"collection":[{"href":"https:\/\/tangooled.com\/pt\/wp-json\/wp\/v2\/product"}],"about":[{"href":"https:\/\/tangooled.com\/pt\/wp-json\/wp\/v2\/types\/product"}],"wp:featuredmedia":[{"embeddable":true,"href":"https:\/\/tangooled.com\/pt\/wp-json\/wp\/v2\/media\/33390"}],"wp:attachment":[{"href":"https:\/\/tangooled.com\/pt\/wp-json\/wp\/v2\/media?parent=35071"}],"wp:term":[{"taxonomy":"pcb-width","embeddable":true,"href":"https:\/\/tangooled.com\/pt\/wp-json\/wp\/v2\/pcb-width?post=35071"},{"taxonomy":"product-cat","embeddable":true,"href":"https:\/\/tangooled.com\/pt\/wp-json\/wp\/v2\/product-cat?post=35071"}],"curies":[{"name":"wp","href":"https:\/\/api.w.org\/{rel}","templated":true}]}}