{"id":34993,"date":"2025-07-01T05:58:32","date_gmt":"2025-07-01T13:58:32","guid":{"rendered":"https:\/\/tangooled.com\/?post_type=product&#038;p=34993"},"modified":"2026-01-31T01:44:54","modified_gmt":"2026-01-31T09:44:54","slug":"4-inch-wide-led-profile-recessed-100mm-aluminum-channel-white","status":"publish","type":"product","link":"https:\/\/tangooled.com\/pt\/product\/4-inch-wide-led-profile-recessed-100mm-aluminum-channel-white\/","title":{"rendered":"Perfil de LED Recessado de 4 Polegadas (100mm) \u2013 Alum\u00ednio Branco"},"content":{"rendered":"<div class=\"wp-block-group\" style=\"padding-top:var(--wp--preset--spacing--80);padding-bottom:var(--wp--preset--spacing--80)\"><div class=\"wp-block-group__inner-container is-layout-constrained wp-block-group-is-layout-constrained\">\n<p>Este perfil de LED recessado de 4 polegadas foi projetado para integrar a ilumina\u00e7\u00e3o linear em qualquer espa\u00e7o de forma harmoniosa. Possui uma largura interna de 90mm, uma altura de 35mm e flanges de 7.5mm em ambos os lados. As flanges do perfil s\u00e3o feitas para se encaixar em uma parede ou teto. Elas ocultam efetivamente as lacunas entre o dispositivo e a estrutura da parede ou do teto, tornando a transi\u00e7\u00e3o suave e profissional.<\/p>\n\n\n\n<p>A largura interna de 90mm \u00e9 excelente para fontes de luz potentes, como fitas de LED de quatro filas. Essa quantidade de pot\u00eancia garante uma alta sa\u00edda de l\u00famens e uma experi\u00eancia de ilumina\u00e7\u00e3o agrad\u00e1vel e brilhante.<\/p>\n\n\n\n<p>O difusor para este perfil de 4 polegadas possui um mecanismo de travamento potente que evita que fique solto ou caia ap\u00f3s a instala\u00e7\u00e3o. Isso resolve problemas frequentes de estabilidade e seguran\u00e7a que surgem com perfis grandes. Este design \u00e9 seguro e bem pensado, e emite luz sem ofuscamento.<\/p>\n\n\n\n<p>Este perfil de alum\u00ednio de 100mm de largura \u00e9 \u00f3timo para ilumina\u00e7\u00e3o geral em grandes espa\u00e7os onde as pessoas precisam de muita luz brilhante e uniforme, sem \u00e1reas desagrad\u00e1veis. Ele \u00e9 eficaz para definir o tom principal e a luminosidade em locais como escrit\u00f3rios em plano aberto, grandes salas de confer\u00eancia e espa\u00e7os compartilhados em resid\u00eancias modernas.<\/p>\n<\/div><\/div>\n\n\n\n<div class=\"wp-block-group has-background\" style=\"background-color:#f1f1f1;padding-top:var(--wp--preset--spacing--80);padding-bottom:var(--wp--preset--spacing--80)\"><div class=\"wp-block-group__inner-container is-layout-constrained wp-block-group-is-layout-constrained\">\n<div class=\"wp-block-group is-vertical is-layout-flex wp-container-core-group-is-layout-8cf370e7 wp-block-group-is-layout-flex\">\n<h2 class=\"wp-block-heading\" style=\"padding-top:var(--wp--preset--spacing--40);padding-bottom:var(--wp--preset--spacing--40);font-size:25px;font-style:normal;font-weight:600;text-transform:capitalize\">Principais Caracter\u00edsticas<\/h2>\n\n\n\n<ul class=\"wp-block-list\">\n<li>A largura interna de 90mm permite que voc\u00ea coloque v\u00e1rias fitas de LED lado a lado.<\/li>\n\n\n\n<li>O alum\u00ednio 6063-T5 \u00e9 excelente para dissipar calor.<\/li>\n\n\n\n<li>O acabamento branco em p\u00f3 combina amplamente com muitos espa\u00e7os.&nbsp;<\/li>\n\n\n\n<li>O difusor de policarbonato opalino espalha a luz uniformemente sem pontos.<\/li>\n\n\n\n<li>Possui fivelas de recesso para instala\u00e7\u00e3o limpa e f\u00e1cil em drywall.<\/li>\n\n\n\n<li>Funciona com v\u00e1rias fitas de LED diferentes, como RGB, COB e SMD de alta densidade.<\/li>\n<\/ul>\n<\/div>\n<\/div><\/div>\n\n\n\n<div class=\"wp-block-group\" style=\"padding-top:var(--wp--preset--spacing--60);padding-bottom:var(--wp--preset--spacing--60)\"><div class=\"wp-block-group__inner-container is-layout-constrained wp-block-group-is-layout-constrained\">\n<div class=\"wp-block-media-text has-media-on-the-right is-stacked-on-mobile\" style=\"grid-template-columns:auto 40%\"><div class=\"wp-block-media-text__content\">\n<h2 class=\"wp-block-heading\" style=\"padding-top:var(--wp--preset--spacing--40);padding-bottom:var(--wp--preset--spacing--40);font-size:25px;font-style:normal;font-weight:600;text-transform:capitalize\">instala\u00e7\u00e3o f\u00e1cil do perfil de LED recessado de 4 polegadas<\/h2>\n\n\n\n<ul class=\"wp-block-list\">\n<li>Corte o drywall ou a marcenaria para o tamanho certo para o canal de alum\u00ednio (cerca de 100mm de largura).<\/li>\n\n\n\n<li>Instale as fivelas de recesso na parte de tr\u00e1s do canal e fixe o canal de alum\u00ednio no drywall, certificando-se de que as flanges fiquem nas bordas do drywall.<\/li>\n\n\n\n<li>Coloque gesso ou massa sobre as flanges para fazer um acabamento sem acabamento.<\/li>\n\n\n\n<li>Coloque fitas de LED que tenham at\u00e9 100mm de largura dentro do canal.<\/li>\n\n\n\n<li>Coloque a capa difusora fosca em cima.<\/li>\n<\/ul>\n<\/div><figure class=\"wp-block-media-text__media\"><img loading=\"lazy\" decoding=\"async\" width=\"500\" height=\"500\" src=\"https:\/\/tangooled.com\/wp-content\/uploads\/2025\/07\/rg10035-ins.webp\" alt=\"wide led profile recessed 100mm aluminum channel white\" class=\"wp-image-36688 size-full\" srcset=\"https:\/\/tangooled.com\/wp-content\/uploads\/2025\/07\/rg10035-ins.webp 500w, https:\/\/tangooled.com\/wp-content\/uploads\/2025\/07\/rg10035-ins-300x300.webp 300w, https:\/\/tangooled.com\/wp-content\/uploads\/2025\/07\/rg10035-ins-150x150.webp 150w\" sizes=\"auto, (max-width: 500px) 100vw, 500px\" \/><\/figure><\/div>\n<\/div><\/div>\n\n\n\n<div class=\"wp-block-group has-background\" style=\"background-color:#f2f2f2;padding-top:var(--wp--preset--spacing--80);padding-bottom:var(--wp--preset--spacing--80)\"><div class=\"wp-block-group__inner-container is-layout-constrained wp-block-group-is-layout-constrained\">\n<h2 class=\"wp-block-heading\" style=\"border-style:none;border-width:0px;padding-top:var(--wp--preset--spacing--40);padding-bottom:var(--wp--preset--spacing--40);font-size:25px;font-style:normal;font-weight:600;text-transform:capitalize\">What&#8217;s in the kit?<\/h2>\n\n\n\n<ul class=\"wp-block-list\">\n<li>Canal de alum\u00ednio recessado de 100mm de largura<\/li>\n\n\n\n<li>Difusor de luz LED opalino<\/li>\n\n\n\n<li>Duas tampas de metal<\/li>\n\n\n\n<li>Fivelas de recesso<\/li>\n<\/ul>\n<\/div><\/div>\n\n\n\n<div class=\"wp-block-group\" style=\"padding-top:var(--wp--preset--spacing--80);padding-bottom:var(--wp--preset--spacing--80)\"><div class=\"wp-block-group__inner-container is-layout-constrained wp-block-group-is-layout-constrained\">\n<h2 class=\"wp-block-heading\" style=\"border-style:none;border-width:0px;padding-top:var(--wp--preset--spacing--40);padding-bottom:var(--wp--preset--spacing--40);font-size:25px;font-style:normal;font-weight:600;text-transform:capitalize\">Aplica\u00e7\u00f5es<\/h2>\n\n\n\n<ul class=\"wp-block-list\">\n<li>Ilumina\u00e7\u00e3o de escrit\u00f3rio: luzes brilhantes e uniformes para mesas de trabalho e salas de confer\u00eancia<\/li>\n\n\n\n<li>Lojas de varejo: exibi\u00e7\u00f5es com linhas limpas de luz brilhante&nbsp;<\/li>\n\n\n\n<li>Cozinhas e por\u00f5es: ilumina\u00e7\u00e3o geral ampla com cobertura de luz suave<\/li>\n\n\n\n<li>Gaming rooms and home theaters: cool, wide light that won&#8217;t detract<\/li>\n<\/ul>\n<\/div><\/div>\n\n\n\n<div class=\"wp-block-group has-background\" style=\"background-color:#f1f1f1;padding-top:var(--wp--preset--spacing--80);padding-bottom:var(--wp--preset--spacing--80)\"><div class=\"wp-block-group__inner-container is-layout-constrained wp-block-group-is-layout-constrained\">\n<h2 class=\"wp-block-heading\" style=\"padding-top:var(--wp--preset--spacing--40);padding-bottom:var(--wp--preset--spacing--40);font-size:25px;font-style:normal;font-weight:600;text-transform:capitalize\">Tiras LED Compat\u00edveis<\/h2>\n\n\n\n<p>Este perfil de LED de 4 polegadas permite:<\/p>\n\n\n\n<ul class=\"wp-block-list\">\n<li>Este perfil de LED de 4 polegadas permite que voc\u00ea coloque muitas linhas de fitas de LED lado a lado (at\u00e9 8 linhas).<\/li>\n\n\n\n<li>Fitas SMD de alta densidade (2835\/5050).<\/li>\n\n\n\n<li>M\u00f3dulos LED COB para luz sem pontos.<\/li>\n\n\n\n<li>Fitas RGBW e de mudan\u00e7a de cor para ilumina\u00e7\u00e3o ambiental.<\/li>\n<\/ul>\n<\/div><\/div>\n\n\n\n<div class=\"wp-block-group\" style=\"padding-top:var(--wp--preset--spacing--80);padding-bottom:var(--wp--preset--spacing--80)\"><div class=\"wp-block-group__inner-container is-layout-constrained wp-block-group-is-layout-constrained\">\n<h2 class=\"wp-block-heading\" style=\"padding-top:var(--wp--preset--spacing--40);padding-bottom:var(--wp--preset--spacing--40);font-size:25px;font-style:normal;font-weight:600;text-transform:capitalize\">produtos relacionados<\/h2>\n\n\n\n<ul class=\"wp-block-list\">\n<li>Verifique o <mark style=\"background-color:rgba(0, 0, 0, 0)\" class=\"has-inline-color has-vivid-red-color\"><a href=\"https:\/\/tangooled.com\/pt\/product\/black-led-profile-with-black-diffuser-for-10mm-led-strip-light\/\">perfil LED preto com difusor preto para fita de LED de 10mm<\/a><\/mark><a href=\"http:\/\/black led profile with black diffuser for 10mm led strip light\"><mark style=\"background-color:rgba(0, 0, 0, 0)\" class=\"has-inline-color has-vivid-red-color\"> <\/mark><\/a>para perfis compactos e estreitos.<\/li>\n\n\n\n<li>Explore nosso <a href=\"https:\/\/tangooled.com\/pt\/product\/led-strip-light-channel-aluminum-profile-with-diffused-cover-6mm-height\/\"><mark style=\"background-color:rgba(0, 0, 0, 0)\" class=\"has-inline-color has-vivid-red-color\">Canal de luz LED de alum\u00ednio com cobertura difusa, altura de 6 mm<\/mark><\/a> para op\u00e7\u00f5es de montagem de superf\u00edcie de baixo perfil.<\/li>\n\n\n\n<li>Para necessidades de LED de montagem de superf\u00edcie, veja <a href=\"https:\/\/tangooled.com\/pt\/product\/surface-mount-led-profile-with-frosted-diffuser-for-10mm-rope-lights\/\"><mark style=\"background-color:rgba(0, 0, 0, 0)\" class=\"has-inline-color has-vivid-red-color\">perfil de LED de montagem em superf\u00edcie com difusor fosco para luzes de corda de 10mm<\/mark><\/a>.<\/li>\n<\/ul>\n<\/div><\/div>\n\n\n\n<div class=\"wp-block-group\" style=\"padding-top:var(--wp--preset--spacing--80);padding-bottom:var(--wp--preset--spacing--80)\"><div class=\"wp-block-group__inner-container is-layout-constrained wp-block-group-is-layout-constrained\">\n<h2 class=\"wp-block-heading\" style=\"padding-top:var(--wp--preset--spacing--40);padding-bottom:var(--wp--preset--spacing--40);font-size:25px;font-style:normal;font-weight:600;text-transform:capitalize\">Por que escolher este perfil de LED de 4 polegadas?<\/h2>\n\n\n\n<p>Voc\u00ea pode criar linhas de luz brilhantes e cont\u00ednuas com o perfil de LED de 4 polegadas. Ele possui um corpo extra largo, o que permite acomodar muitas fitas de LED ou fitas COB LED largas. Isso proporciona luz brilhante e uniforme, sem \u00e1reas escuras.<\/p>\n\n\n\n<p>O canal de alum\u00ednio 6063-T5 atua como um absorvedor de calor para evitar que suas fitas de LED fiquem muito quentes. Isso significa que as luzes durar\u00e3o mais e funcionar\u00e3o melhor. O acabamento em p\u00f3 branco combina com a maioria dos interiores, mas voc\u00ea pode facilmente pint\u00e1-lo para combinar com seu estilo.<\/p>\n\n\n\n<p>Este perfil \u00e9 perfeito para ilumina\u00e7\u00e3o em casas, neg\u00f3cios, lojas, cozinhas e mais. Sua forma ampla e o difusor suave o tornam bom tanto para ilumina\u00e7\u00e3o geral quanto para ilumina\u00e7\u00e3o de destaque.<\/p>\n<\/div><\/div>\n\n\n\n<p><\/p>","protected":false},"featured_media":14734,"template":"","meta":{"_acf_changed":true,"_seopress_robots_primary_cat":"none","_seopress_titles_title":"4 Inch Wide Recessed LED Profile | 100mm Large Aluminum Channel | TANGOOLED","_seopress_titles_desc":"The R10035 is a professional 4 inch wide recessed LED profile (100mm). Designed for high-output commercial lighting, this large white aluminum channel supports multi-row strips for a powerful, seamless linear glow.","_seopress_robots_index":""},"pcb-width":[233],"product-cat":[193],"class_list":{"0":"post-34993","1":"product","2":"type-product","3":"status-publish","4":"has-post-thumbnail","6":"pcb-width-50-90mm","7":"product-cat-recessed-profile"},"acf":[],"_links":{"self":[{"href":"https:\/\/tangooled.com\/pt\/wp-json\/wp\/v2\/product\/34993","targetHints":{"allow":["GET"]}}],"collection":[{"href":"https:\/\/tangooled.com\/pt\/wp-json\/wp\/v2\/product"}],"about":[{"href":"https:\/\/tangooled.com\/pt\/wp-json\/wp\/v2\/types\/product"}],"wp:featuredmedia":[{"embeddable":true,"href":"https:\/\/tangooled.com\/pt\/wp-json\/wp\/v2\/media\/14734"}],"wp:attachment":[{"href":"https:\/\/tangooled.com\/pt\/wp-json\/wp\/v2\/media?parent=34993"}],"wp:term":[{"taxonomy":"pcb-width","embeddable":true,"href":"https:\/\/tangooled.com\/pt\/wp-json\/wp\/v2\/pcb-width?post=34993"},{"taxonomy":"product-cat","embeddable":true,"href":"https:\/\/tangooled.com\/pt\/wp-json\/wp\/v2\/product-cat?post=34993"}],"curies":[{"name":"wp","href":"https:\/\/api.w.org\/{rel}","templated":true}]}}