{"id":34992,"date":"2025-07-01T05:57:33","date_gmt":"2025-07-01T13:57:33","guid":{"rendered":"https:\/\/tangooled.com\/?post_type=product&#038;p=34992"},"modified":"2026-01-25T22:40:30","modified_gmt":"2026-01-26T06:40:30","slug":"75x75mm-ceiling-recessed-led-profile-driver-space","status":"publish","type":"product","link":"https:\/\/tangooled.com\/pt\/product\/75x75mm-ceiling-recessed-led-profile-driver-space\/","title":{"rendered":"Perfil LED Recessado de 75x75mm com Espa\u00e7o para Driver Integrado"},"content":{"rendered":"<div class=\"wp-block-group\" style=\"padding-top:var(--wp--preset--spacing--80);padding-bottom:var(--wp--preset--spacing--80)\"><div class=\"wp-block-group__inner-container is-layout-constrained wp-block-group-is-layout-constrained\">\n<p>Este canal LED embutido de 75x75mm \u00e9 feito de um alum\u00ednio de alta qualidade 6063-T5 e possui um espa\u00e7o interno para o driver. \u00c9 feito para ser instalado em um espa\u00e7o embutido. Funciona com fitas LED de quatro filas ou fitas r\u00edgidas que t\u00eam at\u00e9 50mm de largura.<\/p>\n\n\n\n<p>What&#8217;s great about this LED channel is that it has a built-in place for an LED driver and a removable middle layer for LED strip lights. The space for the driver inside the channel makes the outside look clean. The movable layer allows for easier maintenance.<\/p>\n\n\n\n<p>Este canal LED embutido de 75mm \u00e9 entregue com tampas de metal, fivelas em U e v\u00e1rios conectores que tornam a instala\u00e7\u00e3o extremamente flex\u00edvel. Voc\u00ea pode usar esses acess\u00f3rios para conectar v\u00e1rios canais de maneira cont\u00ednua, criando corridas lineares ilimitadas e montando formas geom\u00e9tricas complexas e personalizadas para atender a qualquer requisito de design.<\/p>\n\n\n\n<p>Este canal de alum\u00ednio embutido de 75x75mm \u00e9 amplamente utilizado em projetos de ilumina\u00e7\u00e3o residencial e comercial, como tetos, cozinhas, salas de jantar, escrit\u00f3rios, etc.<\/p>\n<\/div><\/div>\n\n\n\n<div class=\"wp-block-group has-background is-vertical is-layout-flex wp-container-core-group-is-layout-d255d7c4 wp-block-group-is-layout-flex\" style=\"background-color:#f1f1f1;padding-top:var(--wp--preset--spacing--80);padding-bottom:var(--wp--preset--spacing--80)\">\n<div class=\"wp-block-group is-vertical is-layout-flex wp-container-core-group-is-layout-8cf370e7 wp-block-group-is-layout-flex\">\n<h2 class=\"wp-block-heading\" style=\"padding-top:var(--wp--preset--spacing--40);padding-bottom:var(--wp--preset--spacing--40);font-size:25px;font-style:normal;font-weight:600;text-transform:capitalize\">O que torna este perfil LED embutido de 75x75mm especial?<\/h2>\n\n\n\n<ul class=\"wp-block-list\">\n<li>Integrated Driver Space: The power supply fits inside the channel since there is a built-in driver space. You don&#8217;t need to hide drivers in other boxes or places.<\/li>\n\n\n\n<li>Trimless, recessed installation: The channel&#8217;s flange fits beneath drywall or plaster for a smooth, mud-in finish that lets in light without showing any boundaries.<\/li>\n\n\n\n<li>Dissipador de calor de alum\u00ednio dur\u00e1vel: Este dissipador de calor \u00e9 feito de alum\u00ednio extrudado de alta qualidade, o que ajuda as fitas LED a durar mais mantendo-as frescas.<\/li>\n\n\n\n<li>Difusores sem ofuscamento: Os tr\u00eas difusores diferentes para este canal oferecem ilumina\u00e7\u00e3o sem pontos e sem ofuscamento.<\/li>\n\n\n\n<li>Funciona com v\u00e1rias fitas LED: Aceita fitas LED grandes, incluindo sistemas duais e Philips Hue.<\/li>\n<\/ul>\n<\/div>\n<\/div>\n\n\n\n<div class=\"wp-block-group\" style=\"padding-top:var(--wp--preset--spacing--60);padding-bottom:var(--wp--preset--spacing--60)\"><div class=\"wp-block-group__inner-container is-layout-constrained wp-block-group-is-layout-constrained\">\n<div class=\"wp-block-media-text has-media-on-the-right is-stacked-on-mobile\"><div class=\"wp-block-media-text__content\">\n<h2 class=\"wp-block-heading\" style=\"font-size:25px;font-style:normal;font-weight:600;text-transform:capitalize\">Como instalar<\/h2>\n\n\n\n<ul class=\"wp-block-list\">\n<li>Corte o canal de alum\u00ednio e a bandeja do meio no comprimento correto.<\/li>\n\n\n\n<li>Cole as fitas LED na bandeja remov\u00edvel e fixe a bandeja no canal com parafusos.<\/li>\n\n\n\n<li>Coloque o driver LED na parte inferior da c\u00e2mara que j\u00e1 est\u00e1 pronta para ele.<\/li>\n\n\n\n<li>Conecte e teste o driver LED e as fitas.<\/li>\n\n\n\n<li>Cubra o difusor e fixe as tampas nas extremidades.<\/li>\n\n\n\n<li>Use fivelas em U para embutir a luz do canal no teto ou drywall.<\/li>\n<\/ul>\n<\/div><figure class=\"wp-block-media-text__media\"><img loading=\"lazy\" decoding=\"async\" width=\"500\" height=\"500\" src=\"https:\/\/tangooled.com\/wp-content\/uploads\/2025\/07\/r7572-ins.webp\" alt=\"75mm recessed aluminum led channel with built in driver space\" class=\"wp-image-41240 size-full\" srcset=\"https:\/\/tangooled.com\/wp-content\/uploads\/2025\/07\/r7572-ins.webp 500w, https:\/\/tangooled.com\/wp-content\/uploads\/2025\/07\/r7572-ins-300x300.webp 300w, https:\/\/tangooled.com\/wp-content\/uploads\/2025\/07\/r7572-ins-150x150.webp 150w\" sizes=\"auto, (max-width: 500px) 100vw, 500px\" \/><\/figure><\/div>\n<\/div><\/div>\n\n\n\n<div class=\"wp-block-group has-background\" style=\"background-color:#f1f1f1f2;padding-top:var(--wp--preset--spacing--80);padding-bottom:var(--wp--preset--spacing--80)\"><div class=\"wp-block-group__inner-container is-layout-constrained wp-block-group-is-layout-constrained\">\n<h2 class=\"wp-block-heading\" style=\"padding-top:var(--wp--preset--spacing--40);padding-bottom:var(--wp--preset--spacing--40);font-size:25px;font-style:normal;font-weight:600;text-transform:capitalize\">O que voc\u00ea recebe no kit?<\/h2>\n\n\n\n<ul class=\"wp-block-list\">\n<li>Canal de alum\u00ednio anodizado e bandeja do meio (cortada no tamanho)<\/li>\n\n\n\n<li>Difusor LED opal, fosco ou microprism\u00e1tico<\/li>\n\n\n\n<li>Duas tampas de metal<\/li>\n\n\n\n<li>Fivelas de recesso<\/li>\n\n\n\n<li>Conectores<\/li>\n<\/ul>\n<\/div><\/div>\n\n\n\n<div class=\"wp-block-group\" style=\"padding-top:var(--wp--preset--spacing--80);padding-bottom:var(--wp--preset--spacing--80)\"><div class=\"wp-block-group__inner-container is-layout-constrained wp-block-group-is-layout-constrained\">\n<h2 class=\"wp-block-heading\" style=\"padding-top:var(--wp--preset--spacing--40);padding-bottom:var(--wp--preset--spacing--40);font-size:25px;font-style:normal;font-weight:600;text-transform:capitalize\">Onde usar este canal LED embutido de 75x75mm<\/h2>\n\n\n\n<ul class=\"wp-block-list\">\n<li>Casas: salas de estar e home theaters, onde voc\u00ea deseja linhas de luz limpas e modernas.<\/li>\n\n\n\n<li>Escrit\u00f3rios: corredores e salas de confer\u00eancias com ilumina\u00e7\u00e3o ambiental elegante.<\/li>\n\n\n\n<li>Varejo e Hospitalidade: Use ilumina\u00e7\u00e3o de destaque ou de nicho para chamar a aten\u00e7\u00e3o para detalhes arquitet\u00f4nicos em lojas, lobbies de hot\u00e9is e restaurantes.<\/li>\n\n\n\n<li>Ilumina\u00e7\u00e3o Arquitet\u00f4nica: Use uma linha de luz forte e brilhante para contornar paredes, tetos e mudan\u00e7as de espa\u00e7o.<\/li>\n<\/ul>\n<\/div><\/div>\n\n\n\n<div class=\"wp-block-group has-background\" style=\"background-color:#f1f1f1;padding-top:var(--wp--preset--spacing--80);padding-bottom:var(--wp--preset--spacing--80)\"><div class=\"wp-block-group__inner-container is-layout-constrained wp-block-group-is-layout-constrained\">\n<h2 class=\"wp-block-heading\" style=\"padding-top:var(--wp--preset--spacing--40);padding-bottom:var(--wp--preset--spacing--40);font-size:25px;font-style:normal;font-weight:600;text-transform:capitalize\">Resumo<\/h2>\n\n\n\n<p style=\"padding-right:var(--wp--preset--spacing--50);padding-left:var(--wp--preset--spacing--50)\">Este perfil LED embutido de 75x75mm com espa\u00e7o para driver embutido \u00e9 a melhor extrus\u00e3o LED para quem deseja uma ilumina\u00e7\u00e3o arquitet\u00f4nica sem molduras que seja f\u00e1cil de instalar. Ele cria uma luz linear forte que se encaixa em drywall ou teto plano e tem um acabamento nivelado.<\/p>\n\n\n\n<p style=\"padding-right:var(--wp--preset--spacing--50);padding-left:var(--wp--preset--spacing--50)\">Pode ser usado em v\u00e1rios locais, desde cozinhas residenciais a corredores de escrit\u00f3rios e exibi\u00e7\u00f5es em lojas. Possui difusores que se encaixam que tornam a luz suave e sem pontos, e tem um espa\u00e7o para fitas LED grandes.<\/p>\n<\/div><\/div>\n\n\n\n<p style=\"padding-top:var(--wp--preset--spacing--60);padding-bottom:var(--wp--preset--spacing--60)\">Explore todas as op\u00e7\u00f5es, desde perfis slim at\u00e9 canais largos, al\u00e9m de acess\u00f3rios como tampas de extremidade e kits de montagem na Tangooled:<\/p>\n\n\n\n<ul class=\"wp-block-list\">\n<li><mark style=\"background-color:rgba(0, 0, 0, 0)\" class=\"has-inline-color has-vivid-red-color\"><a href=\"https:\/\/tangooled.com\/pt\/product\/black-led-profile-with-black-diffuser-for-10mm-led-strip-light\/\">Perfil LED preto com difusor preto<\/a><\/mark><\/li>\n\n\n\n<li><a href=\"https:\/\/tangooled.com\/pt\/product\/25x6mm-low-profile-led-strip-channel-for-10mm-led-strip-light\/\"><mark style=\"background-color:rgba(0, 0, 0, 0)\" class=\"has-inline-color has-vivid-red-color\">Canal LED baixo perfil 25x6mm<\/mark><\/a><\/li>\n\n\n\n<li><a href=\"https:\/\/tangooled.com\/pt\/product\/surface-mount-led-profile-with-frosted-diffuser-for-10mm-rope-lights\/\"><mark style=\"background-color:rgba(0, 0, 0, 0)\" class=\"has-inline-color has-vivid-red-color\">Perfil LED de Montagem Superficial com Difusor Fosco<\/mark><\/a><\/li>\n<\/ul>\n\n\n\n<p><\/p>","protected":false},"featured_media":14737,"template":"","meta":{"_acf_changed":true,"_seopress_robots_primary_cat":"none","_seopress_titles_title":"75x75mm Ceiling Recessed LED Profile | Integrated Driver Space","_seopress_titles_desc":"Streamline your installation with our 75x75mm ceiling recessed LED profile. Featuring a large built-in driver space, this deep aluminum channel ensures a flawless, dot-free glow for commercial main lighting.","_seopress_robots_index":""},"pcb-width":[232],"product-cat":[193],"class_list":{"0":"post-34992","1":"product","2":"type-product","3":"status-publish","4":"has-post-thumbnail","6":"pcb-width-35-45mm","7":"product-cat-recessed-profile"},"acf":[],"_links":{"self":[{"href":"https:\/\/tangooled.com\/pt\/wp-json\/wp\/v2\/product\/34992","targetHints":{"allow":["GET"]}}],"collection":[{"href":"https:\/\/tangooled.com\/pt\/wp-json\/wp\/v2\/product"}],"about":[{"href":"https:\/\/tangooled.com\/pt\/wp-json\/wp\/v2\/types\/product"}],"wp:featuredmedia":[{"embeddable":true,"href":"https:\/\/tangooled.com\/pt\/wp-json\/wp\/v2\/media\/14737"}],"wp:attachment":[{"href":"https:\/\/tangooled.com\/pt\/wp-json\/wp\/v2\/media?parent=34992"}],"wp:term":[{"taxonomy":"pcb-width","embeddable":true,"href":"https:\/\/tangooled.com\/pt\/wp-json\/wp\/v2\/pcb-width?post=34992"},{"taxonomy":"product-cat","embeddable":true,"href":"https:\/\/tangooled.com\/pt\/wp-json\/wp\/v2\/product-cat?post=34992"}],"curies":[{"name":"wp","href":"https:\/\/api.w.org\/{rel}","templated":true}]}}