{"id":34991,"date":"2025-07-01T05:50:39","date_gmt":"2025-07-01T13:50:39","guid":{"rendered":"https:\/\/tangooled.com\/?post_type=product&#038;p=34991"},"modified":"2026-01-25T22:19:17","modified_gmt":"2026-01-26T06:19:17","slug":"75mm-recessed-black-led-aluminum-channel-for-multi-led-strips","status":"publish","type":"product","link":"https:\/\/tangooled.com\/pt\/product\/75mm-recessed-black-led-aluminum-channel-for-multi-led-strips\/","title":{"rendered":"Canal de alum\u00ednio LED embutido de 75mm para m\u00faltiplas fitas LED"},"content":{"rendered":"<div class=\"wp-block-group is-vertical is-layout-flex wp-container-core-group-is-layout-d255d7c4 wp-block-group-is-layout-flex\" style=\"padding-top:var(--wp--preset--spacing--80);padding-bottom:var(--wp--preset--spacing--80)\">\n<p>O nosso canal LED de alum\u00ednio preto embutido de 75 mm foi projetado para integra\u00e7\u00e3o perfeita. Possui uma largura interna de 65 mm, uma altura de 32 mm e flanges de 7 mm em cada lado. Este design foi desenvolvido para instala\u00e7\u00e3o embutida, que oculta os espa\u00e7os entre a lumin\u00e1ria e a estrutura da parede ou do teto, tornando a transi\u00e7\u00e3o entre eles suave.<\/p>\n\n\n\n<p>Com uma largura interna de 65 mm, este canal LED preto pode suportar mais de uma fita LED ou uma fita r\u00edgida PCB larga. Este recurso importante garante que a sa\u00edda de luz seja de alta luminosidade, proporcionando uma experi\u00eancia de ilumina\u00e7\u00e3o brilhante.<\/p>\n\n\n\n<p>This 75&#215;32 recessed aluminum channel has diffusers that are opal, frosted, or micro-prismatic. This option gives you the choice between a dotless lighting effect and glare-free light, depending on what you need for your design.<\/p>\n<\/div>\n\n\n\n<div class=\"wp-block-group has-background is-vertical is-layout-flex wp-container-core-group-is-layout-d255d7c4 wp-block-group-is-layout-flex\" style=\"background-color:#f1f1f1;padding-top:var(--wp--preset--spacing--80);padding-bottom:var(--wp--preset--spacing--80)\">\n<div class=\"wp-block-group is-vertical is-layout-flex wp-container-core-group-is-layout-8cf370e7 wp-block-group-is-layout-flex\">\n<h2 class=\"wp-block-heading\" style=\"padding-top:var(--wp--preset--spacing--40);padding-bottom:var(--wp--preset--spacing--40);font-size:25px;font-style:normal;font-weight:600;text-transform:capitalize\">Por que escolher o nosso canal LED preto embutido de 75 mm?<\/h2>\n\n\n\n<ul class=\"wp-block-list\">\n<li>The wide size of 75mm \u00d7 32mm lets you put multiple LED strips inside.<\/li>\n\n\n\n<li>O design embutido permite ocultar o canal na sua parede ou teto. N\u00e3o h\u00e1 bordas feias, apenas linhas limpas.<\/li>\n\n\n\n<li>O acabamento preto fosco o torna perfeito para casas modernas, escrit\u00f3rios e lojas onde o estilo importa.<\/li>\n\n\n\n<li>O corpo de alum\u00ednio refrigera bem as fitas LED, o que as faz durar mais.<\/li>\n\n\n\n<li>O difusor LED fosco fornece luz uniforme sem pontos, enquanto o difusor microprism\u00e1tico \u00e9 sem ofuscamento.<\/li>\n\n\n\n<li>It&#8217;s a great choice for high-output lighting in homes, offices, or stores.<\/li>\n<\/ul>\n<\/div>\n<\/div>\n\n\n\n<div class=\"wp-block-group\" style=\"padding-top:var(--wp--preset--spacing--60);padding-bottom:var(--wp--preset--spacing--60)\"><div class=\"wp-block-group__inner-container is-layout-constrained wp-block-group-is-layout-constrained\">\n<div class=\"wp-block-media-text has-media-on-the-right is-stacked-on-mobile\"><div class=\"wp-block-media-text__content\">\n<h2 class=\"wp-block-heading\" style=\"padding-top:var(--wp--preset--spacing--40);padding-bottom:var(--wp--preset--spacing--40);font-size:25px;text-transform:capitalize\">como instalar<\/h2>\n\n\n\n<ul class=\"wp-block-list\">\n<li>Fa\u00e7a um sulco na drywall, teto ou pain\u00e9is de madeira personalizados de cerca de 75 mm de largura e 32 mm de profundidade.<\/li>\n\n\n\n<li>Cole as fitas LED dentro do canal.<\/li>\n\n\n\n<li>Cole o difusor e fixe as tampas nas extremidades para um acabamento perfeito.<\/li>\n\n\n\n<li>Monte suportes de embutir na parte de tr\u00e1s deste canal.<\/li>\n\n\n\n<li>Insira o canal de alum\u00ednio LED preto embutido de 75x32 mm nivelado com a superf\u00edcie.<\/li>\n<\/ul>\n<\/div><figure class=\"wp-block-media-text__media\"><img loading=\"lazy\" decoding=\"async\" width=\"500\" height=\"500\" src=\"https:\/\/tangooled.com\/wp-content\/uploads\/2025\/07\/r7532-ins-c.webp\" alt=\"75x32mm recessed black led aluminum channel for multi led strips\" class=\"wp-image-41259 size-full\" srcset=\"https:\/\/tangooled.com\/wp-content\/uploads\/2025\/07\/r7532-ins-c.webp 500w, https:\/\/tangooled.com\/wp-content\/uploads\/2025\/07\/r7532-ins-c-300x300.webp 300w, https:\/\/tangooled.com\/wp-content\/uploads\/2025\/07\/r7532-ins-c-150x150.webp 150w\" sizes=\"auto, (max-width: 500px) 100vw, 500px\" \/><\/figure><\/div>\n<\/div><\/div>\n\n\n\n<div class=\"wp-block-group has-background\" style=\"background-color:#f1f1f1;padding-top:var(--wp--preset--spacing--80);padding-bottom:var(--wp--preset--spacing--80)\"><div class=\"wp-block-group__inner-container is-layout-constrained wp-block-group-is-layout-constrained\">\n<h2 class=\"wp-block-heading\" style=\"padding-top:var(--wp--preset--spacing--40);padding-bottom:var(--wp--preset--spacing--40);font-size:25px;font-style:normal;font-weight:600;text-transform:capitalize\">What&#8217;s in the kit?<\/h2>\n\n\n\n<ul class=\"wp-block-list\">\n<li>Perfil de alum\u00ednio revestido de preto<\/li>\n\n\n\n<li>Difusor de luz de PC opalino<\/li>\n\n\n\n<li>Terminais met\u00e1licos<\/li>\n\n\n\n<li>Suportes de mola<\/li>\n<\/ul>\n<\/div><\/div>\n\n\n\n<div class=\"wp-block-group\" style=\"padding-top:var(--wp--preset--spacing--80);padding-bottom:var(--wp--preset--spacing--80)\"><div class=\"wp-block-group__inner-container is-layout-constrained wp-block-group-is-layout-constrained\">\n<h2 class=\"wp-block-heading\" style=\"padding-top:var(--wp--preset--spacing--40);padding-bottom:var(--wp--preset--spacing--40);font-size:25px;font-style:normal;font-weight:600;text-transform:capitalize\">Perfeito para estes locais<\/h2>\n\n\n\n<ul class=\"wp-block-list\">\n<li>Grandes escrit\u00f3rios e lojas: Ilumina\u00e7\u00e3o principal para espa\u00e7os em plano aberto. Embutido para ilumina\u00e7\u00e3o brilhante e uniforme, sem ofuscamento, em centros de dados e \u00e1reas de coworking.<\/li>\n\n\n\n<li>Espa\u00e7os p\u00fablicos e especializados: Ilumina\u00e7\u00e3o de alto padr\u00e3o para \u00e1reas como salas de confer\u00eancia, centros de exposi\u00e7\u00f5es, corredores de hospitais e grandes lobbies. Fornece ampla cobertura de luz funcional.<\/li>\n\n\n\n<li>Varejo e exibi\u00e7\u00e3o: Ilumina\u00e7\u00e3o de acento embutida para paredes e estantes. Proporciona uma luz suave e brilhante que realmente destaca os produtos em showrooms e lojas de alto padr\u00e3o.<\/li>\n\n\n\n<li>Ilumina\u00e7\u00e3o de elemento para \u00e1reas de alto padr\u00e3o. Cria linhas de luz que est\u00e3o sempre acesas e podem ser alteradas em lobbies e corredores de hot\u00e9is para guiar visitantes e melhorar a atmosfera.<\/li>\n<\/ul>\n<\/div><\/div>\n\n\n\n<div class=\"wp-block-group has-background\" style=\"background-color:#f1f1f1;padding-top:var(--wp--preset--spacing--80);padding-bottom:var(--wp--preset--spacing--80)\"><div class=\"wp-block-group__inner-container is-layout-constrained wp-block-group-is-layout-constrained\">\n<h2 class=\"wp-block-heading\" style=\"padding-top:var(--wp--preset--spacing--40);padding-bottom:var(--wp--preset--spacing--40);font-size:25px;font-style:normal;font-weight:600;text-transform:capitalize\">Produtos relacionados para diferentes necessidades<\/h2>\n\n\n\n<p style=\"padding-right:var(--wp--preset--spacing--50);padding-left:var(--wp--preset--spacing--50)\">Para op\u00e7\u00f5es de montagem em superf\u00edcie, veja o perfil de LED de montagem em superf\u00edcie com difusor fosco para fitas de 10 mm.<mark style=\"background-color:rgba(0, 0, 0, 0)\" class=\"has-inline-color has-vivid-red-color\"> <a href=\"https:\/\/tangooled.com\/pt\/product\/surface-mount-led-profile-with-frosted-diffuser-for-10mm-rope-lights\/\">aqui<\/a>.<\/mark> Se voc\u00ea precisar de um canal em forma de U, experimente o perfil de canal em U de alum\u00ednio preto para fitas de LED de 10 mm. <a href=\"https:\/\/tangooled.com\/pt\/product\/black-aluminum-u-channel-profile-for-10mm-led-strips\/\"><mark style=\"background-color:rgba(0, 0, 0, 0)\" class=\"has-inline-color has-vivid-red-color\">link<\/mark><\/a>. Para fitas LED duplas em perfis mais estreitos, confira o canal de fita LED para arm\u00e1rios com difusor para fitas LED duplas <a href=\"https:\/\/tangooled.com\/pt\/product\/cabinet-led-strip-channel-with-diffuser-for-double-led-strips\/\"><mark style=\"background-color:rgba(0, 0, 0, 0)\" class=\"has-inline-color has-vivid-red-color\">p\u00e1gina<\/mark><\/a>.<\/p>\n<\/div><\/div>\n\n\n\n<div class=\"wp-block-group\" style=\"padding-top:var(--wp--preset--spacing--80);padding-bottom:var(--wp--preset--spacing--80)\"><div class=\"wp-block-group__inner-container is-layout-constrained wp-block-group-is-layout-constrained\">\n<h2 class=\"wp-block-heading\" style=\"padding-top:var(--wp--preset--spacing--40);padding-bottom:var(--wp--preset--spacing--40);font-size:25px;text-transform:capitalize\">Resumo<\/h2>\n\n\n\n<p>Quando voc\u00ea precisa de uma caixa de LED grande, montada de forma embutida e com acabamento preto feita de alum\u00ednio anodizado, o nosso canal de alum\u00ednio LED preto embutido de 75x32 mm para v\u00e1rias fitas LED \u00e9 a melhor solu\u00e7\u00e3o. Funciona com muitos tipos diferentes de fitas LED e ajuda voc\u00ea a criar uma ilumina\u00e7\u00e3o limpa, brilhante e elegante para qualquer espa\u00e7o.<\/p>\n<\/div><\/div>\n\n\n\n<p><\/p>","protected":false},"featured_media":14746,"template":"","meta":{"_acf_changed":true,"_seopress_robots_primary_cat":"none","_seopress_titles_title":"75mm Wide Recessed LED Channel | Dot-Free Profile | TANGOOLED","_seopress_titles_desc":"The R7532 is a premium 75mm wide recessed LED channel with 32mm depth for a perfect dot-free finish. Ideal for multi-row LED strips in commercial and office lighting projects.","_seopress_robots_index":""},"pcb-width":[233],"product-cat":[193],"class_list":{"0":"post-34991","1":"product","2":"type-product","3":"status-publish","4":"has-post-thumbnail","6":"pcb-width-50-90mm","7":"product-cat-recessed-profile"},"acf":[],"_links":{"self":[{"href":"https:\/\/tangooled.com\/pt\/wp-json\/wp\/v2\/product\/34991","targetHints":{"allow":["GET"]}}],"collection":[{"href":"https:\/\/tangooled.com\/pt\/wp-json\/wp\/v2\/product"}],"about":[{"href":"https:\/\/tangooled.com\/pt\/wp-json\/wp\/v2\/types\/product"}],"wp:featuredmedia":[{"embeddable":true,"href":"https:\/\/tangooled.com\/pt\/wp-json\/wp\/v2\/media\/14746"}],"wp:attachment":[{"href":"https:\/\/tangooled.com\/pt\/wp-json\/wp\/v2\/media?parent=34991"}],"wp:term":[{"taxonomy":"pcb-width","embeddable":true,"href":"https:\/\/tangooled.com\/pt\/wp-json\/wp\/v2\/pcb-width?post=34991"},{"taxonomy":"product-cat","embeddable":true,"href":"https:\/\/tangooled.com\/pt\/wp-json\/wp\/v2\/product-cat?post=34991"}],"curies":[{"name":"wp","href":"https:\/\/api.w.org\/{rel}","templated":true}]}}