{"id":34990,"date":"2025-07-01T05:43:20","date_gmt":"2025-07-01T13:43:20","guid":{"rendered":"https:\/\/tangooled.com\/?post_type=product&#038;p=34990"},"modified":"2026-02-02T22:23:03","modified_gmt":"2026-02-03T06:23:03","slug":"inner-66mm-recessed-led-channel-for-led-strip-lighting","status":"publish","type":"product","link":"https:\/\/tangooled.com\/pt\/product\/inner-66mm-recessed-led-channel-for-led-strip-lighting\/","title":{"rendered":"canal de LED embutido interno de 66mm para ilumina\u00e7\u00e3o com fita LED"},"content":{"rendered":"<div class=\"wp-block-group is-vertical is-layout-flex wp-container-core-group-is-layout-d255d7c4 wp-block-group-is-layout-flex\" style=\"padding-top:var(--wp--preset--spacing--80);padding-bottom:var(--wp--preset--spacing--80)\">\n<p>O perfil do canal de LED embutido interno de 66mm \u00e9 projetado para solu\u00e7\u00f5es de ilumina\u00e7\u00e3o que s\u00e3o brilhantes e tudo em um. Possui uma altura de 18mm e uma grande largura interna de 66mm, permitindo armazenar muitas fitas LED de m\u00faltiplas fileiras e emitir mais luz.<\/p>\n\n\n\n<p>Este canal de alum\u00ednio largo e raso com flanges \u00e9 projetado para ser montado sem emendas. Como mostrado no diagrama de instala\u00e7\u00e3o, \u00e9 fixado com seguran\u00e7a ao teto com suportes de mola. Adicionar uma cobertura difusora de PC ao perfil proporcionar\u00e1 um efeito de ilumina\u00e7\u00e3o mais amplo e suave, que parece mais profissional, reduzindo sombras duras e pontos quentes.<\/p>\n\n\n\n<p> .<\/p>\n<\/div>\n\n\n\n<div class=\"wp-block-group has-background\" style=\"background-color:#f1f1f1;padding-top:var(--wp--preset--spacing--80);padding-bottom:var(--wp--preset--spacing--80)\"><div class=\"wp-block-group__inner-container is-layout-constrained wp-block-group-is-layout-constrained\">\n<div class=\"wp-block-group is-vertical is-layout-flex wp-container-core-group-is-layout-8cf370e7 wp-block-group-is-layout-flex\">\n<h2 class=\"wp-block-heading\" style=\"padding-top:var(--wp--preset--spacing--40);padding-bottom:var(--wp--preset--spacing--40);font-size:25px;font-style:normal;font-weight:600;text-transform:capitalize\">Por que escolher o nosso canal de LED embutido interno de 66mm?<\/h2>\n\n\n\n<ul class=\"wp-block-list\">\n<li>A largura interna de 66mm acomoda muitas fitas de LED ou fitas em duas fileiras.<\/li>\n\n\n\n<li>Bom para iluminar edif\u00edcios, paredes e o espa\u00e7o sob arm\u00e1rios.<\/li>\n\n\n\n<li>Ajuda na gest\u00e3o t\u00e9rmica, atuando como um dissipador de calor para os LEDs, o que faz com que a luz dure mais.&nbsp;<\/li>\n\n\n\n<li>F\u00e1cil de instalar com suporte de mola ou flanges embutidos para um visual sem moldura.<\/li>\n\n\n\n<li>Funciona com fitas de LED de at\u00e9 65mm de largura.<\/li>\n\n\n\n<li>Use-o para iluminar lojas, realizar tarefas ou at\u00e9 mesmo projetar a ilumina\u00e7\u00e3o de escrit\u00f3rios.<\/li>\n<\/ul>\n<\/div>\n<\/div><\/div>\n\n\n\n<div class=\"wp-block-group\" style=\"padding-top:var(--wp--preset--spacing--60);padding-bottom:var(--wp--preset--spacing--60)\"><div class=\"wp-block-group__inner-container is-layout-constrained wp-block-group-is-layout-constrained\">\n<div class=\"wp-block-media-text has-media-on-the-right is-stacked-on-mobile\" style=\"grid-template-columns:auto 40%\"><div class=\"wp-block-media-text__content\">\n<h2 class=\"wp-block-heading\" style=\"padding-top:var(--wp--preset--spacing--40);padding-bottom:var(--wp--preset--spacing--40);font-size:25px;font-style:normal;font-weight:600;text-transform:capitalize\">Como usar o canal de LED embutido interno de 66mm<\/h2>\n\n\n\n<ul class=\"wp-block-list\">\n<li>Corte um sulco na drywall ou drywall que tenha o mesmo tamanho que o canal.<\/li>\n\n\n\n<li>Use clipes de mola para manter o canal no lugar, ou use a flange embutida para coloc\u00e1-lo diretamente.<\/li>\n\n\n\n<li>Coloque gesso sobre as flanges para um acabamento suave e sem moldura.<\/li>\n\n\n\n<li>Coloque suas fitas de LED no canal.<\/li>\n\n\n\n<li>Coloque o difusor fosco para obter uma linha de luz clara sem pontos quentes.<\/li>\n<\/ul>\n<\/div><figure class=\"wp-block-media-text__media\"><img loading=\"lazy\" decoding=\"async\" width=\"500\" height=\"500\" src=\"https:\/\/tangooled.com\/wp-content\/uploads\/2025\/07\/r7518-ins.webp\" alt=\"inner 66mm recessed led channel for led strip lighting\" class=\"wp-image-41888 size-full\" srcset=\"https:\/\/tangooled.com\/wp-content\/uploads\/2025\/07\/r7518-ins.webp 500w, https:\/\/tangooled.com\/wp-content\/uploads\/2025\/07\/r7518-ins-300x300.webp 300w, https:\/\/tangooled.com\/wp-content\/uploads\/2025\/07\/r7518-ins-150x150.webp 150w\" sizes=\"auto, (max-width: 500px) 100vw, 500px\" \/><\/figure><\/div>\n<\/div><\/div>\n\n\n\n<div class=\"wp-block-group has-background is-vertical is-layout-flex wp-container-core-group-is-layout-b429018a wp-block-group-is-layout-flex\" style=\"background-color:#f1f1f1f2;padding-top:var(--wp--preset--spacing--70);padding-bottom:var(--wp--preset--spacing--70)\">\n<h2 class=\"wp-block-heading\" style=\"padding-top:var(--wp--preset--spacing--40);padding-bottom:var(--wp--preset--spacing--40);font-size:25px;font-style:normal;font-weight:600\">\u00d3timo para estes projetos de ilumina\u00e7\u00e3o<\/h2>\n\n\n\n<ul class=\"wp-block-list\">\n<li>Ilumina\u00e7\u00e3o arquitet\u00f4nica: Crie ilumina\u00e7\u00e3o linear longa com um visual moderno.<\/li>\n\n\n\n<li>Ilumina\u00e7\u00e3o de paredes: Destaque texturas em paredes e outras superf\u00edcies.<\/li>\n\n\n\n<li>Ilumina\u00e7\u00e3o atr\u00e1s de arm\u00e1rios: \u00d3timo para cozinhas ou lugares onde voc\u00ea trabalha.<\/li>\n\n\n\n<li>Ilumina\u00e7\u00e3o para lojas e galerias: Ilumina\u00e7\u00e3o brilhante e uniforme destacar\u00e1 arte ou itens.<\/li>\n\n\n\n<li>Projetos de ilumina\u00e7\u00e3o para escrit\u00f3rios: Certifique-se de que os espa\u00e7os de trabalho tenham ilumina\u00e7\u00e3o limpa e uniforme para que as pessoas possam se concentrar melhor.<\/li>\n<\/ul>\n<\/div>\n\n\n\n<div class=\"wp-block-group\" style=\"padding-top:var(--wp--preset--spacing--80);padding-bottom:var(--wp--preset--spacing--80)\"><div class=\"wp-block-group__inner-container is-layout-constrained wp-block-group-is-layout-constrained\">\n<h2 class=\"wp-block-heading\" style=\"padding-top:var(--wp--preset--spacing--40);padding-bottom:var(--wp--preset--spacing--40);font-size:25px;font-style:normal;font-weight:600;text-transform:capitalize\">What\u2019s in the box?<\/h2>\n\n\n\n<ul class=\"wp-block-list\">\n<li>Canal de LED embutido de 66mm com flange<\/li>\n\n\n\n<li>Difusor de luz fosco<\/li>\n\n\n\n<li>Terminais met\u00e1licos<\/li>\n\n\n\n<li>Suporte de mola<\/li>\n<\/ul>\n<\/div><\/div>\n\n\n\n<div class=\"wp-block-group has-background\" style=\"background-color:#f1f1f1;padding-top:var(--wp--preset--spacing--80);padding-bottom:var(--wp--preset--spacing--80)\"><div class=\"wp-block-group__inner-container is-layout-constrained wp-block-group-is-layout-constrained\">\n<h2 class=\"wp-block-heading\" style=\"padding-top:var(--wp--preset--spacing--40);padding-bottom:var(--wp--preset--spacing--40);font-size:25px;font-style:normal;font-weight:600;text-transform:capitalize\">Saiba mais e veja produtos relacionados<\/h2>\n\n\n\n<ul class=\"wp-block-list\">\n<li>Verifique o nosso <a href=\"https:\/\/tangooled.com\/pt\/product\/black-led-profile-with-black-diffuser-for-10mm-led-strip-light\/\"><mark style=\"background-color:rgba(0, 0, 0, 0)\" class=\"has-inline-color has-vivid-red-color\">perfil LED preto com difusor preto para fita de LED de 10mm<\/mark><\/a> para uma op\u00e7\u00e3o mais elegante e pequena.<\/li>\n\n\n\n<li>Explore o <a href=\"https:\/\/tangooled.com\/pt\/product\/surface-mount-led-profile-with-frosted-diffuser-for-10mm-rope-lights\/\"><mark style=\"background-color:rgba(0, 0, 0, 0)\" class=\"has-inline-color has-vivid-red-color\">perfil de LED de montagem em superf\u00edcie com difusor fosco para luzes de corda de 10mm<\/mark><\/a> para instala\u00e7\u00e3o de superf\u00edcie f\u00e1cil.<\/li>\n\n\n\n<li>Veja o <a href=\"https:\/\/tangooled.com\/pt\/product\/led-strip-light-channel-aluminum-profile-with-diffused-cover-6mm-height\/\"><mark style=\"background-color:rgba(0, 0, 0, 0)\" class=\"has-inline-color has-vivid-red-color\">Canal de luz LED de alum\u00ednio com cobertura difusa, altura de 6 mm<\/mark><\/a> para uma solu\u00e7\u00e3o embutida de baixo perfil.<\/li>\n\n\n\n<li>Descubra <a href=\"https:\/\/tangooled.com\/pt\/product\/black-aluminum-u-channel-profile-for-10mm-led-strips\/\"><mark style=\"background-color:rgba(0, 0, 0, 0)\" class=\"has-inline-color has-vivid-red-color\">perfil de canal em alum\u00ednio preto para tiras LED de 10mm<\/mark><\/a> para perfis de montagem simples e elegantes.<\/li>\n<\/ul>\n<\/div><\/div>\n\n\n\n<div class=\"wp-block-group\" style=\"padding-top:var(--wp--preset--spacing--80);padding-bottom:var(--wp--preset--spacing--80)\"><div class=\"wp-block-group__inner-container is-layout-constrained wp-block-group-is-layout-constrained\">\n<h2 class=\"wp-block-heading\" style=\"padding-top:var(--wp--preset--spacing--40);padding-bottom:var(--wp--preset--spacing--40);font-size:25px;font-style:normal;font-weight:600;text-transform:capitalize\">Resumo<\/h2>\n\n\n\n<p>Nosso canal de LED embutido interno de 66mm \u00e9 a escolha perfeita para ilumina\u00e7\u00e3o linear arquitet\u00f4nica. Ele possui uma ampla largura interna que facilita o uso com fitas de LED de alta densidade e forma uma linha de luz sem pontos. O corpo de alum\u00ednio anodizado \u00e9 de \u00f3tima qualidade e ajuda os LEDs a se manterem frios. Ele se encaixa bem em drywall ou drywall, proporcionando um visual limpo e moderno sem moldura. Voc\u00ea pode us\u00e1-lo para ilumina\u00e7\u00e3o geral, ilumina\u00e7\u00e3o de parede ou ilumina\u00e7\u00e3o sob arm\u00e1rios em neg\u00f3cios e resid\u00eancias.<\/p>\n<\/div><\/div>\n\n\n\n<p><\/p>","protected":false},"featured_media":14754,"template":"","meta":{"_acf_changed":true,"_seopress_robots_primary_cat":"none","_seopress_titles_title":"Inner 66mm Recessed LED Channel Aluminum Profile | TANGOOLED","_seopress_titles_desc":"The R7518 features a spacious 66mm inner width, perfect for multi-row LED strips. This wide recessed channel provides high-output linear lighting and superior heat management for LED lighting.","_seopress_robots_index":""},"pcb-width":[233],"product-cat":[193],"class_list":{"0":"post-34990","1":"product","2":"type-product","3":"status-publish","4":"has-post-thumbnail","6":"pcb-width-50-90mm","7":"product-cat-recessed-profile"},"acf":[],"_links":{"self":[{"href":"https:\/\/tangooled.com\/pt\/wp-json\/wp\/v2\/product\/34990","targetHints":{"allow":["GET"]}}],"collection":[{"href":"https:\/\/tangooled.com\/pt\/wp-json\/wp\/v2\/product"}],"about":[{"href":"https:\/\/tangooled.com\/pt\/wp-json\/wp\/v2\/types\/product"}],"wp:featuredmedia":[{"embeddable":true,"href":"https:\/\/tangooled.com\/pt\/wp-json\/wp\/v2\/media\/14754"}],"wp:attachment":[{"href":"https:\/\/tangooled.com\/pt\/wp-json\/wp\/v2\/media?parent=34990"}],"wp:term":[{"taxonomy":"pcb-width","embeddable":true,"href":"https:\/\/tangooled.com\/pt\/wp-json\/wp\/v2\/pcb-width?post=34990"},{"taxonomy":"product-cat","embeddable":true,"href":"https:\/\/tangooled.com\/pt\/wp-json\/wp\/v2\/product-cat?post=34990"}],"curies":[{"name":"wp","href":"https:\/\/api.w.org\/{rel}","templated":true}]}}