{"id":34989,"date":"2025-07-01T05:39:58","date_gmt":"2025-07-01T13:39:58","guid":{"rendered":"https:\/\/tangooled.com\/?post_type=product&#038;p=34989"},"modified":"2026-01-31T01:37:49","modified_gmt":"2026-01-31T09:37:49","slug":"13mm-thin-large-recessed-75mm-width-led-profile","status":"publish","type":"product","link":"https:\/\/tangooled.com\/pt\/product\/13mm-thin-large-recessed-75mm-width-led-profile\/","title":{"rendered":"Perfil LED embutido largo de 75mm e fino de 13mm"},"content":{"rendered":"<div class=\"wp-block-group is-vertical is-layout-flex wp-container-core-group-is-layout-d255d7c4 wp-block-group-is-layout-flex\" style=\"padding-top:var(--wp--preset--spacing--80);padding-bottom:var(--wp--preset--spacing--80)\">\n<p>The R7513 is\u00a0a 13mm thin, 75mm wide\u00a0recessed LED profile\u00a0made for high-output, flush-mount lighting. This profile&#8217;s low height of 13mm and large inner size of 63.7mm make it perfect for holding multiple rows of LED strips, ensuring maximum light while staying minimal.<\/p>\n\n\n\n<p>Este perfil de alum\u00ednio foi feito para se encaixar perfeitamente em paredes ou tetos sem emendas. O diagrama de instala\u00e7\u00e3o ilustra que o canal \u00e9 mantido no lugar por suportes de mola. Um difusor em PC tornar\u00e1 a luz LED ainda mais suave, mais uniformemente distribu\u00edda e reduz o ofuscamento para um efeito limpo e profissional.<\/p>\n\n\n\n<p>Este perfil adapt\u00e1vel de alta pot\u00eancia \u00e9 \u00f3timo para muitos projetos de ilumina\u00e7\u00e3o interna, incluindo ilumina\u00e7\u00e3o geral e de destaque em ambientes profissionais, como escrit\u00f3rios, f\u00e1bricas, supermercados, espa\u00e7os comerciais e interiores arquitet\u00f4nicos.<\/p>\n<\/div>\n\n\n\n<div class=\"wp-block-group has-background\" style=\"background-color:#f1f1f1;padding-top:var(--wp--preset--spacing--80);padding-bottom:var(--wp--preset--spacing--80)\"><div class=\"wp-block-group__inner-container is-layout-constrained wp-block-group-is-layout-constrained\">\n<div class=\"wp-block-group\"><div class=\"wp-block-group__inner-container is-layout-constrained wp-block-group-is-layout-constrained\">\n<h2 class=\"wp-block-heading\" style=\"padding-top:var(--wp--preset--spacing--40);padding-bottom:var(--wp--preset--spacing--40);font-size:25px;font-style:normal;font-weight:600;text-transform:capitalize\">Por que escolher o nosso perfil LED embutido de 75x13mm?<\/h2>\n\n\n\n<ul class=\"wp-block-list\">\n<li>O perfil ultra-fino de 13mm se encaixa dentro de paredes ou tetos finos.<\/li>\n\n\n\n<li>A abertura de 75mm permite que v\u00e1rias fitas LED se encaixem, o que torna a luz forte e sem pontos.<\/li>\n\n\n\n<li>Feito de alum\u00ednio anodizado de alta qualidade 6063-T5, que \u00e9 um excelente dissipador de calor.&nbsp;<\/li>\n\n\n\n<li>Possui um difusor opal em encaixe que torna a luz suave e uniforme, sem pontos quentes.<\/li>\n<\/ul>\n<\/div><\/div>\n<\/div><\/div>\n\n\n\n<div class=\"wp-block-group\" style=\"padding-top:var(--wp--preset--spacing--60);padding-bottom:var(--wp--preset--spacing--60)\"><div class=\"wp-block-group__inner-container is-layout-constrained wp-block-group-is-layout-constrained\">\n<div class=\"wp-block-media-text has-media-on-the-right is-stacked-on-mobile\" style=\"grid-template-columns:auto 40%\"><div class=\"wp-block-media-text__content\">\n<h2 class=\"wp-block-heading\" style=\"padding-top:var(--wp--preset--spacing--40);padding-bottom:var(--wp--preset--spacing--40);font-size:25px;font-style:normal;font-weight:600;text-transform:capitalize\">Instala\u00e7\u00e3o Simplificada<\/h2>\n\n\n\n<ul class=\"wp-block-list\">\n<li>Corte o drywall ou gesso para se ajustar ao perfil&nbsp;<\/li>\n\n\n\n<li>Prenda o perfil aos caibros ou vigas de teto&nbsp;<\/li>\n\n\n\n<li>Aplique massa de drywall sobre os buracos (instala\u00e7\u00e3o embutida)&nbsp;<\/li>\n\n\n\n<li>Pinte e acabe para um visual suave e sem moldura&nbsp;<\/li>\n\n\n\n<li>Coloque sua fita de LED&nbsp;<\/li>\n\n\n\n<li>Prenda o difusor para finalizar sua extrus\u00e3o de LED embutida<\/li>\n<\/ul>\n<\/div><figure class=\"wp-block-media-text__media\"><img loading=\"lazy\" decoding=\"async\" width=\"500\" height=\"500\" src=\"https:\/\/tangooled.com\/wp-content\/uploads\/2025\/07\/r7513-ins.webp\" alt=\"13mm thin large recessed 75mm width led profile\" class=\"wp-image-41879 size-full\" srcset=\"https:\/\/tangooled.com\/wp-content\/uploads\/2025\/07\/r7513-ins.webp 500w, https:\/\/tangooled.com\/wp-content\/uploads\/2025\/07\/r7513-ins-300x300.webp 300w, https:\/\/tangooled.com\/wp-content\/uploads\/2025\/07\/r7513-ins-150x150.webp 150w\" sizes=\"auto, (max-width: 500px) 100vw, 500px\" \/><\/figure><\/div>\n<\/div><\/div>\n\n\n\n<div class=\"wp-block-group has-background is-vertical is-layout-flex wp-container-core-group-is-layout-d255d7c4 wp-block-group-is-layout-flex\" style=\"background-color:#f1f1f1;padding-top:var(--wp--preset--spacing--80);padding-bottom:var(--wp--preset--spacing--80)\">\n<h2 class=\"wp-block-heading\" style=\"padding-top:var(--wp--preset--spacing--40);padding-bottom:var(--wp--preset--spacing--40);font-size:25px;font-style:normal;font-weight:600;text-transform:capitalize\">\u00d3timo para estes usos<\/h2>\n\n\n\n<ul class=\"wp-block-list\">\n<li>Extrus\u00e3o LED arquitet\u00f4nica para paredes e tetos modernos&nbsp;<\/li>\n\n\n\n<li>Ilumina\u00e7\u00e3o geral para casas, neg\u00f3cios e lojas&nbsp;<\/li>\n\n\n\n<li>Ilumina\u00e7\u00e3o de exibi\u00e7\u00e3o no varejo para destacar o produto<\/li>\n\n\n\n<li>Ilumina\u00e7\u00e3o de destaque sob os arm\u00e1rios<\/li>\n<\/ul>\n<\/div>\n\n\n\n<div class=\"wp-block-group\" style=\"padding-top:var(--wp--preset--spacing--80);padding-bottom:var(--wp--preset--spacing--80)\"><div class=\"wp-block-group__inner-container is-layout-constrained wp-block-group-is-layout-constrained\">\n<h2 class=\"wp-block-heading\" style=\"padding-top:var(--wp--preset--spacing--40);padding-bottom:var(--wp--preset--spacing--40);font-size:25px;font-style:normal;font-weight:600;text-transform:capitalize\">\u00d3timo para estes usos<\/h2>\n\n\n\n<ul class=\"wp-block-list\">\n<li>Extrus\u00e3o LED arquitet\u00f4nica para paredes e tetos modernos&nbsp;<\/li>\n\n\n\n<li>Ilumina\u00e7\u00e3o geral para casas, neg\u00f3cios e lojas&nbsp;<\/li>\n\n\n\n<li>Ilumina\u00e7\u00e3o de exibi\u00e7\u00e3o no varejo para destacar o produto<\/li>\n\n\n\n<li>Ilumina\u00e7\u00e3o de destaque sob os arm\u00e1rios<\/li>\n<\/ul>\n<\/div><\/div>\n\n\n\n<div class=\"wp-block-group has-background\" style=\"background-color:#f1f1f1;padding-top:var(--wp--preset--spacing--80);padding-bottom:var(--wp--preset--spacing--80)\"><div class=\"wp-block-group__inner-container is-layout-constrained wp-block-group-is-layout-constrained\">\n<h2 class=\"wp-block-heading\" style=\"padding-top:var(--wp--preset--spacing--40);padding-bottom:var(--wp--preset--spacing--40);font-size:25px;font-style:normal;font-weight:600;text-transform:capitalize\">Para mais op\u00e7\u00f5es sobre outros perfis, visite:<\/h2>\n\n\n\n<ul class=\"wp-block-list\">\n<li><a href=\"https:\/\/tangooled.com\/pt\/product\/black-led-diffuser-aluminum-channel-for-12mm-tape-lights\/\"><mark style=\"background-color:rgba(0, 0, 0, 0)\" class=\"has-inline-color has-vivid-red-color\">Canal de alum\u00ednio com difusor LED preto para luzes de fita de 12mm<\/mark><\/a><\/li>\n\n\n\n<li><a href=\"https:\/\/tangooled.com\/pt\/product\/led-light-diffuser-channel-aluminum-15x12mm-for-10mm-led-strips\/\"><mark style=\"background-color:rgba(0, 0, 0, 0)\" class=\"has-inline-color has-vivid-red-color\">Difusor de luz em alum\u00ednio 15x12mm para tiras LED de 10mm<\/mark><\/a><\/li>\n\n\n\n<li><a href=\"https:\/\/tangooled.com\/pt\/product\/surface-mount-30mm-led-diffuser-channel-for-two-led-strips\/\"><mark style=\"background-color:rgba(0, 0, 0, 0)\" class=\"has-inline-color has-vivid-red-color\">Canal difusor LED de 30 mm para montagem em superf\u00edcie, para duas fitas LED<\/mark><\/a><\/li>\n<\/ul>\n<\/div><\/div>\n\n\n\n<div class=\"wp-block-group\" style=\"padding-top:var(--wp--preset--spacing--80);padding-bottom:var(--wp--preset--spacing--80)\"><div class=\"wp-block-group__inner-container is-layout-constrained wp-block-group-is-layout-constrained\">\n<h2 class=\"wp-block-heading\" style=\"padding-top:var(--wp--preset--spacing--40);padding-bottom:var(--wp--preset--spacing--40);font-size:25px;font-style:normal;font-weight:600;text-transform:capitalize\">resumo<\/h2>\n\n\n\n<p style=\"padding-right:var(--wp--preset--spacing--50);padding-left:var(--wp--preset--spacing--50)\">O perfil LED embutido de 75mm de largura e 13mm de espessura \u00e9 uma \u00f3tima maneira de adicionar muita ilumina\u00e7\u00e3o LED embutida a um espa\u00e7o moderno. \u00c9 f\u00e1cil instalar ilumina\u00e7\u00e3o linear sem moldura com ilumina\u00e7\u00e3o sem pontos, pois \u00e9 pequeno e possui uma abertura ampla. Feito de alum\u00ednio anodizado, refrigera bem suas LEDs, o que faz com que durem mais.&nbsp;<\/p>\n<\/div><\/div>\n\n\n\n<p><\/p>","protected":false},"featured_media":14757,"template":"","meta":{"_acf_changed":true,"_seopress_robots_primary_cat":"none","_seopress_titles_title":"75mm Wide Recessed LED Profile | 13mm Thin Aluminum Lighting Channel","_seopress_titles_desc":"Shop our R7513, a 75x13mm recessed led profile designed for wide-span linear lighting. This ultra-thin 13mm profile is perfect for shallow ceilings, providing a massive light surface without requiring deep cutouts.","_seopress_robots_index":""},"pcb-width":[233],"product-cat":[193],"class_list":{"0":"post-34989","1":"product","2":"type-product","3":"status-publish","4":"has-post-thumbnail","6":"pcb-width-50-90mm","7":"product-cat-recessed-profile"},"acf":[],"_links":{"self":[{"href":"https:\/\/tangooled.com\/pt\/wp-json\/wp\/v2\/product\/34989","targetHints":{"allow":["GET"]}}],"collection":[{"href":"https:\/\/tangooled.com\/pt\/wp-json\/wp\/v2\/product"}],"about":[{"href":"https:\/\/tangooled.com\/pt\/wp-json\/wp\/v2\/types\/product"}],"wp:featuredmedia":[{"embeddable":true,"href":"https:\/\/tangooled.com\/pt\/wp-json\/wp\/v2\/media\/14757"}],"wp:attachment":[{"href":"https:\/\/tangooled.com\/pt\/wp-json\/wp\/v2\/media?parent=34989"}],"wp:term":[{"taxonomy":"pcb-width","embeddable":true,"href":"https:\/\/tangooled.com\/pt\/wp-json\/wp\/v2\/pcb-width?post=34989"},{"taxonomy":"product-cat","embeddable":true,"href":"https:\/\/tangooled.com\/pt\/wp-json\/wp\/v2\/product-cat?post=34989"}],"curies":[{"name":"wp","href":"https:\/\/api.w.org\/{rel}","templated":true}]}}