{"id":34988,"date":"2025-07-01T05:35:34","date_gmt":"2025-07-01T13:35:34","guid":{"rendered":"https:\/\/tangooled.com\/?post_type=product&#038;p=34988"},"modified":"2026-01-25T21:08:34","modified_gmt":"2026-01-26T05:08:34","slug":"recessed-large-size-led-aluminum-channel-with-removable-tray-54x67mm","status":"publish","type":"product","link":"https:\/\/tangooled.com\/pt\/product\/recessed-large-size-led-aluminum-channel-with-removable-tray-54x67mm\/","title":{"rendered":"canal de alum\u00ednio LED grande embutido com bandeja remov\u00edvel 54x67mm"},"content":{"rendered":"<div class=\"wp-block-group\" style=\"padding-top:var(--wp--preset--spacing--80);padding-bottom:var(--wp--preset--spacing--80)\"><div class=\"wp-block-group__inner-container is-layout-constrained wp-block-group-is-layout-constrained\">\n<p>O canal de alum\u00ednio LED R5467 com camada interna remov\u00edvel \u00e9 um perfil embutido profundo (67mm de profundidade) feito para ilumina\u00e7\u00e3o de alto padr\u00e3o sem moldura. Com uma largura de base compacta de 54mm, a nova caracter\u00edstica significativa \u00e9 a camada interna remov\u00edvel, que facilita a manuten\u00e7\u00e3o e pode suportar tiras de LED de at\u00e9 34mm de largura.<br>Este perfil \u00e9 projetado para ser instalado firmemente em tetos, com um suporte de fixa\u00e7\u00e3o embutido segurando-o no lugar, conforme indicado no diagrama. Ele oferece a arquitetos e designers uma maneira duradoura e de f\u00e1cil manuten\u00e7\u00e3o para obter ilumina\u00e7\u00e3o arquitet\u00f4nica cont\u00ednua e de alta intensidade.<\/p>\n<\/div><\/div>\n\n\n\n<div class=\"wp-block-group has-background is-vertical is-layout-flex wp-container-core-group-is-layout-d255d7c4 wp-block-group-is-layout-flex\" style=\"background-color:#f1f1f1;padding-top:var(--wp--preset--spacing--80);padding-bottom:var(--wp--preset--spacing--80)\">\n<div class=\"wp-block-group is-vertical is-layout-flex wp-container-core-group-is-layout-8cf370e7 wp-block-group-is-layout-flex\">\n<h2 class=\"wp-block-heading\" style=\"padding-top:var(--wp--preset--spacing--40);padding-bottom:var(--wp--preset--spacing--40);font-size:25px;font-style:normal;font-weight:600;text-transform:capitalize\">Por que escolher nosso canal de alum\u00ednio LED com camada interna remov\u00edvel?<\/h2>\n\n\n\n<ul class=\"wp-block-list\">\n<li>Camada interna remov\u00edvel: F\u00e1cil de instalar e manter tiras de LED sem quebrar a parede.<\/li>\n\n\n\n<li>Tamanho grande e robusto: Funciona com tiras de LED largas e grandes \u00e1reas.<\/li>\n\n\n\n<li>Ilumina\u00e7\u00e3o sem pontos: Um brilho suave e uniforme sem pontos brilhantes ou regi\u00f5es escuras.<\/li>\n\n\n\n<li>Made of heavy-duty aluminum, it won&#8217;t bend and helps LED strips stay cool.<\/li>\n\n\n\n<li>Design embutido: Preencha as flanges com massa para um acabamento limpo sem moldura.<\/li>\n\n\n\n<li>Compat\u00edvel com tiras de LED largas e contempor\u00e2neas: Como tiras de Philips Hue de dupla fila e alta sa\u00edda.<\/li>\n<\/ul>\n<\/div>\n<\/div>\n\n\n\n<div class=\"wp-block-group\" style=\"padding-top:var(--wp--preset--spacing--60);padding-bottom:var(--wp--preset--spacing--60)\"><div class=\"wp-block-group__inner-container is-layout-constrained wp-block-group-is-layout-constrained\">\n<div class=\"wp-block-media-text has-media-on-the-right is-stacked-on-mobile\" style=\"grid-template-columns:auto 40%\"><div class=\"wp-block-media-text__content\">\n<h2 class=\"wp-block-heading\" style=\"padding-top:var(--wp--preset--spacing--40);padding-bottom:var(--wp--preset--spacing--40);font-size:25px;font-style:normal;font-weight:600;text-transform:capitalize\">Como us\u00e1-lo<\/h2>\n\n\n\n<p>Nosso canal de alum\u00ednio LED com camada interna remov\u00edvel funciona assim:<\/p>\n\n\n\n<ul class=\"wp-block-list\">\n<li>Coloque a estrutura de alum\u00ednio robusto no drywall ou teto e parede de gesso.<\/li>\n\n\n\n<li>Put the removable inner layer\u00a0that holds the wire and LED strip in place.<\/li>\n\n\n\n<li>To service or update LEDs, just pull out the tray. You don&#8217;t have to cut or damage the polished surface.<\/li>\n\n\n\n<li>Para uma luz suave e sem pontos, adicione o difusor fosco de alta qualidade.<\/li>\n\n\n\n<li>Este design modular inteligente torna a instala\u00e7\u00e3o e manuten\u00e7\u00e3o mais f\u00e1ceis.<\/li>\n<\/ul>\n<\/div><figure class=\"wp-block-media-text__media\"><img loading=\"lazy\" decoding=\"async\" width=\"500\" height=\"500\" src=\"https:\/\/tangooled.com\/wp-content\/uploads\/2025\/07\/r5467-ins.webp\" alt=\"recessed large size led aluminum channel with removable inner layer\" class=\"wp-image-41872 size-full\" srcset=\"https:\/\/tangooled.com\/wp-content\/uploads\/2025\/07\/r5467-ins.webp 500w, https:\/\/tangooled.com\/wp-content\/uploads\/2025\/07\/r5467-ins-300x300.webp 300w, https:\/\/tangooled.com\/wp-content\/uploads\/2025\/07\/r5467-ins-150x150.webp 150w\" sizes=\"auto, (max-width: 500px) 100vw, 500px\" \/><\/figure><\/div>\n<\/div><\/div>\n\n\n\n<div class=\"wp-block-group has-background\" style=\"background-color:#f1f1f1;padding-top:var(--wp--preset--spacing--80);padding-bottom:var(--wp--preset--spacing--80)\"><div class=\"wp-block-group__inner-container is-layout-constrained wp-block-group-is-layout-constrained\">\n<h2 class=\"wp-block-heading\" style=\"padding-top:var(--wp--preset--spacing--40);padding-bottom:var(--wp--preset--spacing--40);font-size:25px;font-style:normal;font-weight:600;text-transform:capitalize\">Onde Us\u00e1-lo?<\/h2>\n\n\n\n<p style=\"padding-right:var(--wp--preset--spacing--50);padding-left:var(--wp--preset--spacing--50)\">Este grande canal de alum\u00ednio LED embutido \u00e9 \u00f3timo para sagu\u00f5es de hot\u00e9is, salas de confer\u00eancias e exibi\u00e7\u00f5es comerciais.<\/p>\n\n\n\n<ul class=\"wp-block-list\">\n<li>Casas: cozinhas, corredores, salas de estar e casas modernas.<\/li>\n\n\n\n<li>Ilumina\u00e7\u00e3o de tarefa: sobre mesas e ilhas de cozinha.<\/li>\n\n\n\n<li>Decorative Lighting: Create long, bright lines of light that don&#8217;t have any edges.<\/li>\n<\/ul>\n<\/div><\/div>\n\n\n\n<div class=\"wp-block-group\" style=\"padding-top:var(--wp--preset--spacing--80);padding-bottom:var(--wp--preset--spacing--80)\"><div class=\"wp-block-group__inner-container is-layout-constrained wp-block-group-is-layout-constrained\">\n<h2 class=\"wp-block-heading\" style=\"padding-top:var(--wp--preset--spacing--40);padding-bottom:var(--wp--preset--spacing--40);font-size:25px;font-style:normal;font-weight:600;text-transform:capitalize\">Tipos de LED compat\u00edveis<\/h2>\n\n\n\n<ul class=\"wp-block-list\">\n<li>Tiras de LED de alta densidade (mais de 120 LEDs por metro)<\/li>\n\n\n\n<li>Tiras de LED COB para luz sem pontos<\/li>\n\n\n\n<li>Tiras de LED largas Philips Hue e outras\u00a0<\/li>\n\n\n\n<li>Tiras de LED RGBW e brancas ajust\u00e1veis<\/li>\n<\/ul>\n<\/div><\/div>\n\n\n\n<div class=\"wp-block-group has-background\" style=\"background-color:#f1f1f1;padding-top:var(--wp--preset--spacing--80);padding-bottom:var(--wp--preset--spacing--80)\"><div class=\"wp-block-group__inner-container is-layout-constrained wp-block-group-is-layout-constrained\">\n<h2 class=\"wp-block-heading\" style=\"padding-top:var(--wp--preset--spacing--40);padding-bottom:var(--wp--preset--spacing--40);font-size:25px;font-style:normal;font-weight:600;text-transform:capitalize\">Acess\u00f3rios e Extras<\/h2>\n\n\n\n<p style=\"padding-right:var(--wp--preset--spacing--50);padding-left:var(--wp--preset--spacing--50)\">Facilite sua instala\u00e7\u00e3o e mantenha-a organizada com acess\u00f3rios como:<\/p>\n\n\n\n<ul class=\"wp-block-list\">\n<li>Tampas de extremidade<\/li>\n\n\n\n<li>Conectores para continuidade de linha reta ou de 90 graus<\/li>\n\n\n\n<li>Fivela embutida para suporte durante a instala\u00e7\u00e3o<\/li>\n<\/ul>\n<\/div><\/div>\n\n\n\n<div class=\"wp-block-group\" style=\"padding-top:var(--wp--preset--spacing--80);padding-bottom:var(--wp--preset--spacing--80)\"><div class=\"wp-block-group__inner-container is-layout-constrained wp-block-group-is-layout-constrained\">\n<h2 class=\"wp-block-heading\" style=\"font-size:25px;font-style:normal;font-weight:600;text-transform:capitalize\">Produtos Relacionados e Link<\/h2>\n\n\n\n<ul class=\"wp-block-list\">\n<li>Explore mais perfis de alum\u00ednio em <a href=\"https:\/\/tangooled.com\/pt\/product\/led-strip-light-channel-aluminum-profile-with-diffused-cover-6mm-height\/\"><mark style=\"background-color:rgba(0, 0, 0, 0)\" class=\"has-inline-color has-vivid-red-color\">Canal de luz LED de alum\u00ednio com cobertura difusa, altura de 6 mm<\/mark><\/a><\/li>\n\n\n\n<li>Confira nossa ampla gama de <a href=\"https:\/\/tangooled.com\/pt\/product\/25x14m-surface-mounted-led-light-aluminum-profile\/\"><mark style=\"background-color:rgba(0, 0, 0, 0)\" class=\"has-inline-color has-vivid-red-color\">Perfil de alum\u00ednio para luz LED montada na superf\u00edcie 25x14m<\/mark><\/a><\/li>\n\n\n\n<li>Saiba mais sobre <a href=\"https:\/\/tangooled.com\/pt\/product\/black-led-diffuser-aluminum-channel-for-12mm-tape-lights\/\"><mark style=\"background-color:rgba(0, 0, 0, 0)\" class=\"has-inline-color has-vivid-red-color\">canal de alum\u00ednio com difusor LED preto para luzes de fita de 12mm<\/mark><\/a><\/li>\n<\/ul>\n<\/div><\/div>\n\n\n\n<div class=\"wp-block-group\"><div class=\"wp-block-group__inner-container is-layout-constrained wp-block-group-is-layout-constrained\">\n<h2 class=\"wp-block-heading\" style=\"padding-top:var(--wp--preset--spacing--40);padding-bottom:var(--wp--preset--spacing--40);font-size:25px;font-style:normal;font-weight:600;text-transform:capitalize\">Resumo<\/h2>\n\n\n\n<p>This LED aluminum channel with removable inner layer is a smart\u00a0choice for anyone who wants lighting that looks great, lasts a long time, and is easy to keep clean. It also fits flawlessly into walls and ceilings. It is a great choice for both architectural lighting and general lighting because it is made of heavy-duty aluminum. The inner layer can be taken out, making installation and upkeep easy and safe.<\/p>\n<\/div><\/div>","protected":false},"featured_media":14764,"template":"","meta":{"_acf_changed":true,"_seopress_robots_primary_cat":"none","_seopress_titles_title":"Recessed LED Channel with Removable Tray 54x67mm | TANGOOLED","_seopress_titles_desc":"The R5467 is a large-size 54x67mm recessed LED channel featuring a removable tray for easy installation and future maintenance. Perfect for heavy-duty commercial lighting projects requiring long-term reliability.","_seopress_robots_index":""},"pcb-width":[231],"product-cat":[193],"class_list":{"0":"post-34988","1":"product","2":"type-product","3":"status-publish","4":"has-post-thumbnail","6":"pcb-width-25-35mm","7":"product-cat-recessed-profile"},"acf":[],"_links":{"self":[{"href":"https:\/\/tangooled.com\/pt\/wp-json\/wp\/v2\/product\/34988","targetHints":{"allow":["GET"]}}],"collection":[{"href":"https:\/\/tangooled.com\/pt\/wp-json\/wp\/v2\/product"}],"about":[{"href":"https:\/\/tangooled.com\/pt\/wp-json\/wp\/v2\/types\/product"}],"wp:featuredmedia":[{"embeddable":true,"href":"https:\/\/tangooled.com\/pt\/wp-json\/wp\/v2\/media\/14764"}],"wp:attachment":[{"href":"https:\/\/tangooled.com\/pt\/wp-json\/wp\/v2\/media?parent=34988"}],"wp:term":[{"taxonomy":"pcb-width","embeddable":true,"href":"https:\/\/tangooled.com\/pt\/wp-json\/wp\/v2\/pcb-width?post=34988"},{"taxonomy":"product-cat","embeddable":true,"href":"https:\/\/tangooled.com\/pt\/wp-json\/wp\/v2\/product-cat?post=34988"}],"curies":[{"name":"wp","href":"https:\/\/api.w.org\/{rel}","templated":true}]}}