{"id":34986,"date":"2025-07-01T05:33:13","date_gmt":"2025-07-01T13:33:13","guid":{"rendered":"https:\/\/tangooled.com\/?post_type=product&#038;p=34986"},"modified":"2026-01-31T01:33:09","modified_gmt":"2026-01-31T09:33:09","slug":"54mm-recessed-black-ceiling-led-profile-deep-channel","status":"publish","type":"product","link":"https:\/\/tangooled.com\/pt\/product\/54mm-recessed-black-ceiling-led-profile-deep-channel\/","title":{"rendered":"Perfil LED preto embutido de 54mm, canal de teto profundo de 32mm"},"content":{"rendered":"<div class=\"wp-block-group is-vertical is-layout-flex wp-container-core-group-is-layout-d255d7c4 wp-block-group-is-layout-flex\" style=\"padding-top:var(--wp--preset--spacing--80);padding-bottom:var(--wp--preset--spacing--80)\">\n<p>Este perfil LED preto embutido de 54mm \u00e9 uma escolha de ilumina\u00e7\u00e3o profunda e flex\u00edvel que se adapta bem ao teto. A base tem 54mm de largura e 32mm de altura, permitindo acomodar v\u00e1rias fitas LED de tamanho m\u00e9dio a largo, como fitas COB e SMD de alta densidade.<\/p>\n\n\n\n<p>Este perfil \u00e9 feito de uma liga de alum\u00ednio resistente que faz um excelente trabalho ao dissipar o calor. Isso ajuda as fitas LED a durarem mais. Os clipes de mola e as capas de metal que o acompanham tornam a instala\u00e7\u00e3o f\u00e1cil e segura em tetos de gesso ou drywall, conforme mostrado no diagrama.<\/p>\n\n\n\n<p>Este perfil \u00e9 \u00f3timo para aplica\u00e7\u00f5es de ilumina\u00e7\u00e3o comercial e arquitet\u00f4nica que necessitam de uma linha de luz limpa e reta. Alguns exemplos incluem resid\u00eancias, escrit\u00f3rios, salas de confer\u00eancias, lojas e corredores.<\/p>\n<\/div>\n\n\n\n<div class=\"wp-block-group has-background is-vertical is-layout-flex wp-container-core-group-is-layout-d255d7c4 wp-block-group-is-layout-flex\" style=\"background-color:#f1f1f1;padding-top:var(--wp--preset--spacing--80);padding-bottom:var(--wp--preset--spacing--80)\">\n<div class=\"wp-block-group is-vertical is-layout-flex wp-container-core-group-is-layout-8cf370e7 wp-block-group-is-layout-flex\">\n<h2 class=\"wp-block-heading\" style=\"padding-top:var(--wp--preset--spacing--40);padding-bottom:var(--wp--preset--spacing--40);font-size:25px;font-style:normal;font-weight:600;text-transform:capitalize\">Por que escolher nosso perfil LED preto embutido de 54mm?<\/h2>\n\n\n\n<ul class=\"wp-block-list\">\n<li>Instala\u00e7\u00e3o sem molduras ou recesso: O perfil se encaixa em tetos de drywall ou gesso, cobrindo as bordas. Isso cria a apar\u00eancia de que a luz vem de dentro do teto, em vez de estar em cima dele.<\/li>\n\n\n\n<li>Constru\u00e7\u00e3o em alum\u00ednio robusto: A liga de alum\u00ednio 6063-T5 atua como um dissipador de calor, protegendo as fitas LED do calor.<\/li>\n\n\n\n<li>O acabamento preto fosco profundo combina bem com muitos estilos modernos e difusores LED pretos.<\/li>\n\n\n\n<li>The opal diffuser clicks into place and makes the light softer and more even, so there aren&#8217;t any glaring spots or LED dots.<\/li>\n\n\n\n<li>F\u00e1cil de usar: Todo o kit vem com uma lente difusora e capas de extremidade, facilitando a montagem.<\/li>\n<\/ul>\n<\/div>\n<\/div>\n\n\n\n<div class=\"wp-block-group\" style=\"padding-top:var(--wp--preset--spacing--60);padding-bottom:var(--wp--preset--spacing--60)\"><div class=\"wp-block-group__inner-container is-layout-constrained wp-block-group-is-layout-constrained\">\n<div class=\"wp-block-media-text has-media-on-the-right is-stacked-on-mobile\" style=\"grid-template-columns:auto 40%\"><div class=\"wp-block-media-text__content\">\n<h2 class=\"wp-block-heading\" style=\"padding-top:var(--wp--preset--spacing--40);padding-bottom:var(--wp--preset--spacing--40);font-size:25px;font-style:normal;font-weight:600;text-transform:capitalize\">Notas de instala\u00e7\u00e3o<\/h2>\n\n\n\n<ul class=\"wp-block-list\">\n<li>Voc\u00ea pode aplicar massa sobre o drywall diretamente sobre a flange embutida. Quando pintado, o perfil parece um recorte no seu teto.<\/li>\n\n\n\n<li>Use suportes de mola vendidos separadamente para garantir que fiquem bem ajustados.<\/li>\n\n\n\n<li>Funciona bem para dist\u00e2ncias longas quando voc\u00ea conecta v\u00e1rios perfis um atr\u00e1s do outro.<\/li>\n\n\n\n<li>Compat\u00edvel com v\u00e1rios tipos de fitas LED dimm\u00e1veis, incluindo fitas COB, RGBW e brancas regul\u00e1veis.<\/li>\n<\/ul>\n<\/div><figure class=\"wp-block-media-text__media\"><img loading=\"lazy\" decoding=\"async\" width=\"500\" height=\"500\" src=\"https:\/\/tangooled.com\/wp-content\/uploads\/2025\/07\/r5432-ins.webp\" alt=\"54mm recessed black led aluminum profile for ceiling\" class=\"wp-image-41866 size-full\" srcset=\"https:\/\/tangooled.com\/wp-content\/uploads\/2025\/07\/r5432-ins.webp 500w, https:\/\/tangooled.com\/wp-content\/uploads\/2025\/07\/r5432-ins-300x300.webp 300w, https:\/\/tangooled.com\/wp-content\/uploads\/2025\/07\/r5432-ins-150x150.webp 150w\" sizes=\"auto, (max-width: 500px) 100vw, 500px\" \/><\/figure><\/div>\n<\/div><\/div>\n\n\n\n<div class=\"wp-block-group has-background is-vertical is-layout-flex wp-container-core-group-is-layout-b429018a wp-block-group-is-layout-flex\" style=\"background-color:#f1f1f1f2;padding-top:var(--wp--preset--spacing--70);padding-bottom:var(--wp--preset--spacing--70)\">\n<h2 class=\"wp-block-heading\" style=\"padding-top:var(--wp--preset--spacing--40);padding-bottom:var(--wp--preset--spacing--40);font-size:25px;font-style:normal;font-weight:600;text-transform:capitalize\">what&#8217;s in the kit?<\/h2>\n\n\n\n<ul class=\"wp-block-list\">\n<li>1x canal LED embutido preto em alum\u00ednio<\/li>\n\n\n\n<li>1x difusor LED opalino<\/li>\n\n\n\n<li>Duas tampas de metal <\/li>\n\n\n\n<li>Suporte de mola<\/li>\n<\/ul>\n<\/div>\n\n\n\n<div class=\"wp-block-group is-vertical is-layout-flex wp-container-core-group-is-layout-d255d7c4 wp-block-group-is-layout-flex\" style=\"padding-top:var(--wp--preset--spacing--80);padding-bottom:var(--wp--preset--spacing--80)\">\n<h2 class=\"wp-block-heading\" style=\"padding-top:var(--wp--preset--spacing--40);padding-bottom:var(--wp--preset--spacing--40);font-size:25px;font-style:normal;font-weight:600;text-transform:capitalize\">para que voc\u00ea pode usar este perfil LED preto embutido de 54mm?<\/h2>\n\n\n\n<p>Este perfil LED de alum\u00ednio preto para teto \u00e9 perfeito para muitos locais.<\/p>\n\n\n\n<ul class=\"wp-block-list\">\n<li>Escrit\u00f3rios e salas de confer\u00eancia: Adiciona linhas de luz moderna e elegante acima de mesas e mesas de reuni\u00f5es.<\/li>\n\n\n\n<li>Use luz suave e brilhante para destacar produtos em lojas e mostru\u00e1rios.<\/li>\n\n\n\n<li>Cozinhas e \u00e1reas de estar: Proporciona muita luz uniforme e ampla em balc\u00f5es e ilhas.<\/li>\n\n\n\n<li>Hot\u00e9is e lobbies: Faz o espa\u00e7o parecer sofisticado e acolhedor.<\/li>\n<\/ul>\n<\/div>\n\n\n\n<div class=\"wp-block-group has-background is-vertical is-layout-flex wp-container-core-group-is-layout-b429018a wp-block-group-is-layout-flex\" style=\"background-color:#f1f1f1f2;padding-top:var(--wp--preset--spacing--70);padding-bottom:var(--wp--preset--spacing--70)\">\n<h2 class=\"wp-block-heading\" style=\"padding-top:var(--wp--preset--spacing--40);padding-bottom:var(--wp--preset--spacing--40);font-size:25px;font-style:normal;font-weight:600;text-transform:capitalize\">Produtos Relacionados Que Voc\u00ea Pode Gostar<\/h2>\n\n\n\n<ul class=\"wp-block-list\">\n<li><a href=\"https:\/\/tangooled.com\/pt\/product\/black-led-diffuser-aluminum-channel-for-12mm-tape-lights\/\"><mark style=\"background-color:rgba(0, 0, 0, 0)\" class=\"has-inline-color has-vivid-red-color\">Canal de alum\u00ednio com difusor LED preto para luzes de fita de 12mm<\/mark><\/a><\/li>\n\n\n\n<li><a href=\"https:\/\/tangooled.com\/pt\/product\/aluminum-profile-with-60-degree-lens-led-diffuser\/\"><mark style=\"background-color:rgba(0, 0, 0, 0)\" class=\"has-inline-color has-vivid-red-color\">Perfil LED em alum\u00ednio com lente difusora LED de 60 graus<\/mark><\/a><\/li>\n\n\n\n<li><a href=\"https:\/\/tangooled.com\/pt\/product\/surface-mount-led-profile-with-frosted-diffuser-for-10mm-rope-lights\/\"><mark style=\"background-color:rgba(0, 0, 0, 0)\" class=\"has-inline-color has-vivid-red-color\">Perfil LED de montagem de superf\u00edcie com difusor fosco para luzes de cord\u00e3o de 10mm<\/mark><\/a><\/li>\n\n\n\n<li><a href=\"https:\/\/tangooled.com\/pt\/product\/recessed-aluminum-channel-with-ceiling-buckle-for-led-10mm-strip-light\/\"><mark style=\"background-color:rgba(0, 0, 0, 0)\" class=\"has-inline-color has-vivid-red-color\">Perfil de alum\u00ednio LED embutido com fivela de teto<\/mark><\/a><\/li>\n<\/ul>\n<\/div>\n\n\n\n<p><\/p>","protected":false},"featured_media":14771,"template":"","meta":{"_acf_changed":true,"_seopress_robots_primary_cat":"none","_seopress_titles_title":"54mm Recessed Black Ceiling LED Profile | TANGOOLED","_seopress_titles_desc":"The R5432 is a premium 54mm recessed black ceiling LED profile. Its 32mm depth ensures a flawless, dot-free glow, while the sleek black finish blends perfectly with modern architectural designs.","_seopress_robots_index":""},"pcb-width":[232],"product-cat":[193],"class_list":{"0":"post-34986","1":"product","2":"type-product","3":"status-publish","4":"has-post-thumbnail","6":"pcb-width-35-45mm","7":"product-cat-recessed-profile"},"acf":[],"_links":{"self":[{"href":"https:\/\/tangooled.com\/pt\/wp-json\/wp\/v2\/product\/34986","targetHints":{"allow":["GET"]}}],"collection":[{"href":"https:\/\/tangooled.com\/pt\/wp-json\/wp\/v2\/product"}],"about":[{"href":"https:\/\/tangooled.com\/pt\/wp-json\/wp\/v2\/types\/product"}],"wp:featuredmedia":[{"embeddable":true,"href":"https:\/\/tangooled.com\/pt\/wp-json\/wp\/v2\/media\/14771"}],"wp:attachment":[{"href":"https:\/\/tangooled.com\/pt\/wp-json\/wp\/v2\/media?parent=34986"}],"wp:term":[{"taxonomy":"pcb-width","embeddable":true,"href":"https:\/\/tangooled.com\/pt\/wp-json\/wp\/v2\/pcb-width?post=34986"},{"taxonomy":"product-cat","embeddable":true,"href":"https:\/\/tangooled.com\/pt\/wp-json\/wp\/v2\/product-cat?post=34986"}],"curies":[{"name":"wp","href":"https:\/\/api.w.org\/{rel}","templated":true}]}}