{"id":34983,"date":"2025-07-01T05:20:00","date_gmt":"2025-07-01T13:20:00","guid":{"rendered":"https:\/\/tangooled.com\/?post_type=product&#038;p=34983"},"modified":"2026-01-25T20:19:34","modified_gmt":"2026-01-26T04:19:34","slug":"54x18mm-recessed-trim-led-tape-light-channel","status":"publish","type":"product","link":"https:\/\/tangooled.com\/pt\/product\/54x18mm-recessed-trim-led-tape-light-channel\/","title":{"rendered":"Canal LED Recessed Trim 54x18mm"},"content":{"rendered":"<div class=\"wp-block-group is-vertical is-layout-flex wp-container-core-group-is-layout-d255d7c4 wp-block-group-is-layout-flex\" style=\"padding-top:var(--wp--preset--spacing--80);padding-bottom:var(--wp--preset--spacing--80)\">\n<p>O canal LED recessed trim 54x18mm \u00e9 uma escolha ideal para ilumina\u00e7\u00e3o linear de alta luminosidade e sem emendas. Este canal tem uma profundidade rasa de 18mm e uma largura interna ampla de 45mm. \u00c9 \u00f3timo para segurar fitas LED largas ou m\u00faltiplas fitas para obter melhor sa\u00edda de l\u00famens.<\/p>\n\n\n\n<p>Este canal LED trim \u00e9 feito para ser montado embutido usando fivelas embutidas para se fixar rapidamente e com seguran\u00e7a aos tetos, dando um acabamento limpo e requintado. O canal de alum\u00ednio largo garante que o calor seja distribu\u00eddo de forma uniforme, o que faz com que suas LEDs durem mais e proporciona uma luz suave e sem pontos.<\/p>\n\n\n\n<p>Este canal embutido de 54mm \u00e9 excelente para aplica\u00e7\u00f5es arquitet\u00f4nicas, comerciais e residenciais de alto padr\u00e3o, como ilumina\u00e7\u00e3o indireta em corredores, \u00e1reas de exibi\u00e7\u00e3o em lojas, escrit\u00f3rios e cozinhas modernas.<\/p>\n<\/div>\n\n\n\n<div class=\"wp-block-group has-background is-vertical is-layout-flex wp-container-core-group-is-layout-d255d7c4 wp-block-group-is-layout-flex\" style=\"background-color:#f1f1f1;padding-top:var(--wp--preset--spacing--80);padding-bottom:var(--wp--preset--spacing--80)\">\n<div class=\"wp-block-group is-vertical is-layout-flex wp-container-core-group-is-layout-8cf370e7 wp-block-group-is-layout-flex\">\n<h2 class=\"wp-block-heading\" style=\"padding-top:var(--wp--preset--spacing--40);padding-bottom:var(--wp--preset--spacing--40);font-size:25px;font-style:normal;font-weight:600;text-transform:capitalize\">Por que escolher o nosso canal LED recessed trim 54x18mm?<\/h2>\n\n\n\n<ul class=\"wp-block-list\">\n<li>The wide inner width (45mm) allows for generous width\u00a0or multiple LED strips<\/li>\n\n\n\n<li>Design trim que se encaixa na parede para uma instala\u00e7\u00e3o limpa de drywall ou madeira<\/li>\n\n\n\n<li>Um dissipador de calor de alum\u00ednio para manter as luzes frias e aumentar sua durabilidade<\/li>\n\n\n\n<li>Vem com um difusor fosco para cobrir pontos e dispersar a luz de forma uniforme<\/li>\n\n\n\n<li>F\u00e1cil de instalar com todos os acess\u00f3rios de tampas finais e clipes de mola<\/li>\n<\/ul>\n<\/div>\n<\/div>\n\n\n\n<div class=\"wp-block-group\" style=\"padding-top:var(--wp--preset--spacing--80);padding-bottom:var(--wp--preset--spacing--80)\"><div class=\"wp-block-group__inner-container is-layout-constrained wp-block-group-is-layout-constrained\">\n<div class=\"wp-block-media-text has-media-on-the-right is-stacked-on-mobile\" style=\"grid-template-columns:auto 40%\"><div class=\"wp-block-media-text__content\">\n<h2 class=\"wp-block-heading\" style=\"padding-top:var(--wp--preset--spacing--40);padding-bottom:var(--wp--preset--spacing--40);font-size:25px;font-style:normal;font-weight:600;text-transform:capitalize\">Como instalar o seu canal LED recessed trim 54x18mm<\/h2>\n\n\n\n<ul class=\"wp-block-list\">\n<li>Fa\u00e7a um sulco em drywall ou madeira que tenha o tamanho adequado.<\/li>\n\n\n\n<li>Coloque o canal LED recessed trim, que mede 54x18mm, no sulco.<\/li>\n\n\n\n<li>Use clipes de mola ou cola para mant\u00ea-lo no lugar.<\/li>\n\n\n\n<li>Coloque sua fita de LED dentro do canal de 45mm de largura.<\/li>\n\n\n\n<li>Coloque o difusor fosco para obter uma luz suave e uniforme.<\/li>\n\n\n\n<li>Coloque as tampas finais para finalizar o visual e proteger os cabos.<\/li>\n<\/ul>\n\n\n\n<p>Dicas: Para um visual flush sem acabamento, explore nossos canais LED embutidos sem moldura como <a href=\"https:\/\/tangooled.com\/pt\/product\/plaster-drywall-aluminum-skirting-board-for-12mm-led-strip-sk12\/\"><mark style=\"background-color:rgba(0, 0, 0, 0)\" class=\"has-inline-color has-vivid-red-color\">Rodap\u00e9 LED em Gesso<\/mark><\/a><\/p>\n<\/div><figure class=\"wp-block-media-text__media\"><img loading=\"lazy\" decoding=\"async\" width=\"500\" height=\"500\" src=\"https:\/\/tangooled.com\/wp-content\/uploads\/2025\/07\/r5418-ins.webp\" alt=\"54x18mm recessed trim led tape light channel inner width 45mm\" class=\"wp-image-41862 size-full\" srcset=\"https:\/\/tangooled.com\/wp-content\/uploads\/2025\/07\/r5418-ins.webp 500w, https:\/\/tangooled.com\/wp-content\/uploads\/2025\/07\/r5418-ins-300x300.webp 300w, https:\/\/tangooled.com\/wp-content\/uploads\/2025\/07\/r5418-ins-150x150.webp 150w\" sizes=\"auto, (max-width: 500px) 100vw, 500px\" \/><\/figure><\/div>\n<\/div><\/div>\n\n\n\n<div class=\"wp-block-group has-background\" style=\"background-color:#f1f1f1;padding-top:var(--wp--preset--spacing--80);padding-bottom:var(--wp--preset--spacing--80)\"><div class=\"wp-block-group__inner-container is-layout-constrained wp-block-group-is-layout-constrained\">\n<h2 class=\"wp-block-heading\" style=\"padding-top:var(--wp--preset--spacing--40);padding-bottom:var(--wp--preset--spacing--40);font-size:25px;font-style:normal;font-weight:600;text-transform:capitalize\">What\u2019s Included?<\/h2>\n\n\n\n<ul class=\"wp-block-list\">\n<li>Canal embutido de alum\u00ednio (54x18mm)<\/li>\n\n\n\n<li>Difusor fosco Snap-on<\/li>\n\n\n\n<li>Duas tampas de metal<\/li>\n\n\n\n<li>Clipes de mola<\/li>\n<\/ul>\n<\/div><\/div>\n\n\n\n<div class=\"wp-block-group\" style=\"padding-top:var(--wp--preset--spacing--80);padding-bottom:var(--wp--preset--spacing--80)\"><div class=\"wp-block-group__inner-container is-layout-constrained wp-block-group-is-layout-constrained\">\n<h2 class=\"wp-block-heading\" style=\"padding-top:var(--wp--preset--spacing--40);padding-bottom:var(--wp--preset--spacing--40);font-size:25px;font-style:normal;font-weight:600;text-transform:capitalize\">Onde usar este canal LED?<\/h2>\n\n\n\n<ul class=\"wp-block-list\">\n<li>Ilumina\u00e7\u00e3o de teto e lavagem de parede: Instale-o em drywall para criar uma lavagem de luz ampla e suave.<\/li>\n\n\n\n<li>Ilumina\u00e7\u00e3o de cozinha e arm\u00e1rios: \u00d3timo para baixo de arm\u00e1rios e prateleiras.<\/li>\n\n\n\n<li>Designs arquitet\u00f4nicos personalizados s\u00e3o \u00f3timos para adicionar linhas retas a casas, neg\u00f3cios e lojas.<\/li>\n\n\n\n<li>Ilumina\u00e7\u00e3o de tarefa e acento: Luz clara e suave para espa\u00e7os de trabalho ou toques ornamentais.<\/li>\n<\/ul>\n<\/div><\/div>\n\n\n\n<p><\/p>","protected":false},"featured_media":14777,"template":"","meta":{"_acf_changed":true,"_seopress_robots_primary_cat":"none","_seopress_titles_title":"54x18mm Recessed LED Channel | Wide Trim Aluminum Lighting Profile | TANGOOLED","_seopress_titles_desc":"Upgrade to high-output linear lighting with our 54x18mm recessed LED channel. This wide-trim aluminum profile is designed for professional architectural installations, offering superior diffusion and heat management.","_seopress_robots_index":""},"pcb-width":[232],"product-cat":[193],"class_list":{"0":"post-34983","1":"product","2":"type-product","3":"status-publish","4":"has-post-thumbnail","6":"pcb-width-35-45mm","7":"product-cat-recessed-profile"},"acf":[],"_links":{"self":[{"href":"https:\/\/tangooled.com\/pt\/wp-json\/wp\/v2\/product\/34983","targetHints":{"allow":["GET"]}}],"collection":[{"href":"https:\/\/tangooled.com\/pt\/wp-json\/wp\/v2\/product"}],"about":[{"href":"https:\/\/tangooled.com\/pt\/wp-json\/wp\/v2\/types\/product"}],"wp:featuredmedia":[{"embeddable":true,"href":"https:\/\/tangooled.com\/pt\/wp-json\/wp\/v2\/media\/14777"}],"wp:attachment":[{"href":"https:\/\/tangooled.com\/pt\/wp-json\/wp\/v2\/media?parent=34983"}],"wp:term":[{"taxonomy":"pcb-width","embeddable":true,"href":"https:\/\/tangooled.com\/pt\/wp-json\/wp\/v2\/pcb-width?post=34983"},{"taxonomy":"product-cat","embeddable":true,"href":"https:\/\/tangooled.com\/pt\/wp-json\/wp\/v2\/product-cat?post=34983"}],"curies":[{"name":"wp","href":"https:\/\/api.w.org\/{rel}","templated":true}]}}