{"id":34982,"date":"2025-07-01T05:15:02","date_gmt":"2025-07-01T13:15:02","guid":{"rendered":"https:\/\/tangooled.com\/?post_type=product&#038;p=34982"},"modified":"2026-01-25T20:09:23","modified_gmt":"2026-01-26T04:09:23","slug":"50mm-wide-recessed-led-channel-13mm-depth","status":"publish","type":"product","link":"https:\/\/tangooled.com\/pt\/product\/50mm-wide-recessed-led-channel-13mm-depth\/","title":{"rendered":"Canal LED embutido de 50 mm de largura, perfil raso de 13 mm"},"content":{"rendered":"<div class=\"wp-block-group is-vertical is-layout-flex wp-container-core-group-is-layout-d255d7c4 wp-block-group-is-layout-flex\" style=\"padding-top:var(--wp--preset--spacing--80);padding-bottom:var(--wp--preset--spacing--80)\">\n<p>Este canal LED embutido de 50 mm de largura \u00e9 feito para uma ilumina\u00e7\u00e3o linear simples e embutida. O perfil tem 50 mm de largura, proporcionando uma larga e brilhante faixa de luz uniforme em vez de uma pequena linha. A profundidade rasa de 13 mm facilita a instala\u00e7\u00e3o r\u00e1pida e limpa, encaixando-se bem em tetos ou paredes finas.<\/p>\n\n\n\n<p>O canal de alum\u00ednio anodizado permite que o calor escape muito bem, mantendo os LEDs frescos e prolongando sua vida \u00fatil. O difusor de policarbonato opalino ou fosco tamb\u00e9m esconde bem os pontos de luz dos LEDs, tornando a sa\u00edda de luz suave e uniforme. As fivelas embutidas (clipes de mola) facilitam a instala\u00e7\u00e3o do perfil, pois permitem que seja preso r\u00e1pida e seguramente a tetos ou drywall para um acabamento suave.<\/p>\n\n\n\n<p>Este dispositivo \u00e9 ideal para ilumina\u00e7\u00e3o de tarefas, destaque ou ambiente em casas de alto padr\u00e3o, escrit\u00f3rios modernos ou lojas especializadas.<\/p>\n<\/div>\n\n\n\n<div class=\"wp-block-group has-background is-vertical is-layout-flex wp-container-core-group-is-layout-d255d7c4 wp-block-group-is-layout-flex\" style=\"background-color:#f1f1f1;padding-top:var(--wp--preset--spacing--80);padding-bottom:var(--wp--preset--spacing--80)\">\n<div class=\"wp-block-group is-vertical is-layout-flex wp-container-core-group-is-layout-8cf370e7 wp-block-group-is-layout-flex\">\n<h2 class=\"wp-block-heading\" style=\"padding-top:var(--wp--preset--spacing--40);padding-bottom:var(--wp--preset--spacing--40);font-size:25px;font-style:normal;font-weight:600;text-transform:capitalize\">O que diferencia o nosso canal LED embutido de 50 mm?<\/h2>\n\n\n\n<ul class=\"wp-block-list\">\n<li>Largura externa de 50 mm para linhas de luz arquitet\u00f4nicas marcantes<\/li>\n\n\n\n<li>\u00c9 f\u00e1cil de instalar ou trabalhar com marcenaria, pois tem apenas 13 mm de profundidade<\/li>\n\n\n\n<li>O difusor opalino\/fosco sem pontos emite luz suave e uniforme<\/li>\n\n\n\n<li>A ampla largura interna (cerca de 43 mm) \u00e9 boa para fitas LED bastante largas ou com muitas fileiras<\/li>\n\n\n\n<li>Instala\u00e7\u00e3o embutida flush com flange de gesso para um acabamento limpo<\/li>\n<\/ul>\n<\/div>\n<\/div>\n\n\n\n<div class=\"wp-block-group\" style=\"padding-top:var(--wp--preset--spacing--60);padding-bottom:var(--wp--preset--spacing--60)\"><div class=\"wp-block-group__inner-container is-layout-constrained wp-block-group-is-layout-constrained\">\n<div class=\"wp-block-media-text has-media-on-the-right is-stacked-on-mobile\" style=\"grid-template-columns:auto 40%\"><div class=\"wp-block-media-text__content\">\n<h2 class=\"wp-block-heading\" style=\"padding-top:var(--wp--preset--spacing--40);padding-bottom:var(--wp--preset--spacing--40);font-size:25px;font-style:normal;font-weight:600;text-transform:capitalize\">Como instalar o canal LED embutido de 50 mm<\/h2>\n\n\n\n<ul class=\"wp-block-list\">\n<li>Fa\u00e7a um groove no teto ou drywall que tenha o mesmo tamanho que a base do canal.<\/li>\n\n\n\n<li>Coloque sua fita LED dentro do canal de alum\u00ednio.<\/li>\n\n\n\n<li>Anexe as tampas das extremidades e o difusor.<\/li>\n\n\n\n<li>Use o suporte de mola para manter a luz do canal no lugar no groove.<\/li>\n\n\n\n<li>Conecte os dispositivos de pot\u00eancia e controle apropriados.<\/li>\n<\/ul>\n<\/div><figure class=\"wp-block-media-text__media\"><img loading=\"lazy\" decoding=\"async\" width=\"500\" height=\"500\" src=\"https:\/\/tangooled.com\/wp-content\/uploads\/2025\/07\/r5413-ins.webp\" alt=\"50x13mm recessed led channel \u2013 wide, slim, and built to last\" class=\"wp-image-41857 size-full\" srcset=\"https:\/\/tangooled.com\/wp-content\/uploads\/2025\/07\/r5413-ins.webp 500w, https:\/\/tangooled.com\/wp-content\/uploads\/2025\/07\/r5413-ins-300x300.webp 300w, https:\/\/tangooled.com\/wp-content\/uploads\/2025\/07\/r5413-ins-150x150.webp 150w\" sizes=\"auto, (max-width: 500px) 100vw, 500px\" \/><\/figure><\/div>\n<\/div><\/div>\n\n\n\n<div class=\"wp-block-group has-background\" style=\"background-color:#f1f1f1;padding-top:var(--wp--preset--spacing--80);padding-bottom:var(--wp--preset--spacing--80)\"><div class=\"wp-block-group__inner-container is-layout-constrained wp-block-group-is-layout-constrained\">\n<h2 class=\"wp-block-heading\" style=\"padding-top:var(--wp--preset--spacing--40);padding-bottom:var(--wp--preset--spacing--40);font-size:25px;font-style:normal;font-weight:600;text-transform:capitalize\">What\u2019s in the kit?<\/h2>\n\n\n\n<ul class=\"wp-block-list\">\n<li>Canal de alum\u00ednio embutido com se\u00e7\u00e3o transversal de 54x13 mm<\/li>\n\n\n\n<li>Um difusor LED opalino<\/li>\n\n\n\n<li>Terminais met\u00e1licos<\/li>\n\n\n\n<li>Suportes de mola para instala\u00e7\u00e3o f\u00e1cil.<\/li>\n<\/ul>\n<\/div><\/div>\n\n\n\n<div class=\"wp-block-group is-vertical is-layout-flex wp-container-core-group-is-layout-d255d7c4 wp-block-group-is-layout-flex\" style=\"padding-top:var(--wp--preset--spacing--80);padding-bottom:var(--wp--preset--spacing--80)\">\n<h2 class=\"wp-block-heading\" style=\"padding-top:var(--wp--preset--spacing--40);padding-bottom:var(--wp--preset--spacing--40);font-size:25px;font-style:normal;font-weight:600;text-transform:capitalize\">Onde usar seu canal LED embutido de 50 mm<\/h2>\n\n\n\n<p>Este canal LED embutido \u00e9 de 50x13 mm e \u00e9 adequado para:<\/p>\n\n\n\n<ul class=\"wp-block-list\">\n<li>Tetos e paredes de drywall: Perfeito para criar luz linear ampla e cont\u00ednua, a flange deve ser flush com a superf\u00edcie e coberta com gesso para um acabamento limpo e sem moldura.<\/li>\n\n\n\n<li>Lugares de exibi\u00e7\u00e3o para neg\u00f3cios e lojas: \u00d3timo para ilumina\u00e7\u00e3o geral ou para destacar grandes exibi\u00e7\u00f5es de produtos com luz ampla e uniforme.<\/li>\n\n\n\n<li>Em escrit\u00f3rios e empresas, eles s\u00e3o projetados para fornecer ilumina\u00e7\u00e3o ambiente ou de tarefas ampla e sem sombras em esta\u00e7\u00f5es de trabalho em plano aberto, salas de confer\u00eancia e corredores.<\/li>\n\n\n\n<li>Ilumina\u00e7\u00e3o para caracter\u00edsticas arquitet\u00f4nicas: Este tipo de ilumina\u00e7\u00e3o \u00e9 \u00f3timo para sagu\u00f5es, corredores e espa\u00e7os p\u00fablicos que necessitam de ilumina\u00e7\u00e3o linear de alta sa\u00edda embutida.<\/li>\n<\/ul>\n<\/div>\n\n\n\n<div class=\"wp-block-group has-background is-vertical is-layout-flex wp-container-core-group-is-layout-b429018a wp-block-group-is-layout-flex\" style=\"background-color:#f1f1f1f2;padding-top:var(--wp--preset--spacing--70);padding-bottom:var(--wp--preset--spacing--70)\">\n<h2 class=\"wp-block-heading\" style=\"padding-top:var(--wp--preset--spacing--40);padding-bottom:var(--wp--preset--spacing--40);font-size:25px;font-style:normal;font-weight:600\">Produtos Relacionados Que Voc\u00ea Pode Gostar<\/h2>\n\n\n\n<ul class=\"wp-block-list\">\n<li>Explore nosso <a href=\"https:\/\/tangooled.com\/pt\/product\/black-led-diffuser-aluminum-channel-for-12mm-tape-lights\/\"><mark style=\"background-color:rgba(0, 0, 0, 0)\" class=\"has-inline-color has-vivid-red-color\">Canal de Alum\u00ednio Difusor LED Preto para Fitas de 12mm<\/mark><\/a> para uma op\u00e7\u00e3o de perfil estreito.<\/li>\n\n\n\n<li>Verifique o <a href=\"https:\/\/tangooled.com\/pt\/product\/surface-mount-led-profile-with-frosted-diffuser-for-10mm-rope-lights\/\"><mark style=\"background-color:rgba(0, 0, 0, 0)\" class=\"has-inline-color has-vivid-red-color\">Perfil LED de Montagem Superficial com Difusor Fosco para Luzes de Cord\u00e3o de 10mm<\/mark><\/a> se voc\u00ea quiser montagem na superf\u00edcie em vez de embutida.<\/li>\n\n\n\n<li>Precisa de um perfil embutido menor? Veja <a href=\"https:\/\/tangooled.com\/pt\/product\/recessed-15x12mm-black-light-diffuser-aluminum-channel-for-10mm-led-strips\/\"><mark style=\"background-color:rgba(0, 0, 0, 0)\" class=\"has-inline-color has-vivid-red-color\">Canal de alum\u00ednio difusor de luz LED embutido 15x12 mm preto para fitas LED de 10 mm<\/mark><\/a><\/li>\n\n\n\n<li>Para instala\u00e7\u00f5es de LED embutidas em drywall sem moldura, veja <a href=\"https:\/\/tangooled.com\/pt\/product\/trimless-drywall-led-channel-for-15mm-led-strip-lights\/\"><mark style=\"background-color:rgba(0, 0, 0, 0)\" class=\"has-inline-color has-vivid-red-color\">Canal LED de drywall sem moldura para fitas LED de 15mm<\/mark><\/a><\/li>\n<\/ul>\n<\/div>\n\n\n\n<div class=\"wp-block-group is-vertical is-layout-flex wp-container-core-group-is-layout-d255d7c4 wp-block-group-is-layout-flex\" style=\"padding-top:var(--wp--preset--spacing--80);padding-bottom:var(--wp--preset--spacing--80)\">\n<h2 class=\"wp-block-heading\" style=\"padding-top:var(--wp--preset--spacing--40);padding-bottom:var(--wp--preset--spacing--40);font-size:25px;font-style:normal;font-weight:600;text-transform:capitalize\">Resumo<\/h2>\n\n\n\n<p>The 50mm recessed LED channel features a sleek design that is simple to install and performs well in large architectural lighting areas. It fits in places like drywall or ceilings and gives forth smooth, bright light without any spots. It features a robust anodized aluminum body and a lot of different diffuser options, so it&#8217;s perfect for modern homes, offices, and retailers.<\/p>\n<\/div>\n\n\n\n<p><\/p>","protected":false},"featured_media":14782,"template":"","meta":{"_acf_changed":true,"_seopress_robots_primary_cat":"none","_seopress_titles_title":"50mm Wide Recessed LED Channel 13mm Depth | TANGOOLED","_seopress_titles_desc":"Create bold light ribbons with our 50mm wide recessed LED channel. Featuring a slim 13mm depth, this flanged aluminum profile is perfect for wide-angle linear lighting in shallow ceilings and modern offices.","_seopress_robots_index":""},"pcb-width":[232],"product-cat":[193],"class_list":{"0":"post-34982","1":"product","2":"type-product","3":"status-publish","4":"has-post-thumbnail","6":"pcb-width-35-45mm","7":"product-cat-recessed-profile"},"acf":[],"_links":{"self":[{"href":"https:\/\/tangooled.com\/pt\/wp-json\/wp\/v2\/product\/34982","targetHints":{"allow":["GET"]}}],"collection":[{"href":"https:\/\/tangooled.com\/pt\/wp-json\/wp\/v2\/product"}],"about":[{"href":"https:\/\/tangooled.com\/pt\/wp-json\/wp\/v2\/types\/product"}],"wp:featuredmedia":[{"embeddable":true,"href":"https:\/\/tangooled.com\/pt\/wp-json\/wp\/v2\/media\/14782"}],"wp:attachment":[{"href":"https:\/\/tangooled.com\/pt\/wp-json\/wp\/v2\/media?parent=34982"}],"wp:term":[{"taxonomy":"pcb-width","embeddable":true,"href":"https:\/\/tangooled.com\/pt\/wp-json\/wp\/v2\/pcb-width?post=34982"},{"taxonomy":"product-cat","embeddable":true,"href":"https:\/\/tangooled.com\/pt\/wp-json\/wp\/v2\/product-cat?post=34982"}],"curies":[{"name":"wp","href":"https:\/\/api.w.org\/{rel}","templated":true}]}}