{"id":34981,"date":"2025-07-01T05:13:13","date_gmt":"2025-07-01T13:13:13","guid":{"rendered":"https:\/\/tangooled.com\/?post_type=product&#038;p=34981"},"modified":"2026-01-25T20:01:49","modified_gmt":"2026-01-26T04:01:49","slug":"35x35mm-recessed-led-strip-profile-with-driver-space","status":"publish","type":"product","link":"https:\/\/tangooled.com\/pt\/product\/35x35mm-recessed-led-strip-profile-with-driver-space\/","title":{"rendered":"Perfil de fita LED embutido de 35x35mm com espa\u00e7o para driver"},"content":{"rendered":"<div class=\"wp-block-group is-vertical is-layout-flex wp-container-core-group-is-layout-d255d7c4 wp-block-group-is-layout-flex\" style=\"padding-top:var(--wp--preset--spacing--80);padding-bottom:var(--wp--preset--spacing--80)\">\n<p>This 35&#215;35 mm recessed LED strip profile with driver space is designed to hide both the LED strip and its power supply seamlessly within the ceiling. This 35x35mm LED profile features a removable middle tray, which is great for installing LED strips up to 21 mm wide. The rigid aluminum profile housing ensures excellent heat management, guaranteeing the long life of your lighting system.<\/p>\n\n\n\n<p>To install, simply attach the specialized recessed buckles to the profile&#8217;s back slots. This preparatory step is vital, as it allows the fixture to be securely pushed into the ceiling cutout, achieving a perfectly flush, trimless finish that integrates cleanly with the surrounding architecture.<\/p>\n\n\n\n<p>This 35&#215;35 mm recessed LED channel is ideally suited for impactful linear lighting in high-end commercial environments. This includes large-scale projects in offices, retail spaces, and hotel lobbies.<\/p>\n<\/div>\n\n\n\n<div class=\"wp-block-group has-background\" style=\"background-color:#f1f1f1;padding-top:var(--wp--preset--spacing--80);padding-bottom:var(--wp--preset--spacing--80)\"><div class=\"wp-block-group__inner-container is-layout-constrained wp-block-group-is-layout-constrained\">\n<div class=\"wp-block-group is-vertical is-layout-flex wp-container-core-group-is-layout-8cf370e7 wp-block-group-is-layout-flex\">\n<h2 class=\"wp-block-heading\" style=\"padding-top:var(--wp--preset--spacing--40);padding-bottom:var(--wp--preset--spacing--40);font-size:25px;font-style:normal;font-weight:600;text-transform:capitalize\">Por que escolher nosso perfil de fita LED de 35x35 mm?<\/h2>\n\n\n\n<ul class=\"wp-block-list\">\n<li>Espa\u00e7o para Driver Integrado: Dispon\u00edvel para um driver LED muito fino e mant\u00e9m-no escondido dentro do perfil, portanto, nenhuma caixa volumosa \u00e9 vis\u00edvel.<\/li>\n\n\n\n<li>Luz Suave sem Pontos: O difusor opalino torna a luz suave, sem manchas ou ofuscamento.<\/li>\n\n\n\n<li>Alum\u00ednio de Alta Qualidade: Um excelente dissipador de calor que mant\u00e9m os LEDs frios e prolonga sua vida \u00fatil.<\/li>\n\n\n\n<li>Design Embutido e Sem Moldura: F\u00e1cil de rebocar e faz a luz parecer suave.<\/li>\n\n\n\n<li>Voc\u00ea pode personaliz\u00e1-lo escolhendo o comprimento, acabamento de cor e acess\u00f3rios que funcionam melhor para o seu projeto.<\/li>\n<\/ul>\n<\/div>\n<\/div><\/div>\n\n\n\n<div class=\"wp-block-group\" style=\"padding-top:var(--wp--preset--spacing--60);padding-bottom:var(--wp--preset--spacing--60)\"><div class=\"wp-block-group__inner-container is-layout-constrained wp-block-group-is-layout-constrained\">\n<div class=\"wp-block-media-text has-media-on-the-right is-stacked-on-mobile\" style=\"grid-template-columns:auto 40%\"><div class=\"wp-block-media-text__content\">\n<h2 class=\"wp-block-heading\" style=\"padding-top:var(--wp--preset--spacing--40);padding-bottom:var(--wp--preset--spacing--40);font-size:25px;font-style:normal;font-weight:600;text-transform:capitalize\">Acess\u00f3rios &amp; Instala\u00e7\u00e3o<\/h2>\n\n\n\n<ul class=\"wp-block-list\">\n<li>Tampas de metal: Fechar as extremidades para dar um visual limpo.<\/li>\n\n\n\n<li>Suporte de mola: Mant\u00e9m o perfil no lugar enquanto voc\u00ea o instala.<\/li>\n\n\n\n<li>Fita LED: Funciona com fitas de at\u00e9 21 mm de largura, incluindo fitas LED COB com um alto CRI.<\/li>\n\n\n\n<li>Drivers: Use drivers LED ultra-finos de 24V que se encaixam dentro do espa\u00e7o vazio.<\/li>\n<\/ul>\n<\/div><figure class=\"wp-block-media-text__media\"><img loading=\"lazy\" decoding=\"async\" width=\"500\" height=\"500\" src=\"https:\/\/tangooled.com\/wp-content\/uploads\/2025\/07\/r3535-ins.webp\" alt=\"35x35mm recessed led tape profile with driver space\" class=\"wp-image-41854 size-full\" srcset=\"https:\/\/tangooled.com\/wp-content\/uploads\/2025\/07\/r3535-ins.webp 500w, https:\/\/tangooled.com\/wp-content\/uploads\/2025\/07\/r3535-ins-300x300.webp 300w, https:\/\/tangooled.com\/wp-content\/uploads\/2025\/07\/r3535-ins-150x150.webp 150w\" sizes=\"auto, (max-width: 500px) 100vw, 500px\" \/><\/figure><\/div>\n<\/div><\/div>\n\n\n\n<div class=\"wp-block-group has-background\" style=\"background-color:#f1f1f1;padding-top:var(--wp--preset--spacing--80);padding-bottom:var(--wp--preset--spacing--80)\"><div class=\"wp-block-group__inner-container is-layout-constrained wp-block-group-is-layout-constrained\">\n<h2 class=\"wp-block-heading\" style=\"padding-top:var(--wp--preset--spacing--40);padding-bottom:var(--wp--preset--spacing--40);font-size:25px;font-style:normal;font-weight:600;text-transform:capitalize\">Onde usar o perfil LED embutido de 35x35 mm<\/h2>\n\n\n\n<ul class=\"wp-block-list\">\n<li>Tetos e Paredes: Use o perfil para fazer linhas de luz limpas e modernas em drywall ou gesso.<\/li>\n\n\n\n<li>Ilumina\u00e7\u00e3o de Coves: Coloque luzes em cavas para criar luz suave e indireta.<\/li>\n\n\n\n<li>Ilumina\u00e7\u00e3o de Tarefas: \u00d3timo para mesas, arm\u00e1rios ou \u00e1reas que exigem luz clara.<\/li>\n\n\n\n<li>Varejo e Hospitalidade: A ilumina\u00e7\u00e3o moderna em lojas, hot\u00e9is ou escrit\u00f3rios proporciona um visual contempor\u00e2neo.<\/li>\n<\/ul>\n<\/div><\/div>\n\n\n\n<div class=\"wp-block-group\" style=\"padding-top:var(--wp--preset--spacing--80);padding-bottom:var(--wp--preset--spacing--80)\"><div class=\"wp-block-group__inner-container is-layout-constrained wp-block-group-is-layout-constrained\">\n<h2 class=\"wp-block-heading\" style=\"padding-top:var(--wp--preset--spacing--40);padding-bottom:var(--wp--preset--spacing--40);font-size:25px;font-style:normal;font-weight:600;text-transform:capitalize\">Produtos e fontes relacionadas<\/h2>\n\n\n\n<ul class=\"wp-block-list\">\n<li>Saiba mais sobre diferentes perfis LED lineares e acess\u00f3rios em <a href=\"https:\/\/klusdesign.eu\/en\/profiles-recessed\"><mark style=\"background-color:rgba(0, 0, 0, 0)\" class=\"has-inline-color has-vivid-red-color\">p\u00e1gina de perfis Klus Design<\/mark><\/a>.<\/li>\n\n\n\n<li>Para op\u00e7\u00f5es de luz de fita semi-difusa, veja <a href=\"https:\/\/lsicorp.com\/lighting\/product\/linear-semi-diffused\/\">L<mark style=\"background-color:rgba(0, 0, 0, 0)\" class=\"has-inline-color has-vivid-red-color\">Produto Semi-Difuso da SI Industries<\/mark><\/a>.<\/li>\n\n\n\n<li>Explorar <a href=\"https:\/\/www.jescolighting.com\/portfolio\/ch-sm-32\/\"><mark style=\"background-color:rgba(0, 0, 0, 0)\" class=\"has-inline-color has-vivid-red-color\">Jesco Lighting\u2019s recessed profiles<\/mark><\/a> para op\u00e7\u00f5es de design aprimoradas<\/li>\n<\/ul>\n<\/div><\/div>\n\n\n\n<div class=\"wp-block-group has-background\" style=\"background-color:#f1f1f1f2;padding-top:var(--wp--preset--spacing--80);padding-bottom:var(--wp--preset--spacing--80)\"><div class=\"wp-block-group__inner-container is-layout-constrained wp-block-group-is-layout-constrained\">\n<h2 class=\"wp-block-heading\" style=\"padding-top:var(--wp--preset--spacing--40);padding-bottom:var(--wp--preset--spacing--40);font-size:25px;font-style:normal;font-weight:600\">Escolha-nos para suas necessidades de perfil LED<\/h2>\n\n\n\n<p style=\"padding-right:var(--wp--preset--spacing--50);padding-left:var(--wp--preset--spacing--50)\">Este perfil de fita LED embutido de 35x35 mm com espa\u00e7o para drivers \u00e9 uma extrus\u00e3o arquitet\u00f4nica ideal para designers que desejam ilumina\u00e7\u00e3o embutida elegante e sem moldura com espa\u00e7o integrado para fonte de alimenta\u00e7\u00e3o. O corpo de alum\u00ednio 6063-T5 resfria rapidamente as fitas LED de alta qualidade, proporcionando um brilho limpo e sem pontos atrav\u00e9s de um dur\u00e1vel difusor opalino de PC. Pode ser alterado para se adequar \u00e0s suas necessidades e \u00e9 simples de montar. Funciona bem em resid\u00eancias, neg\u00f3cios, lojas e hot\u00e9is. <\/p>\n<\/div><\/div>\n\n\n\n<p><\/p>","protected":false},"featured_media":14810,"template":"","meta":{"_acf_changed":true,"_seopress_robots_primary_cat":"none","_seopress_titles_title":"35x35mm Recessed LED Strip Profile with Driver Space | TANGOOLED","_seopress_titles_desc":"The R3535 is a 35x35mm recessed LED strip profile with internal driver space. This large-scale aluminum channel simplifies installation by housing the power supply inside the profile.","_seopress_robots_index":""},"pcb-width":[229],"product-cat":[193],"class_list":{"0":"post-34981","1":"product","2":"type-product","3":"status-publish","4":"has-post-thumbnail","6":"pcb-width-15-20mm","7":"product-cat-recessed-profile"},"acf":[],"_links":{"self":[{"href":"https:\/\/tangooled.com\/pt\/wp-json\/wp\/v2\/product\/34981","targetHints":{"allow":["GET"]}}],"collection":[{"href":"https:\/\/tangooled.com\/pt\/wp-json\/wp\/v2\/product"}],"about":[{"href":"https:\/\/tangooled.com\/pt\/wp-json\/wp\/v2\/types\/product"}],"wp:featuredmedia":[{"embeddable":true,"href":"https:\/\/tangooled.com\/pt\/wp-json\/wp\/v2\/media\/14810"}],"wp:attachment":[{"href":"https:\/\/tangooled.com\/pt\/wp-json\/wp\/v2\/media?parent=34981"}],"wp:term":[{"taxonomy":"pcb-width","embeddable":true,"href":"https:\/\/tangooled.com\/pt\/wp-json\/wp\/v2\/pcb-width?post=34981"},{"taxonomy":"product-cat","embeddable":true,"href":"https:\/\/tangooled.com\/pt\/wp-json\/wp\/v2\/product-cat?post=34981"}],"curies":[{"name":"wp","href":"https:\/\/api.w.org\/{rel}","templated":true}]}}