{"id":34971,"date":"2025-07-01T02:43:16","date_gmt":"2025-07-01T10:43:16","guid":{"rendered":"https:\/\/tangooled.com\/?post_type=product&#038;p=34971"},"modified":"2026-01-25T19:53:34","modified_gmt":"2026-01-26T03:53:34","slug":"32mm-deep-recessed-led-strip-channel","status":"publish","type":"product","link":"https:\/\/tangooled.com\/pt\/product\/32mm-deep-recessed-led-strip-channel\/","title":{"rendered":"Canal de fita LED embutido de 32mm de profundidade"},"content":{"rendered":"<div class=\"wp-block-group is-vertical is-layout-flex wp-container-core-group-is-layout-d255d7c4 wp-block-group-is-layout-flex\" style=\"padding-top:var(--wp--preset--spacing--80);padding-bottom:var(--wp--preset--spacing--80)\">\n<p>O nosso perfil R3532 \u00e9 um canal LED embutido com 32mm de profundidade. Ele fornece uma luz suave e de alta qualidade. A base deste perfil tem apenas 32mm de profundidade e 35mm de largura, mas pode suportar fitas LED de at\u00e9 25mm de largura para uma distribui\u00e7\u00e3o \u00f3tima da luz.<\/p>\n\n\n\n<p>The aluminum frame isn&#8217;t just for looks; it&#8217;s also a high-performance heatsink that keeps the LED strips&nbsp;functioning smoothly for a long period. The&nbsp;installation process is easy, starting with&nbsp;inserting&nbsp;special&nbsp;recessed&nbsp;buckles&nbsp;into&nbsp;the&nbsp;channel&#8217;s&nbsp;back slot, then pressing the profile into the ceiling&nbsp;or&nbsp;drywall&nbsp;groove,&nbsp;leaving&nbsp;a&nbsp;perfect,&nbsp;trimless&nbsp;finish.<\/p>\n\n\n\n<p>Esta lumin\u00e1ria \u00e9 adequada para projetos de arquitetura moderna, pois proporciona luz linear discreta e cont\u00ednua, ideal para ambientes profissionais, incluindo lobbies corporativos, salas de exposi\u00e7\u00e3o especiais e espa\u00e7os de escrit\u00f3rio modernos.<\/p>\n<\/div>\n\n\n\n<div class=\"wp-block-group has-background\" style=\"background-color:#f1f1f1;padding-top:var(--wp--preset--spacing--60);padding-bottom:var(--wp--preset--spacing--60)\"><div class=\"wp-block-group__inner-container is-layout-constrained wp-block-group-is-layout-constrained\">\n<div class=\"wp-block-group\" style=\"padding-top:var(--wp--preset--spacing--80);padding-bottom:var(--wp--preset--spacing--80)\"><div class=\"wp-block-group__inner-container is-layout-constrained wp-block-group-is-layout-constrained\">\n<h2 class=\"wp-block-heading\" style=\"padding-top:var(--wp--preset--spacing--40);padding-bottom:var(--wp--preset--spacing--40);font-size:25px;font-style:normal;font-weight:600;text-transform:capitalize\">Por que escolher o nosso canal LED embutido de 32mm?<\/h2>\n\n\n\n<ul class=\"wp-block-list\">\n<li>Largura interna de 25.6mm: Isso se ajusta a fitas LED de at\u00e9 25mm de largura, incluindo LEDs COB (Chip on Board) de alta densidade ou SMDs de dupla linha, proporcionando a luz mais brilhante e uniforme.<\/li>\n\n\n\n<li>Design embutido: As flanges embutidas facilitam a instala\u00e7\u00e3o em placas de gesso, tornando a habita\u00e7\u00e3o LED invis\u00edvel.<\/li>\n\n\n\n<li>Difus\u00e3o suave, sem pontos: Vem com um difusor de PC opalino de alta qualidade que torna a sa\u00edda de luz uniforme e sem ofuscamento, sem pontos ou manchas de LED.<\/li>\n\n\n\n<li>Material de alta qualidade: O alum\u00ednio anodizado \u00e9 utilizado para fabricar este canal, o que ajuda as LEDs a durarem mais e funcionarem melhor, dispersando o calor de maneira uniforme.<\/li>\n\n\n\n<li>Pode ser usado para diferentes aplica\u00e7\u00f5es: \u00f3timo para projetos residenciais, comerciais e arquitet\u00f4nicos, incluindo ilumina\u00e7\u00e3o embutida, ilumina\u00e7\u00e3o sob arm\u00e1rios, ilumina\u00e7\u00e3o embutida na parede e ilumina\u00e7\u00e3o ambiental no teto.<\/li>\n<\/ul>\n<\/div><\/div>\n<\/div><\/div>\n\n\n\n<div class=\"wp-block-group\" style=\"padding-top:var(--wp--preset--spacing--60);padding-bottom:var(--wp--preset--spacing--60)\"><div class=\"wp-block-group__inner-container is-layout-constrained wp-block-group-is-layout-constrained\">\n<div class=\"wp-block-media-text has-media-on-the-right is-stacked-on-mobile\" style=\"grid-template-columns:auto 40%\"><div class=\"wp-block-media-text__content\">\n<h2 class=\"wp-block-heading\" style=\"padding-top:var(--wp--preset--spacing--40);padding-bottom:var(--wp--preset--spacing--40);font-size:25px;font-style:normal;font-weight:600;text-transform:capitalize\">Instala\u00e7\u00e3o Simplificada<\/h2>\n\n\n\n<ul class=\"wp-block-list\">\n<li>Fa\u00e7a um corte limpo e reto no seu teto ou placa de gesso.<\/li>\n\n\n\n<li>Use as fivelas embutidas que v\u00eam com a extrus\u00e3o de alum\u00ednio para mant\u00ea-la no lugar.<\/li>\n\n\n\n<li>Coloque sua fita LED no canal e conecte os fios.<\/li>\n\n\n\n<li>Coloque o difusor na posi\u00e7\u00e3o para obter uma luz suave e uniforme.<\/li>\n<\/ul>\n<\/div><figure class=\"wp-block-media-text__media\"><img loading=\"lazy\" decoding=\"async\" width=\"500\" height=\"500\" src=\"https:\/\/tangooled.com\/wp-content\/uploads\/2025\/07\/r3532-ins.webp\" alt=\"35mm recessed silver led strip light channel\" class=\"wp-image-41828 size-full\" srcset=\"https:\/\/tangooled.com\/wp-content\/uploads\/2025\/07\/r3532-ins.webp 500w, https:\/\/tangooled.com\/wp-content\/uploads\/2025\/07\/r3532-ins-300x300.webp 300w, https:\/\/tangooled.com\/wp-content\/uploads\/2025\/07\/r3532-ins-150x150.webp 150w\" sizes=\"auto, (max-width: 500px) 100vw, 500px\" \/><\/figure><\/div>\n<\/div><\/div>\n\n\n\n<div class=\"wp-block-group has-background is-vertical is-layout-flex wp-container-core-group-is-layout-b429018a wp-block-group-is-layout-flex\" style=\"background-color:#f1f1f1f2;padding-top:var(--wp--preset--spacing--70);padding-bottom:var(--wp--preset--spacing--70)\">\n<h2 class=\"wp-block-heading\" style=\"padding-top:var(--wp--preset--spacing--40);padding-bottom:var(--wp--preset--spacing--40);font-size:25px;font-style:normal;font-weight:600\">O que voc\u00ea recebe quando compra?<\/h2>\n\n\n\n<ul class=\"wp-block-list\">\n<li>Um canal de alum\u00ednio embutido de 32mm de profundidade<\/li>\n\n\n\n<li>1 Tampa Difusora de Policarbonato Opalino<\/li>\n\n\n\n<li>Dois tamp\u00f5es met\u00e1licos pint\u00e1veis<\/li>\n\n\n\n<li>Fivelas embutidas para montar o canal com seguran\u00e7a.<\/li>\n<\/ul>\n<\/div>\n\n\n\n<div class=\"wp-block-group\" style=\"padding-top:var(--wp--preset--spacing--80);padding-bottom:var(--wp--preset--spacing--80)\"><div class=\"wp-block-group__inner-container is-layout-constrained wp-block-group-is-layout-constrained\">\n<h2 class=\"wp-block-heading\" style=\"padding-top:var(--wp--preset--spacing--40);padding-bottom:var(--wp--preset--spacing--40);font-size:25px;font-style:normal;font-weight:600;text-transform:capitalize\">Cen\u00e1rios de Uso Ideais para o Nosso Canal LED Embutido de 32mm de Profundidade<\/h2>\n\n\n\n<ul class=\"wp-block-list\">\n<li>Ilumina\u00e7\u00e3o de Cove Arquitet\u00f4nica: Use o teto para criar linhas de luz que v\u00e3o continuar para um belo efeito de ilumina\u00e7\u00e3o.<\/li>\n\n\n\n<li>Ilumina\u00e7\u00e3o Embutida na Parede: \u00d3timo para paredes de destaque e ilumina\u00e7\u00e3o de caracter\u00edsticas em hot\u00e9is, locais de trabalho e varejistas.<\/li>\n\n\n\n<li>Under-Cabinet and Shelf Lighting: This type of lighting makes it easier to see what you&#8217;re doing in kitchens and display cabinets.<\/li>\n\n\n\n<li>Espa\u00e7os Comerciais: \u00d3timo para iluminar escrit\u00f3rios, lobbies de hotel e lojas de alto padr\u00e3o.<\/li>\n<\/ul>\n<\/div><\/div>\n\n\n\n<p><\/p>","protected":false},"featured_media":14815,"template":"","meta":{"_acf_changed":true,"_seopress_robots_primary_cat":"none","_seopress_titles_title":"32mm Deep Recessed LED Channel | Free-spot Aluminum Profile | TANGOOLED","_seopress_titles_desc":"Achieve flawless, dot-free lighting with our 32mm deep recessed LED channel. This extra-deep aluminum profile provides superior light diffusion for high-end architectural projects, ensuring a seamless linear glow.","_seopress_robots_index":""},"pcb-width":[230],"product-cat":[193],"class_list":{"0":"post-34971","1":"product","2":"type-product","3":"status-publish","4":"has-post-thumbnail","6":"pcb-width-20-25mm","7":"product-cat-recessed-profile"},"acf":[],"_links":{"self":[{"href":"https:\/\/tangooled.com\/pt\/wp-json\/wp\/v2\/product\/34971","targetHints":{"allow":["GET"]}}],"collection":[{"href":"https:\/\/tangooled.com\/pt\/wp-json\/wp\/v2\/product"}],"about":[{"href":"https:\/\/tangooled.com\/pt\/wp-json\/wp\/v2\/types\/product"}],"wp:featuredmedia":[{"embeddable":true,"href":"https:\/\/tangooled.com\/pt\/wp-json\/wp\/v2\/media\/14815"}],"wp:attachment":[{"href":"https:\/\/tangooled.com\/pt\/wp-json\/wp\/v2\/media?parent=34971"}],"wp:term":[{"taxonomy":"pcb-width","embeddable":true,"href":"https:\/\/tangooled.com\/pt\/wp-json\/wp\/v2\/pcb-width?post=34971"},{"taxonomy":"product-cat","embeddable":true,"href":"https:\/\/tangooled.com\/pt\/wp-json\/wp\/v2\/product-cat?post=34971"}],"curies":[{"name":"wp","href":"https:\/\/api.w.org\/{rel}","templated":true}]}}