{"id":34970,"date":"2025-07-01T02:35:07","date_gmt":"2025-07-01T10:35:07","guid":{"rendered":"https:\/\/tangooled.com\/?post_type=product&#038;p=34970"},"modified":"2026-01-25T19:38:18","modified_gmt":"2026-01-26T03:38:18","slug":"18mm-recessed-led-low-profile-channel-35x18mm","status":"publish","type":"product","link":"https:\/\/tangooled.com\/pt\/product\/18mm-recessed-led-low-profile-channel-35x18mm\/","title":{"rendered":"Canal de Alum\u00ednio Recuado de LED de Baixo Perfil de 18mm"},"content":{"rendered":"<div class=\"wp-block-group is-vertical is-layout-flex wp-container-core-group-is-layout-d255d7c4 wp-block-group-is-layout-flex\" style=\"padding-top:var(--wp--preset--spacing--80);padding-bottom:var(--wp--preset--spacing--80)\">\n<p>Este canal de LED de baixo perfil recuado de 18mm \u00e9 uma \u00f3tima maneira de ter uma ilumina\u00e7\u00e3o linear que \u00e9 limpa, brilhante e integrada. Este canal de alum\u00ednio com flange \u00e9 feito para instala\u00e7\u00f5es onde a profundidade \u00e9 uma considera\u00e7\u00e3o importante. Tem uma largura de base de 35mm e uma altura de 18mm.<br>A largura interna deste perfil raso \u00e9 de 21mm, o que \u00e9 grande o suficiente para suportar fitas de LED t\u00edpicas e de alta densidade. Isso \u00e9 vital para garantir que o efeito de ilumina\u00e7\u00e3o seja suave e sem pontos. A estrutura robusta do perfil de alum\u00ednio tamb\u00e9m ajuda as fitas de LED a durarem mais ao permitir que o calor escape facilmente.<br>It&#8217;s straightforward to set up: just fit the recessed buckle clips into the\u00a0channel\u2018s back\u00a0first, then set the profile in the cutout in the ceiling or drywall and hold it in place. This process ensures that the finished product appears neat and trimless, allowing the channel to blend in with its surroundings and look highly integrated.<\/p>\n<\/div>\n\n\n\n<div class=\"wp-block-group has-background is-vertical is-layout-flex wp-container-core-group-is-layout-d255d7c4 wp-block-group-is-layout-flex\" style=\"background-color:#f1f1f1;padding-top:var(--wp--preset--spacing--80);padding-bottom:var(--wp--preset--spacing--80)\">\n<div class=\"wp-block-group is-vertical is-layout-flex wp-container-core-group-is-layout-8cf370e7 wp-block-group-is-layout-flex\">\n<h2 class=\"wp-block-heading\" style=\"padding-top:var(--wp--preset--spacing--40);padding-bottom:var(--wp--preset--spacing--40);font-size:25px;font-style:normal;font-weight:600;text-transform:capitalize\">Por que escolher o LED de baixo perfil recuado de 18mm?<\/h2>\n\n\n\n<ul class=\"wp-block-list\">\n<li>Perfil fino e baixo: A altura de 18mm se encaixa em pequenos espa\u00e7os, como fendas de drywall e arm\u00e1rios.<\/li>\n\n\n\n<li>Luz suave e sem pontos: Use com difusores opalescentes e fitas de LED de alta densidade para obter luz uniforme.<\/li>\n\n\n\n<li>Forte e duradouro: Feito de alum\u00ednio anodizado, que \u00e9 resistente e mant\u00e9m seus LEDs frescos.<\/li>\n\n\n\n<li>F\u00e1cil de montar: O design com flange oculta as bordas cortadas para um acabamento limpo e nivelado.<\/li>\n\n\n\n<li>Muitas utiliza\u00e7\u00f5es: \u00d3timo para ilumina\u00e7\u00e3o em tetos, prateleiras, sancas, exibi\u00e7\u00f5es de lojas e paredes.<\/li>\n<\/ul>\n<\/div>\n<\/div>\n\n\n\n<div class=\"wp-block-group\" style=\"padding-top:var(--wp--preset--spacing--60);padding-bottom:var(--wp--preset--spacing--60)\"><div class=\"wp-block-group__inner-container is-layout-constrained wp-block-group-is-layout-constrained\">\n<div class=\"wp-block-media-text has-media-on-the-right is-stacked-on-mobile\" style=\"grid-template-columns:auto 40%\"><div class=\"wp-block-media-text__content\">\n<h2 class=\"wp-block-heading\" style=\"padding-top:var(--wp--preset--spacing--40);padding-bottom:var(--wp--preset--spacing--40);font-size:25px;font-style:normal;font-weight:600;text-transform:capitalize\">Dicas de instala\u00e7\u00e3o f\u00e1cil<\/h2>\n\n\n\n<ul class=\"wp-block-list\">\n<li>Fa\u00e7a um sulco no drywall, teto ou madeira onde voc\u00ea deseja coloc\u00e1-lo.<\/li>\n\n\n\n<li>Coloque o canal recuado de baixo perfil de 18mm no sulco.<\/li>\n\n\n\n<li>Use fivelas recuadas ou fita adesiva para mant\u00ea-lo no lugar.<\/li>\n\n\n\n<li>Coloque sua fita LED dentro do canal.<\/li>\n\n\n\n<li>Coloque o difusor para obter luz suave e uniforme.<\/li>\n\n\n\n<li>Conecte o equipamento de energia e controle correto.<\/li>\n<\/ul>\n<\/div><figure class=\"wp-block-media-text__media\"><img loading=\"lazy\" decoding=\"async\" width=\"500\" height=\"500\" src=\"https:\/\/tangooled.com\/wp-content\/uploads\/2025\/07\/r3518-ins.webp\" alt=\"35x18mm led low profile recessed channel\" class=\"wp-image-41825 size-full\" srcset=\"https:\/\/tangooled.com\/wp-content\/uploads\/2025\/07\/r3518-ins.webp 500w, https:\/\/tangooled.com\/wp-content\/uploads\/2025\/07\/r3518-ins-300x300.webp 300w, https:\/\/tangooled.com\/wp-content\/uploads\/2025\/07\/r3518-ins-150x150.webp 150w\" sizes=\"auto, (max-width: 500px) 100vw, 500px\" \/><\/figure><\/div>\n<\/div><\/div>\n\n\n\n<div class=\"wp-block-group has-background\" style=\"background-color:#f1f1f1f2;padding-top:var(--wp--preset--spacing--80);padding-bottom:var(--wp--preset--spacing--80)\"><div class=\"wp-block-group__inner-container is-layout-constrained wp-block-group-is-layout-constrained\">\n<h2 class=\"wp-block-heading\" style=\"padding-top:var(--wp--preset--spacing--40);padding-bottom:var(--wp--preset--spacing--40);font-size:25px;font-style:normal;font-weight:600\">O kit vem com<\/h2>\n\n\n\n<ul class=\"wp-block-list\">\n<li>1x canal de alum\u00ednio anodizado<\/li>\n\n\n\n<li>1x difusor correspondente (opalescente, fosco, transparente ou personalizado)<\/li>\n\n\n\n<li>2x tampas de metal para um acabamento limpo<\/li>\n\n\n\n<li>Fivelas recuadas para instala\u00e7\u00e3o segura<\/li>\n<\/ul>\n<\/div><\/div>\n\n\n\n<div class=\"wp-block-group\" style=\"padding-top:var(--wp--preset--spacing--80);padding-bottom:var(--wp--preset--spacing--80)\"><div class=\"wp-block-group__inner-container is-layout-constrained wp-block-group-is-layout-constrained\">\n<h2 class=\"wp-block-heading\" style=\"padding-top:var(--wp--preset--spacing--40);padding-bottom:var(--wp--preset--spacing--40);font-size:25px;font-style:normal;font-weight:600;text-transform:capitalize\">Usos e aplica\u00e7\u00f5es<\/h2>\n\n\n\n<ul class=\"wp-block-list\">\n<li>Instala\u00e7\u00e3o de fita de LED interna em escrit\u00f3rios, lares, hot\u00e9is e lojas de varejo.<\/li>\n\n\n\n<li>Ilumina\u00e7\u00e3o sob o arm\u00e1rio e marcenaria personalizada para ilumina\u00e7\u00e3o de tarefas brilhante e organizada.<\/li>\n\n\n\n<li>Ilumina\u00e7\u00e3o de cove e indireta para criar um clima em lares ou empresas.<\/li>\n\n\n\n<li>Low-profile closet and wardrobe lighting that doesn&#8217;t stand out when placed.<\/li>\n<\/ul>\n<\/div><\/div>\n\n\n\n<p><\/p>","protected":false},"featured_media":14828,"template":"","meta":{"_acf_changed":true,"_seopress_robots_primary_cat":"none","_seopress_titles_title":"18mm Recessed LED Low Profile Channel 35x18mm | TANGOOLED","_seopress_titles_desc":"Enhance your space with our 18mm recessed LED low profile channel 35x13mm. This thin and wide aluminum profile is designed for seamless integration in furniture and walls.","_seopress_robots_index":""},"pcb-width":[230],"product-cat":[193],"class_list":{"0":"post-34970","1":"product","2":"type-product","3":"status-publish","4":"has-post-thumbnail","6":"pcb-width-20-25mm","7":"product-cat-recessed-profile"},"acf":[],"_links":{"self":[{"href":"https:\/\/tangooled.com\/pt\/wp-json\/wp\/v2\/product\/34970","targetHints":{"allow":["GET"]}}],"collection":[{"href":"https:\/\/tangooled.com\/pt\/wp-json\/wp\/v2\/product"}],"about":[{"href":"https:\/\/tangooled.com\/pt\/wp-json\/wp\/v2\/types\/product"}],"wp:featuredmedia":[{"embeddable":true,"href":"https:\/\/tangooled.com\/pt\/wp-json\/wp\/v2\/media\/14828"}],"wp:attachment":[{"href":"https:\/\/tangooled.com\/pt\/wp-json\/wp\/v2\/media?parent=34970"}],"wp:term":[{"taxonomy":"pcb-width","embeddable":true,"href":"https:\/\/tangooled.com\/pt\/wp-json\/wp\/v2\/pcb-width?post=34970"},{"taxonomy":"product-cat","embeddable":true,"href":"https:\/\/tangooled.com\/pt\/wp-json\/wp\/v2\/product-cat?post=34970"}],"curies":[{"name":"wp","href":"https:\/\/api.w.org\/{rel}","templated":true}]}}