{"id":34968,"date":"2025-07-01T02:31:49","date_gmt":"2025-07-01T10:31:49","guid":{"rendered":"https:\/\/tangooled.com\/?post_type=product&#038;p=34968"},"modified":"2026-01-31T01:17:00","modified_gmt":"2026-01-31T09:17:00","slug":"13mm-deep-recessed-flange-led-light-channel-35x13mm","status":"publish","type":"product","link":"https:\/\/tangooled.com\/pt\/product\/13mm-deep-recessed-flange-led-light-channel-35x13mm\/","title":{"rendered":"canal de luz LED de flange embutido de 13mm de profundidade"},"content":{"rendered":"<div class=\"wp-block-group is-vertical is-layout-flex wp-container-core-group-is-layout-d255d7c4 wp-block-group-is-layout-flex\" style=\"padding-top:var(--wp--preset--spacing--80);padding-bottom:var(--wp--preset--spacing--80)\">\n<p>Nosso canal de luz LED embutido de 13mm de profundidade \u00e9 uma maneira simples e discreta de adicionar ilumina\u00e7\u00e3o a um espa\u00e7o. Este canal \u00e9 \u00f3timo para espa\u00e7os apertados, pois tem apenas 13mm de altura e 35mm de largura na base. Tamb\u00e9m possui uma largura interna de 21mm, o que significa que voc\u00ea pode utilizar uma ou mais fitas LED largas.<br>O canal de alum\u00ednio para as luzes de fita LED funciona bem como um dissipador de calor, o que aumenta sua durabilidade. O canal possui bordas e \u00e9 feito para se encaixar perfeitamente em drywall ou tetos sem lacunas. O diagrama mostra como facilitar a instala\u00e7\u00e3o: primeiro, fixe as fivelas embutidas no slot de tr\u00e1s e, em seguida, empurre o canal com seguran\u00e7a na abertura.<br>Este canal raso \u00e9 perfeito para adicionar luz ambiente a cozinhas modernas e corredores, al\u00e9m de ser ideal para ilumina\u00e7\u00e3o de destaque em arquitetura, prateleiras e arm\u00e1rios de exibi\u00e7\u00e3o.<\/p>\n<\/div>\n\n\n\n<div class=\"wp-block-group has-background is-vertical is-layout-flex wp-container-core-group-is-layout-d255d7c4 wp-block-group-is-layout-flex\" style=\"background-color:#f1f1f1;padding-top:var(--wp--preset--spacing--80);padding-bottom:var(--wp--preset--spacing--80)\">\n<div class=\"wp-block-group is-vertical is-layout-flex wp-container-core-group-is-layout-8cf370e7 wp-block-group-is-layout-flex\">\n<h2 class=\"wp-block-heading\" style=\"padding-top:var(--wp--preset--spacing--40);padding-bottom:var(--wp--preset--spacing--40);font-size:25px;font-style:normal;font-weight:600;text-transform:capitalize\">Por que escolher o canal LED de alum\u00ednio embutido de 13mm?<\/h2>\n\n\n\n<ul class=\"wp-block-list\">\n<li>O design do canal embutido oferece uma apar\u00eancia limpa e integrada<\/li>\n\n\n\n<li>Alum\u00ednio anodizado forte 6063-T5 para ajudar a manter os LEDs frios<\/li>\n\n\n\n<li>Funciona com muitas fitas de luz LED<\/li>\n\n\n\n<li>Possui uma capa difusora opalina que torna a luz mais suave e uniforme<\/li>\n\n\n\n<li>F\u00e1cil de instalar para instala\u00e7\u00e3o em drywall, arm\u00e1rios, m\u00f3veis e mais<\/li>\n\n\n\n<li>Dispon\u00edvel em acabamentos prata, preto e branco<\/li>\n<\/ul>\n<\/div>\n<\/div>\n\n\n\n<div class=\"wp-block-group\" style=\"padding-top:var(--wp--preset--spacing--60);padding-bottom:var(--wp--preset--spacing--60)\"><div class=\"wp-block-group__inner-container is-layout-constrained wp-block-group-is-layout-constrained\">\n<div class=\"wp-block-media-text has-media-on-the-right is-stacked-on-mobile\" style=\"grid-template-columns:auto 40%\"><div class=\"wp-block-media-text__content\">\n<h2 class=\"wp-block-heading\" style=\"padding-top:var(--wp--preset--spacing--40);padding-bottom:var(--wp--preset--spacing--40);font-size:25px;font-style:normal;font-weight:600;text-transform:capitalize\">Como instalar<\/h2>\n\n\n\n<ul class=\"wp-block-list\">\n<li>Corte um v\u00e3o que tenha 35mm de largura e 13mm de profundidade em sua superf\u00edcie.<\/li>\n\n\n\n<li>Limpe o v\u00e3o e pressione o canal de alum\u00ednio at\u00e9 o fundo. O acabamento com borda disfar\u00e7ar\u00e1 quaisquer bordas irregulares.<\/li>\n\n\n\n<li>Use fivelas ou cola forte para mant\u00ea-lo no lugar.<\/li>\n\n\n\n<li>Coloque sua fita de luz LED dentro do canal.<\/li>\n\n\n\n<li>Coloque o difusor fosco para deixar a luz mais suave e mais brilhante.<\/li>\n\n\n\n<li>Adicione as tampas de extremidade para finalizar.<\/li>\n<\/ul>\n<\/div><figure class=\"wp-block-media-text__media\"><img loading=\"lazy\" decoding=\"async\" width=\"500\" height=\"500\" src=\"https:\/\/tangooled.com\/wp-content\/uploads\/2025\/07\/r3513-ins.webp\" alt=\"35x13mm recessed aluminum led light channel\" class=\"wp-image-41814 size-full\" srcset=\"https:\/\/tangooled.com\/wp-content\/uploads\/2025\/07\/r3513-ins.webp 500w, https:\/\/tangooled.com\/wp-content\/uploads\/2025\/07\/r3513-ins-300x300.webp 300w, https:\/\/tangooled.com\/wp-content\/uploads\/2025\/07\/r3513-ins-150x150.webp 150w\" sizes=\"auto, (max-width: 500px) 100vw, 500px\" \/><\/figure><\/div>\n<\/div><\/div>\n\n\n\n<div class=\"wp-block-group has-background is-vertical is-layout-flex wp-container-core-group-is-layout-b429018a wp-block-group-is-layout-flex\" style=\"background-color:#f1f1f1f2;padding-top:var(--wp--preset--spacing--70);padding-bottom:var(--wp--preset--spacing--70)\">\n<h2 class=\"wp-block-heading\" style=\"padding-top:var(--wp--preset--spacing--40);padding-bottom:var(--wp--preset--spacing--40);font-size:25px;font-style:normal;font-weight:600\">O que vem no kit?<\/h2>\n\n\n\n<ul class=\"wp-block-list\">\n<li>1x canal de alum\u00ednio LED embutido<\/li>\n\n\n\n<li>1x capa difusora opalina para suavizar a luz<\/li>\n\n\n\n<li>2x tampas de extremidade para manter a fia\u00e7\u00e3o organizada e segura<\/li>\n\n\n\n<li>Fivelas embutidas para uma fixa\u00e7\u00e3o forte<\/li>\n<\/ul>\n<\/div>\n\n\n\n<div class=\"wp-block-group is-vertical is-layout-flex wp-container-core-group-is-layout-d255d7c4 wp-block-group-is-layout-flex\" style=\"padding-top:var(--wp--preset--spacing--80);padding-bottom:var(--wp--preset--spacing--80)\">\n<h2 class=\"wp-block-heading\" style=\"padding-top:var(--wp--preset--spacing--40);padding-bottom:var(--wp--preset--spacing--40);font-size:25px;font-style:normal;font-weight:600;text-transform:capitalize\"> Perfeito para Estas Aplica\u00e7\u00f5es<\/h2>\n\n\n\n<ul class=\"wp-block-list\">\n<li>Ilumina\u00e7\u00e3o sob arm\u00e1rios e prateleiras: Torne cozinhas, closets e exibi\u00e7\u00f5es mais brilhantes.<\/li>\n\n\n\n<li>Ilumina\u00e7\u00e3o de cove e arquitet\u00f4nica: Crie linhas de luz ocultas em paredes e tetos.<\/li>\n\n\n\n<li>Exibi\u00e7\u00f5es comerciais e de varejo: Use LEDs brilhantes e limpos para exibir produtos.<\/li>\n\n\n\n<li>Habita\u00e7\u00e3o de luz para m\u00f3veis e arm\u00e1rios: Luzes embutidas em closets e prateleiras.<\/li>\n<\/ul>\n<\/div>\n\n\n\n<div class=\"wp-block-group has-background is-vertical is-layout-flex wp-container-core-group-is-layout-b429018a wp-block-group-is-layout-flex\" style=\"background-color:#f1f1f1f2;padding-top:var(--wp--preset--spacing--70);padding-bottom:var(--wp--preset--spacing--70)\">\n<h2 class=\"wp-block-heading\" style=\"padding-top:var(--wp--preset--spacing--40);padding-bottom:var(--wp--preset--spacing--40);font-size:25px;font-style:normal;font-weight:600;text-transform:capitalize\">produtos que voc\u00ea pode gostar<\/h2>\n\n\n\n<ul class=\"wp-block-list\">\n<li><a href=\"https:\/\/tangooled.com\/pt\/product\/black-led-diffuser-aluminum-channel-for-12mm-tape-lights\/\"><mark style=\"background-color:rgba(0, 0, 0, 0)\" class=\"has-inline-color has-vivid-red-color\">Canal de alum\u00ednio com difusor LED preto para luzes de fita de 12mm<\/mark><\/a><\/li>\n\n\n\n<li><a href=\"https:\/\/tangooled.com\/pt\/product\/25x14m-surface-mounted-led-light-aluminum-profile\/\"><mark style=\"background-color:rgba(0, 0, 0, 0)\" class=\"has-inline-color has-vivid-red-color\">perfil de alum\u00ednio LED montado na superf\u00edcie de 25x14mm<\/mark><\/a><\/li>\n\n\n\n<li><a href=\"https:\/\/tangooled.com\/pt\/product\/led-strip-light-channel-aluminum-profile-with-diffused-cover-6mm-height\/\"><mark style=\"background-color:rgba(0, 0, 0, 0)\" class=\"has-inline-color has-vivid-red-color\">Canal de luz LED de alum\u00ednio com cobertura difusa, altura de 6 mm<\/mark><\/a><\/li>\n\n\n\n<li><a href=\"https:\/\/tangooled.com\/pt\/product\/recessed-led-aluminum-profile-up-and-down-lighting-channel-for-cabinet\/\"><mark style=\"background-color:rgba(0, 0, 0, 0)\" class=\"has-inline-color has-vivid-red-color\">Perfil de alum\u00ednio LED embutido para ilumina\u00e7\u00e3o superior e inferior para arm\u00e1rios<\/mark><\/a><\/li>\n<\/ul>\n<\/div>\n\n\n\n<p><\/p>","protected":false},"featured_media":14831,"template":"","meta":{"_acf_changed":true,"_seopress_robots_primary_cat":"none","_seopress_titles_title":"13mm Deep Recessed LED Channel Aluminum Lighting Profile | TANGOOLED","_seopress_titles_desc":"Experience smooth linear lighting with our 13mm deep recessed LED channel. This recessed aluminum profile is designed for a flush-mount finish, providing excellent heat dissipation for professional indoor projects.","_seopress_robots_index":""},"pcb-width":[229],"product-cat":[193],"class_list":{"0":"post-34968","1":"product","2":"type-product","3":"status-publish","4":"has-post-thumbnail","6":"pcb-width-15-20mm","7":"product-cat-recessed-profile"},"acf":[],"_links":{"self":[{"href":"https:\/\/tangooled.com\/pt\/wp-json\/wp\/v2\/product\/34968","targetHints":{"allow":["GET"]}}],"collection":[{"href":"https:\/\/tangooled.com\/pt\/wp-json\/wp\/v2\/product"}],"about":[{"href":"https:\/\/tangooled.com\/pt\/wp-json\/wp\/v2\/types\/product"}],"wp:featuredmedia":[{"embeddable":true,"href":"https:\/\/tangooled.com\/pt\/wp-json\/wp\/v2\/media\/14831"}],"wp:attachment":[{"href":"https:\/\/tangooled.com\/pt\/wp-json\/wp\/v2\/media?parent=34968"}],"wp:term":[{"taxonomy":"pcb-width","embeddable":true,"href":"https:\/\/tangooled.com\/pt\/wp-json\/wp\/v2\/pcb-width?post=34968"},{"taxonomy":"product-cat","embeddable":true,"href":"https:\/\/tangooled.com\/pt\/wp-json\/wp\/v2\/product-cat?post=34968"}],"curies":[{"name":"wp","href":"https:\/\/api.w.org\/{rel}","templated":true}]}}