{"id":34967,"date":"2025-07-01T02:24:45","date_gmt":"2025-07-01T10:24:45","guid":{"rendered":"https:\/\/tangooled.com\/?post_type=product&#038;p=34967"},"modified":"2026-02-02T22:23:22","modified_gmt":"2026-02-03T06:23:22","slug":"inner-31mm-led-recessed-aluminum-profile-for-double-led-strips","status":"publish","type":"product","link":"https:\/\/tangooled.com\/pt\/product\/inner-31mm-led-recessed-aluminum-profile-for-double-led-strips\/","title":{"rendered":"perfil de alum\u00ednio embutido de 31mm LED para fitas duplas"},"content":{"rendered":"<div class=\"wp-block-group\" style=\"padding-top:var(--wp--preset--spacing--80);padding-bottom:var(--wp--preset--spacing--80)\"><div class=\"wp-block-group__inner-container is-layout-constrained wp-block-group-is-layout-constrained\">\n<p>Voc\u00ea pode melhorar sua ilumina\u00e7\u00e3o com nosso perfil de alum\u00ednio embutido de 31mm, que pode acomodar duas fitas de LED lado a lado. Feito de alum\u00ednio extrudado 6063-T5 e com capa de policarbonato, este perfil LED mant\u00e9m LEDs de alta pot\u00eancia e os mant\u00e9m resfriados, ao mesmo tempo que espalha a luz de maneira uniforme. As dimens\u00f5es externas deste perfil s\u00e3o 34,6mm por 25,8mm, e a largura interna \u00e9 de 31mm. Todo o sistema vem com todos os acess\u00f3rios necess\u00e1rios e a instala\u00e7\u00e3o \u00e9 f\u00e1cil, basta fixar ao recesso do teto com molas de montagem e, em seguida, pressionar para achatar. Este design \u00e9 melhor para uso interno e \u00e9 \u00f3timo para aplica\u00e7\u00f5es de alto l\u00famen, como ilumina\u00e7\u00e3o geral em ambientes de trabalho, galerias, grandes espa\u00e7os comerciais, ou configura\u00e7\u00f5es residenciais modernas onde linhas de luz brilhantes e n\u00edtidas s\u00e3o necess\u00e1rias.<\/p>\n<\/div><\/div>\n\n\n\n<div class=\"wp-block-group has-background is-vertical is-layout-flex wp-container-core-group-is-layout-d255d7c4 wp-block-group-is-layout-flex\" style=\"background-color:#f1f1f1;padding-top:var(--wp--preset--spacing--80);padding-bottom:var(--wp--preset--spacing--80)\">\n<div class=\"wp-block-group\"><div class=\"wp-block-group__inner-container is-layout-constrained wp-block-group-is-layout-constrained\">\n<h2 class=\"wp-block-heading\" style=\"padding-top:var(--wp--preset--spacing--40);padding-bottom:var(--wp--preset--spacing--40);font-size:25px;font-style:normal;font-weight:600;text-transform:capitalize\">Por que escolher nosso perfil de alum\u00ednio embutido de 31mm?<\/h2>\n\n\n\n<ul class=\"wp-block-list\">\n<li>Largura interna de 31mm: \u00f3timo para duas fitas de LED que t\u00eam at\u00e9 12mm de largura cada. Mais luz e mais cores para escolher.<\/li>\n\n\n\n<li>Design embutido: As bordas permitem que voc\u00ea monte a luz flush com drywall ou gesso, dando um visual moderno e sem moldura.<\/li>\n\n\n\n<li>Material forte: Feito de alum\u00ednio anodizado 6063-T5 de alta qualidade. \u00c9 forte e absorve calor para manter os LEDs resfriados.<\/li>\n\n\n\n<li>Smooth Light Effect: Use with frosted or opal diffusers to provide light that is even and doesn&#8217;t cause glare.<\/li>\n\n\n\n<li>Kit completo: Inclui clipes de montagem, capas de extremidade e um difusor para tornar seu projeto parecer profissional.<\/li>\n<\/ul>\n<\/div><\/div>\n<\/div>\n\n\n\n<div class=\"wp-block-group\" style=\"padding-top:var(--wp--preset--spacing--60);padding-bottom:var(--wp--preset--spacing--60)\"><div class=\"wp-block-group__inner-container is-layout-constrained wp-block-group-is-layout-constrained\">\n<div class=\"wp-block-media-text has-media-on-the-right is-stacked-on-mobile\" style=\"grid-template-columns:auto 40%\"><div class=\"wp-block-media-text__content\">\n<h2 class=\"wp-block-heading\" style=\"padding-top:var(--wp--preset--spacing--40);padding-bottom:var(--wp--preset--spacing--40);font-size:25px;font-style:normal;font-weight:600;text-transform:capitalize\">Kit de instala\u00e7\u00e3o completo e f\u00e1cil<\/h2>\n\n\n\n<p>Temos tudo o que voc\u00ea precisa para uma instala\u00e7\u00e3o profissional:<\/p>\n\n\n\n<ul class=\"wp-block-list\">\n<li>Suportes de mola de montagem fortes<\/li>\n\n\n\n<li>Capas de extremidade que parecem limpas (com e sem orif\u00edcio para fio)<\/li>\n\n\n\n<li>Coberturas para difusores de encaixe<\/li>\n<\/ul>\n<\/div><figure class=\"wp-block-media-text__media\"><img loading=\"lazy\" decoding=\"async\" width=\"500\" height=\"500\" src=\"https:\/\/tangooled.com\/wp-content\/uploads\/2025\/07\/rp31-ins.webp\" alt=\"inner 31mm width recessed aluminum profile for double led strips\" class=\"wp-image-41792 size-full\" srcset=\"https:\/\/tangooled.com\/wp-content\/uploads\/2025\/07\/rp31-ins.webp 500w, https:\/\/tangooled.com\/wp-content\/uploads\/2025\/07\/rp31-ins-300x300.webp 300w, https:\/\/tangooled.com\/wp-content\/uploads\/2025\/07\/rp31-ins-150x150.webp 150w\" sizes=\"auto, (max-width: 500px) 100vw, 500px\" \/><\/figure><\/div>\n<\/div><\/div>\n\n\n\n<div class=\"wp-block-group\" style=\"padding-top:var(--wp--preset--spacing--80);padding-bottom:var(--wp--preset--spacing--80)\"><div class=\"wp-block-group__inner-container is-layout-constrained wp-block-group-is-layout-constrained\">\n<div class=\"wp-block-group has-background\" style=\"background-color:#f1f1f1;padding-top:var(--wp--preset--spacing--80);padding-bottom:var(--wp--preset--spacing--80)\"><div class=\"wp-block-group__inner-container is-layout-constrained wp-block-group-is-layout-constrained\">\n<h2 class=\"wp-block-heading\" style=\"font-size:25px;font-style:normal;font-weight:600;text-transform:capitalize\">Cen\u00e1rios de Uso<\/h2>\n\n\n\n<ul class=\"wp-block-list\">\n<li>Ilumina\u00e7\u00e3o para o lar: Ilumina\u00e7\u00e3o para cozinhas, salas de estar, corredores e closets<\/li>\n\n\n\n<li>Ilumina\u00e7\u00e3o para empresas: Escrit\u00f3rios, empresas, hot\u00e9is, galerias e restaurantes<\/li>\n\n\n\n<li>Ilumina\u00e7\u00e3o para edif\u00edcios: Ilumina\u00e7\u00e3o embutida, ilumina\u00e7\u00e3o de teto sem moldura e retroilumina\u00e7\u00e3o para exibi\u00e7\u00f5es de varejo<\/li>\n\n\n\n<li>Luzes personalizadas: Use v\u00e1rios perfis para criar lumin\u00e1rias pendentes ou lineares.<\/li>\n<\/ul>\n<\/div><\/div>\n<\/div><\/div>\n\n\n\n<div class=\"wp-block-group\" style=\"padding-top:var(--wp--preset--spacing--80);padding-bottom:var(--wp--preset--spacing--80)\"><div class=\"wp-block-group__inner-container is-layout-constrained wp-block-group-is-layout-constrained\">\n<h2 class=\"wp-block-heading\" style=\"padding-top:var(--wp--preset--spacing--40);padding-bottom:var(--wp--preset--spacing--40);font-size:25px;font-style:normal;font-weight:600;text-transform:capitalize\">resumo<\/h2>\n\n\n\n<p>Se voc\u00ea quer uma ilumina\u00e7\u00e3o linear moderna, de alta pot\u00eancia e suave, nosso perfil de alum\u00ednio embutido de 31mm para fitas LED duplas \u00e9 uma escolha ideal. Seu design embutido se integra perfeitamente com superf\u00edcies de drywall ou gesso. Seja seu projeto residencial ou comercial, decorativo ou funcional, este perfil ajuda a criar efeitos de ilumina\u00e7\u00e3o elegantes e profissionais.<\/p>\n<\/div><\/div>","protected":false},"featured_media":14320,"template":"","meta":{"_acf_changed":true,"_seopress_robots_primary_cat":"none","_seopress_titles_title":"31mm Inner Recessed LED Profile for Double Strips | TANGOOLED","_seopress_titles_desc":"The RP31 features 31mm inner width, making it the perfect recessed LED profile for high-output double row strips. Ideal for commercial primary lighting where maximum brightness is required.","_seopress_robots_index":""},"pcb-width":[228],"product-cat":[193],"class_list":{"0":"post-34967","1":"product","2":"type-product","3":"status-publish","4":"has-post-thumbnail","6":"pcb-width-6-12mm","7":"product-cat-recessed-profile"},"acf":[],"_links":{"self":[{"href":"https:\/\/tangooled.com\/pt\/wp-json\/wp\/v2\/product\/34967","targetHints":{"allow":["GET"]}}],"collection":[{"href":"https:\/\/tangooled.com\/pt\/wp-json\/wp\/v2\/product"}],"about":[{"href":"https:\/\/tangooled.com\/pt\/wp-json\/wp\/v2\/types\/product"}],"wp:featuredmedia":[{"embeddable":true,"href":"https:\/\/tangooled.com\/pt\/wp-json\/wp\/v2\/media\/14320"}],"wp:attachment":[{"href":"https:\/\/tangooled.com\/pt\/wp-json\/wp\/v2\/media?parent=34967"}],"wp:term":[{"taxonomy":"pcb-width","embeddable":true,"href":"https:\/\/tangooled.com\/pt\/wp-json\/wp\/v2\/pcb-width?post=34967"},{"taxonomy":"product-cat","embeddable":true,"href":"https:\/\/tangooled.com\/pt\/wp-json\/wp\/v2\/product-cat?post=34967"}],"curies":[{"name":"wp","href":"https:\/\/api.w.org\/{rel}","templated":true}]}}