{"id":34966,"date":"2025-07-01T02:22:37","date_gmt":"2025-07-01T10:22:37","guid":{"rendered":"https:\/\/tangooled.com\/?post_type=product&#038;p=34966"},"modified":"2026-01-25T19:12:54","modified_gmt":"2026-01-26T03:12:54","slug":"recessed-25mm-led-aluminum-channel-for-double-row-led-strips","status":"publish","type":"product","link":"https:\/\/tangooled.com\/pt\/product\/recessed-25mm-led-aluminum-channel-for-double-row-led-strips\/","title":{"rendered":"canal de alum\u00ednio LED embutido de 25mm para fitas LED de dupla linha"},"content":{"rendered":"<div class=\"wp-block-group\" style=\"padding-top:var(--wp--preset--spacing--80);padding-bottom:var(--wp--preset--spacing--80)\"><div class=\"wp-block-group__inner-container is-layout-constrained wp-block-group-is-layout-constrained\">\n<p>O nosso canal de alum\u00ednio LED embutido de 25 mm \u00e9 perfeito para muitas solu\u00e7\u00f5es de ilumina\u00e7\u00e3o com fita. Tem espa\u00e7o suficiente para duas linhas de fitas LED, proporcionando uma luz suave e uniforme.<br>This aluminum profile is 35.6 mm wide on the outside and 13.8 mm tall overall. The internal width is 25.0 mm, which is perfect for carrying LED strips\u00a0that are wider. The channel is made of high-quality extruded 6063-T5 aluminum alloy, which helps it cool down fast.The diffuser is made of opal PC material, which hides the bright spots of the LEDs.<br>This 25mm recessed channel is for indoor use, and its wide shape makes it perfect for tasks that demand a lot of light all the time, like commercial task lighting, wide ambient lighting in ceilings, and modern houses and offices&#8217; architectural lighting.<\/p>\n<\/div><\/div>\n\n\n\n<div class=\"wp-block-group has-background is-vertical is-layout-flex wp-container-core-group-is-layout-d255d7c4 wp-block-group-is-layout-flex\" style=\"background-color:#f1f1f1;padding-top:var(--wp--preset--spacing--80);padding-bottom:var(--wp--preset--spacing--80)\">\n<div class=\"wp-block-group is-vertical is-layout-flex wp-container-core-group-is-layout-8cf370e7 wp-block-group-is-layout-flex\">\n<h2 class=\"wp-block-heading\" style=\"padding-top:var(--wp--preset--spacing--40);padding-bottom:var(--wp--preset--spacing--40);font-size:25px;font-style:normal;font-weight:600;text-transform:capitalize\">Por que usar o nosso canal de alum\u00ednio LED embutido de 25 mm?<\/h2>\n\n\n\n<ul class=\"wp-block-list\">\n<li>suporta duas fitas LED: Pode acomodar fitas LED de dupla linha que t\u00eam at\u00e9 12 mm de largura, como 2835 ou 5050.<\/li>\n\n\n\n<li>Montagem Flush: Este estilo se encaixa perfeitamente na sua parede ou teto, o que o torna esteticamente agrad\u00e1vel.<\/li>\n\n\n\n<li>Alum\u00ednio resistente: O metal anodizado 6063-T5 ajuda a prolongar a vida \u00fatil do LED ao dissipar calor.<\/li>\n\n\n\n<li>Tampa Difusora Fosca: Suaviza a luz e elimina pontos fortes.<\/li>\n\n\n\n<li>Protege as fitas LED contra poeira e danos.<\/li>\n<\/ul>\n<\/div>\n<\/div>\n\n\n\n<div class=\"wp-block-group\" style=\"padding-top:var(--wp--preset--spacing--60);padding-bottom:var(--wp--preset--spacing--60)\"><div class=\"wp-block-group__inner-container is-layout-constrained wp-block-group-is-layout-constrained\">\n<div class=\"wp-block-media-text has-media-on-the-right is-stacked-on-mobile\"><div class=\"wp-block-media-text__content\">\n<h2 class=\"wp-block-heading\" style=\"padding-top:var(--wp--preset--spacing--40);padding-bottom:var(--wp--preset--spacing--40);font-size:25px;font-style:normal;font-weight:600;text-transform:capitalize\">Como usar o canal LED embutido de 25 mm<\/h2>\n\n\n\n<ul class=\"wp-block-list\">\n<li>Fa\u00e7a uma ranhura na parede ou teto que tenha o mesmo tamanho que o canal de alum\u00ednio.<\/li>\n\n\n\n<li>Coloque o canal na ranhura de forma que fique nivelado com a superf\u00edcie.<\/li>\n\n\n\n<li>Use parafusos para mant\u00ea-lo no lugar.<\/li>\n\n\n\n<li>Dentro, coloque duas fitas de LEDs adjacentes uma \u00e0 outra.<\/li>\n\n\n\n<li>Coloque a tampa do difusor fosco em cima.<\/li>\n\n\n\n<li>Para fech\u00e1-las, coloque tampas de extremidade em ambas as extremidades.<\/li>\n\n\n\n<li>Conecte-o e aproveite uma luz brilhante e suave!<\/li>\n<\/ul>\n<\/div><figure class=\"wp-block-media-text__media\"><img loading=\"lazy\" decoding=\"async\" width=\"500\" height=\"500\" src=\"https:\/\/tangooled.com\/wp-content\/uploads\/2025\/07\/rp25-ins.webp\" alt=\"recessed 25mm led aluminum channel for double row led strips\" class=\"wp-image-41788 size-full\" srcset=\"https:\/\/tangooled.com\/wp-content\/uploads\/2025\/07\/rp25-ins.webp 500w, https:\/\/tangooled.com\/wp-content\/uploads\/2025\/07\/rp25-ins-300x300.webp 300w, https:\/\/tangooled.com\/wp-content\/uploads\/2025\/07\/rp25-ins-150x150.webp 150w\" sizes=\"auto, (max-width: 500px) 100vw, 500px\" \/><\/figure><\/div>\n<\/div><\/div>\n\n\n\n<div class=\"wp-block-group has-background is-vertical is-layout-flex wp-container-core-group-is-layout-b429018a wp-block-group-is-layout-flex\" style=\"background-color:#f1f1f1f2;padding-top:var(--wp--preset--spacing--70);padding-bottom:var(--wp--preset--spacing--70)\">\n<h2 class=\"wp-block-heading\" style=\"padding-top:var(--wp--preset--spacing--40);padding-bottom:var(--wp--preset--spacing--40);font-size:25px;font-style:normal;font-weight:600;text-transform:capitalize\">what\u2018s in the kit?<\/h2>\n\n\n\n<ul class=\"wp-block-list\">\n<li>1x Perfil de alum\u00ednio anodizado de 25 mm<\/li>\n\n\n\n<li>1x Difusor de policarbonato opalino<\/li>\n\n\n\n<li>Dois tamp\u00f5es de extremidade<\/li>\n\n\n\n<li>Parafusos<\/li>\n<\/ul>\n<\/div>\n\n\n\n<div class=\"wp-block-group is-vertical is-layout-flex wp-container-core-group-is-layout-d255d7c4 wp-block-group-is-layout-flex\" style=\"padding-top:var(--wp--preset--spacing--80);padding-bottom:var(--wp--preset--spacing--80)\">\n<h2 class=\"wp-block-heading\" style=\"padding-top:var(--wp--preset--spacing--40);padding-bottom:var(--wp--preset--spacing--40);font-size:25px;font-style:normal;font-weight:600;text-transform:capitalize\">Onde Pode Us\u00e1-lo?<\/h2>\n\n\n\n<p style=\"padding-right:var(--wp--preset--spacing--50);padding-left:var(--wp--preset--spacing--50)\">O nosso canal de alum\u00ednio embutido de 25 mm funciona bem em muitos lugares:<\/p>\n\n\n\n<ul class=\"wp-block-list\">\n<li>Fa\u00e7a linhas de luz que sejam retas e organizadas nas paredes e tetos.<\/li>\n\n\n\n<li>Debaixo de Arm\u00e1rios: Ilumine mais as bancadas ou prateleiras da cozinha.<\/li>\n\n\n\n<li>Prateleiras de Varejo: Use luz uniforme para destacar seus produtos.<\/li>\n\n\n\n<li>Designs Arquitet\u00f4nicos: D\u00ea uma apar\u00eancia moderna a casas e escrit\u00f3rios.<\/li>\n<\/ul>\n<\/div>\n\n\n\n<div class=\"wp-block-group has-background is-vertical is-layout-flex wp-container-core-group-is-layout-b429018a wp-block-group-is-layout-flex\" style=\"background-color:#f1f1f1f2;padding-top:var(--wp--preset--spacing--70);padding-bottom:var(--wp--preset--spacing--70)\">\n<h2 class=\"wp-block-heading\" style=\"padding-top:var(--wp--preset--spacing--40);padding-right:0;padding-bottom:var(--wp--preset--spacing--40);padding-left:0;font-size:25px;font-style:normal;font-weight:600;text-transform:capitalize\">produtos relacionados que voc\u00ea pode gostar<\/h2>\n\n\n\n<ul class=\"wp-block-list\">\n<li><a href=\"https:\/\/tangooled.com\/pt\/product\/black-led-diffuser-aluminum-channel-for-12mm-tape-lights\/\"><mark style=\"background-color:rgba(0, 0, 0, 0)\" class=\"has-inline-color has-vivid-red-color\">Canal de alum\u00ednio com difusor LED preto para luzes de fita de 12mm<\/mark><\/a><\/li>\n\n\n\n<li><a href=\"https:\/\/tangooled.com\/pt\/product\/surface-mount-led-profile-with-frosted-diffuser-for-10mm-rope-lights\/\"><mark style=\"background-color:rgba(0, 0, 0, 0)\" class=\"has-inline-color has-vivid-red-color\">Perfil LED de montagem de superf\u00edcie com difusor fosco para luzes de cord\u00e3o de 10mm<\/mark><\/a><\/li>\n\n\n\n<li><a href=\"https:\/\/tangooled.com\/pt\/product\/25mm-u-shape-led-mounting-channel-for-15mm-double-row-led-strip-lights\/\"><mark style=\"background-color:rgba(0, 0, 0, 0)\" class=\"has-inline-color has-vivid-red-color\">Canal de montagem em U de 25mm para fitas de LED de 15mm em fila dupla<\/mark><\/a><\/li>\n\n\n\n<li><a href=\"https:\/\/tangooled.com\/pt\/product\/aluminum-led-strip-extrusion-diffuser-channel-for-5050-double-row-led-strip\/\"><mark style=\"background-color:rgba(0, 0, 0, 0)\" class=\"has-inline-color has-vivid-red-color\">Difusor de canal em extrus\u00e3o de alum\u00ednio para fita LED de dupla fileira 5050<\/mark><\/a> <\/li>\n<\/ul>\n<\/div>\n\n\n\n<p><\/p>","protected":false},"featured_media":14325,"template":"","meta":{"_acf_changed":true,"_seopress_robots_primary_cat":"none","_seopress_titles_title":"25mm Recessed LED Aluminum Channel for Double Row Strip | TANGOOLED","_seopress_titles_desc":"Buy our 25mm recessed LED aluminum channel designed for double row LED strips. This professional recessed profile provides high brightness and efficient heat dissipation for large-scale linear lighting projects.","_seopress_robots_index":""},"pcb-width":[228],"product-cat":[193],"class_list":{"0":"post-34966","1":"product","2":"type-product","3":"status-publish","4":"has-post-thumbnail","6":"pcb-width-6-12mm","7":"product-cat-recessed-profile"},"acf":[],"_links":{"self":[{"href":"https:\/\/tangooled.com\/pt\/wp-json\/wp\/v2\/product\/34966","targetHints":{"allow":["GET"]}}],"collection":[{"href":"https:\/\/tangooled.com\/pt\/wp-json\/wp\/v2\/product"}],"about":[{"href":"https:\/\/tangooled.com\/pt\/wp-json\/wp\/v2\/types\/product"}],"wp:featuredmedia":[{"embeddable":true,"href":"https:\/\/tangooled.com\/pt\/wp-json\/wp\/v2\/media\/14325"}],"wp:attachment":[{"href":"https:\/\/tangooled.com\/pt\/wp-json\/wp\/v2\/media?parent=34966"}],"wp:term":[{"taxonomy":"pcb-width","embeddable":true,"href":"https:\/\/tangooled.com\/pt\/wp-json\/wp\/v2\/pcb-width?post=34966"},{"taxonomy":"product-cat","embeddable":true,"href":"https:\/\/tangooled.com\/pt\/wp-json\/wp\/v2\/product-cat?post=34966"}],"curies":[{"name":"wp","href":"https:\/\/api.w.org\/{rel}","templated":true}]}}