{"id":34963,"date":"2025-07-01T02:20:27","date_gmt":"2025-07-01T10:20:27","guid":{"rendered":"https:\/\/tangooled.com\/?post_type=product&#038;p=34963"},"modified":"2026-01-31T01:07:09","modified_gmt":"2026-01-31T09:07:09","slug":"23mm-deep-recessed-led-profile-for-15mm-strips","status":"publish","type":"product","link":"https:\/\/tangooled.com\/pt\/product\/23mm-deep-recessed-led-profile-for-15mm-strips\/","title":{"rendered":"Canal LED Recessado de 23mm para Fitas de 15mm"},"content":{"rendered":"<div class=\"wp-block-group\" style=\"padding-top:var(--wp--preset--spacing--80);padding-bottom:var(--wp--preset--spacing--80)\"><div class=\"wp-block-group__inner-container is-layout-constrained wp-block-group-is-layout-constrained\">\n<p>Nosso canal LED recessado de 23mm \u00e9 um perfil de alum\u00ednio profundo projetado para ilumina\u00e7\u00e3o discreta, que oculta sua fita LED de 15mm plana dentro de paredes ou tetos. Os LEDs podem brilhar sem pontos vis\u00edveis, uma vez que a largura interna \u00e9 de 19.6mm e a profundidade \u00e9 de 23.3mm. O canal de alum\u00ednio&nbsp;atua como um dissipador de calor embutido, o que mant\u00e9m suas fitas LED frias e aumenta sua durabilidade. Este perfil \u00e9 f\u00e1cil de instalar porque possui um sistema de instala\u00e7\u00e3o embutido. Normalmente, \u00e9 fixado no lugar com clipes de mola flex\u00edveis que se encaixam firmemente no drywall ou na placa de teto.<\/p>\n<\/div><\/div>\n\n\n\n<div class=\"wp-block-group has-background is-vertical is-layout-flex wp-container-core-group-is-layout-d255d7c4 wp-block-group-is-layout-flex\" style=\"background-color:#f1f1f1;padding-top:var(--wp--preset--spacing--80);padding-bottom:var(--wp--preset--spacing--80)\">\n<div class=\"wp-block-group is-vertical is-layout-flex wp-container-core-group-is-layout-8cf370e7 wp-block-group-is-layout-flex\">\n<h2 class=\"wp-block-heading\" style=\"padding-top:var(--wp--preset--spacing--40);padding-bottom:var(--wp--preset--spacing--40);font-size:25px;font-style:normal;font-weight:600;text-transform:capitalize\">Por que escolher nosso canal LED recessado de 23mm?<\/h2>\n\n\n\n<ul class=\"wp-block-list\">\n<li>Funciona com fitas LED de 15mm, como Philips Hue e fitas RGBW de dupla fila.<\/li>\n\n\n\n<li>Difus\u00e3o branda e uniforme sem pontos.<\/li>\n\n\n\n<li>Design embutido e de acabamento para esconder bordas vis\u00edveis.<\/li>\n\n\n\n<li>Alum\u00ednio anodizado forte o suficiente para suportar calor e desgaste.<\/li>\n\n\n\n<li>Protege as fitas LED contra sujeira, \u00e1gua e danos.<\/li>\n\n\n\n<li>Vem com um difusor, clipes de montagem em mola e tampas de extremidade.<\/li>\n\n\n\n<li>Pode ser cortado no local para fazer qualquer comprimento ou formato que voc\u00ea escolher.<\/li>\n<\/ul>\n<\/div>\n<\/div>\n\n\n\n<div class=\"wp-block-group is-vertical is-layout-flex wp-container-core-group-is-layout-d255d7c4 wp-block-group-is-layout-flex\" style=\"padding-top:var(--wp--preset--spacing--80);padding-bottom:var(--wp--preset--spacing--80)\">\n<hr class=\"wp-block-separator has-alpha-channel-opacity\"\/>\n\n\n\n<div class=\"wp-block-media-text has-media-on-the-right is-stacked-on-mobile\" style=\"grid-template-columns:auto 40%\"><div class=\"wp-block-media-text__content\">\n<h2 class=\"wp-block-heading\" style=\"padding-top:var(--wp--preset--spacing--40);padding-bottom:var(--wp--preset--spacing--40);font-size:25px;text-transform:capitalize\">Como usar o canal LED recessado de 23mm?<\/h2>\n\n\n\n<ul class=\"wp-block-list\">\n<li>Ilumina\u00e7\u00e3o de edif\u00edcios colocando linhas de luz em tetos, paredes e pisos.<\/li>\n\n\n\n<li>Ilumina\u00e7\u00e3o de tarefas embaixo do arm\u00e1rio: Luz brilhante e suave para \u00e1reas de trabalho.<\/li>\n\n\n\n<li>Ilumina\u00e7\u00e3o para arm\u00e1rios e m\u00f3veis: Luz ocultada em arm\u00e1rios eclosets.<\/li>\n\n\n\n<li>Exibi\u00e7\u00f5es para lojas e neg\u00f3cios: Ilumina\u00e7\u00e3o clara e brilhante para produtos.<\/li>\n<\/ul>\n<\/div><figure class=\"wp-block-media-text__media\"><img loading=\"lazy\" decoding=\"async\" width=\"500\" height=\"500\" src=\"https:\/\/tangooled.com\/wp-content\/uploads\/2025\/07\/rp22-ins.webp\" alt=\"22x23mm led strip channel for 15mm strip light ceiling recessed\" class=\"wp-image-41783 size-full\" srcset=\"https:\/\/tangooled.com\/wp-content\/uploads\/2025\/07\/rp22-ins.webp 500w, https:\/\/tangooled.com\/wp-content\/uploads\/2025\/07\/rp22-ins-300x300.webp 300w, https:\/\/tangooled.com\/wp-content\/uploads\/2025\/07\/rp22-ins-150x150.webp 150w\" sizes=\"auto, (max-width: 500px) 100vw, 500px\" \/><\/figure><\/div>\n<\/div>\n\n\n\n<div class=\"wp-block-group has-background is-vertical is-layout-flex wp-container-core-group-is-layout-b429018a wp-block-group-is-layout-flex\" style=\"background-color:#f1f1f1f2;padding-top:var(--wp--preset--spacing--70);padding-bottom:var(--wp--preset--spacing--70)\">\n<h2 class=\"wp-block-heading\" style=\"padding-top:var(--wp--preset--spacing--40);padding-bottom:var(--wp--preset--spacing--40);font-size:25px;font-style:normal;font-weight:600;text-transform:capitalize\">O que voc\u00ea recebe em um kit?<\/h2>\n\n\n\n<ul class=\"wp-block-list\">\n<li>1x Perfil de alum\u00ednio recessado anodizado<\/li>\n\n\n\n<li>1x Difusor de luz fosca em PC<\/li>\n\n\n\n<li>Dois tamp\u00f5es de extremidade<\/li>\n\n\n\n<li>Dois clipes de montagem em mola<\/li>\n<\/ul>\n<\/div>\n\n\n\n<div class=\"wp-block-group is-vertical is-layout-flex wp-container-core-group-is-layout-d255d7c4 wp-block-group-is-layout-flex\" style=\"padding-top:var(--wp--preset--spacing--80);padding-bottom:var(--wp--preset--spacing--80)\">\n<h2 class=\"wp-block-heading\" style=\"padding-top:var(--wp--preset--spacing--40);padding-bottom:var(--wp--preset--spacing--40);font-size:25px;font-style:normal;font-weight:600;text-transform:capitalize\">informa\u00e7\u00f5es sobre compatibilidade<\/h2>\n\n\n\n<p style=\"padding-right:var(--wp--preset--spacing--50);padding-left:var(--wp--preset--spacing--50)\">Nosso canal LED recessado de 23mm \u00e9 compat\u00edvel com fitas LED de 15mm de largura, como 5050, 2835, COB, RGB e RGBW.<\/p>\n\n\n\n<ul class=\"wp-block-list\">\n<li>Diferentes voltagens: Fitass LED que funcionam com 12V e 24V.<\/li>\n\n\n\n<li>Compat\u00edvel com marcas populares como Philips Hue Lightstrip Plus (V4 e vers\u00f5es mais novas).<\/li>\n\n\n\n<li>Best for strips that aren&#8217;t waterproof or are IP65 waterproof and are put on properly.<\/li>\n<\/ul>\n<\/div>\n\n\n\n<div class=\"wp-block-group is-vertical is-layout-flex wp-container-core-group-is-layout-d255d7c4 wp-block-group-is-layout-flex\" style=\"padding-top:var(--wp--preset--spacing--80);padding-bottom:var(--wp--preset--spacing--80)\">\n<h2 class=\"wp-block-heading\" style=\"padding-top:var(--wp--preset--spacing--40);padding-bottom:var(--wp--preset--spacing--40);font-size:25px;font-style:normal;font-weight:600;text-transform:capitalize\">produtos relacionados que voc\u00ea pode gostar<\/h2>\n\n\n\n<p style=\"padding-right:var(--wp--preset--spacing--50);padding-left:var(--wp--preset--spacing--50)\">Explore estes perfis relacionados para tamanhos e acabamentos diferentes:<\/p>\n\n\n\n<ul class=\"wp-block-list\">\n<li><a href=\"https:\/\/tangooled.com\/pt\/product\/22x15mm-led-light-channel-aluminum-extrusion-for-flexible-strips\/\"><mark style=\"background-color:rgba(0, 0, 0, 0)\" class=\"has-inline-color has-vivid-red-color\">Canal de luz LED de 22x15mm para fitas flex\u00edveis<\/mark><\/a><\/li>\n\n\n\n<li><a href=\"https:\/\/tangooled.com\/pt\/product\/black-led-diffuser-aluminum-channel-for-12mm-tape-lights\/\"><mark style=\"background-color:rgba(0, 0, 0, 0)\" class=\"has-inline-color has-vivid-red-color\">Canal de alum\u00ednio com difusor LED preto para luzes de fita de 12mm<\/mark><\/a><\/li>\n\n\n\n<li><a href=\"https:\/\/tangooled.com\/pt\/product\/25x6mm-low-profile-led-strip-channel-for-10mm-led-strip-light\/\"><mark style=\"background-color:rgba(0, 0, 0, 0)\" class=\"has-inline-color has-vivid-red-color\">canal de LED de perfil baixo 25x6mm para fita LED de 10mm<\/mark><\/a><\/li>\n\n\n\n<li><a href=\"https:\/\/tangooled.com\/pt\/product\/recessed-aluminum-led-channel-with-ceiling-buckle-for-led-10mm-strip-light\/\"><mark style=\"background-color:rgba(0, 0, 0, 0)\" class=\"has-inline-color has-vivid-red-color\">Canal de alum\u00ednio LED recessado com gancho de teto<\/mark><\/a><\/li>\n<\/ul>\n<\/div>\n\n\n\n<p><\/p>","protected":false},"featured_media":14331,"template":"","meta":{"_acf_changed":true,"_seopress_robots_primary_cat":"none","_seopress_titles_title":"23mm Deep Recessed LED Profile for 15mm Strips | TANGOOLED","_seopress_titles_desc":"Eliminate LED spotting with our 23mm deep recessed profile. Designed for 15mm wide LED strips, this extra-deep aluminum channel provides superior diffusion and professional heat dissipation for high-end linear lighting.","_seopress_robots_index":""},"pcb-width":[229],"product-cat":[193],"class_list":{"0":"post-34963","1":"product","2":"type-product","3":"status-publish","4":"has-post-thumbnail","6":"pcb-width-15-20mm","7":"product-cat-recessed-profile"},"acf":[],"_links":{"self":[{"href":"https:\/\/tangooled.com\/pt\/wp-json\/wp\/v2\/product\/34963","targetHints":{"allow":["GET"]}}],"collection":[{"href":"https:\/\/tangooled.com\/pt\/wp-json\/wp\/v2\/product"}],"about":[{"href":"https:\/\/tangooled.com\/pt\/wp-json\/wp\/v2\/types\/product"}],"wp:featuredmedia":[{"embeddable":true,"href":"https:\/\/tangooled.com\/pt\/wp-json\/wp\/v2\/media\/14331"}],"wp:attachment":[{"href":"https:\/\/tangooled.com\/pt\/wp-json\/wp\/v2\/media?parent=34963"}],"wp:term":[{"taxonomy":"pcb-width","embeddable":true,"href":"https:\/\/tangooled.com\/pt\/wp-json\/wp\/v2\/pcb-width?post=34963"},{"taxonomy":"product-cat","embeddable":true,"href":"https:\/\/tangooled.com\/pt\/wp-json\/wp\/v2\/product-cat?post=34963"}],"curies":[{"name":"wp","href":"https:\/\/api.w.org\/{rel}","templated":true}]}}