{"id":34962,"date":"2025-07-01T02:16:45","date_gmt":"2025-07-01T10:16:45","guid":{"rendered":"https:\/\/tangooled.com\/?post_type=product&#038;p=34962"},"modified":"2026-01-31T01:03:41","modified_gmt":"2026-01-31T09:03:41","slug":"15mm-deep-recessed-led-channel-for-double-row-strips","status":"publish","type":"product","link":"https:\/\/tangooled.com\/pt\/product\/15mm-deep-recessed-led-channel-for-double-row-strips\/","title":{"rendered":"Canal LED embutido de 15 mm de profundidade para faixa de luz de duas fileiras"},"content":{"rendered":"<div class=\"wp-block-group is-vertical is-layout-flex wp-container-core-group-is-layout-d255d7c4 wp-block-group-is-layout-flex\" style=\"padding-top:var(--wp--preset--spacing--80);padding-bottom:var(--wp--preset--spacing--80)\">\n<p>Este canal LED embutido de 15 mm foi projetado para fitas LED de duas fileiras. A largura interna \u00e9 de 19,6 mm, adequada para fitas de LED de 15 mm de largura, como SMD5050, 2835 ou tipos RGB. Ele se encaixa em ranhuras de 22,2 mm de largura e 14 mm de altura. As flanges cobrem a borda das ranhuras, tornando-o uma solu\u00e7\u00e3o de ilumina\u00e7\u00e3o linear perfeita. Com acess\u00f3rios completos como capas de extremidade e clipes de montagem, este canal permite uma instala\u00e7\u00e3o f\u00e1cil em tetos, paredes, m\u00f3veis e muitos outros projetos de ilumina\u00e7\u00e3o arquitet\u00f4nica e comercial.<\/p>\n<\/div>\n\n\n\n<div class=\"wp-block-group has-background is-vertical is-layout-flex wp-container-core-group-is-layout-d255d7c4 wp-block-group-is-layout-flex\" style=\"background-color:#f1f1f1;padding-top:var(--wp--preset--spacing--80);padding-bottom:var(--wp--preset--spacing--80)\">\n<div class=\"wp-block-group is-vertical is-layout-flex wp-container-core-group-is-layout-8cf370e7 wp-block-group-is-layout-flex\">\n<h2 class=\"wp-block-heading\" style=\"padding-top:var(--wp--preset--spacing--40);padding-bottom:var(--wp--preset--spacing--40);font-size:25px;font-style:normal;font-weight:600\">Por que escolher nosso canal LED embutido de 15 mm?<\/h2>\n\n\n\n<p style=\"padding-right:var(--wp--preset--spacing--50);padding-left:var(--wp--preset--spacing--50)\">Nosso canal LED embutido de 15 mm \u00e9 feito para ajud\u00e1-lo a obter uma luz forte, uniforme e consistente. A fita LED de duas fileiras se encaixa dentro deste canal, tornando sua luz mais intensa e ideal para iluminar um ambiente, alcova, tarefa ou destaque.<\/p>\n\n\n\n<ul class=\"wp-block-list\">\n<li>Feito de alum\u00ednio anodizado 6063-T5 para uma forte dissipa\u00e7\u00e3 de calor e longa vida \u00fatil.<\/li>\n\n\n\n<li>Inclui um difusor fosco para evitar um efeito de luz LED pontilhada ou manchada.<\/li>\n\n\n\n<li>Projetado para montagem embutida ou flush para acabamentos limpos e organizados.<\/li>\n\n\n\n<li>Vem com capas de extremidade e clipes de montagem para uma instala\u00e7\u00e3o f\u00e1cil.<\/li>\n\n\n\n<li>Funciona muito bem com fitas LED flex\u00edveis SMD 2835, 5050, 5630.<\/li>\n<\/ul>\n<\/div>\n<\/div>\n\n\n\n<div class=\"wp-block-group\" style=\"padding-top:var(--wp--preset--spacing--60);padding-bottom:var(--wp--preset--spacing--60)\"><div class=\"wp-block-group__inner-container is-layout-constrained wp-block-group-is-layout-constrained\">\n<div class=\"wp-block-media-text has-media-on-the-right is-stacked-on-mobile\"><div class=\"wp-block-media-text__content\">\n<h2 class=\"wp-block-heading\" style=\"padding-top:var(--wp--preset--spacing--40);padding-bottom:var(--wp--preset--spacing--40);font-size:25px;font-style:normal;font-weight:600;text-transform:capitalize\">Instala\u00e7\u00e3o facilitada<\/h2>\n\n\n\n<ul class=\"wp-block-list\">\n<li>Fa\u00e7a uma ranhura no drywall, madeira ou m\u00f3veis.<\/li>\n\n\n\n<li>Coloque o canal na posi\u00e7\u00e3o clicando ou fixando-o com os clipes de montagem fornecidos.<\/li>\n\n\n\n<li>Coloque suas fitas LED de duas fileiras dentro do canal.<\/li>\n\n\n\n<li>Coloque a tampa difusora opalina por cima.<\/li>\n\n\n\n<li>As capas de extremidade selam as extremidades (uma tampa tem um furo para passar um fio).<\/li>\n<\/ul>\n<\/div><figure class=\"wp-block-media-text__media\"><img loading=\"lazy\" decoding=\"async\" width=\"500\" height=\"500\" src=\"https:\/\/tangooled.com\/wp-content\/uploads\/2025\/07\/rp20b-ins.webp\" alt=\"recessed 22x15mm led strip lighting channel for double row led strip\" class=\"wp-image-41779 size-full\" srcset=\"https:\/\/tangooled.com\/wp-content\/uploads\/2025\/07\/rp20b-ins.webp 500w, https:\/\/tangooled.com\/wp-content\/uploads\/2025\/07\/rp20b-ins-300x300.webp 300w, https:\/\/tangooled.com\/wp-content\/uploads\/2025\/07\/rp20b-ins-150x150.webp 150w\" sizes=\"auto, (max-width: 500px) 100vw, 500px\" \/><\/figure><\/div>\n<\/div><\/div>\n\n\n\n<div class=\"wp-block-group has-background is-vertical is-layout-flex wp-container-core-group-is-layout-b429018a wp-block-group-is-layout-flex\" style=\"background-color:#f1f1f1f2;padding-top:var(--wp--preset--spacing--70);padding-bottom:var(--wp--preset--spacing--70)\">\n<h2 class=\"wp-block-heading\" style=\"font-size:25px;font-style:normal;font-weight:600;text-transform:capitalize\">o que voc\u00ea pode obter em um kit?<\/h2>\n\n\n\n<ul class=\"wp-block-list\">\n<li>1x perfil de alum\u00ednio embutido anodizado 22x15 mm<\/li>\n\n\n\n<li>1x Difusor de luz fosca em PC<\/li>\n\n\n\n<li>Dois tamp\u00f5es de extremidade <\/li>\n\n\n\n<li>Dois clipes de montagem<\/li>\n<\/ul>\n<\/div>\n\n\n\n<div class=\"wp-block-group is-vertical is-layout-flex wp-container-core-group-is-layout-d255d7c4 wp-block-group-is-layout-flex\" style=\"padding-top:var(--wp--preset--spacing--80);padding-bottom:var(--wp--preset--spacing--80)\">\n<h2 class=\"wp-block-heading\" style=\"font-size:25px;font-style:normal;font-weight:600;text-transform:capitalize\">Usos populares e aplica\u00e7\u00f5es<\/h2>\n\n\n\n<ul class=\"wp-block-list\">\n<li>Salas de estar e cozinhas: \u00d3timo para ilumina\u00e7\u00e3o brilhante sob gabinetes ou no ambiente principal.<\/li>\n\n\n\n<li>Escrit\u00f3rios e salas de reuni\u00f5es: Esta luz \u00e9 limpa e combina bem com os tetos.<\/li>\n\n\n\n<li>Exibi\u00e7\u00f5es em lojas: Use luz brilhante e uniforme para destacar objetos.<\/li>\n\n\n\n<li>Cove lighting: This type of lighting creates soft, steady lines of light that don&#8217;t come straight from the source.<\/li>\n\n\n\n<li>M\u00f3veis sob medida: Mude o estilo de seus balc\u00f5es ou arm\u00e1rios.<\/li>\n<\/ul>\n<\/div>\n\n\n\n<div class=\"wp-block-group has-background is-vertical is-layout-flex wp-container-core-group-is-layout-b429018a wp-block-group-is-layout-flex\" style=\"background-color:#f1f1f1f2;padding-top:var(--wp--preset--spacing--70);padding-bottom:var(--wp--preset--spacing--70)\">\n<h2 class=\"wp-block-heading\" style=\"font-size:25px;font-style:normal;font-weight:600\">Escolha-nos para suas necessidades de perfil LED<\/h2>\n\n\n\n<ul class=\"wp-block-list\">\n<li>Verifique o canal LED para arm\u00e1rios com difusor para fitas LED duplas para marcenaria personalizada: <mark style=\"background-color:rgba(0, 0, 0, 0)\" class=\"has-inline-color has-vivid-red-color\"><a href=\"https:\/\/tangooled.com\/pt\/product\/cabinet-led-strip-channel-with-diffuser-for-double-led-strips\/\">Veja aqui<\/a>.<\/mark><\/li>\n\n\n\n<li>Explore o extrus\u00e3o de canal de luz LED de alum\u00ednio 22x15 mm para fitas flex\u00edveis para detalhes semelhantes do canal:<a href=\"https:\/\/tangooled.com\/pt\/product\/22x15mm-led-light-channel-aluminum-extrusion-for-flexible-strips\/\"> <mark style=\"background-color:rgba(0, 0, 0, 0)\" class=\"has-inline-color has-vivid-red-color\">P\u00e1gina do produto<\/mark><\/a><\/li>\n\n\n\n<li>Para um design mais fino, veja <a href=\"https:\/\/tangooled.com\/pt\/product\/led-light-diffuser-channel-aluminum-15x12mm-for-10mm-led-strips\/\"><mark style=\"background-color:rgba(0, 0, 0, 0)\" class=\"has-inline-color has-vivid-red-color\">Difusor de luz em alum\u00ednio 15x12mm para tiras LED de 10mm<\/mark><\/a><\/li>\n<\/ul>\n<\/div>\n\n\n\n<p><\/p>","protected":false},"featured_media":14337,"template":"","meta":{"_acf_changed":true,"_seopress_robots_primary_cat":"none","_seopress_titles_title":"15mm Deep Recessed LED Channel for Double Row Strips | TANGOOLED","_seopress_titles_desc":"Achieve a dot-free, high-output glow with our 15mm deep recessed LED channel. Designed to fit double row strip lights, this flanged aluminum profile ensures professional heat dissipation for bright linear lighting.","_seopress_robots_index":""},"pcb-width":[229],"product-cat":[193],"class_list":{"0":"post-34962","1":"product","2":"type-product","3":"status-publish","4":"has-post-thumbnail","6":"pcb-width-15-20mm","7":"product-cat-recessed-profile"},"acf":[],"_links":{"self":[{"href":"https:\/\/tangooled.com\/pt\/wp-json\/wp\/v2\/product\/34962","targetHints":{"allow":["GET"]}}],"collection":[{"href":"https:\/\/tangooled.com\/pt\/wp-json\/wp\/v2\/product"}],"about":[{"href":"https:\/\/tangooled.com\/pt\/wp-json\/wp\/v2\/types\/product"}],"wp:featuredmedia":[{"embeddable":true,"href":"https:\/\/tangooled.com\/pt\/wp-json\/wp\/v2\/media\/14337"}],"wp:attachment":[{"href":"https:\/\/tangooled.com\/pt\/wp-json\/wp\/v2\/media?parent=34962"}],"wp:term":[{"taxonomy":"pcb-width","embeddable":true,"href":"https:\/\/tangooled.com\/pt\/wp-json\/wp\/v2\/pcb-width?post=34962"},{"taxonomy":"product-cat","embeddable":true,"href":"https:\/\/tangooled.com\/pt\/wp-json\/wp\/v2\/product-cat?post=34962"}],"curies":[{"name":"wp","href":"https:\/\/api.w.org\/{rel}","templated":true}]}}