{"id":34959,"date":"2025-07-01T02:14:27","date_gmt":"2025-07-01T10:14:27","guid":{"rendered":"https:\/\/tangooled.com\/?post_type=product&#038;p=34959"},"modified":"2026-02-02T22:22:22","modified_gmt":"2026-02-03T06:22:22","slug":"recessed-20x10mmmm-led-strip-lighting-channel","status":"publish","type":"product","link":"https:\/\/tangooled.com\/pt\/product\/recessed-20x10mmmm-led-strip-lighting-channel\/","title":{"rendered":"canal de ilumina\u00e7\u00e3o com fita LED embutido 20x10mmmm"},"content":{"rendered":"<div class=\"wp-block-group is-vertical is-layout-flex wp-container-core-group-is-layout-d255d7c4 wp-block-group-is-layout-flex\" style=\"padding-top:var(--wp--preset--spacing--80);padding-bottom:var(--wp--preset--spacing--80)\">\n<p>Este canal de luz de fita LED embutido RP20A-S apresenta uma largura interna de 20,0 mm, tornando-se uma excelente escolha para fitas LED de alta densidade, COB e RGBW. Com uma altura de 10,0 mm, este canal de baixo perfil permite uma instala\u00e7\u00e3o perfeita em ranhuras de profundidade compat\u00edvel em paredes de gesso, tetos ou m\u00f3veis personalizados. O seu design embutido cria uma apar\u00eancia limpa e sem moldura, perfeita para ilumina\u00e7\u00e3o linear arquitet\u00f4nica em cozinhas, exibi\u00e7\u00f5es de varejo e escrit\u00f3rios. Este perfil \u00e9 ideal para qualquer fita LED com menos de 20 mm de largura.<\/p>\n<\/div>\n\n\n\n<div class=\"wp-block-group has-background\" style=\"background-color:#f1f1f1;padding-top:var(--wp--preset--spacing--80);padding-bottom:var(--wp--preset--spacing--80)\"><div class=\"wp-block-group__inner-container is-layout-constrained wp-block-group-is-layout-constrained\">\n<div class=\"wp-block-group is-vertical is-layout-flex wp-container-core-group-is-layout-8cf370e7 wp-block-group-is-layout-flex\">\n<h2 class=\"wp-block-heading\" style=\"padding-top:var(--wp--preset--spacing--40);padding-bottom:var(--wp--preset--spacing--40);font-size:25px;font-style:normal;font-weight:600;text-transform:capitalize\">Por que escolher nosso canal LED embutido 20x10mm?<\/h2>\n\n\n\n<ul class=\"wp-block-list\">\n<li>Instala\u00e7\u00e3o sem emendas &amp; montagem \u00e0 flor da parede: Feito para se encaixar em drywall, madeira ou m\u00f3veis, de modo a parecer embutido e limpo.<\/li>\n\n\n\n<li>Luz sem pontos: O difusor opalino\/acrilico fosco que o acompanha transforma os pontos LED em um brilho suave.<\/li>\n\n\n\n<li>Dissipa\u00e7\u00e3o de calor: O alum\u00ednio ajuda a prolongar a vida \u00fatil da sua fita LED agindo como um dissipador de calor.<\/li>\n\n\n\n<li>Forte e protetor: Mant\u00e9m sua fita LED segura contra poeira e umidade.<\/li>\n<\/ul>\n<\/div>\n<\/div><\/div>\n\n\n\n<div class=\"wp-block-group\" style=\"padding-top:var(--wp--preset--spacing--60);padding-bottom:var(--wp--preset--spacing--60)\"><div class=\"wp-block-group__inner-container is-layout-constrained wp-block-group-is-layout-constrained\">\n<div class=\"wp-block-media-text has-media-on-the-right is-stacked-on-mobile\" style=\"grid-template-columns:auto 40%\"><div class=\"wp-block-media-text__content\">\n<h2 class=\"wp-block-heading\" style=\"padding-top:var(--wp--preset--spacing--40);padding-bottom:var(--wp--preset--spacing--40);font-size:25px;font-style:normal;font-weight:600;text-transform:capitalize\">Como usar o canal de fita LED embutido 20x10mm<\/h2>\n\n\n\n<ul class=\"wp-block-list\">\n<li>Corte uma ranhura no drywall, madeira ou m\u00f3vel com 20 mm de largura e 10 mm de altura.<\/li>\n\n\n\n<li>Coloque a fita LED no canal. Funciona com fabricantes renomados, incluindo chips Samsung e Cree.<\/li>\n\n\n\n<li>Coloque o difusor fosco para obter uma luz suave e sem pontos.<\/li>\n\n\n\n<li>Use clipes de montagem ou cola para mant\u00ea-lo no lugar.<\/li>\n\n\n\n<li>Adicione&nbsp;capas finais para criar sa\u00eddas de fio limpas&nbsp;e uma&nbsp;apar\u00eancia acabada.&nbsp;<\/li>\n<\/ul>\n<\/div><figure class=\"wp-block-media-text__media\"><img loading=\"lazy\" decoding=\"async\" width=\"500\" height=\"500\" src=\"https:\/\/tangooled.com\/wp-content\/uploads\/2025\/07\/rp20a-ins.webp\" alt=\"canal de ilumina\u00e7\u00e3o com fita LED embutido 20x10mmmm\" class=\"wp-image-41756 size-full\" srcset=\"https:\/\/tangooled.com\/wp-content\/uploads\/2025\/07\/rp20a-ins.webp 500w, https:\/\/tangooled.com\/wp-content\/uploads\/2025\/07\/rp20a-ins-300x300.webp 300w, https:\/\/tangooled.com\/wp-content\/uploads\/2025\/07\/rp20a-ins-150x150.webp 150w\" sizes=\"auto, (max-width: 500px) 100vw, 500px\" \/><\/figure><\/div>\n<\/div><\/div>\n\n\n\n<div class=\"wp-block-group has-background\" style=\"background-color:#f1f1f1f2;padding-top:var(--wp--preset--spacing--80);padding-bottom:var(--wp--preset--spacing--80)\"><div class=\"wp-block-group__inner-container is-layout-constrained wp-block-group-is-layout-constrained\">\n<h2 class=\"wp-block-heading\" style=\"font-size:25px;font-style:normal;font-weight:600;text-transform:capitalize\">What&#8217;s in the kit?<\/h2>\n\n\n\n<ul class=\"wp-block-list\">\n<li>1x Perfil de alum\u00ednio RP20A anodizado embutido (comprimento a ser especificado)<\/li>\n\n\n\n<li>1x Difusor fosco de PC<\/li>\n\n\n\n<li>2x Capas finais<\/li>\n\n\n\n<li>2x Clips de montagem<\/li>\n<\/ul>\n<\/div><\/div>\n\n\n\n<div class=\"wp-block-group\" style=\"padding-top:var(--wp--preset--spacing--80);padding-bottom:var(--wp--preset--spacing--80)\"><div class=\"wp-block-group__inner-container is-layout-constrained wp-block-group-is-layout-constrained\">\n<h2 class=\"wp-block-heading\" style=\"padding-top:var(--wp--preset--spacing--40);padding-bottom:var(--wp--preset--spacing--40);font-size:25px;font-style:normal;font-weight:600;text-transform:capitalize\">O guia de instala\u00e7\u00e3o simples funciona para v\u00e1rias aplica\u00e7\u00f5es<\/h2>\n\n\n\n<ul class=\"wp-block-list\">\n<li>Ilumina\u00e7\u00e3o que vai embaixo de arm\u00e1rios em cozinhas ou closets.<\/li>\n\n\n\n<li>Ilumina\u00e7\u00e3o arquitet\u00f4nica embutida em paredes ou tetos.<\/li>\n\n\n\n<li>Adicionando m\u00f3veis como prateleiras ou arm\u00e1rios.<\/li>\n\n\n\n<li>Ilumina\u00e7\u00e3o para prateleiras de exibi\u00e7\u00e3o de varejo.<\/li>\n<\/ul>\n<\/div><\/div>\n\n\n\n<div class=\"wp-block-group has-background is-vertical is-layout-flex wp-container-core-group-is-layout-b429018a wp-block-group-is-layout-flex\" style=\"background-color:#f1f1f1f2;padding-top:var(--wp--preset--spacing--70);padding-bottom:var(--wp--preset--spacing--70)\">\n<h2 class=\"wp-block-heading\" style=\"font-size:25px;font-style:normal;font-weight:600;text-transform:capitalize\">Explore outros produtos relacionados para completar seu projeto:<\/h2>\n\n\n\n<ul class=\"wp-block-list\">\n<li><a href=\"https:\/\/tangooled.com\/pt\/product\/black-led-profile-with-black-diffuser-for-10mm-led-strip-light\/\"><mark style=\"background-color:rgba(0, 0, 0, 0)\" class=\"has-inline-color has-vivid-red-color\">Perfil LED preto com difusor preto para fita LED de 10mm<\/mark><\/a><\/li>\n\n\n\n<li><a href=\"https:\/\/tangooled.com\/pt\/product\/surface-mount-led-profile-with-frosted-diffuser-for-10mm-rope-lights\/\"><mark style=\"background-color:rgba(0, 0, 0, 0)\" class=\"has-inline-color has-vivid-red-color\">Perfil LED de montagem de superf\u00edcie com difusor fosco para luzes de cord\u00e3o de 10mm<\/mark><\/a><\/li>\n\n\n\n<li><a href=\"https:\/\/tangooled.com\/pt\/product\/aluminum-led-strip-extrusion-diffuser-channel-for-5050-double-row-led-strip\/\"><mark style=\"background-color:rgba(0, 0, 0, 0)\" class=\"has-inline-color has-vivid-red-color\">Difusor de canal em extrus\u00e3o de alum\u00ednio para fita LED de dupla fileira 5050<\/mark><\/a><\/li>\n\n\n\n<li><a href=\"https:\/\/tangooled.com\/pt\/product\/recessed-led-aluminum-profile-up-and-down-lighting-channel-for-cabinet\/\"><mark style=\"background-color:rgba(0, 0, 0, 0)\" class=\"has-inline-color has-vivid-red-color\">Perfil de alum\u00ednio LED embutido para ilumina\u00e7\u00e3o superior e inferior para arm\u00e1rios<\/mark><\/a><\/li>\n<\/ul>\n<\/div>\n\n\n\n<p><\/p>","protected":false},"featured_media":14342,"template":"","meta":{"_acf_changed":true,"_seopress_robots_primary_cat":"none","_seopress_titles_title":"20x10mm Recessed LED Channel Aluminum Profile | TANGOOLED","_seopress_titles_desc":"Upgrade your lighting with the 20x10mm recessed LED channel. This aluminum profile is designed for high-visibility linear lighting in ceilings and walls, offering easy installation and professional heat dissipation.","_seopress_robots_index":""},"pcb-width":[229],"product-cat":[193],"class_list":{"0":"post-34959","1":"product","2":"type-product","3":"status-publish","4":"has-post-thumbnail","6":"pcb-width-15-20mm","7":"product-cat-recessed-profile"},"acf":[],"_links":{"self":[{"href":"https:\/\/tangooled.com\/pt\/wp-json\/wp\/v2\/product\/34959","targetHints":{"allow":["GET"]}}],"collection":[{"href":"https:\/\/tangooled.com\/pt\/wp-json\/wp\/v2\/product"}],"about":[{"href":"https:\/\/tangooled.com\/pt\/wp-json\/wp\/v2\/types\/product"}],"wp:featuredmedia":[{"embeddable":true,"href":"https:\/\/tangooled.com\/pt\/wp-json\/wp\/v2\/media\/14342"}],"wp:attachment":[{"href":"https:\/\/tangooled.com\/pt\/wp-json\/wp\/v2\/media?parent=34959"}],"wp:term":[{"taxonomy":"pcb-width","embeddable":true,"href":"https:\/\/tangooled.com\/pt\/wp-json\/wp\/v2\/pcb-width?post=34959"},{"taxonomy":"product-cat","embeddable":true,"href":"https:\/\/tangooled.com\/pt\/wp-json\/wp\/v2\/product-cat?post=34959"}],"curies":[{"name":"wp","href":"https:\/\/api.w.org\/{rel}","templated":true}]}}