{"id":34957,"date":"2025-07-01T02:12:26","date_gmt":"2025-07-01T10:12:26","guid":{"rendered":"https:\/\/tangooled.com\/?post_type=product&#038;p=34957"},"modified":"2026-01-31T00:58:48","modified_gmt":"2026-01-31T08:58:48","slug":"recessed-17mm-led-profile-aluminum-channel-for-12mm-led-strips","status":"publish","type":"product","link":"https:\/\/tangooled.com\/pt\/product\/recessed-17mm-led-profile-aluminum-channel-for-12mm-led-strips\/","title":{"rendered":"canal de alum\u00ednio embutido de 17mm para fitas LED de 12mm"},"content":{"rendered":"<div class=\"wp-block-group is-vertical is-layout-flex wp-container-core-group-is-layout-d255d7c4 wp-block-group-is-layout-flex\" style=\"padding-top:var(--wp--preset--spacing--80);padding-bottom:var(--wp--preset--spacing--80)\">\n<p>Our 17mm recessed LED profile is made for LED strips that are up to 12mm wide. It\u2019s great for hiding strip lights within walls, ceilings, or furniture without any seams. This recessed aluminum channel has an outer width of 25.2mm and an overall height of 23.2mm, with an internal width of 14.6mm.<br>O canal \u00e9 feito de liga de alum\u00ednio extrudado 6063-T5 de alta qualidade para excelente dissipa\u00e7\u00e3o de calor, prolongando a vida \u00fatil e o brilho dos LEDs. A capa difusora opalina inclu\u00edda, constru\u00edda em material de PC (Policarbonato), garante uma dispers\u00e3o uniforme da luz sem pontos. Tampas de extremidade e clipes de montagem est\u00e3o inclu\u00eddos com o sistema completo, tornando a instala\u00e7\u00e3o f\u00e1cil e perfeita.<\/p>\n<\/div>\n\n\n\n<div class=\"wp-block-group has-background is-vertical is-layout-flex wp-container-core-group-is-layout-d255d7c4 wp-block-group-is-layout-flex\" style=\"background-color:#f1f1f1;padding-top:var(--wp--preset--spacing--80);padding-bottom:var(--wp--preset--spacing--80)\">\n<div class=\"wp-block-group is-vertical is-layout-flex wp-container-core-group-is-layout-8cf370e7 wp-block-group-is-layout-flex\">\n<h2 class=\"wp-block-heading\" style=\"padding-top:var(--wp--preset--spacing--40);padding-bottom:var(--wp--preset--spacing--40);font-size:25px;font-style:normal;font-weight:600;text-transform:capitalize\">Por que escolher o nosso perfil LED embutido de 17mm?<\/h2>\n\n\n\n<ul class=\"wp-block-list\">\n<li>Design embutido sem emendas: O canal se ajusta perfeitamente em drywall, madeira ou gesso para uma apar\u00eancia limpa.<\/li>\n\n\n\n<li>Funciona com a maioria das fitas LED populares e se ajusta bem a fitas de 12mm.<\/li>\n\n\n\n<li>Dissipador de calor de alum\u00ednio forte: Mant\u00e9m os LEDs frescos e duradouros.<\/li>\n\n\n\n<li>Opal\/polycarbonate diffuser: Makes the light softer so it doesn&#8217;t have any dots.<\/li>\n\n\n\n<li>F\u00e1cil de montar: Vem com clipes de mola, duas tampas de extremidade e uma capa que se encaixa.<\/li>\n\n\n\n<li>V\u00e1rias acabamentos: Voc\u00ea pode escolher entre anodizado prateado, preto fosco ou branco fosco para combinar com a sua decora\u00e7\u00e3o.<\/li>\n<\/ul>\n<\/div>\n<\/div>\n\n\n\n<div class=\"wp-block-group\" style=\"padding-top:var(--wp--preset--spacing--60);padding-bottom:var(--wp--preset--spacing--60)\"><div class=\"wp-block-group__inner-container is-layout-constrained wp-block-group-is-layout-constrained\">\n<div class=\"wp-block-media-text has-media-on-the-right is-stacked-on-mobile\"><div class=\"wp-block-media-text__content\">\n<h2 class=\"wp-block-heading\" style=\"padding-top:var(--wp--preset--spacing--40);padding-bottom:var(--wp--preset--spacing--40);font-size:25px;text-transform:capitalize\">Passos simples de instala\u00e7\u00e3o<\/h2>\n\n\n\n<ul class=\"wp-block-list\">\n<li>Corte uma ranhura em drywall, madeira, MDF ou gesso onde voc\u00ea deseja que a luz fique.<\/li>\n\n\n\n<li>Use cola ou clipes de mola para manter o canal alinhado na ranhura.<\/li>\n\n\n\n<li>Coloque a sua fita LED de 12mm dentro do canal.<\/li>\n\n\n\n<li>Coloque a capa difusora em cima e prenda as tampas de extremidade para finalizar.<\/li>\n<\/ul>\n<\/div><figure class=\"wp-block-media-text__media\"><img loading=\"lazy\" decoding=\"async\" width=\"500\" height=\"500\" src=\"https:\/\/tangooled.com\/wp-content\/uploads\/2025\/07\/rp17-ins.webp\" alt=\"canal de alum\u00ednio embutido de 17mm para fitas LED de 12mm\" class=\"wp-image-41679 size-full\" srcset=\"https:\/\/tangooled.com\/wp-content\/uploads\/2025\/07\/rp17-ins.webp 500w, https:\/\/tangooled.com\/wp-content\/uploads\/2025\/07\/rp17-ins-300x300.webp 300w, https:\/\/tangooled.com\/wp-content\/uploads\/2025\/07\/rp17-ins-150x150.webp 150w\" sizes=\"auto, (max-width: 500px) 100vw, 500px\" \/><\/figure><\/div>\n<\/div><\/div>\n\n\n\n<div class=\"wp-block-group has-background is-vertical is-layout-flex wp-container-core-group-is-layout-d255d7c4 wp-block-group-is-layout-flex\" style=\"background-color:#f1f1f1;padding-top:var(--wp--preset--spacing--80);padding-bottom:var(--wp--preset--spacing--80)\">\n<h2 class=\"wp-block-heading\" style=\"padding-top:var(--wp--preset--spacing--40);padding-bottom:var(--wp--preset--spacing--40);font-size:25px;font-style:normal;font-weight:600;text-transform:capitalize\">What\u2019s Inside the Box?<\/h2>\n\n\n\n<ul class=\"wp-block-list\">\n<li>1x canal de alum\u00ednio LED embutido de 17mm de largura<\/li>\n\n\n\n<li>1x capa difusora opalina encaix\u00e1vel<\/li>\n\n\n\n<li>2x clipes de mola para garantir um ajuste apertado<\/li>\n\n\n\n<li>2x tampas de extremidade (1 s\u00f3lida, 1 com orif\u00edcio para fio)<\/li>\n<\/ul>\n<\/div>\n\n\n\n<div class=\"wp-block-group\" style=\"padding-top:var(--wp--preset--spacing--80);padding-bottom:var(--wp--preset--spacing--80)\"><div class=\"wp-block-group__inner-container is-layout-constrained wp-block-group-is-layout-constrained\">\n<h2 class=\"wp-block-heading\" style=\"padding-top:var(--wp--preset--spacing--40);padding-bottom:var(--wp--preset--spacing--40);font-size:25px;font-style:normal;font-weight:600;text-transform:capitalize\">\u00d3timos usos para o nosso perfil LED embutido de 17mm<\/h2>\n\n\n\n<ul class=\"wp-block-list\">\n<li>Ilumina\u00e7\u00e3o sob arm\u00e1rios: use luz suave e direta para tornar os balc\u00f5es mais brilhantes.<\/li>\n\n\n\n<li>Acentos nas paredes e teto: Para um efeito moderno, esconda as luzes em ranhuras.<\/li>\n\n\n\n<li>Ilumina\u00e7\u00e3o para m\u00f3veis: prateleiras, guarda-roupas e closets ficam com luzes embutidas atraentes.<\/li>\n\n\n\n<li>Exibi\u00e7\u00f5es de varejo e neg\u00f3cios: destaque produtos de forma profissional.<\/li>\n<\/ul>\n<\/div><\/div>\n\n\n\n<div class=\"wp-block-group has-background is-vertical is-layout-flex wp-container-core-group-is-layout-b429018a wp-block-group-is-layout-flex\" style=\"background-color:#f1f1f1f2;padding-top:var(--wp--preset--spacing--70);padding-bottom:var(--wp--preset--spacing--70)\">\n<h2 class=\"wp-block-heading\" style=\"padding-top:var(--wp--preset--spacing--40);padding-bottom:var(--wp--preset--spacing--40);font-size:25px;font-style:normal;font-weight:600;text-transform:capitalize\">Verifique nossos produtos relacionados<\/h2>\n\n\n\n<ul class=\"wp-block-list\">\n<li>Precisa de um difusor preto? Veja o nosso <a href=\"https:\/\/tangooled.com\/pt\/product\/black-led-diffuser-aluminum-channel-for-12mm-tape-lights\/\"><mark style=\"background-color:rgba(0, 0, 0, 0)\" class=\"has-inline-color has-vivid-red-color\">canal de alum\u00ednio com difusor LED preto para luzes de fita de 12mm<\/mark><\/a>. <\/li>\n\n\n\n<li>Para montagem em canto com fitas de 12mm, visite <a href=\"https:\/\/tangooled.com\/pt\/product\/18x18mm-led-strip-corner-profile-for-12mm-led-strips\/\"><mark style=\"background-color:rgba(0, 0, 0, 0)\" class=\"has-inline-color has-vivid-red-color\">Perfil de canto de fita LED 18x18mm para fitas LED de 12mm<\/mark><\/a>.<\/li>\n\n\n\n<li>Explorar <a href=\"https:\/\/tangooled.com\/pt\/product\/black-aluminum-u-channel-profile-for-10mm-led-strips\/\"><mark style=\"background-color:rgba(0, 0, 0, 0)\" class=\"has-inline-color has-vivid-red-color\">perfil em U de alum\u00ednio preto para tiras LED de 10mm<\/mark><\/a> para necessidades de ilumina\u00e7\u00e3o ultra baixa.<\/li>\n<\/ul>\n<\/div>\n\n\n\n<p><\/p>","protected":false},"featured_media":14348,"template":"","meta":{"_acf_changed":false,"_seopress_robots_primary_cat":"none","_seopress_titles_title":"17mm Recessed LED Channel | Fits 12mm Wide LED Strips | TANGOOLED","_seopress_titles_desc":"The RP17 is a 17mm recessed LED profile specifically designed to accommodate 12mm wide LED strips. Featuring a flanged edge to hide cutouts, it\u2019s the ideal solution for high-power linear lighting.","_seopress_robots_index":""},"pcb-width":[229],"product-cat":[193],"class_list":{"0":"post-34957","1":"product","2":"type-product","3":"status-publish","4":"has-post-thumbnail","6":"pcb-width-15-20mm","7":"product-cat-recessed-profile"},"acf":[],"_links":{"self":[{"href":"https:\/\/tangooled.com\/pt\/wp-json\/wp\/v2\/product\/34957","targetHints":{"allow":["GET"]}}],"collection":[{"href":"https:\/\/tangooled.com\/pt\/wp-json\/wp\/v2\/product"}],"about":[{"href":"https:\/\/tangooled.com\/pt\/wp-json\/wp\/v2\/types\/product"}],"wp:featuredmedia":[{"embeddable":true,"href":"https:\/\/tangooled.com\/pt\/wp-json\/wp\/v2\/media\/14348"}],"wp:attachment":[{"href":"https:\/\/tangooled.com\/pt\/wp-json\/wp\/v2\/media?parent=34957"}],"wp:term":[{"taxonomy":"pcb-width","embeddable":true,"href":"https:\/\/tangooled.com\/pt\/wp-json\/wp\/v2\/pcb-width?post=34957"},{"taxonomy":"product-cat","embeddable":true,"href":"https:\/\/tangooled.com\/pt\/wp-json\/wp\/v2\/product-cat?post=34957"}],"curies":[{"name":"wp","href":"https:\/\/api.w.org\/{rel}","templated":true}]}}