{"id":34955,"date":"2025-07-01T02:09:53","date_gmt":"2025-07-01T10:09:53","guid":{"rendered":"https:\/\/tangooled.com\/?post_type=product&#038;p=34955"},"modified":"2026-01-25T18:33:21","modified_gmt":"2026-01-26T02:33:21","slug":"vertical-flange-recessed-led-channel-11mm-inner","status":"publish","type":"product","link":"https:\/\/tangooled.com\/pt\/product\/vertical-flange-recessed-led-channel-11mm-inner\/","title":{"rendered":"Canal LED Recessado com Flange Vertical 11mm de Largura Interna"},"content":{"rendered":"<div class=\"wp-block-group\" style=\"padding-top:var(--wp--preset--spacing--80);padding-bottom:var(--wp--preset--spacing--80)\"><div class=\"wp-block-group__inner-container is-layout-constrained wp-block-group-is-layout-constrained\">\n<p>Este canal LED recessado com flange vertical \u00e9 feito de alum\u00ednio anodizado e tem medidas exatas de 13mm de largura vis\u00edvel e 18mm de altura, tornando-se uma escolha ideal para ilumina\u00e7\u00e3o com fita LED. O canal vem com um difusor opalino que se encaixa perfeitamente na parte superior do perfil. As tampas finais tamb\u00e9m est\u00e3o inclu\u00eddas em cada conjunto para dar um acabamento polido.<\/p>\n\n\n\n<p>The anodized aluminum channel is a superb heat drain, which is vital for keeping the LED&#8217;s brightness stable and extending its lifespan. The channel eliminates harsh LED dots when used with the opal diffuser, giving any room attractive, soft, and dot-free linear light.<\/p>\n<\/div><\/div>\n\n\n\n<div class=\"wp-block-group has-background\" style=\"background-color:#f1f1f1;padding-top:var(--wp--preset--spacing--80);padding-bottom:var(--wp--preset--spacing--80)\"><div class=\"wp-block-group__inner-container is-layout-constrained wp-block-group-is-layout-constrained\">\n<div class=\"wp-block-group is-vertical is-layout-flex wp-container-core-group-is-layout-8cf370e7 wp-block-group-is-layout-flex\">\n<h2 class=\"wp-block-heading\" style=\"padding-top:var(--wp--preset--spacing--40);padding-bottom:var(--wp--preset--spacing--40);font-size:25px;font-style:normal;font-weight:600;text-transform:capitalize\">Por Que Escolher Nosso Canal LED Recessado com Flange Vertical?<\/h2>\n\n\n\n<ul class=\"wp-block-list\">\n<li>A largura interna de 11mm faz com que o canal funcione tanto com fitas LED de 8mm quanto de 10mm.<\/li>\n\n\n\n<li>Feito de alum\u00ednio anodizado 6063-T5 para durabilidade e excelente dissipa\u00e7\u00e3o de calor.<\/li>\n\n\n\n<li>Vem com uma tampa difusora opalina que se encaixa sem pontos de luz.<\/li>\n\n\n\n<li>Possui uma flange vertical para instala\u00e7\u00e3o embutida, garantindo um acabamento suave e oculto.<\/li>\n<\/ul>\n<\/div>\n<\/div><\/div>\n\n\n\n<div class=\"wp-block-group\" style=\"padding-top:var(--wp--preset--spacing--60);padding-bottom:var(--wp--preset--spacing--60)\"><div class=\"wp-block-group__inner-container is-layout-constrained wp-block-group-is-layout-constrained\">\n<div class=\"wp-block-media-text has-media-on-the-right is-stacked-on-mobile\" style=\"grid-template-columns:auto 40%\"><div class=\"wp-block-media-text__content\">\n<h2 class=\"wp-block-heading\" style=\"padding-top:var(--wp--preset--spacing--40);padding-bottom:var(--wp--preset--spacing--40);font-size:25px;font-style:normal;font-weight:600;text-transform:capitalize\">Como Usar o Canal LED Recessado com Flange Vertical<\/h2>\n\n\n\n<ul class=\"wp-block-list\">\n<li>Corte cuidadosamente um sulco na superf\u00edcie (teto, parede ou mobili\u00e1rio) que seja do tamanho adequado para o canal recessado.<\/li>\n\n\n\n<li>Use cola ou fita adesiva para prender firmemente o canal de alum\u00ednio ao sulco cortado.<\/li>\n\n\n\n<li>Remova a prote\u00e7\u00e3o e coloque a fita de luz LED com seguran\u00e7a no canal. Em seguida, conecte os fios \u00e0 fonte de energia.<\/li>\n\n\n\n<li>Coloque as tampas nas duas extremidades do canal e passe os fios de energia pela tampa final com um buraco.<\/li>\n\n\n\n<li>Para preservar a fita LED e finalizar o visual limpo e sem pontos, encaixe o difusor no canal.<\/li>\n<\/ul>\n<\/div><figure class=\"wp-block-media-text__media\"><img loading=\"lazy\" decoding=\"async\" width=\"500\" height=\"500\" src=\"https:\/\/tangooled.com\/wp-content\/uploads\/2025\/07\/rp1318-ins.webp\" alt=\"recessed led channel profile with vertical flange\u00a0inner width 11mm\" class=\"wp-image-41675 size-full\" srcset=\"https:\/\/tangooled.com\/wp-content\/uploads\/2025\/07\/rp1318-ins.webp 500w, https:\/\/tangooled.com\/wp-content\/uploads\/2025\/07\/rp1318-ins-300x300.webp 300w, https:\/\/tangooled.com\/wp-content\/uploads\/2025\/07\/rp1318-ins-150x150.webp 150w\" sizes=\"auto, (max-width: 500px) 100vw, 500px\" \/><\/figure><\/div>\n<\/div><\/div>\n\n\n\n<div class=\"wp-block-group has-background\" style=\"background-color:#f1f1f1f2;padding-top:var(--wp--preset--spacing--80);padding-bottom:var(--wp--preset--spacing--80)\"><div class=\"wp-block-group__inner-container is-layout-constrained wp-block-group-is-layout-constrained\">\n<h2 class=\"wp-block-heading\" style=\"padding-top:var(--wp--preset--spacing--40);padding-bottom:var(--wp--preset--spacing--40);font-size:25px;font-style:normal;font-weight:600;text-transform:capitalize\">What&#8217;s in the kit?<\/h2>\n\n\n\n<ul class=\"wp-block-list\">\n<li>1x Perfil de alum\u00ednio anodizado<\/li>\n\n\n\n<li>1x Tampa difusora opalina<\/li>\n\n\n\n<li>Tampas finais (uma com buraco, uma sem)<\/li>\n<\/ul>\n<\/div><\/div>\n\n\n\n<div class=\"wp-block-group\" style=\"padding-top:var(--wp--preset--spacing--80);padding-bottom:var(--wp--preset--spacing--80)\"><div class=\"wp-block-group__inner-container is-layout-constrained wp-block-group-is-layout-constrained\">\n<h2 class=\"wp-block-heading\" style=\"padding-top:var(--wp--preset--spacing--40);padding-bottom:var(--wp--preset--spacing--40);font-size:25px;font-style:normal;font-weight:600;text-transform:capitalize\">Produtos relacionados que voc\u00ea pode gostar<\/h2>\n\n\n\n<ul class=\"wp-block-list\">\n<li>Para um perfil LED preto com difusor preto para fita LED de 10mm, confira isto: <a href=\"https:\/\/tangooled.com\/pt\/product\/black-led-profile-with-black-diffuser-for-10mm-led-strip-light\/\"><mark style=\"background-color:rgba(0, 0, 0, 0)\" class=\"has-inline-color has-vivid-red-color\">Perfil LED preto com difusor preto<\/mark><\/a><\/li>\n\n\n\n<li>Precisa de uma op\u00e7\u00e3o de perfil baixo? Experimente isto <a href=\"https:\/\/tangooled.com\/pt\/product\/25x6mm-low-profile-led-strip-channel-for-10mm-led-strip-light\/\"><mark style=\"background-color:rgba(0, 0, 0, 0)\" class=\"has-inline-color has-vivid-red-color\">canal de LED de perfil baixo 25x6mm para fita LED de 10mm<\/mark><\/a><\/li>\n\n\n\n<li>Para um estilo de montagem diferente, veja: <a href=\"https:\/\/tangooled.com\/pt\/product\/surface-mount-led-profile-with-frosted-diffuser-for-10mm-rope-lights\/\"><mark style=\"background-color:rgba(0, 0, 0, 0)\" class=\"has-inline-color has-vivid-red-color\">Perfil LED de superf\u00edcie com difusor fosco para luz de corda de 10mm<\/mark><\/a><\/li>\n<\/ul>\n<\/div><\/div>\n\n\n\n<p><\/p>","protected":false},"featured_media":14354,"template":"","meta":{"_acf_changed":true,"_seopress_robots_primary_cat":"none","_seopress_titles_title":"Vertical Flange Recessed LED Channel 11mm Inner Width | TANGOOLED","_seopress_titles_desc":"Our recessed LED channel profile features a unique vertical flange design and an 11mm inner width. Perfect for 8mm-10mm LED strips, it provides a specialized trim for architectural lighting and clean edge finishing.","_seopress_robots_index":""},"pcb-width":[228],"product-cat":[193],"class_list":{"0":"post-34955","1":"product","2":"type-product","3":"status-publish","4":"has-post-thumbnail","6":"pcb-width-6-12mm","7":"product-cat-recessed-profile"},"acf":[],"_links":{"self":[{"href":"https:\/\/tangooled.com\/pt\/wp-json\/wp\/v2\/product\/34955","targetHints":{"allow":["GET"]}}],"collection":[{"href":"https:\/\/tangooled.com\/pt\/wp-json\/wp\/v2\/product"}],"about":[{"href":"https:\/\/tangooled.com\/pt\/wp-json\/wp\/v2\/types\/product"}],"wp:featuredmedia":[{"embeddable":true,"href":"https:\/\/tangooled.com\/pt\/wp-json\/wp\/v2\/media\/14354"}],"wp:attachment":[{"href":"https:\/\/tangooled.com\/pt\/wp-json\/wp\/v2\/media?parent=34955"}],"wp:term":[{"taxonomy":"pcb-width","embeddable":true,"href":"https:\/\/tangooled.com\/pt\/wp-json\/wp\/v2\/pcb-width?post=34955"},{"taxonomy":"product-cat","embeddable":true,"href":"https:\/\/tangooled.com\/pt\/wp-json\/wp\/v2\/product-cat?post=34955"}],"curies":[{"name":"wp","href":"https:\/\/api.w.org\/{rel}","templated":true}]}}