{"id":34954,"date":"2025-07-01T02:03:54","date_gmt":"2025-07-01T10:03:54","guid":{"rendered":"https:\/\/tangooled.com\/?post_type=product&#038;p=34954"},"modified":"2026-01-24T03:30:17","modified_gmt":"2026-01-24T11:30:17","slug":"12x10mm-recessed-led-strip-channel-aluminum-profile","status":"publish","type":"product","link":"https:\/\/tangooled.com\/pt\/product\/12x10mm-recessed-led-strip-channel-aluminum-profile\/","title":{"rendered":"Perfil de alum\u00ednio para canal de fita LED embutido 12x10mm"},"content":{"rendered":"<div class=\"wp-block-group\" style=\"padding-top:var(--wp--preset--spacing--80);padding-bottom:var(--wp--preset--spacing--80)\"><div class=\"wp-block-group__inner-container is-layout-constrained wp-block-group-is-layout-constrained\">\n<p>Este canal de fita LED embutido 12x10mm \u00e9 uma excelente forma de criar ilumina\u00e7\u00e3o linear e fina. O perfil de alum\u00ednio \u00e9 feito para manter suas fitas LED no lugar e garantir que funcionem bem. Ele se encaixa facilmente em ranhuras em paredes ou m\u00f3veis, cobrindo a fita de luz e tornando-a bonita.<br>O canal de alum\u00ednio anodizado oferece um \u00f3timo lugar para o calor escapar, mantendo as fitas LED frescas. Isso mant\u00e9m os LEDs brilhantes e aumenta sua durabilidade. O difusor de policarbonato tamb\u00e9m \u00e9 muito importante, pois suaviza a luz e elimina os pontos de LED intensos.<br>This 12&#215;10 mm recessed channel is great for kitchens, stairs, retail displays, and other places where you want high-quality, hidden lighting. It&#8217;s the best approach to make your LED lights look better and last longer.<\/p>\n<\/div><\/div>\n\n\n\n<div class=\"wp-block-group has-background is-vertical is-layout-flex wp-container-core-group-is-layout-d255d7c4 wp-block-group-is-layout-flex\" style=\"background-color:#f1f1f1;padding-top:var(--wp--preset--spacing--80);padding-bottom:var(--wp--preset--spacing--80)\">\n<div class=\"wp-block-group is-vertical is-layout-flex wp-container-core-group-is-layout-8cf370e7 wp-block-group-is-layout-flex\">\n<h2 class=\"wp-block-heading\" style=\"padding-top:var(--wp--preset--spacing--40);padding-bottom:var(--wp--preset--spacing--40);font-size:25px;font-style:normal;font-weight:600;text-transform:capitalize\">Por que escolher nosso canal de fita LED embutido 12x10mm?<\/h2>\n\n\n\n<ul class=\"wp-block-list\">\n<li>Design de montagem embutida: Este design se encaixa em paredes, tetos ou m\u00f3veis para um visual limpo.<\/li>\n\n\n\n<li>Constru\u00e7\u00e3o em alum\u00ednio resistente: Mant\u00e9m o calor longe dos LEDs para aumentar sua durabilidade.<\/li>\n\n\n\n<li>Difusor fosco: Isso torna a luz mais suave, eliminando pontos ou \u00e1reas brilhantes.<\/li>\n\n\n\n<li>Funciona com muitos tipos de LED, como RGB, COB e mais. Ele se ajusta a fitas LED de 8mm.<\/li>\n\n\n\n<li>F\u00e1cil de cortar e instalar: Voc\u00ea pode encurt\u00e1-lo para se adequar ao seu espa\u00e7o.<\/li>\n<\/ul>\n<\/div>\n<\/div>\n\n\n\n<div class=\"wp-block-group\" style=\"padding-top:var(--wp--preset--spacing--60);padding-bottom:var(--wp--preset--spacing--60)\"><div class=\"wp-block-group__inner-container is-layout-constrained wp-block-group-is-layout-constrained\">\n<div class=\"wp-block-media-text has-media-on-the-right is-stacked-on-mobile\" style=\"grid-template-columns:auto 40%\"><div class=\"wp-block-media-text__content\">\n<h2 class=\"wp-block-heading\" style=\"font-size:25px;font-style:normal;font-weight:600;text-transform:capitalize\">Como instalar seu canal de fita LED embutido 12x10mm<\/h2>\n\n\n\n<ul class=\"wp-block-list\">\n<li>Make a groove in your drywall, wood, or other surface that is the same size as the channel&#8217;s size.<\/li>\n\n\n\n<li>Insira o canal de alum\u00ednio na ranhura e fixe-o no lugar usando cola ou grampos de montagem.<\/li>\n\n\n\n<li>Coloque sua fita LED dentro do canal, que pode ter at\u00e9 8mm de largura.<\/li>\n\n\n\n<li>Para finalizar o design, encaixe a tampa difusora opalina para permitir uma luz suave.<\/li>\n<\/ul>\n<\/div><figure class=\"wp-block-media-text__media\"><img loading=\"lazy\" decoding=\"async\" width=\"500\" height=\"500\" src=\"https:\/\/tangooled.com\/wp-content\/uploads\/2025\/07\/rp10-ins.webp\" alt=\"12x10mm recessed led strip channel aluminum profile\" class=\"wp-image-41671 size-full\" srcset=\"https:\/\/tangooled.com\/wp-content\/uploads\/2025\/07\/rp10-ins.webp 500w, https:\/\/tangooled.com\/wp-content\/uploads\/2025\/07\/rp10-ins-300x300.webp 300w, https:\/\/tangooled.com\/wp-content\/uploads\/2025\/07\/rp10-ins-150x150.webp 150w\" sizes=\"auto, (max-width: 500px) 100vw, 500px\" \/><\/figure><\/div>\n<\/div><\/div>\n\n\n\n<div class=\"wp-block-group has-background\" style=\"background-color:#f1f1f1f2;padding-top:var(--wp--preset--spacing--80);padding-bottom:var(--wp--preset--spacing--80)\"><div class=\"wp-block-group__inner-container is-layout-constrained wp-block-group-is-layout-constrained\">\n<h2 class=\"wp-block-heading\" style=\"padding-top:var(--wp--preset--spacing--40);padding-bottom:var(--wp--preset--spacing--40);font-size:25px;font-style:normal;font-weight:600;text-transform:capitalize\">Aplica\u00e7\u00f5es Comuns Onde S\u00e3o Usados<\/h2>\n\n\n\n<ul class=\"wp-block-list\">\n<li>Ilumina\u00e7\u00e3o sob arm\u00e1rio: Adicione uma luz de tarefa estilosa \u00e0 sua cozinha ou espa\u00e7o de trabalho. Use uma caixa de alum\u00ednio dur\u00e1vel para manter sua fita LED segura.<\/li>\n\n\n\n<li>Architectural Accent Lighting: Make smooth lines of light on walls, ceilings, or floors.\u2013 Great for putting in LED profiles that are plastered in or drywall LED channels.<\/li>\n\n\n\n<li>Ilumina\u00e7\u00e3o para m\u00f3veis e marcenaria: Use em arm\u00e1rios, vitrines ou prateleiras sob medida para ocultar a luz. Adiciona um brilho suave \u00e0 decora\u00e7\u00e3o moderna.<\/li>\n\n\n\n<li>Ilumina\u00e7\u00e3o de varejo e vitrine: Use sistemas de trilhos para fita LED para iluminar exibi\u00e7\u00f5es com luz uniforme.<\/li>\n<\/ul>\n<\/div><\/div>\n\n\n\n<div class=\"wp-block-group\" style=\"padding-top:var(--wp--preset--spacing--80);padding-bottom:var(--wp--preset--spacing--80)\"><div class=\"wp-block-group__inner-container is-layout-constrained wp-block-group-is-layout-constrained\">\n<h2 class=\"wp-block-heading\" style=\"padding-top:var(--wp--preset--spacing--40);padding-bottom:var(--wp--preset--spacing--40);font-size:25px;font-style:normal;font-weight:600;text-transform:capitalize\">Saiba Mais Sobre Produtos Relacionados<\/h2>\n\n\n\n<ul class=\"wp-block-list\">\n<li><a href=\"https:\/\/tangooled.com\/pt\/product\/black-led-profile-with-black-diffuser-for-10mm-led-strip-light\/\"><mark style=\"background-color:rgba(0, 0, 0, 0)\" class=\"has-inline-color has-vivid-red-color\">Perfil de LED preto com difusor preto para fita de LED de 10mm<\/mark><\/a> para acabamentos escuros e elegantes.<\/li>\n\n\n\n<li><a href=\"https:\/\/tangooled.com\/pt\/product\/surface-mount-led-profile-with-frosted-diffuser-for-10mm-rope-lights\/\"><mark style=\"background-color:rgba(0, 0, 0, 0)\" class=\"has-inline-color has-vivid-red-color\">Perfil LED de montagem em superf\u00edcie com difusor fosco para luzes de fita de 10mm<\/mark><\/a> para montagem em superf\u00edcie.<\/li>\n\n\n\n<li><a href=\"https:\/\/tangooled.com\/pt\/product\/led-strip-light-channel-aluminum-profile-with-diffused-cover-6mm-height\/\"><mark style=\"background-color:rgba(0, 0, 0, 0)\" class=\"has-inline-color has-vivid-red-color\">Canal de luz LED de alum\u00ednio com cobertura difusa, altura de 6 mm<\/mark><\/a><mark style=\"background-color:rgba(0, 0, 0, 0)\" class=\"has-inline-color has-vivid-red-color\"> <\/mark>para espa\u00e7os de baixa altura. <\/li>\n<\/ul>\n\n\n\n<p><\/p>\n<\/div><\/div>","protected":false},"featured_media":14359,"template":"","meta":{"_acf_changed":true,"_seopress_robots_primary_cat":"none","_seopress_titles_title":"12x10mm Recessed LED Profile Aluminum Channel | TANGOOLED","_seopress_titles_desc":"Shop our 12x10mm recessed led profile. This compact aluminum channel is perfect for slim furniture and wall accents, providing a professional flanged finish for 8mm LED strips.","_seopress_robots_index":""},"pcb-width":[228],"product-cat":[193],"class_list":{"0":"post-34954","1":"product","2":"type-product","3":"status-publish","4":"has-post-thumbnail","6":"pcb-width-6-12mm","7":"product-cat-recessed-profile"},"acf":[],"_links":{"self":[{"href":"https:\/\/tangooled.com\/pt\/wp-json\/wp\/v2\/product\/34954","targetHints":{"allow":["GET"]}}],"collection":[{"href":"https:\/\/tangooled.com\/pt\/wp-json\/wp\/v2\/product"}],"about":[{"href":"https:\/\/tangooled.com\/pt\/wp-json\/wp\/v2\/types\/product"}],"wp:featuredmedia":[{"embeddable":true,"href":"https:\/\/tangooled.com\/pt\/wp-json\/wp\/v2\/media\/14359"}],"wp:attachment":[{"href":"https:\/\/tangooled.com\/pt\/wp-json\/wp\/v2\/media?parent=34954"}],"wp:term":[{"taxonomy":"pcb-width","embeddable":true,"href":"https:\/\/tangooled.com\/pt\/wp-json\/wp\/v2\/pcb-width?post=34954"},{"taxonomy":"product-cat","embeddable":true,"href":"https:\/\/tangooled.com\/pt\/wp-json\/wp\/v2\/product-cat?post=34954"}],"curies":[{"name":"wp","href":"https:\/\/api.w.org\/{rel}","templated":true}]}}