{"id":34951,"date":"2025-07-01T02:00:29","date_gmt":"2025-07-01T10:00:29","guid":{"rendered":"https:\/\/tangooled.com\/?post_type=product&#038;p=34951"},"modified":"2026-02-02T22:26:29","modified_gmt":"2026-02-03T06:26:29","slug":"recessed-mini-8mm-led-strip-light-aluminum-channel","status":"publish","type":"product","link":"https:\/\/tangooled.com\/pt\/product\/recessed-mini-8mm-led-strip-light-aluminum-channel\/","title":{"rendered":"canal de alum\u00ednio para fita LED mini embutido 8mm"},"content":{"rendered":"<div class=\"wp-block-group\" style=\"padding-top:var(--wp--preset--spacing--80);padding-bottom:var(--wp--preset--spacing--80)\"><div class=\"wp-block-group__inner-container is-layout-constrained wp-block-group-is-layout-constrained\">\n<p>Ilumine seus espa\u00e7os com nosso canal de alum\u00ednio LED mini embutido 8mm. O lado externo deste canal embutido mede 8x11mm, e o interior tem 6mm de largura. Este produto \u00e9 adequado para fitas LED finas de 5mm e oferece uma ilumina\u00e7\u00e3o limpa, plana e uniforme. \u00c9 feito de alum\u00ednio anodizado forte que mant\u00e9m suas LEDs frescas e protege-as da poeira e impactos. Este canal \u00e9 uma excelente escolha se voc\u00ea deseja iluminar suas prateleiras, prateleiras de cozinha ou paredes.<\/p>\n<\/div><\/div>\n\n\n\n<div class=\"wp-block-group has-background is-vertical is-layout-flex wp-container-core-group-is-layout-d255d7c4 wp-block-group-is-layout-flex\" style=\"background-color:#f1f1f1;padding-top:var(--wp--preset--spacing--80);padding-bottom:var(--wp--preset--spacing--80)\">\n<div class=\"wp-block-group is-vertical is-layout-flex wp-container-core-group-is-layout-8cf370e7 wp-block-group-is-layout-flex\">\n<h2 class=\"wp-block-heading\" style=\"padding-top:var(--wp--preset--spacing--40);padding-bottom:var(--wp--preset--spacing--40);font-size:25px;font-style:normal;font-weight:600;text-transform:capitalize\">Por que escolher nosso canal de alum\u00ednio LED mini embutido 8mm?<\/h2>\n\n\n\n<ul class=\"wp-block-list\">\n<li>Tamanho Ultra-Fino: Feito para fitas de luz de 5mm, este canal de alum\u00ednio se encaixa em fendas estreitas em paredes, gabinetes ou tetos.<\/li>\n\n\n\n<li>Design Embutido: Para um visual moderno e elegante, sem bordas, instale-o embutido em drywall ou madeira.<\/li>\n\n\n\n<li>Ilumina\u00e7\u00e3o Impec\u00e1vel: Ele cobre pontos LED brilhantes e espalha a luz uniformemente com um difusor opalino ou fosco.<\/li>\n\n\n\n<li>Forte Dissipador de Calor: O corpo de alum\u00ednio afasta o calor das LEDs, fazendo com que durem mais e brilhem mais.<\/li>\n\n\n\n<li>Protege sua fita LED: Este canal protege suas fitas LED da poeira, \u00e1gua e impactos, garantindo sua seguran\u00e7a e desempenho.<\/li>\n<\/ul>\n<\/div>\n<\/div>\n\n\n\n<div class=\"wp-block-group\" style=\"padding-top:var(--wp--preset--spacing--60);padding-bottom:var(--wp--preset--spacing--60)\"><div class=\"wp-block-group__inner-container is-layout-constrained wp-block-group-is-layout-constrained\">\n<div class=\"wp-block-media-text has-media-on-the-right is-stacked-on-mobile\"><div class=\"wp-block-media-text__content\">\n<h2 class=\"wp-block-heading\" style=\"padding-top:var(--wp--preset--spacing--40);padding-bottom:var(--wp--preset--spacing--40);font-size:25px;font-style:normal;font-weight:600;text-transform:capitalize\">como instalar<\/h2>\n\n\n\n<ul class=\"wp-block-list\">\n<li>Corte uma ranhura em drywall, madeira ou outras superf\u00edcies limpas.<\/li>\n\n\n\n<li>Coloque o pequeno canal de alum\u00ednio LED de 8mm na ranhura.<\/li>\n\n\n\n<li>Use cola ou gesso para mant\u00ea-lo no lugar, ou cubra as asas com gesso para um acabamento sem moldura.<\/li>\n\n\n\n<li>Coloque sua fita LED de 5mm dentro.<\/li>\n\n\n\n<li>Coloque a tampa no difusor.<\/li>\n\n\n\n<li>Conecte-o e desfrute da linha de luz brilhante e uniforme.<\/li>\n<\/ul>\n<\/div><figure class=\"wp-block-media-text__media\"><img loading=\"lazy\" decoding=\"async\" width=\"500\" height=\"500\" src=\"https:\/\/tangooled.com\/wp-content\/uploads\/2025\/07\/rp09-ins.webp\" alt=\"recessed mini 8mm led strip light aluminum channel\" class=\"wp-image-40794 size-full\" srcset=\"https:\/\/tangooled.com\/wp-content\/uploads\/2025\/07\/rp09-ins.webp 500w, https:\/\/tangooled.com\/wp-content\/uploads\/2025\/07\/rp09-ins-300x300.webp 300w, https:\/\/tangooled.com\/wp-content\/uploads\/2025\/07\/rp09-ins-150x150.webp 150w\" sizes=\"auto, (max-width: 500px) 100vw, 500px\" \/><\/figure><\/div>\n<\/div><\/div>\n\n\n\n<div class=\"wp-block-group has-background\" style=\"background-color:#f1f1f1;padding-top:var(--wp--preset--spacing--80);padding-bottom:var(--wp--preset--spacing--80)\"><div class=\"wp-block-group__inner-container is-layout-constrained wp-block-group-is-layout-constrained\">\n<h2 class=\"wp-block-heading\" style=\"font-size:25px;font-style:normal;font-weight:600;text-transform:capitalize\">O que voc\u00ea recebe no kit<\/h2>\n\n\n\n<ul class=\"wp-block-list\">\n<li>Perfil de alum\u00ednio anodizado.<\/li>\n\n\n\n<li>Capa de difusor fosca.<\/li>\n\n\n\n<li>Capas de pl\u00e1stico (uma com buraco, uma sem buraco).<\/li>\n<\/ul>\n<\/div><\/div>\n\n\n\n<div class=\"wp-block-group\" style=\"padding-top:var(--wp--preset--spacing--80);padding-bottom:var(--wp--preset--spacing--80)\"><div class=\"wp-block-group__inner-container is-layout-constrained wp-block-group-is-layout-constrained\">\n<h2 class=\"wp-block-heading\" style=\"padding-top:var(--wp--preset--spacing--40);padding-bottom:var(--wp--preset--spacing--40);font-size:25px;font-style:normal;font-weight:600;text-transform:capitalize\">Mais sobre este produto<\/h2>\n\n\n\n<p>Nosso canal de alum\u00ednio LED mini embutido 8mm se encaixa perfeitamente em locais apertados, tornando-o excelente para esquemas de ilumina\u00e7\u00e3o modernos e minimalistas. O canal \u00e9 feito de alum\u00ednio extrudado forte que atua como um dissipador de calor para manter suas fitas LED frescas e brilhantes. Use o difusor de policarbonato que vem com ele para suavizar a luz e eliminar os pontos quentes gerados por pequenos chips LED.<\/p>\n\n\n\n<p>Este produto \u00e9 muito popular para ilumina\u00e7\u00e3o de destaque na arquitetura, pois cria lumin\u00e1rias lineares suaves para paredes e tetos. Voc\u00ea pode us\u00e1-lo com seguran\u00e7a e eleg\u00e2ncia para emoldurar ilumina\u00e7\u00e3o de nicho e ilumina\u00e7\u00e3o de guarda-roupa.<\/p>\n<\/div><\/div>\n\n\n\n<h2 class=\"wp-block-heading\" style=\"padding-top:var(--wp--preset--spacing--40);padding-bottom:var(--wp--preset--spacing--40);font-size:25px;font-style:normal;font-weight:600;text-transform:capitalize\">produtos relacionados<\/h2>\n\n\n\n<ul class=\"wp-block-list\">\n<li>Para um tema preto, experimente nosso<a href=\"https:\/\/tangooled.com\/pt\/product\/black-led-profile-with-black-diffuser-for-10mm-led-strip-light\/\"> <mark style=\"background-color:rgba(0, 0, 0, 0)\" class=\"has-inline-color has-vivid-red-color\">perfil de LED preto com difusor preto para fita LED de 10mm<\/mark>.<\/a><\/li>\n\n\n\n<li>Precisa de uma op\u00e7\u00e3o com baixo perfil? Confira o <mark style=\"background-color:rgba(0, 0, 0, 0)\" class=\"has-inline-color has-vivid-red-color\"><a href=\"https:\/\/tangooled.com\/pt\/product\/led-strip-light-channel-aluminum-profile-with-diffused-cover-6mm-height\/\">Canal de luz LED de alum\u00ednio com cobertura difusa, altura de 6 mm<\/a>.<\/mark><\/li>\n\n\n\n<li>Para montagem em superf\u00edcie, experimente <a href=\"https:\/\/tangooled.com\/pt\/product\/surface-mount-led-profile-with-frosted-diffuser-for-10mm-rope-lights\/\"><mark style=\"background-color:rgba(0, 0, 0, 0)\" class=\"has-inline-color has-vivid-red-color\">perfil de LED de montagem em superf\u00edcie com difusor fosco para luzes de corda de 10mm<\/mark><\/a>.<\/li>\n\n\n\n<li>Quer uma op\u00e7\u00e3o em formato de U? Explore <a href=\"https:\/\/tangooled.com\/pt\/product\/surface-mount-led-profile-with-frosted-diffuser-for-10mm-rope-lights\/\"><mark style=\"background-color:rgba(0, 0, 0, 0)\" class=\"has-inline-color has-vivid-red-color\">perfil em U de alum\u00ednio preto para tiras LED de 10mm<\/mark><\/a>.<\/li>\n\n\n\n<li>Para canais mais largos, veja <a href=\"https:\/\/tangooled.com\/pt\/product\/led-light-diffuser-channel-aluminum-15x12mm-for-10mm-led-strips\/\"><mark style=\"background-color:rgba(0, 0, 0, 0)\" class=\"has-inline-color has-vivid-red-color\">Difusor de luz em alum\u00ednio 15x12mm para tiras LED de 10mm<\/mark><\/a>.<\/li>\n<\/ul>\n\n\n\n<p><\/p>","protected":false},"featured_media":14364,"template":"","meta":{"_acf_changed":true,"_seopress_robots_primary_cat":"none","_seopress_titles_title":"Mini 8mm Recessed LED Strip Channel | TANGOOLED","_seopress_titles_desc":"This mini 8mm recessed LED strip light channel is designed for precision accent lighting. Perfect for thin furniture, cabinets, and narrow architectural gaps. Achieve a clean, minimalist finish.","_seopress_robots_index":""},"pcb-width":[228],"product-cat":[193],"class_list":{"0":"post-34951","1":"product","2":"type-product","3":"status-publish","4":"has-post-thumbnail","6":"pcb-width-6-12mm","7":"product-cat-recessed-profile"},"acf":[],"_links":{"self":[{"href":"https:\/\/tangooled.com\/pt\/wp-json\/wp\/v2\/product\/34951","targetHints":{"allow":["GET"]}}],"collection":[{"href":"https:\/\/tangooled.com\/pt\/wp-json\/wp\/v2\/product"}],"about":[{"href":"https:\/\/tangooled.com\/pt\/wp-json\/wp\/v2\/types\/product"}],"wp:featuredmedia":[{"embeddable":true,"href":"https:\/\/tangooled.com\/pt\/wp-json\/wp\/v2\/media\/14364"}],"wp:attachment":[{"href":"https:\/\/tangooled.com\/pt\/wp-json\/wp\/v2\/media?parent=34951"}],"wp:term":[{"taxonomy":"pcb-width","embeddable":true,"href":"https:\/\/tangooled.com\/pt\/wp-json\/wp\/v2\/pcb-width?post=34951"},{"taxonomy":"product-cat","embeddable":true,"href":"https:\/\/tangooled.com\/pt\/wp-json\/wp\/v2\/product-cat?post=34951"}],"curies":[{"name":"wp","href":"https:\/\/api.w.org\/{rel}","templated":true}]}}