{"id":34949,"date":"2025-07-01T01:58:45","date_gmt":"2025-07-01T09:58:45","guid":{"rendered":"https:\/\/tangooled.com\/?post_type=product&#038;p=34949"},"modified":"2026-01-24T02:19:25","modified_gmt":"2026-01-24T10:19:25","slug":"recessed-aluminum-led-channel-with-ceiling-buckle-for-10mm-strip-light","status":"publish","type":"product","link":"https:\/\/tangooled.com\/pt\/product\/recessed-aluminum-led-channel-with-ceiling-buckle-for-10mm-strip-light\/","title":{"rendered":"canal LED de alum\u00ednio embutido com fivela de teto para fita de 10mm"},"content":{"rendered":"<div class=\"wp-block-group\" style=\"padding-top:var(--wp--preset--spacing--80);padding-bottom:var(--wp--preset--spacing--80)\"><div class=\"wp-block-group__inner-container is-layout-constrained wp-block-group-is-layout-constrained\">\n<p>The Recessed LED Channel with Ceiling Buckle is a professional and specialized solution to light up your space. The channel is composed of 6063 aluminum alloy and features a light diffuser made of PC. Because the finish is smooth and flush, it&#8217;s perfect for ceilings, furniture, and cabinets. It is made to fit LED strips that are 8mm or 10mm wide.<\/p>\n\n\n\n<p>Os caps de extremidade e fivelas de montagem inclu\u00eddos facilitam e tornam segura a instala\u00e7\u00e3o do canal. Os clipes de fivela inteligentes seguram o canal firmemente no lugar na ranhura de montagem. Essa caracter\u00edstica garante um visual perfeito, eliminando rachaduras e bordas irregulares e fazendo com que a ilumina\u00e7\u00e3o se misture com a superf\u00edcie.<\/p>\n\n\n\n<p>You can choose from four different diffusers to get the lighting effect you want: Opal gives the best dotless glow since it spreads the light out as much as possible. Frosted brings forth mellow, high-quality light. Clear makes the light as bright as it can be. Black gives a modern, discreet look that hides the light source while it&#8217;s off.<\/p>\n<\/div><\/div>\n\n\n\n<div class=\"wp-block-group has-background\" style=\"background-color:#f1f1f1;padding-top:var(--wp--preset--spacing--80);padding-bottom:var(--wp--preset--spacing--80)\"><div class=\"wp-block-group__inner-container is-layout-constrained wp-block-group-is-layout-constrained\">\n<div class=\"wp-block-group\" style=\"padding-top:0;padding-bottom:0\"><div class=\"wp-block-group__inner-container is-layout-constrained wp-block-group-is-layout-constrained\">\n<h2 class=\"wp-block-heading\" style=\"padding-top:var(--wp--preset--spacing--40);padding-bottom:var(--wp--preset--spacing--40);font-size:25px;font-style:normal;font-weight:600;text-transform:capitalize\">por que escolher nosso canal LED embutido com fivela de teto<\/h2>\n\n\n\n<p style=\"padding-right:var(--wp--preset--spacing--50);padding-left:var(--wp--preset--spacing--50)\">Nosso canal LED embutido com fivela de teto ajuda a tornar a sua ilumina\u00e7\u00e3o f\u00e1cil de instalar e bonita de ver. Aqui est\u00e3o algumas raz\u00f5es para escolher nosso produto:<\/p>\n\n\n\n<ul class=\"wp-block-list\">\n<li>Fast and easy install with ceiling buckles \u2014 no screws in studs needed.<\/li>\n\n\n\n<li>Fits 10mm strips perfectly \u2014 good for Philips Hue, Govee, and other tapes.<\/li>\n\n\n\n<li>Luz suave e sem pontos atrav\u00e9s do difusor fosco.<\/li>\n\n\n\n<li>Dissipador de calor forte feito de alum\u00ednio anodizado 6063-T5 para longa vida \u00fatil do LED.<\/li>\n\n\n\n<li>Visual nivelado com flange para esconder cortes de drywall irregulares.<\/li>\n\n\n\n<li>Protege suas fitas LED contra poeira e danos.<\/li>\n<\/ul>\n<\/div><\/div>\n<\/div><\/div>\n\n\n\n<div class=\"wp-block-group\" style=\"padding-top:var(--wp--preset--spacing--60);padding-bottom:var(--wp--preset--spacing--60)\"><div class=\"wp-block-group__inner-container is-layout-constrained wp-block-group-is-layout-constrained\">\n<div class=\"wp-block-media-text has-media-on-the-right is-stacked-on-mobile\"><div class=\"wp-block-media-text__content\">\n<h2 class=\"wp-block-heading\" style=\"padding-top:var(--wp--preset--spacing--40);padding-bottom:var(--wp--preset--spacing--40);font-size:25px;font-style:normal;font-weight:600;text-transform:capitalize\">Como Instalar o Canal na Sua Parede ou Teto<\/h2>\n\n\n\n<ul class=\"wp-block-list\">\n<li>Corte uma ranhura na parede ou teto para o canal.<\/li>\n\n\n\n<li>Fixe as fivelas de teto na parte de tr\u00e1s do canal de alum\u00ednio.<\/li>\n\n\n\n<li>Empurre o canal para dentro da ranhura. As fivelas se abrir\u00e3o sob o drywall para segur\u00e1-lo firmemente.<\/li>\n\n\n\n<li>Coloque sua fita LED de 10mm dentro do canal.<\/li>\n\n\n\n<li>Snap na capa do difusor fosco.<\/li>\n<\/ul>\n<\/div><figure class=\"wp-block-media-text__media\"><img loading=\"lazy\" decoding=\"async\" width=\"500\" height=\"500\" src=\"https:\/\/tangooled.com\/wp-content\/uploads\/2025\/07\/rp05-ins.webp\" alt=\"recessed aluminum led channel with ceiling buckle\" class=\"wp-image-40787 size-full\" srcset=\"https:\/\/tangooled.com\/wp-content\/uploads\/2025\/07\/rp05-ins.webp 500w, https:\/\/tangooled.com\/wp-content\/uploads\/2025\/07\/rp05-ins-300x300.webp 300w, https:\/\/tangooled.com\/wp-content\/uploads\/2025\/07\/rp05-ins-150x150.webp 150w\" sizes=\"auto, (max-width: 500px) 100vw, 500px\" \/><\/figure><\/div>\n<\/div><\/div>\n\n\n\n<div class=\"wp-block-group has-background\" style=\"background-color:#f1f1f1;padding-top:var(--wp--preset--spacing--80);padding-bottom:var(--wp--preset--spacing--80)\"><div class=\"wp-block-group__inner-container is-layout-constrained wp-block-group-is-layout-constrained\">\n<h2 class=\"wp-block-heading\" style=\"font-size:25px;font-style:normal;font-weight:600;text-transform:capitalize\">O que vem na caixa?<\/h2>\n\n\n\n<ul class=\"wp-block-list\">\n<li>Canal de alum\u00ednio no comprimento escolhido<\/li>\n\n\n\n<li>Tampa difusora fosca para luz suave<\/li>\n\n\n\n<li>Caps de extremidade (um com um buraco para fios, um sem)<\/li>\n\n\n\n<li>Fivelas de teto com mola para montagem<\/li>\n<\/ul>\n<\/div><\/div>\n\n\n\n<div class=\"wp-block-group\" style=\"padding-top:var(--wp--preset--spacing--80);padding-bottom:var(--wp--preset--spacing--80)\"><div class=\"wp-block-group__inner-container is-layout-constrained wp-block-group-is-layout-constrained\">\n<h2 class=\"wp-block-heading\" style=\"padding-top:0;padding-bottom:0;font-size:25px;font-style:normal;font-weight:600;text-transform:capitalize\">Onde Usar o Canal LED Embutido com Fivela de Teto<\/h2>\n\n\n\n<ul class=\"wp-block-list\">\n<li>Em casas, podem ser encontrados sob arm\u00e1rios de cozinha, closets, prateleiras, paredes e tetos.<\/li>\n\n\n\n<li>Escrit\u00f3rios: Corredores, locais de trabalho e salas de confer\u00eancia com linhas de luz limpas.<\/li>\n\n\n\n<li>Lojas: Expositores e prateleiras que precisam de luzes brilhantes e limpas.<\/li>\n\n\n\n<li>Hot\u00e9is e restaurantes: Luzes de teto suaves e luzes que definem o clima.<\/li>\n\n\n\n<li>Escadas: Ilumina\u00e7\u00e3o de borda segura e brilhante que se nivela com a parede.<\/li>\n<\/ul>\n<\/div><\/div>\n\n\n\n<div class=\"wp-block-group\" style=\"padding-top:var(--wp--preset--spacing--80);padding-bottom:var(--wp--preset--spacing--80)\"><div class=\"wp-block-group__inner-container is-layout-constrained wp-block-group-is-layout-constrained\">\n<h2 class=\"wp-block-heading\" style=\"font-size:25px;font-style:normal;font-weight:600;text-transform:capitalize\">produtos relacionados que voc\u00ea pode gostar<\/h2>\n\n\n\n<ul class=\"wp-block-list\">\n<li>Experimente o <a href=\"https:\/\/tangooled.com\/pt\/product\/black-led-profile-with-black-diffuser-for-10mm-led-strip-light\/\"><mark style=\"background-color:rgba(0, 0, 0, 0)\" class=\"has-inline-color has-vivid-red-color\">perfil LED preto com difusor preto para fita de LED de 10mm<\/mark><\/a><\/li>\n\n\n\n<li>Veja o <a href=\"https:\/\/tangooled.com\/pt\/product\/25x6mm-low-profile-led-strip-channel-for-10mm-led-strip-light\/\"><mark style=\"background-color:rgba(0, 0, 0, 0)\" class=\"has-inline-color has-vivid-red-color\">canal de LED de perfil baixo 25x6mm para fita LED de 10mm<\/mark><\/a><\/li>\n\n\n\n<li>Para montagem em superf\u00edcie, veja o <a href=\"https:\/\/tangooled.com\/pt\/product\/surface-mount-led-profile-with-frosted-diffuser-for-10mm-rope-lights\/\"><mark style=\"background-color:rgba(0, 0, 0, 0)\" class=\"has-inline-color has-vivid-red-color\">perfil de LED de montagem em superf\u00edcie com difusor fosco para luzes de corda de 10mm<\/mark><\/a><\/li>\n\n\n\n<li>Para um canal em forma de U preto, visite o <a href=\"https:\/\/tangooled.com\/pt\/product\/black-aluminum-u-channel-profile-for-10mm-led-strips\/\"><mark style=\"background-color:rgba(0, 0, 0, 0)\" class=\"has-inline-color has-vivid-red-color\">perfil de canal em alum\u00ednio preto para tiras LED de 10mm<\/mark><\/a><\/li>\n<\/ul>\n<\/div><\/div>\n\n\n\n<p><\/p>","protected":false},"featured_media":14370,"template":"","meta":{"_acf_changed":true,"_seopress_robots_primary_cat":"none","_seopress_titles_title":"Recessed LED Channel with Ceiling Buckles | Easy-Install Profile | TANGOOLED","_seopress_titles_desc":"Simplify your installation with our recessed aluminum LED channel featuring heavy-duty ceiling buckles. Perfect for 10mm strip lights, this flanged profile ensures a secure, flush-mount fit in ceilings and drywall.","_seopress_robots_index":""},"pcb-width":[228],"product-cat":[193],"class_list":{"0":"post-34949","1":"product","2":"type-product","3":"status-publish","4":"has-post-thumbnail","6":"pcb-width-6-12mm","7":"product-cat-recessed-profile"},"acf":[],"_links":{"self":[{"href":"https:\/\/tangooled.com\/pt\/wp-json\/wp\/v2\/product\/34949","targetHints":{"allow":["GET"]}}],"collection":[{"href":"https:\/\/tangooled.com\/pt\/wp-json\/wp\/v2\/product"}],"about":[{"href":"https:\/\/tangooled.com\/pt\/wp-json\/wp\/v2\/types\/product"}],"wp:featuredmedia":[{"embeddable":true,"href":"https:\/\/tangooled.com\/pt\/wp-json\/wp\/v2\/media\/14370"}],"wp:attachment":[{"href":"https:\/\/tangooled.com\/pt\/wp-json\/wp\/v2\/media?parent=34949"}],"wp:term":[{"taxonomy":"pcb-width","embeddable":true,"href":"https:\/\/tangooled.com\/pt\/wp-json\/wp\/v2\/pcb-width?post=34949"},{"taxonomy":"product-cat","embeddable":true,"href":"https:\/\/tangooled.com\/pt\/wp-json\/wp\/v2\/product-cat?post=34949"}],"curies":[{"name":"wp","href":"https:\/\/api.w.org\/{rel}","templated":true}]}}