{"id":34948,"date":"2025-07-01T01:50:51","date_gmt":"2025-07-01T09:50:51","guid":{"rendered":"https:\/\/tangooled.com\/?post_type=product&#038;p=34948"},"modified":"2026-02-02T22:22:41","modified_gmt":"2026-02-03T06:22:41","slug":"recessed-black-light-diffuser-aluminum-channel-for-10mm-led-strips","status":"publish","type":"product","link":"https:\/\/tangooled.com\/pt\/product\/recessed-black-light-diffuser-aluminum-channel-for-10mm-led-strips\/","title":{"rendered":"canal de alum\u00ednio difusor de luz preta embutido para tiras de LED de 10mm"},"content":{"rendered":"<div class=\"wp-block-group\" style=\"padding-top:var(--wp--preset--spacing--80);padding-bottom:var(--wp--preset--spacing--80)\"><div class=\"wp-block-group__inner-container is-layout-constrained wp-block-group-is-layout-constrained\">\n<p>O nosso canal de alum\u00ednio difusor de luz preta embutido oferece uma solu\u00e7\u00e3o de qualidade profissional para ilumina\u00e7\u00e3o embutida sem costura. Proporciona um acabamento limpo e nivelado para tetos, marcenaria e aplica\u00e7\u00f5es de m\u00f3veis.<\/p>\n\n\n\n<p>O perfil tem 21,2 mm de largura e 12,0 mm de altura e \u00e9 feito de alum\u00ednio extrudado robusto. Ele se encaixa perfeitamente em um sulco que tem 15,2 mm de largura por 12,0 mm de profundidade. A largura interna de 11,2 mm facilita a instala\u00e7\u00e3o de tiras de LED que tenham at\u00e9 10 mm de largura. O difusor de luz preta em PC torna a luz suave e de alta qualidade ao eliminar os pontos de LED vis\u00edveis. As aletas externas em todo o corpo ajudam na gest\u00e3o do calor.<\/p>\n\n\n\n<p>Existem tr\u00eas cores diferentes do canal: preto, prata e branco. Ele vem com tudo o que voc\u00ea precisa para instal\u00e1-lo de forma segura e sem poeira, al\u00e9m de uma maneira f\u00e1cil de conectar a energia: o difusor em PC, clipes de montagem em a\u00e7o inoxid\u00e1vel e dois caps finais (um s\u00f3lido e um com um buraco para um fio).<\/p>\n<\/div><\/div>\n\n\n\n<div class=\"wp-block-group has-background is-vertical is-layout-flex wp-container-core-group-is-layout-d255d7c4 wp-block-group-is-layout-flex\" style=\"background-color:#f1f1f1;padding-top:var(--wp--preset--spacing--80);padding-bottom:var(--wp--preset--spacing--80)\">\n<div class=\"wp-block-group is-vertical is-layout-flex wp-container-core-group-is-layout-8cf370e7 wp-block-group-is-layout-flex\">\n<h2 class=\"wp-block-heading\" style=\"padding-top:var(--wp--preset--spacing--40);padding-bottom:var(--wp--preset--spacing--40);font-size:25px;font-style:normal;font-weight:600;text-transform:capitalize\">Por que usar este canal de alum\u00ednio difusor de luz preta embutido?<\/h2>\n\n\n\n<ul class=\"wp-block-list\">\n<li>Fun\u00e7\u00e3o do dissipador de calor: O alum\u00ednio ajuda a remover o calor da sua tira de LED. Isso faz com que sua fita LED dure mais.<\/li>\n\n\n\n<li>Ilumina\u00e7\u00e3o sem pontos: O difusor fum\u00ea espalha a luz do LED suavemente. Elimina pontos \u00e1speros e cria um brilho uniforme e agrad\u00e1vel.<\/li>\n\n\n\n<li>Flush Finish: The recessed profile fits into walls, ceilings, cabinets, or staircases so the light looks like it&#8217;s part of the structure.<\/li>\n\n\n\n<li>Prote\u00e7\u00e3o: Sua fita LED est\u00e1 segura contra impactos, poeira e \u00e1gua.<\/li>\n\n\n\n<li>Apar\u00eancia moderna: O tom preto torna o canal praticamente invis\u00edvel em superf\u00edcies escuras, mas se destaca e fica bonito em superf\u00edcies claras.<\/li>\n\n\n\n<li>Uso vers\u00e1til: Como ilumina\u00e7\u00e3o LED sob arm\u00e1rios, em paredes de destaque, em m\u00f3veis, em vitrines.<\/li>\n<\/ul>\n<\/div>\n<\/div>\n\n\n\n<div class=\"wp-block-group\" style=\"padding-top:var(--wp--preset--spacing--60);padding-bottom:var(--wp--preset--spacing--60)\"><div class=\"wp-block-group__inner-container is-layout-constrained wp-block-group-is-layout-constrained\">\n<div class=\"wp-block-media-text has-media-on-the-right is-stacked-on-mobile\"><div class=\"wp-block-media-text__content\">\n<h2 class=\"wp-block-heading\" style=\"padding-top:var(--wp--preset--spacing--40);padding-bottom:var(--wp--preset--spacing--40);font-size:25px;font-style:normal;font-weight:600;text-transform:capitalize\">Passos f\u00e1ceis para instala\u00e7\u00e3o<\/h2>\n\n\n\n<ul class=\"wp-block-list\">\n<li>Corte o sulco: Fa\u00e7a um sulco em madeira, gesso ou drywall.<\/li>\n\n\n\n<li>Fixe o canal: Use adesivo ou clipes de montagem para manter o perfil de alum\u00ednio no sulco.<\/li>\n\n\n\n<li>Coloque sua tira de LED: Insira a fita LED de 10mm dentro do canal.<\/li>\n\n\n\n<li>Coloque o difusor: Prenda a tampa preta sobre sua tira de LED.<\/li>\n\n\n\n<li>Prenda os caps finais: Use os caps que v\u00eam com os cabos para proteger as extremidades.<\/li>\n<\/ul>\n<\/div><figure class=\"wp-block-media-text__media\"><img loading=\"lazy\" decoding=\"async\" width=\"500\" height=\"500\" src=\"https:\/\/tangooled.com\/wp-content\/uploads\/2025\/07\/irp04-ins.webp\" alt=\"recessed 15x12mm black light diffuser aluminum channel for 10mm led strips\" class=\"wp-image-41144 size-full\" srcset=\"https:\/\/tangooled.com\/wp-content\/uploads\/2025\/07\/irp04-ins.webp 500w, https:\/\/tangooled.com\/wp-content\/uploads\/2025\/07\/irp04-ins-300x300.webp 300w, https:\/\/tangooled.com\/wp-content\/uploads\/2025\/07\/irp04-ins-150x150.webp 150w\" sizes=\"auto, (max-width: 500px) 100vw, 500px\" \/><\/figure><\/div>\n<\/div><\/div>\n\n\n\n<div class=\"wp-block-group has-background\" style=\"background-color:#f1f1f1;padding-top:var(--wp--preset--spacing--80);padding-bottom:var(--wp--preset--spacing--80)\"><div class=\"wp-block-group__inner-container is-layout-constrained wp-block-group-is-layout-constrained\">\n<h2 class=\"wp-block-heading\" style=\"padding-top:var(--wp--preset--spacing--40);padding-bottom:var(--wp--preset--spacing--40);font-size:25px;font-style:normal;font-weight:600;text-transform:capitalize\">What\u2019s in the Box?<\/h2>\n\n\n\n<ul class=\"wp-block-list\">\n<li>1 x canal de alum\u00ednio preto embutido 15x12mm<\/li>\n\n\n\n<li>1 x difusor de policarbonato fum\u00ea preto<\/li>\n\n\n\n<li>2 x caps finais (1 com um buraco, 1 sem)<\/li>\n\n\n\n<li>2 x clipes de montagem para instala\u00e7\u00e3o segura<\/li>\n<\/ul>\n<\/div><\/div>\n\n\n\n<div class=\"wp-block-group\" style=\"padding-top:var(--wp--preset--spacing--80);padding-bottom:var(--wp--preset--spacing--80)\"><div class=\"wp-block-group__inner-container is-layout-constrained wp-block-group-is-layout-constrained\">\n<h2 class=\"wp-block-heading\" style=\"padding-top:var(--wp--preset--spacing--40);padding-bottom:var(--wp--preset--spacing--40);font-size:25px;font-style:normal;font-weight:600;text-transform:capitalize\">Onde voc\u00ea pode usar este canal difusor preto embutido?<\/h2>\n\n\n\n<ul class=\"wp-block-list\">\n<li>Ilumina\u00e7\u00e3o sob arm\u00e1rios: Adiciona luz para tarefas em cozinhas ou oficinas.<\/li>\n\n\n\n<li>Ilumina\u00e7\u00e3o na parede ou teto: Crie uma luz de ambiente ou de destaque oculta.<\/li>\n\n\n\n<li>M\u00f3veis e prateleiras: Ilumine prateleiras ou estantes sem fios \u00e0 mostra.<\/li>\n\n\n\n<li>Displays de varejo: Use linhas suaves e brilhantes para destacar sua mercadoria.<\/li>\n\n\n\n<li>Ilumina\u00e7\u00e3o arquitet\u00f4nica em cova: \u00d3tima para um visual nivelado e sem acabamentos em cantos ou tetos.<\/li>\n<\/ul>\n<\/div><\/div>\n\n\n\n<div class=\"wp-block-group has-background\" style=\"background-color:#f1f1f1;padding-top:var(--wp--preset--spacing--80);padding-bottom:var(--wp--preset--spacing--80)\"><div class=\"wp-block-group__inner-container is-layout-constrained wp-block-group-is-layout-constrained\">\n<h2 class=\"wp-block-heading\" style=\"padding-top:var(--wp--preset--spacing--40);padding-bottom:var(--wp--preset--spacing--40);font-size:20px\">Resumo<\/h2>\n\n\n\n<p style=\"padding-right:var(--wp--preset--spacing--50);padding-left:var(--wp--preset--spacing--50)\">Este canal de luz LED difusor preto embutido \u00e9 uma solu\u00e7\u00e3o ideal para prender tiras de forma profissional, limpa e segura. Funciona com todas as tiras de LED populares de 10mm, mant\u00e9m seus LEDs frios, protege a fita e proporciona uma ilumina\u00e7\u00e3o suave e sem pontos com seu difusor fum\u00ea. Instale-o em suas paredes, tetos, escadas, m\u00f3veis ou vitrines para um visual de ilumina\u00e7\u00e3o arquitet\u00f4nica moderna.<\/p>\n<\/div><\/div>\n\n\n\n<p style=\"padding-top:var(--wp--preset--spacing--80);padding-bottom:var(--wp--preset--spacing--80)\">Pe\u00e7a agora e receba tudo o que precisa em um s\u00f3 kit! Para mais op\u00e7\u00f5es, consulte nosso <a href=\"https:\/\/tangooled.com\/pt\/product\/black-aluminum-u-channel-profile-for-10mm-led-strips\/\"><mark style=\"background-color:rgba(0, 0, 0, 0)\" class=\"has-inline-color has-vivid-red-color\">canal em U de alum\u00ednio preto para tiras de LED de 10mm<\/mark><\/a> ou explore <a href=\"https:\/\/tangooled.com\/pt\/product\/led-strip-light-channel-aluminum-profile-with-diffused-cover-6mm-height\/\"><mark style=\"background-color:rgba(0, 0, 0, 0)\" class=\"has-inline-color has-vivid-red-color\">perfis slim como o canal de luz LED de 6mm de altura<\/mark><\/a>.<\/p>","protected":false},"featured_media":41148,"template":"","meta":{"_acf_changed":false,"_seopress_robots_primary_cat":"none","_seopress_titles_title":"Black Recessed Light Diffuser Aluminum Channel | TANGOOLED","_seopress_titles_desc":"Create a stealthy lighting effect with our black recessed light diffuser channel. The black lens provides a seamless dark aesthetic when off, making it perfect for premium 10mm LED strip installations.","_seopress_robots_index":""},"pcb-width":[228],"product-cat":[193],"class_list":{"0":"post-34948","1":"product","2":"type-product","3":"status-publish","4":"has-post-thumbnail","6":"pcb-width-6-12mm","7":"product-cat-recessed-profile"},"acf":[],"_links":{"self":[{"href":"https:\/\/tangooled.com\/pt\/wp-json\/wp\/v2\/product\/34948","targetHints":{"allow":["GET"]}}],"collection":[{"href":"https:\/\/tangooled.com\/pt\/wp-json\/wp\/v2\/product"}],"about":[{"href":"https:\/\/tangooled.com\/pt\/wp-json\/wp\/v2\/types\/product"}],"wp:featuredmedia":[{"embeddable":true,"href":"https:\/\/tangooled.com\/pt\/wp-json\/wp\/v2\/media\/41148"}],"wp:attachment":[{"href":"https:\/\/tangooled.com\/pt\/wp-json\/wp\/v2\/media?parent=34948"}],"wp:term":[{"taxonomy":"pcb-width","embeddable":true,"href":"https:\/\/tangooled.com\/pt\/wp-json\/wp\/v2\/pcb-width?post=34948"},{"taxonomy":"product-cat","embeddable":true,"href":"https:\/\/tangooled.com\/pt\/wp-json\/wp\/v2\/product-cat?post=34948"}],"curies":[{"name":"wp","href":"https:\/\/api.w.org\/{rel}","templated":true}]}}