{"id":34947,"date":"2025-07-01T01:48:07","date_gmt":"2025-07-01T09:48:07","guid":{"rendered":"https:\/\/tangooled.com\/?post_type=product&#038;p=34947"},"modified":"2026-02-02T22:29:46","modified_gmt":"2026-02-03T06:29:46","slug":"recessed-5mm-black-led-channel-for-8mm-cob-strips","status":"publish","type":"product","link":"https:\/\/tangooled.com\/pt\/product\/recessed-5mm-black-led-channel-for-8mm-cob-strips\/","title":{"rendered":"canal LED preto embutido de 5mm para fitas cob de 8mm"},"content":{"rendered":"<div class=\"wp-block-group is-vertical is-layout-flex wp-container-core-group-is-layout-d255d7c4 wp-block-group-is-layout-flex\" style=\"padding-top:var(--wp--preset--spacing--80);padding-bottom:var(--wp--preset--spacing--80)\">\n<p>O nosso canal de LED preto embutido de 5 mm \u00e9 projetado para instala\u00e7\u00f5es de ilumina\u00e7\u00e3o de alto padr\u00e3o. Funciona bem com marcenaria, drywall ou m\u00f3veis. Este perfil de LED em alum\u00ednio \u00e9 feito de alum\u00ednio anodizado de alta qualidade e tem cerca de 6,0 mm de altura e 21,2 mm de largura.<\/p>\n\n\n\n<p>O canal tem uma largura interna de 11,2 mm (0,44 pol), que \u00e9 perfeita para fitas de LED COB de 8-10 mm. Quando usado com a dur\u00e1vel tampa difusora de PC, essas fitas criar\u00e3o uma linha de luz limpa, profissional e sem pontos. O canal vem em preto, prata ou branco e inclui um conjunto completo de acess\u00f3rios, como clipes de montagem em a\u00e7o inox e tampas de extremidade, para tornar a instala\u00e7\u00e3o segura e livre de poeira. Isso tamb\u00e9m facilita a conex\u00e3o ao seu suprimento de energia DC, proporcionando a qualquer projeto de ilumina\u00e7\u00e3o um visual de integra\u00e7\u00e3o de alto padr\u00e3o.<\/p>\n<\/div>\n\n\n\n<div class=\"wp-block-group has-background is-vertical is-layout-flex wp-container-core-group-is-layout-d255d7c4 wp-block-group-is-layout-flex\" style=\"background-color:#f1f1f1;padding-top:var(--wp--preset--spacing--80);padding-bottom:var(--wp--preset--spacing--80)\">\n<div class=\"wp-block-group is-vertical is-layout-flex wp-container-core-group-is-layout-8cf370e7 wp-block-group-is-layout-flex\">\n<h2 class=\"wp-block-heading\" style=\"padding-top:var(--wp--preset--spacing--40);padding-bottom:var(--wp--preset--spacing--40);font-size:25px;font-style:normal;font-weight:600;text-transform:capitalize\">Por que escolher o nosso canal de LED preto embutido de 5 mm?<\/h2>\n\n\n\n<ul class=\"wp-block-list\">\n<li>O perfil ultra-fino de 5 mm embutido se encaixa perfeitamente em espa\u00e7os apertados, como drywall ou arm\u00e1rios que t\u00eam apenas 6 mm de profundidade.<\/li>\n\n\n\n<li>Se adapta perfeitamente \u00e0s fitas de LED COB de 8 mm, garantindo que a ilumina\u00e7\u00e3o permane\u00e7a uniforme, sem pontos.<\/li>\n\n\n\n<li>O acabamento em alum\u00ednio anodizado preto fosco \u00e9 de alta qualidade e oculta o canal, dando ao visual sem moldura um aspecto limpo.<\/li>\n\n\n\n<li>O difusor de policarbonato fosco cria uma luz suave e uniforme, sem pontos quentes.<\/li>\n\n\n\n<li>Vem com clipes de montagem e tampas de extremidade, que tornam a instala\u00e7\u00e3o r\u00e1pida e f\u00e1cil.<\/li>\n\n\n\n<li>Feito para ilumina\u00e7\u00e3o embutida que \u00e9 de instala\u00e7\u00e3o sem moldura.<\/li>\n\n\n\n<li>Funciona com fitas COB de alta densidade para ilumina\u00e7\u00e3o linear cont\u00ednua.<\/li>\n<\/ul>\n<\/div>\n<\/div>\n\n\n\n<div class=\"wp-block-group\" style=\"padding-top:var(--wp--preset--spacing--60);padding-bottom:var(--wp--preset--spacing--60)\"><div class=\"wp-block-group__inner-container is-layout-constrained wp-block-group-is-layout-constrained\">\n<div class=\"wp-block-media-text has-media-on-the-right is-stacked-on-mobile\"><div class=\"wp-block-media-text__content\">\n<h2 class=\"wp-block-heading\" style=\"font-size:25px;font-style:normal;font-weight:600;text-transform:capitalize\">Dicas de instala\u00e7\u00e3o e compatibilidade<\/h2>\n\n\n\n<ul class=\"wp-block-list\">\n<li>Use uma serra de esquadria de dentes finos para cortar o canal suavemente e obter extremidades e esquinas perfeitas.<\/li>\n\n\n\n<li>Para instala\u00e7\u00e3o embutida, use uma freza ou cinzel para fazer um canal que tenha 5 mm de profundidade e 15 mm de largura.<\/li>\n\n\n\n<li>Para a melhor dissipa\u00e7\u00e3o de calor e alinhamento, retire e coloque sua fita COB de 8 mm na base do canal.<\/li>\n\n\n\n<li>Funciona com fitas de LED COB de alta densidade, mas n\u00e3o com fitas SMD de baixa densidade.<\/li>\n\n\n\n<li>Use com drivers de LED de empresas respeit\u00e1veis como Mean Well e dimmers que funcionem com eles.<\/li>\n<\/ul>\n<\/div><figure class=\"wp-block-media-text__media\"><img loading=\"lazy\" decoding=\"async\" width=\"500\" height=\"500\" src=\"https:\/\/tangooled.com\/wp-content\/uploads\/2025\/07\/irp03-ins.webp\" alt=\"canal LED preto embutido de 5mm para fitas cob de 8mm\" class=\"wp-image-41137 size-full\" srcset=\"https:\/\/tangooled.com\/wp-content\/uploads\/2025\/07\/irp03-ins.webp 500w, https:\/\/tangooled.com\/wp-content\/uploads\/2025\/07\/irp03-ins-300x300.webp 300w, https:\/\/tangooled.com\/wp-content\/uploads\/2025\/07\/irp03-ins-150x150.webp 150w\" sizes=\"auto, (max-width: 500px) 100vw, 500px\" \/><\/figure><\/div>\n<\/div><\/div>\n\n\n\n<div class=\"wp-block-group has-background\" style=\"background-color:#f1f1f1f2;padding-top:var(--wp--preset--spacing--80);padding-bottom:var(--wp--preset--spacing--80)\"><div class=\"wp-block-group__inner-container is-layout-constrained wp-block-group-is-layout-constrained\">\n<h2 class=\"wp-block-heading\" style=\"padding-top:var(--wp--preset--spacing--40);padding-bottom:var(--wp--preset--spacing--40);font-size:25px;font-style:normal;font-weight:600\">What\u2019s Included?<\/h2>\n\n\n\n<ul class=\"wp-block-list\">\n<li>1x canal de LED preto embutido de alum\u00ednio <\/li>\n\n\n\n<li>\u2022 1x opal polycarbonate diffuser snap-in cover<\/li>\n\n\n\n<li>\u2022 2x mounting clips for secure installation<\/li>\n\n\n\n<li>\u2022 2x end caps (1 with wire hole for cable exit, 1 solid)<\/li>\n<\/ul>\n<\/div><\/div>\n\n\n\n<div class=\"wp-block-group is-vertical is-layout-flex wp-container-core-group-is-layout-d255d7c4 wp-block-group-is-layout-flex\" style=\"padding-top:var(--wp--preset--spacing--80);padding-bottom:var(--wp--preset--spacing--80)\">\n<h2 class=\"wp-block-heading\" style=\"padding-top:var(--wp--preset--spacing--40);padding-bottom:var(--wp--preset--spacing--40);font-size:25px;font-style:normal;font-weight:600\">Onde usar o canal de LED preto embutido de 5 mm<\/h2>\n\n\n\n<ul class=\"wp-block-list\">\n<li>M\u00f3veis e Marcenaria: Coloque-o em prateleiras, arm\u00e1rios e trabalhos em madeira personalizados para ilumina\u00e7\u00e3o de destaque e trabalho que combine precisamente com a textura da madeira.<\/li>\n\n\n\n<li>Ilumina\u00e7\u00e3o sob o Arm\u00e1rio: Ilumina os balc\u00f5es da cozinha de forma uniforme e clara, sem ofuscamento ou pontos quentes.<\/li>\n\n\n\n<li>Placas de Gesso e drywall: Crie canais rasos para ilumina\u00e7\u00e3o moderna embutida em paredes e tetos; o acabamento preto combina perfeitamente com o resto do ambiente.<\/li>\n\n\n\n<li>Exposi\u00e7\u00f5es em Lojas: Para dar \u00e0 sua loja uma impress\u00e3o profissional, foque a luz nos produtos e esconda a estrutura preta limpa.<\/li>\n<\/ul>\n<\/div>\n\n\n\n<div class=\"wp-block-group is-vertical is-layout-flex wp-container-core-group-is-layout-d255d7c4 wp-block-group-is-layout-flex\" style=\"padding-top:var(--wp--preset--spacing--80);padding-bottom:var(--wp--preset--spacing--80)\">\n<p>Experimente a diferen\u00e7a de um canal de LED preto embutido de 5 mm limpo para suas fitas de LED COB de 8 mm dos nossos perfis de alum\u00ednio premium. Traga ilumina\u00e7\u00e3o moderna, eficiente em energia e verdadeiramente cont\u00ednua para sua casa ou projeto com confian\u00e7a e facilidade.<\/p>\n\n\n\n<ul class=\"wp-block-list\">\n<li><a href=\"https:\/\/tangooled.com\/pt\/product\/black-led-diffuser-aluminum-channel-for-12mm-tape-lights\/\"><mark style=\"background-color:rgba(0, 0, 0, 0)\" class=\"has-inline-color has-vivid-red-color\">Canal de alum\u00ednio com difusor LED preto para luzes de fita de 12mm<\/mark><\/a><\/li>\n\n\n\n<li><a href=\"https:\/\/tangooled.com\/pt\/product\/surface-mount-led-profile-with-frosted-diffuser-for-10mm-rope-lights\/\"><mark style=\"background-color:rgba(0, 0, 0, 0)\" class=\"has-inline-color has-vivid-red-color\">Perfil LED de montagem de superf\u00edcie com difusor fosco para luzes de cord\u00e3o de 10mm<\/mark><\/a><\/li>\n<\/ul>\n<\/div>\n\n\n\n<p><\/p>","protected":false},"featured_media":41140,"template":"","meta":{"_acf_changed":true,"_seopress_robots_primary_cat":"none","_seopress_titles_title":"Black 5mm Recessed LED Channel for 8mm COB Strips | TANGOOLED","_seopress_titles_desc":"Achieve a sleek, dot-free look with our black 5mm recessed LED channel. Specifically designed for 8mm COB strips, its ultra-narrow flange profile provides a seamless linear light effect in modern interiors.","_seopress_robots_index":""},"pcb-width":[228],"product-cat":[193],"class_list":{"0":"post-34947","1":"product","2":"type-product","3":"status-publish","4":"has-post-thumbnail","6":"pcb-width-6-12mm","7":"product-cat-recessed-profile"},"acf":[],"_links":{"self":[{"href":"https:\/\/tangooled.com\/pt\/wp-json\/wp\/v2\/product\/34947","targetHints":{"allow":["GET"]}}],"collection":[{"href":"https:\/\/tangooled.com\/pt\/wp-json\/wp\/v2\/product"}],"about":[{"href":"https:\/\/tangooled.com\/pt\/wp-json\/wp\/v2\/types\/product"}],"wp:featuredmedia":[{"embeddable":true,"href":"https:\/\/tangooled.com\/pt\/wp-json\/wp\/v2\/media\/41140"}],"wp:attachment":[{"href":"https:\/\/tangooled.com\/pt\/wp-json\/wp\/v2\/media?parent=34947"}],"wp:term":[{"taxonomy":"pcb-width","embeddable":true,"href":"https:\/\/tangooled.com\/pt\/wp-json\/wp\/v2\/pcb-width?post=34947"},{"taxonomy":"product-cat","embeddable":true,"href":"https:\/\/tangooled.com\/pt\/wp-json\/wp\/v2\/product-cat?post=34947"}],"curies":[{"name":"wp","href":"https:\/\/api.w.org\/{rel}","templated":true}]}}