{"id":34942,"date":"2025-07-01T01:37:31","date_gmt":"2025-07-01T09:37:31","guid":{"rendered":"https:\/\/tangooled.com\/?post_type=product&#038;p=34942"},"modified":"2026-02-02T22:21:03","modified_gmt":"2026-02-03T06:21:03","slug":"ultra-shallow-recessed-led-profile-15x6mm","status":"publish","type":"product","link":"https:\/\/tangooled.com\/pt\/product\/ultra-shallow-recessed-led-profile-15x6mm\/","title":{"rendered":"Perfil de alum\u00ednio LED embutido ultrafino 15x6mm"},"content":{"rendered":"<div class=\"wp-block-group\" style=\"padding-top:var(--wp--preset--spacing--80);padding-bottom:var(--wp--preset--spacing--80)\"><div class=\"wp-block-group__inner-container is-layout-constrained wp-block-group-is-layout-constrained\">\n<p>O nosso perfil LED embutido ultrafino 15x6mm \u00e9 feito de alum\u00ednio anodizado prateado de alta qualidade e possui uma largura interna de 11,2mm. Pode ser embutido em m\u00f3veis, arm\u00e1rios e mais, tornando-o perfeito para fitas LED de 8mm ou 10mm.<\/p>\n\n\n\n<p>The shallow LED aluminum profile, featuring an opal diffuser, ensures that the light is evenly distributed and the heat is spread evenly. You may get aluminum channels in silver, white, and black, so you can match them perfectly with your home&#8217;s decor.<\/p>\n\n\n\n<p>Este perfil LED ultrafino vem com tampas finais e clipes de montagem em a\u00e7o inoxid\u00e1vel. As tampas finais mant\u00eam poeira e detritos longe da fita LED e permitem que ela se conecte a uma fonte de energia LED para uma conex\u00e3o el\u00e9trica suave. Os clipes de montagem facilitam e garantem a seguran\u00e7a ao instalar o canal de alum\u00ednio.<\/p>\n<\/div><\/div>\n\n\n\n<div class=\"wp-block-group has-background\" style=\"background-color:#f1f1f1;padding-top:var(--wp--preset--spacing--80);padding-bottom:var(--wp--preset--spacing--80)\"><div class=\"wp-block-group__inner-container is-layout-constrained wp-block-group-is-layout-constrained\">\n<div class=\"wp-block-group\"><div class=\"wp-block-group__inner-container is-layout-constrained wp-block-group-is-layout-constrained\">\n<h2 class=\"wp-block-heading\" style=\"padding-top:var(--wp--preset--spacing--40);padding-bottom:var(--wp--preset--spacing--40);font-size:25px;font-style:normal;font-weight:600;text-transform:capitalize\">Por que escolher nosso perfil de alum\u00ednio LED embutido ultrafino 15x6mm?<\/h2>\n\n\n\n<ul class=\"wp-block-list\">\n<li>Compat\u00edvel com todas as fitas LED de 10mm de largura, incluindo fitas LED de alta densidade, fitas COB e SMD 5050, 2835.<\/li>\n\n\n\n<li>Feito de alum\u00ednio anodizado 6063-T5, que \u00e9 um excelente dissipador de calor que mant\u00e9m seus LEDs frios.<\/li>\n\n\n\n<li>Vem com um difusor de policarbonato fosco ou opalino para uma luz suave e sem pontos.<\/li>\n\n\n\n<li>Includes mounting clips, end caps, and diffuser \u2014 a full kit ready to install.<\/li>\n\n\n\n<li>Encaixa facilmente em um sulco de 15mm de largura e apenas 6mm de profundidade para uma apar\u00eancia embutida.<\/li>\n<\/ul>\n<\/div><\/div>\n<\/div><\/div>\n\n\n\n<div class=\"wp-block-group\" style=\"padding-top:var(--wp--preset--spacing--60);padding-bottom:var(--wp--preset--spacing--60)\"><div class=\"wp-block-group__inner-container is-layout-constrained wp-block-group-is-layout-constrained\">\n<div class=\"wp-block-media-text has-media-on-the-right is-stacked-on-mobile\"><div class=\"wp-block-media-text__content\">\n<h2 class=\"wp-block-heading\" style=\"padding-top:var(--wp--preset--spacing--40);padding-bottom:var(--wp--preset--spacing--40);font-size:25px;font-style:normal;font-weight:600;text-transform:capitalize\">Como instalar<\/h2>\n\n\n\n<ul class=\"wp-block-list\">\n<li>Siga o layout do seu projeto de ilumina\u00e7\u00e3o e corte um sulco de 15,2x6mm no arm\u00e1rio de madeira ou no teto.<\/li>\n\n\n\n<li>Use parafusos ou fita adesiva para fixar o canal no lugar.<\/li>\n\n\n\n<li>Coloque sua fita LED dentro do canal e conecte-a a um driver LED.<\/li>\n\n\n\n<li>Cole o difusor e fixe as tampas finais em ambos os lados.<\/li>\n<\/ul>\n<\/div><figure class=\"wp-block-media-text__media\"><img loading=\"lazy\" decoding=\"async\" width=\"500\" height=\"500\" src=\"https:\/\/tangooled.com\/wp-content\/uploads\/2025\/07\/rp03-ins.webp\" alt=\"recessed 15x6mm led strip aluminum profile for 10mm strips\" class=\"wp-image-40593 size-full\" srcset=\"https:\/\/tangooled.com\/wp-content\/uploads\/2025\/07\/rp03-ins.webp 500w, https:\/\/tangooled.com\/wp-content\/uploads\/2025\/07\/rp03-ins-300x300.webp 300w, https:\/\/tangooled.com\/wp-content\/uploads\/2025\/07\/rp03-ins-150x150.webp 150w\" sizes=\"auto, (max-width: 500px) 100vw, 500px\" \/><\/figure><\/div>\n<\/div><\/div>\n\n\n\n<div class=\"wp-block-group has-background\" style=\"background-color:#f1f1f1;padding-top:var(--wp--preset--spacing--80);padding-bottom:var(--wp--preset--spacing--80)\"><div class=\"wp-block-group__inner-container is-layout-constrained wp-block-group-is-layout-constrained\">\n<h2 class=\"wp-block-heading\" style=\"padding-top:var(--wp--preset--spacing--40);padding-bottom:var(--wp--preset--spacing--40);font-size:25px;font-style:normal;font-weight:600;text-transform:capitalize\">O que voc\u00ea recebe do kit?<\/h2>\n\n\n\n<ul class=\"wp-block-list\">\n<li>1x Canal de Alum\u00ednio (cortado para o comprimento desejado)<\/li>\n\n\n\n<li>1x Difusor de Policarbonato Fosco (encaix\u00e1vel)<\/li>\n\n\n\n<li>2x Tampas Finais (uma com um buraco de fio, uma s\u00f3lida)<\/li>\n<\/ul>\n<\/div><\/div>\n\n\n\n<div class=\"wp-block-group\" style=\"padding-top:var(--wp--preset--spacing--80);padding-bottom:var(--wp--preset--spacing--80)\"><div class=\"wp-block-group__inner-container is-layout-constrained wp-block-group-is-layout-constrained\">\n<h2 class=\"wp-block-heading\" style=\"padding-top:var(--wp--preset--spacing--40);padding-bottom:var(--wp--preset--spacing--40);font-size:25px;font-style:normal;font-weight:600;text-transform:capitalize\">Cen\u00e1rios de Uso Populares<\/h2>\n\n\n\n<ul class=\"wp-block-list\">\n<li>Ilumina\u00e7\u00e3o debaixo de arm\u00e1rios e cozinhas: esse tipo de ilumina\u00e7\u00e3o ilumina as superf\u00edcies da bancada sem criar sombras.<\/li>\n\n\n\n<li>Arm\u00e1rios e Closets: Ilumine espa\u00e7os escuros de forma elegante.<\/li>\n\n\n\n<li>Ilumina\u00e7\u00e3o de prateleiras e exibi\u00e7\u00e3o em lojas: Direcione a luz sobre objetos para um visual profissional.<\/li>\n\n\n\n<li>Acentos Arquitet\u00f4nicos: Embutidos em paredes ou tetos para adicionar bonita luz ambiente.<\/li>\n<\/ul>\n<\/div><\/div>\n\n\n\n<div class=\"wp-block-group has-background\" style=\"background-color:#f1f1f1f2;padding-top:var(--wp--preset--spacing--80);padding-bottom:var(--wp--preset--spacing--80)\"><div class=\"wp-block-group__inner-container is-layout-constrained wp-block-group-is-layout-constrained\">\n<h2 class=\"wp-block-heading\" style=\"font-size:25px;font-style:normal;font-weight:600;text-transform:capitalize\">O que torna este canal LED embutido ultrafino especial?<\/h2>\n\n\n\n<ul class=\"wp-block-list\">\n<li>Prote\u00e7\u00e3o e gerenciamento de calor robustos: Nossa extrus\u00e3o de alum\u00ednio mant\u00e9m sua fita LED fria e prolonga sua vida \u00fatil. O difusor de policarbonato protege os LEDs da poeira e danos. Isso ajuda a evitar que os itens se amarelados ou fiquem opacos ao longo do tempo.<\/li>\n\n\n\n<li>Ilumina\u00e7\u00e3o suave e sem pontos: Gra\u00e7as ao difusor fosco e \u00e0 compatibilidade com fitas LED COB, sua luz ser\u00e1 brilhante e cont\u00ednua. Sem pontos ou piscadas desagrad\u00e1veis! \u00d3timo para ilumina\u00e7\u00e3o de tarefas, prateleiras e vitrines.<\/li>\n\n\n\n<li>Fino, embutido e f\u00e1cil de instalar: O perfil se encaixa em um sulco fino de 6mm. Empurre-o para dentro do gesso ou sulco dos m\u00f3veis para um visual moderno e limpo. Sem luzes volumosas na superf\u00edcie. Use um adesivo forte para f\u00e1cil instala\u00e7\u00e3o.<\/li>\n\n\n\n<li>Comprimento cort\u00e1vel:<\/li>\n\n\n\n<li>Para qualquer espa\u00e7o, use uma serra de dente fino para cortar o perfil. Isso se encaixa em qualquer lugar, desde arm\u00e1rios de cozinha at\u00e9 ilumina\u00e7\u00e3o de cove arquitet\u00f4nica.<\/li>\n<\/ul>\n<\/div><\/div>\n\n\n\n<div class=\"wp-block-group\" style=\"padding-top:var(--wp--preset--spacing--80);padding-bottom:var(--wp--preset--spacing--80)\"><div class=\"wp-block-group__inner-container is-layout-constrained wp-block-group-is-layout-constrained\">\n<h2 class=\"wp-block-heading\" style=\"padding-top:0;padding-bottom:0;font-size:25px;font-style:normal;font-weight:600;text-transform:capitalize\">para mais informa\u00e7\u00f5es, explore estes produtos relacionados<\/h2>\n\n\n\n<ul class=\"wp-block-list\">\n<li><a href=\"https:\/\/tangooled.com\/pt\/product\/led-light-diffuser-channel-aluminum-15x12mm-for-10mm-led-strips\/\"><mark style=\"background-color:rgba(0, 0, 0, 0)\" class=\"has-inline-color has-vivid-red-color\">canal de LED de perfil baixo 25x6mm para fita LED de 10mm<\/mark><\/a><\/li>\n\n\n\n<li><a href=\"https:\/\/tangooled.com\/pt\/product\/25x6mm-low-profile-led-strip-channel-for-10mm-led-strip-light\/\"><mark style=\"background-color:rgba(0, 0, 0, 0)\" class=\"has-inline-color has-vivid-red-color\">Difusor de luz em alum\u00ednio 15x12mm para tiras LED de 10mm<\/mark><\/a><\/li>\n\n\n\n<li><mark style=\"background-color:rgba(0, 0, 0, 0)\" class=\"has-inline-color has-vivid-red-color\"><a href=\"https:\/\/tangooled.com\/pt\/product\/recessed-5mm-black-led-channel-for-8mm-cob-strips\/\">Canal LED embutido preto de 5mm para fitas cob de 8mm<\/a><\/mark><\/li>\n<\/ul>\n<\/div><\/div>\n\n\n\n<p><\/p>","protected":false},"featured_media":14384,"template":"","meta":{"_acf_changed":true,"_seopress_robots_primary_cat":"none","_seopress_titles_title":"15x6mm Ultra Shallow Recessed LED Profile | Slim Aluminum Channel | TANGOOLED","_seopress_titles_desc":"At only 6mm deep, our 15x6mm ultra shallow recessed LED profile is perfect for thin surfaces and furniture. Features a flange design for easy, flush-mount installation in shallow cutouts.","_seopress_robots_index":""},"pcb-width":[228],"product-cat":[193],"class_list":{"0":"post-34942","1":"product","2":"type-product","3":"status-publish","4":"has-post-thumbnail","6":"pcb-width-6-12mm","7":"product-cat-recessed-profile"},"acf":[],"_links":{"self":[{"href":"https:\/\/tangooled.com\/pt\/wp-json\/wp\/v2\/product\/34942","targetHints":{"allow":["GET"]}}],"collection":[{"href":"https:\/\/tangooled.com\/pt\/wp-json\/wp\/v2\/product"}],"about":[{"href":"https:\/\/tangooled.com\/pt\/wp-json\/wp\/v2\/types\/product"}],"wp:featuredmedia":[{"embeddable":true,"href":"https:\/\/tangooled.com\/pt\/wp-json\/wp\/v2\/media\/14384"}],"wp:attachment":[{"href":"https:\/\/tangooled.com\/pt\/wp-json\/wp\/v2\/media?parent=34942"}],"wp:term":[{"taxonomy":"pcb-width","embeddable":true,"href":"https:\/\/tangooled.com\/pt\/wp-json\/wp\/v2\/pcb-width?post=34942"},{"taxonomy":"product-cat","embeddable":true,"href":"https:\/\/tangooled.com\/pt\/wp-json\/wp\/v2\/product-cat?post=34942"}],"curies":[{"name":"wp","href":"https:\/\/api.w.org\/{rel}","templated":true}]}}