{"id":34939,"date":"2025-07-01T01:34:20","date_gmt":"2025-07-01T09:34:20","guid":{"rendered":"https:\/\/tangooled.com\/?post_type=product&#038;p=34939"},"modified":"2026-02-02T22:25:27","modified_gmt":"2026-02-03T06:25:27","slug":"17x15mm-deep-recessed-led-strip-channel","status":"publish","type":"product","link":"https:\/\/tangooled.com\/pt\/product\/17x15mm-deep-recessed-led-strip-channel\/","title":{"rendered":"Canal de ilumina\u00e7\u00e3o LED embutido de 17x15mm"},"content":{"rendered":"<div class=\"wp-block-group is-vertical is-layout-flex wp-container-core-group-is-layout-d255d7c4 wp-block-group-is-layout-flex\" style=\"padding-top:var(--wp--preset--spacing--80);padding-bottom:var(--wp--preset--spacing--80)\">\n<p>Nosso canal de ilumina\u00e7\u00e3o LED embutido de 17x15mm \u00e9 feito para fitas de LED de 10mm. Ele se encaixa em ranhuras de 17,2mm de largura e 13mm de profundidade, incorporadas em paredes, tetos, m\u00f3veis ou arm\u00e1rios.<\/p>\n\n\n\n<p>O canal flangeado funciona com diferentes fitas de LED, incluindo fitas LED de 8mm, 10mm e 12mm e fitas LED COB. Ele vem com tampas de extremidade e ganchos de montagem para uma instala\u00e7\u00e3o f\u00e1cil.<\/p>\n\n\n\n<p>Este canal de alum\u00ednio LED embutido de 17x15mm fornece ilumina\u00e7\u00e3o profissional, limpa e sem costura que se integra perfeitamente com drywall, madeira ou marcenaria para uma integra\u00e7\u00e3o arquitet\u00f4nica sem emenda de perfis LED.<\/p>\n<\/div>\n\n\n\n<div class=\"wp-block-group has-background is-vertical is-layout-flex wp-container-core-group-is-layout-d255d7c4 wp-block-group-is-layout-flex\" style=\"background-color:#f1f1f1;padding-top:var(--wp--preset--spacing--80);padding-bottom:var(--wp--preset--spacing--80)\">\n<div class=\"wp-block-group\" style=\"padding-top:var(--wp--preset--spacing--80);padding-bottom:var(--wp--preset--spacing--80)\"><div class=\"wp-block-group__inner-container is-layout-constrained wp-block-group-is-layout-constrained\">\n<h2 class=\"wp-block-heading\" style=\"padding-top:var(--wp--preset--spacing--40);padding-bottom:var(--wp--preset--spacing--40);font-size:25px;font-style:normal;font-weight:600;text-transform:capitalize\">Por que voc\u00ea deveria escolher nosso Canal embutido de 17x15mm?<\/h2>\n\n\n\n<p style=\"padding-right:var(--wp--preset--spacing--50);padding-left:var(--wp--preset--spacing--50)\">Nossa canaleta embutida de 17x15mm para fitas de LED de 10mm \u00e9 feita de materiais de alta qualidade e tem um design pr\u00e1tico que facilita a realiza\u00e7\u00e3o dos seus projetos de ilumina\u00e7\u00e3o:<\/p>\n\n\n\n<ul class=\"wp-block-list\">\n<li>Uma caixa de montagem embutida para manter sua fita de LED oculta na parede ou nos m\u00f3veis.<\/li>\n\n\n\n<li>Feita de alum\u00ednio anodizado para dissipa\u00e7\u00e3o de calor profissional e longa vida \u00fatil da fita de LED.<\/li>\n\n\n\n<li>Vem com um difusor de policarbonato opalino que suaviza a luz e elimina pontos quentes.<\/li>\n\n\n\n<li>Tamb\u00e9m vem com ganchos de montagem e tampas de extremidade para segurar no lugar e ter uma apar\u00eancia organizada.<\/li>\n\n\n\n<li>Projetado especificamente para larguras de fita LED de 10mm, como LEDs SMD 5050 e fitas de LED COB sem pontos.<\/li>\n\n\n\n<li>\u00d3timo para criar ilumina\u00e7\u00e3o personalizada para cozinhas, arm\u00e1rios, tetos e exibi\u00e7\u00f5es de lojas.<\/li>\n<\/ul>\n<\/div><\/div>\n<\/div>\n\n\n\n<div class=\"wp-block-group\" style=\"padding-top:var(--wp--preset--spacing--80);padding-bottom:var(--wp--preset--spacing--80)\"><div class=\"wp-block-group__inner-container is-layout-constrained wp-block-group-is-layout-constrained\">\n<div class=\"wp-block-media-text has-media-on-the-right is-stacked-on-mobile\"><div class=\"wp-block-media-text__content\">\n<h2 class=\"wp-block-heading\" style=\"padding-top:var(--wp--preset--spacing--40);padding-bottom:var(--wp--preset--spacing--40);font-size:25px;font-style:normal;font-weight:600;text-transform:capitalize\">Como instalar em drywall ou madeira  <\/h2>\n\n\n\n<ul class=\"wp-block-list\">\n<li>Siga o layout da sua proposta de ilumina\u00e7\u00e3o e corte uma ranhura de 17x13mm no drywall ou na madeira.<\/li>\n\n\n\n<li>Use parafusos, cola ou ganchos de montagem para segurar o canal no lugar.<\/li>\n\n\n\n<li>(Opcional) Aplique massa ou gesso sobre a flange para um acabamento liso e nivelado.<\/li>\n\n\n\n<li>Coloque sua fita LED de 10mm dentro do canal e conecte-a a um driver LED ou fonte de LED dimm\u00e1vel que funcione com ela.<\/li>\n\n\n\n<li>Prenda a cobertura difusora opalina para suavizar a luz e proteger a fita LED.<\/li>\n<\/ul>\n<\/div><figure class=\"wp-block-media-text__media\"><img loading=\"lazy\" decoding=\"async\" width=\"500\" height=\"500\" src=\"https:\/\/tangooled.com\/wp-content\/uploads\/2025\/07\/rp02-ins.webp\" alt=\"recessed led strip lighting channel 17x15mm for 10mm tape lights\" class=\"wp-image-40353 size-full\" srcset=\"https:\/\/tangooled.com\/wp-content\/uploads\/2025\/07\/rp02-ins.webp 500w, https:\/\/tangooled.com\/wp-content\/uploads\/2025\/07\/rp02-ins-300x300.webp 300w, https:\/\/tangooled.com\/wp-content\/uploads\/2025\/07\/rp02-ins-150x150.webp 150w\" sizes=\"auto, (max-width: 500px) 100vw, 500px\" \/><\/figure><\/div>\n<\/div><\/div>\n\n\n\n<div class=\"wp-block-group has-background\" style=\"background-color:#f1f1f2;padding-top:var(--wp--preset--spacing--80);padding-bottom:var(--wp--preset--spacing--80)\"><div class=\"wp-block-group__inner-container is-layout-constrained wp-block-group-is-layout-constrained\">\n<h2 class=\"wp-block-heading\" style=\"padding-top:var(--wp--preset--spacing--40);padding-bottom:var(--wp--preset--spacing--40);font-size:25px;font-style:normal;font-weight:600;text-transform:capitalize\">Usos ideais para o Canal de Ilumina\u00e7\u00e3o LED Embutido 17x15mm<\/h2>\n\n\n\n<ul class=\"wp-block-list\">\n<li>Ilumina\u00e7\u00e3o de exibi\u00e7\u00e3o em lojas: Cria exibi\u00e7\u00f5es atraentes que chamam a aten\u00e7\u00e3o do consumidor.<\/li>\n<\/ul>\n\n\n\n<ul class=\"wp-block-list\">\n<li>Ilumina\u00e7\u00e3o sob o arm\u00e1rio na cozinha: Ilumina suas bancadas para facilitar o cozimento e a prepara\u00e7\u00e3o.<\/li>\n<\/ul>\n\n\n\n<ul class=\"wp-block-list\">\n<li>Ilumina\u00e7\u00e3o de guarda-roupa e arm\u00e1rios: Ilumine o espa\u00e7o para melhor visibilidade e organiza\u00e7\u00e3o.<\/li>\n<\/ul>\n\n\n\n<ul class=\"wp-block-list\">\n<li>Ilumina\u00e7\u00e3o residencial: Cria linhas limpas de luz de destaque em salas de estar e quartos.<\/li>\n<\/ul>\n\n\n\n<ul class=\"wp-block-list\">\n<li>Integra\u00e7\u00e3o em espa\u00e7o comercial: Uma op\u00e7\u00e3o de ilumina\u00e7\u00e3o vers\u00e1til para escrit\u00f3rios, sagu\u00f5es e showrooms.<\/li>\n<\/ul>\n\n\n\n<ul class=\"wp-block-list\">\n<li>Architectural feature enhancement: Highlights a building&#8217;s unique and interesting.<\/li>\n<\/ul>\n<\/div><\/div>\n\n\n\n<div class=\"wp-block-group\" style=\"padding-top:var(--wp--preset--spacing--80);padding-bottom:var(--wp--preset--spacing--80)\"><div class=\"wp-block-group__inner-container is-layout-constrained wp-block-group-is-layout-constrained\">\n<h2 class=\"wp-block-heading\" style=\"padding-top:var(--wp--preset--spacing--40);padding-bottom:var(--wp--preset--spacing--40);font-size:25px;font-style:normal;font-weight:600\">Produtos relacionados que voc\u00ea pode gostar<\/h2>\n\n\n\n<ul class=\"wp-block-list\">\n<li>Confira nosso <a href=\"https:\/\/tangooled.com\/pt\/product\/black-led-profile-with-black-diffuser-for-10mm-led-strip-light\/\"><mark style=\"background-color:rgba(0, 0, 0, 0)\" class=\"has-inline-color has-vivid-red-color\">perfil LED preto com difusor preto para fita de LED de 10mm<\/mark><\/a> para acabamentos alternativos.<\/li>\n\n\n\n<li>Precisa de uma solu\u00e7\u00e3o de montagem de superf\u00edcie? Veja nossa <a href=\"https:\/\/tangooled.com\/pt\/product\/surface-mount-led-profile-with-frosted-diffuser-for-10mm-rope-lights\/\"><mark style=\"background-color:rgba(0, 0, 0, 0)\" class=\"has-inline-color has-vivid-red-color\">perfil de LED de montagem em superf\u00edcie com difusor fosco para luzes de corda de 10mm<\/mark><\/a>.<\/li>\n\n\n\n<li>Explore op\u00e7\u00f5es slim com o <mark style=\"background-color:rgba(0, 0, 0, 0)\" class=\"has-inline-color has-vivid-red-color\"><a href=\"https:\/\/tangooled.com\/pt\/product\/led-light-diffuser-channel-aluminum-15x12mm-for-10mm-led-strips\/\">Difusor de luz em alum\u00ednio 15x12mm para tiras LED de 10mm<\/a><\/mark>.<\/li>\n<\/ul>\n\n\n\n<p><\/p>\n<\/div><\/div>\n\n\n\n<div class=\"wp-block-group has-background\" style=\"background-color:#f1f1f2;padding-top:var(--wp--preset--spacing--80);padding-bottom:var(--wp--preset--spacing--80)\"><div class=\"wp-block-group__inner-container is-layout-constrained wp-block-group-is-layout-constrained\">\n<h2 class=\"wp-block-heading\" style=\"padding-top:var(--wp--preset--spacing--40);padding-bottom:var(--wp--preset--spacing--40);font-size:25px;font-style:normal;font-weight:600;text-transform:capitalize\">Compre seu Canal LED Embutido de 17x15mm hoje!<\/h2>\n\n\n\n<p style=\"padding-right:var(--wp--preset--spacing--50);padding-left:var(--wp--preset--spacing--50)\">Build clean, bright, and professional architectural LED profiles with our recessed LED strip lighting channel 17x15mm for 10mm tape lights. Perfect for indoor recessed linear lighting fixture projects, it\u2019s easy to install and delivers a dot-free, high CRI lighting experience wherever you need it. For more lighting accessories and aluminum profile options, browse our collection of <a href=\"https:\/\/tangooled.com\/pt\/product\/led-strip-light-channel-aluminum-profile-with-diffused-cover-6mm-height\/\"><mark style=\"background-color:rgba(0, 0, 0, 0)\" class=\"has-inline-color has-vivid-red-color\">canais de fita LED<\/mark><\/a> e <a href=\"https:\/\/tangooled.com\/pt\/product\/45-degree-corner-led-aluminum-channel-for-10mm-led-strips\/\"><mark style=\"background-color:rgba(0, 0, 0, 0)\" class=\"has-inline-color has-vivid-red-color\">extrus\u00f5es LED de canto<\/mark><\/a> na Tangooled.<\/p>\n\n\n\n<p><\/p>\n<\/div><\/div>","protected":false},"featured_media":14390,"template":"","meta":{"_acf_changed":true,"_seopress_robots_primary_cat":"none","_seopress_titles_title":"17x15mm Deep Recessed LED Channel Aluminum Profile | TANGOOLED","_seopress_titles_desc":"The 17x15mm deep recessed LED channel is designed for a flawless, dot-free lighting effect. Its extra depth provides superior heat dissipation and hides LED spots for a professional linear finish.","_seopress_robots_index":""},"pcb-width":[228],"product-cat":[193],"class_list":{"0":"post-34939","1":"product","2":"type-product","3":"status-publish","4":"has-post-thumbnail","6":"pcb-width-6-12mm","7":"product-cat-recessed-profile"},"acf":[],"_links":{"self":[{"href":"https:\/\/tangooled.com\/pt\/wp-json\/wp\/v2\/product\/34939","targetHints":{"allow":["GET"]}}],"collection":[{"href":"https:\/\/tangooled.com\/pt\/wp-json\/wp\/v2\/product"}],"about":[{"href":"https:\/\/tangooled.com\/pt\/wp-json\/wp\/v2\/types\/product"}],"wp:featuredmedia":[{"embeddable":true,"href":"https:\/\/tangooled.com\/pt\/wp-json\/wp\/v2\/media\/14390"}],"wp:attachment":[{"href":"https:\/\/tangooled.com\/pt\/wp-json\/wp\/v2\/media?parent=34939"}],"wp:term":[{"taxonomy":"pcb-width","embeddable":true,"href":"https:\/\/tangooled.com\/pt\/wp-json\/wp\/v2\/pcb-width?post=34939"},{"taxonomy":"product-cat","embeddable":true,"href":"https:\/\/tangooled.com\/pt\/wp-json\/wp\/v2\/product-cat?post=34939"}],"curies":[{"name":"wp","href":"https:\/\/api.w.org\/{rel}","templated":true}]}}