{"id":34937,"date":"2025-07-01T00:43:01","date_gmt":"2025-07-01T08:43:01","guid":{"rendered":"https:\/\/tangooled.com\/?post_type=product&#038;p=34937"},"modified":"2026-02-02T22:25:45","modified_gmt":"2026-02-03T06:25:45","slug":"recessed-led-aluminum-profile-17x8mm-for-strip-lighting","status":"publish","type":"product","link":"https:\/\/tangooled.com\/pt\/product\/recessed-led-aluminum-profile-17x8mm-for-strip-lighting\/","title":{"rendered":"perfil de alum\u00ednio embutido de 17x8mm para ilumina\u00e7\u00e3o de fita LED"},"content":{"rendered":"<div class=\"wp-block-group\" style=\"padding-top:var(--wp--preset--spacing--80);padding-bottom:var(--wp--preset--spacing--80)\"><div class=\"wp-block-group__inner-container is-layout-constrained wp-block-group-is-layout-constrained\">\n<p>O nosso perfil de alum\u00ednio embutido de 17x8mm para ilumina\u00e7\u00e3o com fita LED \u00e9 projetado para ser integrado nas paredes, tetos, m\u00f3veis ou arm\u00e1rios. O inv\u00f3lucro de alum\u00ednio se adapta a uma ampla gama de larguras de fita LED (at\u00e9 cerca de 12mm), incluindo fitas comuns de LED de 8mm, 10mm e 12mm e produtos compat\u00edveis com fitas LED COB. Ele se encaixa em ranhuras que t\u00eam 17mm de largura e 8mm de profundidade, o que faz com que pare\u00e7a uma ilumina\u00e7\u00e3o arquitet\u00f4nica profissional, sem pontos vis\u00edveis.<\/p>\n\n\n\n<p>O corpo de alum\u00ednio anodizado torna-o um \u00f3timo dissipador de calor para LED que mant\u00e9m seus LEDs frios e aumenta sua durabilidade. O difusor opalino inclu\u00eddo oculta os pontos de LED, permitindo uma luz uniforme com um brilho suave que deixa qualquer espa\u00e7o mais limpo.<\/p>\n<\/div><\/div>\n\n\n\n<div class=\"wp-block-group has-background\" style=\"background-color:#f1f1f1;padding-top:var(--wp--preset--spacing--80);padding-bottom:var(--wp--preset--spacing--80)\"><div class=\"wp-block-group__inner-container is-layout-constrained wp-block-group-is-layout-constrained\">\n<div class=\"wp-block-group is-vertical is-layout-flex wp-container-core-group-is-layout-8cf370e7 wp-block-group-is-layout-flex\">\n<h2 class=\"wp-block-heading\" style=\"padding-top:var(--wp--preset--spacing--40);padding-bottom:var(--wp--preset--spacing--40);font-size:25px;font-style:normal;font-weight:600;text-transform:capitalize\">Por que escolher este perfil LED embutido de 17x8mm?<\/h2>\n\n\n\n<ul class=\"wp-block-list\">\n<li>Flush mount LED channel \u2013 for neat, low-profile install.<\/li>\n\n\n\n<li>Trimless lighting solution \u2013 perfect for drywall, furniture lighting integration, and kitchen cabinet accents.<\/li>\n\n\n\n<li>Strong heat sink \u2013 aluminum keeps LED tapes cool to avoid burnout.<\/li>\n\n\n\n<li>Ilumina\u00e7\u00e3o sem pontos \u2013 com um difusor fosco que proporciona uma luz suave e uniforme, sem pontos quentes.<\/li>\n\n\n\n<li>Protection \u2013 shields LED strips from dust, moisture, and damage.<\/li>\n\n\n\n<li>Easy to cut and install \u2013 use mounting clips or adhesive to fix in place.<\/li>\n<\/ul>\n<\/div>\n<\/div><\/div>\n\n\n\n<div class=\"wp-block-group is-vertical is-layout-flex wp-container-core-group-is-layout-d255d7c4 wp-block-group-is-layout-flex\" style=\"padding-top:var(--wp--preset--spacing--80);padding-bottom:var(--wp--preset--spacing--80)\">\n<div class=\"wp-block-group\" style=\"padding-top:var(--wp--preset--spacing--60);padding-right:0;padding-bottom:var(--wp--preset--spacing--60);padding-left:0\"><div class=\"wp-block-group__inner-container is-layout-constrained wp-container-core-group-is-layout-c4900166 wp-block-group-is-layout-constrained\">\n<div class=\"wp-block-media-text has-media-on-the-right is-stacked-on-mobile\"><div class=\"wp-block-media-text__content\">\n<h2 class=\"wp-block-heading\" style=\"padding-top:var(--wp--preset--spacing--40);padding-bottom:var(--wp--preset--spacing--40);font-size:25px;text-transform:capitalize\">Como instalar o canal de alum\u00ednio embutido de 17x8mm<\/h2>\n\n\n\n<ul class=\"wp-block-list\">\n<li>Corte uma ranhura no seu drywall, madeira ou MDF para encaixar o perfil (aproximadamente 17.5mm de largura x 8mm de profundidade).<\/li>\n\n\n\n<li>Fixe a extrus\u00e3o de alum\u00ednio usando os clipes de montagem fornecidos ou um adesivo de constru\u00e7\u00e3o forte.<\/li>\n\n\n\n<li>Cole sua fita LED dentro do canal, garantindo que a fita corresponda \u00e0 largura interna (~12mm).<\/li>\n\n\n\n<li>Prenda a tampa do difusor opalino para obter uma luz suave e uniforme.<\/li>\n\n\n\n<li>Anexe as tampas de extremidade para selar as extremidades de forma organizada (uma tampa de extremidade com um orif\u00edcio para fio de alimenta\u00e7\u00e3o).<\/li>\n<\/ul>\n<\/div><figure class=\"wp-block-media-text__media\"><img loading=\"lazy\" decoding=\"async\" width=\"500\" height=\"500\" src=\"https:\/\/tangooled.com\/wp-content\/uploads\/2025\/07\/rp01-ins.webp\" alt=\"recessed aluminum profile 17x8mm for led strip lighting\" class=\"wp-image-40336 size-full\" srcset=\"https:\/\/tangooled.com\/wp-content\/uploads\/2025\/07\/rp01-ins.webp 500w, https:\/\/tangooled.com\/wp-content\/uploads\/2025\/07\/rp01-ins-300x300.webp 300w, https:\/\/tangooled.com\/wp-content\/uploads\/2025\/07\/rp01-ins-150x150.webp 150w\" sizes=\"auto, (max-width: 500px) 100vw, 500px\" \/><\/figure><\/div>\n<\/div><\/div>\n\n\n\n<hr class=\"wp-block-separator has-alpha-channel-opacity\"\/>\n<\/div>\n\n\n\n<div class=\"wp-block-group has-background\" style=\"background-color:#f1f1f1;padding-top:var(--wp--preset--spacing--50);padding-bottom:var(--wp--preset--spacing--50)\"><div class=\"wp-block-group__inner-container is-layout-constrained wp-block-group-is-layout-constrained\">\n<h2 class=\"wp-block-heading\" style=\"padding-top:var(--wp--preset--spacing--40);padding-bottom:var(--wp--preset--spacing--40);font-size:25px;font-style:normal;font-weight:600\">Acess\u00f3rios Inclu\u00eddos<\/h2>\n\n\n\n<ul class=\"wp-block-list\">\n<li>Canal de alum\u00ednio anodizado<\/li>\n\n\n\n<li>Difusor fosco (opalino)<\/li>\n\n\n\n<li>Clipes de montagem (2 ou mais por metro)<\/li>\n\n\n\n<li>Tampas de extremidade (uma s\u00f3lida, uma com um orif\u00edcio para fio)<\/li>\n<\/ul>\n<\/div><\/div>\n\n\n\n<div class=\"wp-block-group\" style=\"padding-top:var(--wp--preset--spacing--80);padding-bottom:var(--wp--preset--spacing--80)\"><div class=\"wp-block-group__inner-container is-layout-constrained wp-block-group-is-layout-constrained\">\n<h2 class=\"wp-block-heading\" style=\"font-size:25px;font-style:normal;font-weight:600;text-transform:capitalize\">Onde voc\u00ea pode us\u00e1-lo? maneiras comuns de uso<\/h2>\n\n\n\n<ul class=\"wp-block-list\">\n<li>Cozinhas: Ilumina\u00e7\u00e3o sob os arm\u00e1rios, ilumina\u00e7\u00e3o em gavetas, prateleiras de despensa.<\/li>\n\n\n\n<li>Salas de Estar: Ilumina\u00e7\u00e3o para o teto, estantes e escadas.<\/li>\n\n\n\n<li>Espa\u00e7os Comerciais: Exibi\u00e7\u00f5es de varejo, ilumina\u00e7\u00e3o de destaque em escrit\u00f3rios e recep\u00e7\u00e3o de hot\u00e9is.<\/li>\n\n\n\n<li>M\u00f3veis Personalizados: Ilumina\u00e7\u00e3o embutida em c\u00f4modas, vitrines e arm\u00e1rios.<\/li>\n<\/ul>\n\n\n\n<p style=\"padding-right:var(--wp--preset--spacing--50);padding-left:var(--wp--preset--spacing--50)\">Para mais ideias sobre solu\u00e7\u00f5es de perfil arquitet\u00f4nico, veja nosso <a href=\"https:\/\/tangooled.com\/pt\/product\/trimless-drywall-led-channel-for-15mm-led-strip-lights\/\"><mark style=\"background-color:rgba(0, 0, 0, 0)\" class=\"has-inline-color has-vivid-red-color\">canal LED sem bordas para fitas de LED de 15mm<\/mark><em><mark style=\"background-color:rgba(0, 0, 0, 0)\" class=\"has-inline-color has-vivid-red-color\"><\/mark><\/em><\/a>ou navegue por nossa sele\u00e7\u00e3o de <mark style=\"background-color:rgba(0, 0, 0, 0)\" class=\"has-inline-color has-vivid-red-color\"><a href=\"https:\/\/tangooled.com\/pt\/product\/surface-mount-led-profile-with-frosted-diffuser-for-10mm-rope-lights\/\">perfil de LED de montagem em superf\u00edcie com difusor fosco para luzes de corda de 10mm<\/a><\/mark><\/p>\n<\/div><\/div>\n\n\n\n<div class=\"wp-block-group has-background\" style=\"background-color:#f1f1f2;padding-top:var(--wp--preset--spacing--80);padding-bottom:var(--wp--preset--spacing--80)\"><div class=\"wp-block-group__inner-container is-layout-constrained wp-block-group-is-layout-constrained\">\n<h2 class=\"wp-block-heading\" style=\"padding-top:var(--wp--preset--spacing--40);padding-bottom:var(--wp--preset--spacing--40);font-size:25px;font-style:normal;font-weight:600;text-transform:capitalize\">Por que nossos clientes escolhem este perfil<\/h2>\n\n\n\n<p style=\"padding-right:var(--wp--preset--spacing--50);padding-left:var(--wp--preset--spacing--50)\">Este perfil de alum\u00ednio embutido torna f\u00e1cil construir ilumina\u00e7\u00e3o linear escondida. As dimens\u00f5es slim e a montagem embutida permitem um canal de baixo perfil integrado perfeitamente com paredes ou madeira. O acabamento profissional e a extrus\u00e3o robusta de alum\u00ednio previnem danos e reduzem o calor, ao contr\u00e1rio dos perfis pl\u00e1sticos.<\/p>\n\n\n\n<p style=\"padding-right:var(--wp--preset--spacing--50);padding-left:var(--wp--preset--spacing--50)\">With the included opal diffuser, your LED strip light shines softly without glaring dots or uneven shadows. Perfect for furniture lighting integration, bookshelf lighting, or wardrobe lighting \u2014 even in high-use areas such as kitchens and retail displays.<\/p>\n\n\n\n<p style=\"padding-right:var(--wp--preset--spacing--50);padding-left:var(--wp--preset--spacing--50)\">Os clientes tamb\u00e9m compram esses perfis para emparelhar com fontes de alimenta\u00e7\u00e3o dimmer e drivers de LED, que aumentam o controle e a vida \u00fatil de suas configura\u00e7\u00f5es de LED. Explore acess\u00f3rios compat\u00edveis como o <mark style=\"background-color:rgba(0, 0, 0, 0)\" class=\"has-inline-color has-vivid-red-color\"><a href=\"https:\/\/tangooled.com\/pt\/product\/black-led-profile-with-black-diffuser-for-10mm-led-strip-light\/\">perfil led preto com difusor preto para fita de LED de 10mm<\/a><em> <\/em><\/mark>ou confira nossas <a href=\"https:\/\/tangooled.com\/pt\/product\/17mm-led-strip-light-aluminum-channel-for-surface-mounting\/\"><mark style=\"background-color:rgba(0, 0, 0, 0)\" class=\"has-inline-color has-vivid-red-color\">canal de alum\u00ednio para fita de LED de 17mm para montagem em superf\u00edcie<\/mark><\/a> alternativas para montagem em superf\u00edcie.<\/p>\n<\/div><\/div>\n\n\n\n<p><\/p>","protected":false},"featured_media":14394,"template":"","meta":{"_acf_changed":true,"_seopress_robots_primary_cat":"none","_seopress_titles_title":"17x8mm Recessed LED Profile Aluminum Channel | TANGOOLED","_seopress_titles_desc":"Buy professional 17x8mm recessed LED profile featuring a slim design. Ideal for 10mm-12mm LED strips, this aluminum channel hides cutout edges for a perfect flush-mount finish.","_seopress_robots_index":""},"pcb-width":[228],"product-cat":[193],"class_list":{"0":"post-34937","1":"product","2":"type-product","3":"status-publish","4":"has-post-thumbnail","6":"pcb-width-6-12mm","7":"product-cat-recessed-profile"},"acf":[],"_links":{"self":[{"href":"https:\/\/tangooled.com\/pt\/wp-json\/wp\/v2\/product\/34937","targetHints":{"allow":["GET"]}}],"collection":[{"href":"https:\/\/tangooled.com\/pt\/wp-json\/wp\/v2\/product"}],"about":[{"href":"https:\/\/tangooled.com\/pt\/wp-json\/wp\/v2\/types\/product"}],"wp:featuredmedia":[{"embeddable":true,"href":"https:\/\/tangooled.com\/pt\/wp-json\/wp\/v2\/media\/14394"}],"wp:attachment":[{"href":"https:\/\/tangooled.com\/pt\/wp-json\/wp\/v2\/media?parent=34937"}],"wp:term":[{"taxonomy":"pcb-width","embeddable":true,"href":"https:\/\/tangooled.com\/pt\/wp-json\/wp\/v2\/pcb-width?post=34937"},{"taxonomy":"product-cat","embeddable":true,"href":"https:\/\/tangooled.com\/pt\/wp-json\/wp\/v2\/product-cat?post=34937"}],"curies":[{"name":"wp","href":"https:\/\/api.w.org\/{rel}","templated":true}]}}