{"id":34933,"date":"2025-06-30T23:58:39","date_gmt":"2025-07-01T07:58:39","guid":{"rendered":"https:\/\/tangooled.com\/?post_type=product&#038;p=34933"},"modified":"2026-02-02T22:29:28","modified_gmt":"2026-02-03T06:29:28","slug":"recessed-triple-row-led-strip-light-channel-with-diffusers","status":"publish","type":"product","link":"https:\/\/tangooled.com\/pt\/product\/recessed-triple-row-led-strip-light-channel-with-diffusers\/","title":{"rendered":"canal de luz LED embutido de tr\u00eas fileiras com difusores"},"content":{"rendered":"<div class=\"wp-block-group is-vertical is-layout-flex wp-container-core-group-is-layout-d255d7c4 wp-block-group-is-layout-flex\" style=\"padding-top:var(--wp--preset--spacing--80);padding-bottom:var(--wp--preset--spacing--80)\">\n<p>Nosso canal LED embutido de tr\u00eas fileiras RPT01 ajudar\u00e1 voc\u00ea a alcan\u00e7ar uma luz brilhante e uniforme. Existem tr\u00eas canais internos independentes neste canal, cada um com 11,2 mm de largura, que podem conter uma fita LED e um difusor. Isso permite ajustar a luz de v\u00e1rias maneiras e obter uma grande quantidade de luz dele.<br>As dimens\u00f5es externas s\u00e3o 48,7 mm (largura externa) por 8,4 mm (altura total). O perfil \u00e9 feito de robusto alum\u00ednio extrudado 6063-T5, que garante excelente dissipa\u00e7\u00e3o de calor. Os difusores de PC (Policarbonato) de alta qualidade que v\u00eam com ele garantem que a luz se espalhe de forma uniforme e sem pontos. Voc\u00ea pode instalar facilmente o sistema aparafusando-o, como mostrado, e ele vem com todas as tampas de extremidade necess\u00e1rias.<br>Este canal de tr\u00eas fileiras \u00e9 adequado para uso interno e \u00e9 ideal para aplica\u00e7\u00f5es onde uma fonte embutida precisa emitir o m\u00e1ximo de luz poss\u00edvel. Alguns exemplos incluem ilumina\u00e7\u00e3o geral em cozinhas ou banheiros, ilumina\u00e7\u00e3o de arm\u00e1rios profundos ou ilumina\u00e7\u00e3o comercial para lojas e escrit\u00f3rios com tetos altos.<\/p>\n<\/div>\n\n\n\n<div class=\"wp-block-group has-background is-vertical is-layout-flex wp-container-core-group-is-layout-d255d7c4 wp-block-group-is-layout-flex\" style=\"background-color:#f1f1f1;padding-top:var(--wp--preset--spacing--80);padding-bottom:var(--wp--preset--spacing--80)\">\n<div class=\"wp-block-group is-vertical is-layout-flex wp-container-core-group-is-layout-8cf370e7 wp-block-group-is-layout-flex\">\n<h2 class=\"wp-block-heading\" style=\"padding-top:var(--wp--preset--spacing--40);padding-bottom:var(--wp--preset--spacing--40);font-size:25px;font-style:normal;font-weight:600;text-transform:capitalize\">Por que escolher nosso canal LED embutido de tr\u00eas fileiras?<\/h2>\n\n\n\n<ul class=\"wp-block-list\">\n<li>Brilhante e forte: Pode suportar tr\u00eas fitas LED, que fornecem luz brilhante e uniforme tanto para ilumina\u00e7\u00e3o geral quanto para ilumina\u00e7\u00e3o de tarefa.<\/li>\n\n\n\n<li>Apar\u00eancia limpa e nivelada: O canal de luz LED embutido de tr\u00eas fileiras com difusores fica nivelado com o drywall ou o teto, dando ao seu ambiente um visual limpo.<\/li>\n\n\n\n<li>Material dur\u00e1vel: O alum\u00ednio utilizado para fabricar o canal \u00e9 robusto o suficiente para manter suas fitas LED frescas e seguras.<\/li>\n\n\n\n<li>Ilumina\u00e7\u00e3o suave: O canal difusor torna a luz mais suave e elimina pontos e hotspots \u00e1speros, o que faz com que a ilumina\u00e7\u00e3o fique bonita e uniforme.<\/li>\n<\/ul>\n<\/div>\n<\/div>\n\n\n\n<div class=\"wp-block-group\" style=\"padding-top:var(--wp--preset--spacing--60);padding-bottom:var(--wp--preset--spacing--60)\"><div class=\"wp-block-group__inner-container is-layout-constrained wp-block-group-is-layout-constrained\">\n<div class=\"wp-block-media-text has-media-on-the-right is-stacked-on-mobile\"><div class=\"wp-block-media-text__content\">\n<h2 class=\"wp-block-heading\" style=\"padding-top:var(--wp--preset--spacing--40);padding-bottom:var(--wp--preset--spacing--40);font-size:25px;font-style:normal;font-weight:600;text-transform:capitalize\">Como Usar?<\/h2>\n\n\n\n<ul class=\"wp-block-list\">\n<li>Corte o canal LED de tr\u00eas fileiras no comprimento correto.<\/li>\n\n\n\n<li>Coloque-o nivelado contra o drywall, o teto ou qualquer outra superf\u00edcie plana.<\/li>\n\n\n\n<li>Coloque suas fitas LED no canal.<\/li>\n\n\n\n<li>Coloque a tampa difusora para criar uma luz suave e esconder os hotspots.<\/li>\n\n\n\n<li>Use fita adesiva e tampas de extremidade para manter tudo no lugar e ter um bom acabamento.<\/li>\n<\/ul>\n<\/div><figure class=\"wp-block-media-text__media\"><img loading=\"lazy\" decoding=\"async\" width=\"500\" height=\"500\" src=\"https:\/\/tangooled.com\/wp-content\/uploads\/2025\/06\/rpt01-ins.webp\" alt=\"canal de luz LED embutido de tr\u00eas fileiras com difusores\" class=\"wp-image-41819 size-full\" srcset=\"https:\/\/tangooled.com\/wp-content\/uploads\/2025\/06\/rpt01-ins.webp 500w, https:\/\/tangooled.com\/wp-content\/uploads\/2025\/06\/rpt01-ins-300x300.webp 300w, https:\/\/tangooled.com\/wp-content\/uploads\/2025\/06\/rpt01-ins-150x150.webp 150w\" sizes=\"auto, (max-width: 500px) 100vw, 500px\" \/><\/figure><\/div>\n<\/div><\/div>\n\n\n\n<div class=\"wp-block-group has-background\" style=\"background-color:#f1f1f1;padding-top:var(--wp--preset--spacing--80);padding-bottom:var(--wp--preset--spacing--80)\"><div class=\"wp-block-group__inner-container is-layout-constrained wp-block-group-is-layout-constrained\">\n<h2 class=\"wp-block-heading\" style=\"padding-top:var(--wp--preset--spacing--40);padding-bottom:var(--wp--preset--spacing--40);font-size:25px;font-style:normal;font-weight:600;text-transform:capitalize\">Perfeito para muitos espa\u00e7os e usos<\/h2>\n\n\n\n<p style=\"padding-right:var(--wp--preset--spacing--50);padding-left:var(--wp--preset--spacing--50)\">O canal de luz LED embutido de tr\u00eas fileiras com difusores dar\u00e1 aos seus ambientes um novo e brilhante visual. Funciona bem para:<\/p>\n\n\n\n<ul class=\"wp-block-list\">\n<li>Salas de estar e quartos (ilumina\u00e7\u00e3o geral e acentuada)<\/li>\n\n\n\n<li>Ilumina\u00e7\u00e3o para tarefas e embaixo de arm\u00e1rios em cozinhas, despensas e closets<\/li>\n\n\n\n<li>Lugares de neg\u00f3cios, como lojas e escrit\u00f3rios, onde as luzes de teto t\u00eam a mesma tonalidade<\/li>\n\n\n\n<li>M\u00f3veis, arm\u00e1rios e prateleiras (com ilumina\u00e7\u00e3o personalizada embutida)<\/li>\n\n\n\n<li>Partes de um edif\u00edcio, incluindo paredes e nichos, que fazem linhas de luz lisas e uniformes<\/li>\n<\/ul>\n<\/div><\/div>\n\n\n\n<div class=\"wp-block-group\" style=\"padding-top:var(--wp--preset--spacing--80);padding-bottom:var(--wp--preset--spacing--80)\"><div class=\"wp-block-group__inner-container is-layout-constrained wp-block-group-is-layout-constrained\">\n<p style=\"font-size:20px\">Veja como este canal se compara a outros perfis como <mark style=\"background-color:rgba(0, 0, 0, 0)\" class=\"has-inline-color has-vivid-red-color\"><a href=\"https:\/\/tangooled.com\/pt\/product\/black-led-profile-with-black-diffuser-for-10mm-led-strip-light\/\">o perfil LED preto com difusor preto para fita LED de 10mm<\/a> <\/mark>ou o<a href=\"https:\/\/tangooled.com\/pt\/product\/led-strip-light-channel-aluminum-profile-with-diffused-cover-6mm-height\/\"><mark style=\"background-color:rgba(0, 0, 0, 0)\" class=\"has-inline-color has-vivid-red-color\"> perfil de alum\u00ednio para canal de luz de fita LED com cobertura difusa, altura 6mm<\/mark><\/a> para outros estilos de ilumina\u00e7\u00e3o.<\/p>\n<\/div><\/div>\n\n\n\n<div class=\"wp-block-group has-background\" style=\"background-color:#f1f1f1;padding-top:var(--wp--preset--spacing--80);padding-bottom:var(--wp--preset--spacing--80)\"><div class=\"wp-block-group__inner-container is-layout-constrained wp-block-group-is-layout-constrained\">\n<h2 class=\"wp-block-heading\" style=\"padding-top:var(--wp--preset--spacing--40);padding-bottom:var(--wp--preset--spacing--40);font-size:25px;font-style:normal;font-weight:600;text-transform:capitalize\">Veja Tamb\u00e9m Estes Produtos Relacionados<\/h2>\n\n\n\n<ul class=\"wp-block-list\">\n<li>Se voc\u00ea quer perfis LED pretos, experimente o <a href=\"https:\/\/tangooled.com\/pt\/product\/black-led-diffuser-aluminum-channel-for-12mm-tape-lights\/\"><mark style=\"background-color:rgba(0, 0, 0, 0)\" class=\"has-inline-color has-vivid-red-color\">canal de alum\u00ednio com difusor LED preto para luzes de fita de 12mm<\/mark><\/a><\/li>\n\n\n\n<li>Se voc\u00ea deseja instalar o perfil em uma superf\u00edcie, veja o <a href=\"https:\/\/tangooled.com\/pt\/product\/surface-mount-led-profile-with-frosted-diffuser-for-10mm-rope-lights\/\"><mark style=\"background-color:rgba(0, 0, 0, 0)\" class=\"has-inline-color has-vivid-red-color\">perfil LED de montagem de superf\u00edcie em U com difusor fosco<\/mark><\/a><\/li>\n\n\n\n<li>Se voc\u00ea precisa de uma fita mais fina? Veja o <a href=\"https:\/\/tangooled.com\/pt\/product\/25x6mm-low-profile-led-strip-channel-for-10mm-led-strip-light\/\"><mark style=\"background-color:rgba(0, 0, 0, 0)\" class=\"has-inline-color has-vivid-red-color\">canal de fita LED de perfil baixo para fita LED de 10mm<\/mark><\/a> <\/li>\n<\/ul>\n<\/div><\/div>\n\n\n\n<p><\/p>","protected":false},"featured_media":14317,"template":"","meta":{"_acf_changed":true,"_seopress_robots_primary_cat":"none","_seopress_titles_title":"Recessed Triple Row LED Channel | High Output Lighting | TANGOOLED","_seopress_titles_desc":"Source the RPT01 recessed triple row LED channel. Professional aluminum profile designed for triple row strips to achieve high-lumen, uniform lighting in commercial projects.","_seopress_robots_index":""},"pcb-width":[228],"product-cat":[193],"class_list":{"0":"post-34933","1":"product","2":"type-product","3":"status-publish","4":"has-post-thumbnail","6":"pcb-width-6-12mm","7":"product-cat-recessed-profile"},"acf":[],"_links":{"self":[{"href":"https:\/\/tangooled.com\/pt\/wp-json\/wp\/v2\/product\/34933","targetHints":{"allow":["GET"]}}],"collection":[{"href":"https:\/\/tangooled.com\/pt\/wp-json\/wp\/v2\/product"}],"about":[{"href":"https:\/\/tangooled.com\/pt\/wp-json\/wp\/v2\/types\/product"}],"wp:featuredmedia":[{"embeddable":true,"href":"https:\/\/tangooled.com\/pt\/wp-json\/wp\/v2\/media\/14317"}],"wp:attachment":[{"href":"https:\/\/tangooled.com\/pt\/wp-json\/wp\/v2\/media?parent=34933"}],"wp:term":[{"taxonomy":"pcb-width","embeddable":true,"href":"https:\/\/tangooled.com\/pt\/wp-json\/wp\/v2\/pcb-width?post=34933"},{"taxonomy":"product-cat","embeddable":true,"href":"https:\/\/tangooled.com\/pt\/wp-json\/wp\/v2\/product-cat?post=34933"}],"curies":[{"name":"wp","href":"https:\/\/api.w.org\/{rel}","templated":true}]}}