{"id":34906,"date":"2025-06-30T22:41:00","date_gmt":"2025-07-01T06:41:00","guid":{"rendered":"https:\/\/tangooled.com\/?post_type=product&#038;p=34906"},"modified":"2026-02-02T02:19:16","modified_gmt":"2026-02-02T10:19:16","slug":"30x30mm-corner-mount-black-led-profile-v-channel","status":"publish","type":"product","link":"https:\/\/tangooled.com\/pt\/product\/30x30mm-corner-mount-black-led-profile-v-channel\/","title":{"rendered":"perfil led de alum\u00ednio para canto montado preto canal v 30x30mm"},"content":{"rendered":"<div class=\"wp-block-group is-vertical is-layout-flex wp-container-core-group-is-layout-d255d7c4 wp-block-group-is-layout-flex\" style=\"padding-top:var(--wp--preset--spacing--80);padding-bottom:var(--wp--preset--spacing--80)\">\n<p>O nosso canal de perfil LED preto montado no canto 30x30mm&nbsp;vai tornar o seu ambiente&nbsp;mais brilhante. Este canal em alum\u00ednio preto&nbsp;em forma de V \u00e9 perfeito para colocar fitas LED em cantos e ao longo das bordas dos quartos de maneira inteligente e arrumada. Este perfil oferece uma estrutura robusta e resistente que pode suportar fitas LED de at\u00e9 20,2 mm de largura. Mede 30,0 mm por 30,0 mm do lado de fora. O grande difusor curvado espalha a luz por uma \u00e1rea ampla, conferindo ao espa\u00e7o&nbsp;um aspeto contempor\u00e2neo e arquitet\u00f3nico. Este perfil ajuda a obter uma luz brilhante e suave, sem manchas ou ofuscamento, seja para ilumina\u00e7\u00e3o sob arm\u00e1rios, exibi\u00e7\u00f5es de vitrines ou realces arquitet\u00f3nicos. A instala\u00e7\u00e3o \u00e9 f\u00e1cil e segura, geralmente fixando o perfil diretamente nas paredes do canto para um encaixe perfeito.<\/p>\n<\/div>\n\n\n\n<div class=\"wp-block-group has-background is-vertical is-layout-flex wp-container-core-group-is-layout-d255d7c4 wp-block-group-is-layout-flex\" style=\"background-color:#f1f1f1;padding-top:var(--wp--preset--spacing--80);padding-bottom:var(--wp--preset--spacing--80)\">\n<div class=\"wp-block-group is-vertical is-layout-flex wp-container-core-group-is-layout-8cf370e7 wp-block-group-is-layout-flex\">\n<h2 class=\"wp-block-heading\" style=\"padding-top:var(--wp--preset--spacing--40);padding-bottom:var(--wp--preset--spacing--40);font-size:25px;font-style:normal;font-weight:600;text-transform:capitalize\">Por que escolher o nosso perfil LED preto montado no canto 30x30mm?<\/h2>\n\n\n\n<ul class=\"wp-block-list\">\n<li>A estrutura em alum\u00ednio preto \u00e9 forte e estilosa, e protege as fitas LED.<\/li>\n\n\n\n<li>Projetado para se encaixar em cantos a \u00e2ngulos de 90 graus.<\/li>\n\n\n\n<li>Funciona com fitas LED que tenham 20 mm de largura ou menos.<\/li>\n\n\n\n<li>Vem com um difusor opalino que torna a luz mais suave e a espalha uniformemente.<\/li>\n\n\n\n<li>Excelente para iluminar um cove, um arm\u00e1rio ou uma exibi\u00e7\u00e3o de neg\u00f3cios.<\/li>\n\n\n\n<li>Vem com parafusos e capas de extremidade que facilitam a fixa\u00e7\u00e3o.<\/li>\n<\/ul>\n<\/div>\n<\/div>\n\n\n\n<div class=\"wp-block-group is-vertical is-layout-flex wp-container-core-group-is-layout-d255d7c4 wp-block-group-is-layout-flex\" style=\"padding-top:var(--wp--preset--spacing--80);padding-bottom:var(--wp--preset--spacing--80)\">\n<hr class=\"wp-block-separator has-alpha-channel-opacity\"\/>\n\n\n\n<div class=\"wp-block-media-text has-media-on-the-right is-stacked-on-mobile\" style=\"grid-template-columns:auto 40%\"><div class=\"wp-block-media-text__content\">\n<h2 class=\"wp-block-heading\" style=\"padding-top:var(--wp--preset--spacing--40);padding-bottom:var(--wp--preset--spacing--40);font-size:25px;font-style:normal;font-weight:600;text-transform:capitalize\">Como Instalar Facilmente<\/h2>\n\n\n\n<ul class=\"wp-block-list\">\n<li>Use parafusos para fixar este canal ao canto.<\/li>\n\n\n\n<li>Coloque a fita LED dentro do canal.<\/li>\n\n\n\n<li>Pressione o difusor LED para fazer a luz se espalhar uniformemente.<\/li>\n\n\n\n<li>Coloque as tampas de extremidade para dar um acabamento.<\/li>\n<\/ul>\n<\/div><figure class=\"wp-block-media-text__media\"><img loading=\"lazy\" decoding=\"async\" width=\"500\" height=\"500\" src=\"https:\/\/tangooled.com\/wp-content\/uploads\/2025\/06\/la30b-ins.webp\" alt=\"perfil led de alum\u00ednio para canto montado preto canal v 30x30mm\" class=\"wp-image-41964 size-full\" srcset=\"https:\/\/tangooled.com\/wp-content\/uploads\/2025\/06\/la30b-ins.webp 500w, https:\/\/tangooled.com\/wp-content\/uploads\/2025\/06\/la30b-ins-300x300.webp 300w, https:\/\/tangooled.com\/wp-content\/uploads\/2025\/06\/la30b-ins-150x150.webp 150w\" sizes=\"auto, (max-width: 500px) 100vw, 500px\" \/><\/figure><\/div>\n<\/div>\n\n\n\n<div class=\"wp-block-group has-background is-vertical is-layout-flex wp-container-core-group-is-layout-b429018a wp-block-group-is-layout-flex\" style=\"background-color:#f1f1f1f2;padding-top:var(--wp--preset--spacing--70);padding-bottom:var(--wp--preset--spacing--70)\">\n<h2 class=\"wp-block-heading\" style=\"padding-top:var(--wp--preset--spacing--40);padding-bottom:var(--wp--preset--spacing--40);font-size:25px;font-style:normal;font-weight:600\">Onde usar este perfil LED preto montado no canto 30x30mm<\/h2>\n\n\n\n<ul class=\"wp-block-list\">\n<li>Ilumina\u00e7\u00e3o sob arm\u00e1rios para iluminar bancadas e \u00e1reas de trabalho.<\/li>\n\n\n\n<li>Covas arquitet\u00f3nicas e cantos de teto para melhorar a atmosfera do ambiente.<\/li>\n\n\n\n<li>Exibi\u00e7\u00f5es de loja e vitrinas que iluminam produtos perfeitamente.<\/li>\n\n\n\n<li>Guarda-roupas e arm\u00e1rios para iluminar \u00e1reas escuras nos cantos.<\/li>\n\n\n\n<li>Ilumina\u00e7\u00e3o de tarefas em escrit\u00f3rios e espa\u00e7os de trabalho para uma ilumina\u00e7\u00e3o clara e sem ofuscamento.<\/li>\n<\/ul>\n<\/div>\n\n\n\n<div class=\"wp-block-group is-vertical is-layout-flex wp-container-core-group-is-layout-d255d7c4 wp-block-group-is-layout-flex\" style=\"padding-top:var(--wp--preset--spacing--80);padding-bottom:var(--wp--preset--spacing--80)\">\n<h2 class=\"wp-block-heading\" style=\"padding-top:var(--wp--preset--spacing--40);padding-bottom:var(--wp--preset--spacing--40);font-size:25px;font-style:normal;font-weight:600;text-transform:capitalize\">Compare e explore perfis relacionados<\/h2>\n\n\n\n<p>Considere estas op\u00e7\u00f5es para outras necessidades de ilumina\u00e7\u00e3o:<\/p>\n\n\n\n<ul class=\"wp-block-list\">\n<li><a href=\"https:\/\/tangooled.com\/pt\/product\/surface-mount-led-profile-with-frosted-diffuser-for-10mm-rope-lights\/\"><mark style=\"background-color:rgba(0, 0, 0, 0)\" class=\"has-inline-color has-vivid-red-color\">Perfil LED de montagem de superf\u00edcie com difusor fosco para luzes de cord\u00e3o de 10mm<\/mark><\/a><\/li>\n\n\n\n<li><a href=\"https:\/\/tangooled.com\/pt\/product\/black-aluminum-u-channel-profile-for-10mm-led-strips\/\"><mark style=\"background-color:rgba(0, 0, 0, 0)\" class=\"has-inline-color has-vivid-red-color\">Perfil de canal U de alum\u00ednio preto para tiras LED de 10mm<\/mark><\/a><\/li>\n\n\n\n<li><a href=\"https:\/\/tangooled.com\/pt\/product\/25x14m-surface-mounted-led-light-aluminum-profile\/\"><mark style=\"background-color:rgba(0, 0, 0, 0)\" class=\"has-inline-color has-vivid-red-color\">Perfil de alum\u00ednio para luz LED montado na superf\u00edcie de 25x14mm<\/mark><\/a><\/li>\n\n\n\n<li><a href=\"https:\/\/tangooled.com\/pt\/product\/v-shape-diffuser-corner-aluminum-led-profile-inner-20mm\/\"><mark style=\"background-color:rgba(0, 0, 0, 0)\" class=\"has-inline-color has-vivid-red-color\">perfil LED de alum\u00ednio com difusor em V para canto interno 20mm<\/mark><\/a><\/li>\n<\/ul>\n<\/div>\n\n\n\n<div class=\"wp-block-group\" style=\"padding-top:var(--wp--preset--spacing--80);padding-bottom:var(--wp--preset--spacing--80)\"><div class=\"wp-block-group__inner-container is-layout-constrained wp-block-group-is-layout-constrained\">\n<h2 class=\"wp-block-heading\" style=\"padding-top:var(--wp--preset--spacing--40);padding-bottom:var(--wp--preset--spacing--40);font-size:25px;font-style:normal;font-weight:600;text-transform:capitalize\">Resumo: Constru\u00eddo para cantos brilhantes<\/h2>\n\n\n\n<p>O nosso perfil LED preto para canto 30x30mm \u00e9 a escolha perfeita para quem deseja uma ilumina\u00e7\u00e3o de canto LED limpa e profissional. O difusor opalino, o acabamento preto mate e o robusto canal em V de alum\u00ednio trabalham em conjunto para que tenha uma boa apar\u00eancia e funcione bem. Pode us\u00e1-lo em cozinhas, escrit\u00f3rios, lojas de varejo ou em qualquer lugar que precise de uma ilumina\u00e7\u00e3o de canto brilhante e uniforme.<\/p>\n<\/div><\/div>\n\n\n\n<p><\/p>","protected":false},"featured_media":14070,"template":"","meta":{"_acf_changed":true,"_seopress_robots_primary_cat":"none","_seopress_titles_title":"30x30mm Corner Mount Black LED Profile | V-Channel | TANGOOLED","_seopress_titles_desc":"Source the LA30B 30x30mm corner mount black led profile. Heavy-duty black aluminum V-channel for architectural corner lighting projects. Durable & sleek.","_seopress_robots_index":""},"pcb-width":[229],"product-cat":[196],"class_list":{"0":"post-34906","1":"product","2":"type-product","3":"status-publish","4":"has-post-thumbnail","6":"pcb-width-15-20mm","7":"product-cat-corner-profile"},"acf":[],"_links":{"self":[{"href":"https:\/\/tangooled.com\/pt\/wp-json\/wp\/v2\/product\/34906","targetHints":{"allow":["GET"]}}],"collection":[{"href":"https:\/\/tangooled.com\/pt\/wp-json\/wp\/v2\/product"}],"about":[{"href":"https:\/\/tangooled.com\/pt\/wp-json\/wp\/v2\/types\/product"}],"wp:featuredmedia":[{"embeddable":true,"href":"https:\/\/tangooled.com\/pt\/wp-json\/wp\/v2\/media\/14070"}],"wp:attachment":[{"href":"https:\/\/tangooled.com\/pt\/wp-json\/wp\/v2\/media?parent=34906"}],"wp:term":[{"taxonomy":"pcb-width","embeddable":true,"href":"https:\/\/tangooled.com\/pt\/wp-json\/wp\/v2\/pcb-width?post=34906"},{"taxonomy":"product-cat","embeddable":true,"href":"https:\/\/tangooled.com\/pt\/wp-json\/wp\/v2\/product-cat?post=34906"}],"curies":[{"name":"wp","href":"https:\/\/api.w.org\/{rel}","templated":true}]}}