{"id":34903,"date":"2025-06-30T22:27:09","date_gmt":"2025-07-01T06:27:09","guid":{"rendered":"https:\/\/tangooled.com\/?post_type=product&#038;p=34903"},"modified":"2026-02-02T02:18:42","modified_gmt":"2026-02-02T10:18:42","slug":"slim-corner-led-channel-for-5mm-strips-la05","status":"publish","type":"product","link":"https:\/\/tangooled.com\/pt\/product\/slim-corner-led-channel-for-5mm-strips-la05\/","title":{"rendered":"perfil de canal led estreito para fita de led de 5mm"},"content":{"rendered":"<div class=\"wp-block-group is-vertical is-layout-flex wp-container-core-group-is-layout-d255d7c4 wp-block-group-is-layout-flex\" style=\"padding-top:var(--wp--preset--spacing--80);padding-bottom:var(--wp--preset--spacing--80)\">\n<p>O nosso perfil de canal LED de canto slim LA05 para fitas LED de 5mm far\u00e1 com que a sua ilumina\u00e7\u00e3o pare\u00e7a brilhante e limpa. Esta \u00e9 uma maneira inteligente e f\u00e1cil de proteger as suas fitas LED e mant\u00ea-las com um \u00f3timo aspecto em espa\u00e7os confinados. Esta extrus\u00e3o de alum\u00ednio tem um perfil extremamente baixo, medindo apenas 20.8mm de largura e 11.8mm de altura do lado de fora. A cavidade interior \u00e9 de 8.6mm. Tem um design elegante e compacto que o torna adequado para os cantos e ilumina a luz suavemente em \u00e2ngulo. Isso o torna apropriado para ilumina\u00e7\u00e3o fina e estreita ou ilumina\u00e7\u00e3o de destaque delicada.<\/p>\n<\/div>\n\n\n\n<div class=\"wp-block-group has-background is-vertical is-layout-flex wp-container-core-group-is-layout-d255d7c4 wp-block-group-is-layout-flex\" style=\"background-color:#f1f1f1;padding-top:var(--wp--preset--spacing--80);padding-bottom:var(--wp--preset--spacing--80)\">\n<div class=\"wp-block-group is-vertical is-layout-flex wp-container-core-group-is-layout-8cf370e7 wp-block-group-is-layout-flex\">\n<h2 class=\"wp-block-heading\" style=\"padding-top:var(--wp--preset--spacing--40);padding-bottom:var(--wp--preset--spacing--40);font-size:25px;font-style:normal;font-weight:600;text-transform:capitalize\">Por que escolher este canal LED de canto slim?<\/h2>\n\n\n\n<ul class=\"wp-block-list\">\n<li>Fits in tight spaces: This little LED channel for corners fits where bigger channels can&#8217;t.<\/li>\n\n\n\n<li>Feito de alum\u00ednio robusto, protege as suas fitas LED e funciona como um dissipador de calor.<\/li>\n\n\n\n<li>Vem com um difusor fosco que torna a luz brilhante, mas suave, sem bordas cortantes.<\/li>\n\n\n\n<li>F\u00e1cil de montar: Vem com parafusos e tampas de extremidade, para que voc\u00ea possa faz\u00ea-lo rapidamente.<\/li>\n\n\n\n<li>Funciona com fitas LED de 5mm: Encaixa bem com fitas LED estreitas.<\/li>\n\n\n\n<li>Bom para interiores: \u00d3timo para iluminar cantos em casas e outros locais.<\/li>\n<\/ul>\n<\/div>\n<\/div>\n\n\n\n<div class=\"wp-block-group\" style=\"padding-top:var(--wp--preset--spacing--60);padding-bottom:var(--wp--preset--spacing--60)\"><div class=\"wp-block-group__inner-container is-layout-constrained wp-block-group-is-layout-constrained\">\n<div class=\"wp-block-media-text has-media-on-the-right is-stacked-on-mobile\" style=\"grid-template-columns:auto 40%\"><div class=\"wp-block-media-text__content\">\n<h2 class=\"wp-block-heading\" style=\"padding-top:var(--wp--preset--spacing--40);padding-bottom:var(--wp--preset--spacing--40);font-size:25px;font-style:normal;font-weight:600;text-transform:capitalize\">Como mont\u00e1-lo<\/h2>\n\n\n\n<ul class=\"wp-block-list\">\n<li>Use os parafusos ou cola para prender o canal ao canto.<\/li>\n\n\n\n<li>Coloque a fita LED de 5mm dentro do canal estreito.<\/li>\n\n\n\n<li>Para suavizar a luz, coloque a cobertura difusora fosca.<\/li>\n\n\n\n<li>Coloque as tampas de extremidade para que as bordas fiquem bonitas.<\/li>\n<\/ul>\n<\/div><figure class=\"wp-block-media-text__media\"><img loading=\"lazy\" decoding=\"async\" width=\"500\" height=\"500\" src=\"https:\/\/tangooled.com\/wp-content\/uploads\/2025\/06\/la05-ins.webp\" alt=\"perfil de canal led estreito para fita de led de 5mm\" class=\"wp-image-41944 size-full\" srcset=\"https:\/\/tangooled.com\/wp-content\/uploads\/2025\/06\/la05-ins.webp 500w, https:\/\/tangooled.com\/wp-content\/uploads\/2025\/06\/la05-ins-300x300.webp 300w, https:\/\/tangooled.com\/wp-content\/uploads\/2025\/06\/la05-ins-150x150.webp 150w\" sizes=\"auto, (max-width: 500px) 100vw, 500px\" \/><\/figure><\/div>\n<\/div><\/div>\n\n\n\n<div class=\"wp-block-group has-background is-vertical is-layout-flex wp-container-core-group-is-layout-b429018a wp-block-group-is-layout-flex\" style=\"background-color:#f1f1f1f2;padding-top:var(--wp--preset--spacing--70);padding-bottom:var(--wp--preset--spacing--70)\">\n<h2 class=\"wp-block-heading\" style=\"padding-top:var(--wp--preset--spacing--40);padding-bottom:var(--wp--preset--spacing--40);font-size:25px;font-style:normal;font-weight:600;text-transform:capitalize\">Onde voc\u00ea pode usar o nosso canal LED de canto slim?<\/h2>\n\n\n\n<p>Este pequeno formato \u00e9 \u00f3timo para muitos projetos que precisam de uma luz limpa nos cantos, como:<\/p>\n\n\n\n<ul class=\"wp-block-list\">\n<li>Ilumina\u00e7\u00e3o sob arm\u00e1rios em cozinhas ou locais de trabalho<\/li>\n\n\n\n<li>Ilumina\u00e7\u00e3o em vitrines de lojas&nbsp;<\/li>\n\n\n\n<li>Ilumina\u00e7\u00e3o em arm\u00e1rios e closets para f\u00e1cil acesso<\/li>\n\n\n\n<li>Ilumina\u00e7\u00e3o indireta ao longo da borda de uma prateleira<\/li>\n<\/ul>\n<\/div>\n\n\n\n<div class=\"wp-block-group is-vertical is-layout-flex wp-container-core-group-is-layout-d255d7c4 wp-block-group-is-layout-flex\" style=\"padding-top:var(--wp--preset--spacing--80);padding-bottom:var(--wp--preset--spacing--80)\">\n<h2 class=\"wp-block-heading\" style=\"padding-top:var(--wp--preset--spacing--40);padding-bottom:var(--wp--preset--spacing--40);font-size:25px;font-style:normal;font-weight:600;text-transform:capitalize\">Saiba Mais Sobre Produtos Relacionados<\/h2>\n\n\n\n<ul class=\"wp-block-list\">\n<li>Our black led profile with black diffuser for 10mm led strip light \u2014 a great choice for wider LED tapes.<\/li>\n\n\n\n<li>O canal de perfil de alum\u00ednio para fita LED com cobertura difusa de 6mm de altura para instala\u00e7\u00f5es de baixo perfil.<\/li>\n\n\n\n<li>Ou experimente o canal de alum\u00ednio r\u00edgido de 8x9mm para fitas LED de 5mm para um tamanho e conjunto de recursos ligeiramente diferentes.<\/li>\n<\/ul>\n<\/div>\n\n\n\n<div class=\"wp-block-group has-background\" style=\"background-color:#f1f1f1;padding-top:var(--wp--preset--spacing--80);padding-bottom:var(--wp--preset--spacing--80)\"><div class=\"wp-block-group__inner-container is-layout-constrained wp-block-group-is-layout-constrained\">\n<h2 class=\"wp-block-heading\" style=\"padding-top:var(--wp--preset--spacing--40);padding-bottom:var(--wp--preset--spacing--40);font-size:25px;font-style:normal;font-weight:600;text-transform:capitalize\">Resumo<\/h2>\n\n\n\n<p style=\"padding-right:var(--wp--preset--spacing--50);padding-left:var(--wp--preset--spacing--50)\">O perfil de canal LED de canto slim para fitas LED de 5mm \u00e9 um m\u00e9todo \u00fatil e atraente para preservar e mostrar suas fitas LED estreitas. Ele transforma cantos duros em bordas quentes e brilhantes com um design limpo e simples, al\u00e9m de uma constru\u00e7\u00e3o robusta. Use-o para obter uma luz bonita e uniforme em ilumina\u00e7\u00e3o de alta qualidade em cantos interiores, como em cozinhas e vitrines.<\/p>\n<\/div><\/div>\n\n\n\n<p><\/p>","protected":false},"featured_media":14066,"template":"","meta":{"_acf_changed":true,"_seopress_robots_primary_cat":"none","_seopress_titles_title":"Slim Corner LED Channel for 5mm Strips LA05 | TANGOOLED","_seopress_titles_desc":"TANGOO's ultra-slim corner LED channel (LA05) specifically designed for 5mm LED strips. Ideal for minimalist lighting in tight spaces.","_seopress_robots_index":""},"pcb-width":[228],"product-cat":[196],"class_list":{"0":"post-34903","1":"product","2":"type-product","3":"status-publish","4":"has-post-thumbnail","6":"pcb-width-6-12mm","7":"product-cat-corner-profile"},"acf":[],"_links":{"self":[{"href":"https:\/\/tangooled.com\/pt\/wp-json\/wp\/v2\/product\/34903","targetHints":{"allow":["GET"]}}],"collection":[{"href":"https:\/\/tangooled.com\/pt\/wp-json\/wp\/v2\/product"}],"about":[{"href":"https:\/\/tangooled.com\/pt\/wp-json\/wp\/v2\/types\/product"}],"wp:featuredmedia":[{"embeddable":true,"href":"https:\/\/tangooled.com\/pt\/wp-json\/wp\/v2\/media\/14066"}],"wp:attachment":[{"href":"https:\/\/tangooled.com\/pt\/wp-json\/wp\/v2\/media?parent=34903"}],"wp:term":[{"taxonomy":"pcb-width","embeddable":true,"href":"https:\/\/tangooled.com\/pt\/wp-json\/wp\/v2\/pcb-width?post=34903"},{"taxonomy":"product-cat","embeddable":true,"href":"https:\/\/tangooled.com\/pt\/wp-json\/wp\/v2\/product-cat?post=34903"}],"curies":[{"name":"wp","href":"https:\/\/api.w.org\/{rel}","templated":true}]}}