{"id":34901,"date":"2025-06-30T22:24:57","date_gmt":"2025-07-01T06:24:57","guid":{"rendered":"https:\/\/tangooled.com\/?post_type=product&#038;p=34901"},"modified":"2026-02-02T22:26:04","modified_gmt":"2026-02-03T06:26:04","slug":"45-degree-corner-led-aluminum-channel","status":"publish","type":"product","link":"https:\/\/tangooled.com\/pt\/product\/45-degree-corner-led-aluminum-channel\/","title":{"rendered":"canal de alum\u00ednio led para canto de 45 graus para fitas LED de 10mm"},"content":{"rendered":"<div class=\"wp-block-group is-vertical is-layout-flex wp-container-core-group-is-layout-d255d7c4 wp-block-group-is-layout-flex\" style=\"padding-top:var(--wp--preset--spacing--80);padding-bottom:var(--wp--preset--spacing--80)\">\n<p>Our 45-degree corner LED channel is designed for 10mm LED strips and will enhance your lighting project. This V-shaped aluminum channel fits nicely in any corner and provides smooth, even light while keeping your LED lights safe and cool. This corner channel measures 19.0mm by 19.0mm on the outside and 11.2mm on the inside. It gives you clean, brilliant light exactly where you want it, whether you&#8217;re lighting up a corner of the kitchen, a wardrobe, or a display case. The installation is safe and easy. First, use screws to attach the mounting clips to the surface. Then, snap the profile into the secured clips.<\/p>\n<\/div>\n\n\n\n<div class=\"wp-block-group has-background is-vertical is-layout-flex wp-container-core-group-is-layout-d255d7c4 wp-block-group-is-layout-flex\" style=\"background-color:#f1f1f1;padding-top:var(--wp--preset--spacing--80);padding-bottom:var(--wp--preset--spacing--80)\">\n<div class=\"wp-block-group is-vertical is-layout-flex wp-container-core-group-is-layout-8cf370e7 wp-block-group-is-layout-flex\">\n<h2 class=\"wp-block-heading\" style=\"padding-top:var(--wp--preset--spacing--40);padding-bottom:var(--wp--preset--spacing--40);font-size:25px;font-style:normal;font-weight:600;text-transform:capitalize\">Por que escolher o nosso Canal de Alum\u00ednio de Canto a 45 Graus?<\/h2>\n\n\n\n<ul class=\"wp-block-list\">\n<li>O design perfeito para um \u00e2ngulo de 45 graus: Nossa extrus\u00e3o LED inclinada cria uma linha de luz clara e n\u00edtida em qualquer canto de 90 graus. O canal de alum\u00ednio em forma de V direciona o feixe exatamente a 45 graus, o que \u00e9 ideal para ilumina\u00e7\u00e3o de cove e sob arm\u00e1rios.<\/li>\n\n\n\n<li>Frosted Cover for Smooth Light Diffusion: The frosted diffuser cover that comes with it gets rid of the &#8220;dotted&#8221; aspect that uncovered strip lights have. This makes the light strip diffuser look dotless, which gives every space a soft glow.<\/li>\n\n\n\n<li>Prote\u00e7\u00e3o forte e duradoura: O nosso perfil de alum\u00ednio forte para tiras LED proteger\u00e1 suas tiras LED caras do p\u00f3, da umidade e dos danos f\u00edsicos. Garante que a luz dure muito tempo sem perder brilho.<\/li>\n\n\n\n<li>Kit de Instala\u00e7\u00e3o Completo: Cada caixa vem com clips de montagem, tamp\u00f5es de extremidade (com e sem buracos para fios) e a lente opalina para o canal LED. Tudo o que voc\u00ea precisa para configurar rapidamente.<\/li>\n<\/ul>\n<\/div>\n<\/div>\n\n\n\n<div class=\"wp-block-group\" style=\"padding-top:var(--wp--preset--spacing--60);padding-bottom:var(--wp--preset--spacing--60)\"><div class=\"wp-block-group__inner-container is-layout-constrained wp-block-group-is-layout-constrained\">\n<div class=\"wp-block-media-text has-media-on-the-right is-stacked-on-mobile\" style=\"grid-template-columns:auto 40%\"><div class=\"wp-block-media-text__content\">\n<h2 class=\"wp-block-heading\" style=\"padding-top:var(--wp--preset--spacing--40);padding-bottom:var(--wp--preset--spacing--40);font-size:25px;font-style:normal;font-weight:600;text-transform:capitalize\">Como Colocar<\/h2>\n\n\n\n<ul class=\"wp-block-list\">\n<li>Coloque os clips no canto interno onde voc\u00ea quer que a luz v\u00e1.<\/li>\n\n\n\n<li>Certifique-se de que o canal de alum\u00ednio encaixa firmemente nos clips.<\/li>\n\n\n\n<li>Coloque sua fita LED de 10 mm dentro do canal para que se encaixe perfeitamente.<\/li>\n\n\n\n<li>Coloque a tampa difusora frosted em cima e finalize com os tamp\u00f5es de extremidade para dar um aspecto polido.<\/li>\n<\/ul>\n<\/div><figure class=\"wp-block-media-text__media\"><img loading=\"lazy\" decoding=\"async\" width=\"500\" height=\"500\" src=\"https:\/\/tangooled.com\/wp-content\/uploads\/2025\/06\/ila04-ins.webp\" alt=\"45 degree corner led aluminum channel for 10mm led strips\" class=\"wp-image-41941 size-full\" srcset=\"https:\/\/tangooled.com\/wp-content\/uploads\/2025\/06\/ila04-ins.webp 500w, https:\/\/tangooled.com\/wp-content\/uploads\/2025\/06\/ila04-ins-300x300.webp 300w, https:\/\/tangooled.com\/wp-content\/uploads\/2025\/06\/ila04-ins-150x150.webp 150w\" sizes=\"auto, (max-width: 500px) 100vw, 500px\" \/><\/figure><\/div>\n<\/div><\/div>\n\n\n\n<div class=\"wp-block-group has-background\" style=\"background-color:#f1f1f1;padding-top:var(--wp--preset--spacing--80);padding-bottom:var(--wp--preset--spacing--80)\"><div class=\"wp-block-group__inner-container is-layout-constrained wp-block-group-is-layout-constrained\">\n<h2 class=\"wp-block-heading\" style=\"padding-top:var(--wp--preset--spacing--40);padding-bottom:var(--wp--preset--spacing--40);font-size:25px;font-style:normal;font-weight:600;text-transform:capitalize\">what&#8217;s in the box?<\/h2>\n\n\n\n<ul class=\"wp-block-list\">\n<li>Um canal de alum\u00ednio anodizado<\/li>\n\n\n\n<li>Uma tampa difusora opalina<\/li>\n\n\n\n<li>Dois clips de montagem para cada metro<\/li>\n\n\n\n<li>Dois tamp\u00f5es de extremidade (um selado e um com um buraco para um fio)<\/li>\n<\/ul>\n<\/div><\/div>\n\n\n\n<div class=\"wp-block-group\" style=\"padding-top:var(--wp--preset--spacing--80);padding-bottom:var(--wp--preset--spacing--80)\"><div class=\"wp-block-group__inner-container is-layout-constrained wp-block-group-is-layout-constrained\">\n<h2 class=\"wp-block-heading\" style=\"padding-top:var(--wp--preset--spacing--40);padding-bottom:var(--wp--preset--spacing--40);font-size:25px;font-style:normal;font-weight:600;text-transform:capitalize\">Formas Comuns de Usar<\/h2>\n\n\n\n<ul class=\"wp-block-list\">\n<li>Ilumina\u00e7\u00e3o Sob o Arm\u00e1rio e Contra: \u00d3timo para instalar luzes brilhantes e sem ofuscamento nos cantos das cozinhas e sob as bancadas para fornecer ilumina\u00e7\u00e3o de tarefas focada.<\/li>\n\n\n\n<li>Ilumina\u00e7\u00e3o para o cove e escadas: Ajuste personalizado para designs de canal de ilumina\u00e7\u00e3o de cove e luzes de escadaria com difusor de fita LED em \u00e2ngulo para seguran\u00e7a e estilo.<\/li>\n\n\n\n<li>Lighting for Displays and Shelves: Use beautiful display case lighting that doesn&#8217;t create hotspots or harsh glare to draw attention to your products or decor.<\/li>\n\n\n\n<li>Ilumina\u00e7\u00e3o para closets e arm\u00e1rios: A luz integrada de arm\u00e1rio com efeito de fixture linear LED assegura que n\u00e3o haja lacunas nas sombras.<\/li>\n<\/ul>\n<\/div><\/div>\n\n\n\n<div class=\"wp-block-group has-background\" style=\"background-color:#f1f1f1;padding-top:var(--wp--preset--spacing--80);padding-bottom:var(--wp--preset--spacing--80)\"><div class=\"wp-block-group__inner-container is-layout-constrained wp-block-group-is-layout-constrained\">\n<h2 class=\"wp-block-heading\" style=\"padding-top:var(--wp--preset--spacing--40);padding-bottom:var(--wp--preset--spacing--40);font-size:25px;font-style:normal;font-weight:600;text-transform:capitalize\">Tiras LED Compat\u00edveis Com<\/h2>\n\n\n\n<p>Este canal LED de canto a 45 graus funciona com os seguintes:<\/p>\n\n\n\n<ul class=\"wp-block-list\">\n<li>Tiras com SMD 5050, SMD 2835, SMD 3528 e SMD 5630<\/li>\n\n\n\n<li>Marcas conhecidas como Philips Hue Lightstrip<\/li>\n\n\n\n<li>Tiras LED com um PCB que n\u00e3o \u00e9 mais largo que 10 mm<\/li>\n<\/ul>\n\n\n\n<p>Explore mais solu\u00e7\u00f5es de ilumina\u00e7\u00e3o como <a href=\"https:\/\/tangooled.com\/pt\/product\/led-strip-light-channel-aluminum-profile-with-diffused-cover-6mm-height\/\"><mark style=\"background-color:rgba(0, 0, 0, 0)\" class=\"has-inline-color has-vivid-red-color\">Perfil de Alum\u00ednio para Faixas de Luz LED com Tampa Difusora 6mm de Altura<\/mark><\/a> e <mark style=\"background-color:rgba(0, 0, 0, 0)\" class=\"has-inline-color has-vivid-red-color\"><a href=\"https:\/\/tangooled.com\/pt\/product\/led-diffuser-aluminum-profile-for-for-12mm-led-strip-lighting\/\">Canal de Alum\u00ednio Difusor LED Preto para Fitas de 12mm<\/a> <\/mark>para completar seu projeto de ilumina\u00e7\u00e3o.<\/p>\n<\/div><\/div>\n\n\n\n<p><\/p>","protected":false},"featured_media":14035,"template":"","meta":{"_acf_changed":false,"_seopress_robots_primary_cat":"none","_seopress_titles_title":"45 Degree Corner LED Channel for 10mm Strips | TANGOOLED","_seopress_titles_desc":"Professional 45 degree corner LED channel (ILA04) for 10mm strips. Angled aluminum extrusion designed for perfect under-cabinet & shelf lighting.","_seopress_robots_index":""},"pcb-width":[228],"product-cat":[196],"class_list":{"0":"post-34901","1":"product","2":"type-product","3":"status-publish","4":"has-post-thumbnail","6":"pcb-width-6-12mm","7":"product-cat-corner-profile"},"acf":[],"_links":{"self":[{"href":"https:\/\/tangooled.com\/pt\/wp-json\/wp\/v2\/product\/34901","targetHints":{"allow":["GET"]}}],"collection":[{"href":"https:\/\/tangooled.com\/pt\/wp-json\/wp\/v2\/product"}],"about":[{"href":"https:\/\/tangooled.com\/pt\/wp-json\/wp\/v2\/types\/product"}],"wp:featuredmedia":[{"embeddable":true,"href":"https:\/\/tangooled.com\/pt\/wp-json\/wp\/v2\/media\/14035"}],"wp:attachment":[{"href":"https:\/\/tangooled.com\/pt\/wp-json\/wp\/v2\/media?parent=34901"}],"wp:term":[{"taxonomy":"pcb-width","embeddable":true,"href":"https:\/\/tangooled.com\/pt\/wp-json\/wp\/v2\/pcb-width?post=34901"},{"taxonomy":"product-cat","embeddable":true,"href":"https:\/\/tangooled.com\/pt\/wp-json\/wp\/v2\/product-cat?post=34901"}],"curies":[{"name":"wp","href":"https:\/\/api.w.org\/{rel}","templated":true}]}}