{"id":34898,"date":"2025-06-30T22:19:00","date_gmt":"2025-07-01T06:19:00","guid":{"rendered":"https:\/\/tangooled.com\/?post_type=product&#038;p=34898"},"modified":"2026-02-02T02:17:08","modified_gmt":"2026-02-02T10:17:08","slug":"18x18mm-led-strip-corner-profile-for-12mm-led-strips","status":"publish","type":"product","link":"https:\/\/tangooled.com\/pt\/product\/18x18mm-led-strip-corner-profile-for-12mm-led-strips\/","title":{"rendered":"perfil de canto de fita LED 18x18mm para fitas LED de 12mm"},"content":{"rendered":"<div class=\"wp-block-group is-vertical is-layout-flex wp-container-core-group-is-layout-d255d7c4 wp-block-group-is-layout-flex\" style=\"padding-top:var(--wp--preset--spacing--80);padding-bottom:var(--wp--preset--spacing--80)\">\n<p>The 18x18mm LED strip corner profile is an excellent way to light up corners in a tidy and sturdy way. This robust profile is 18.4mm by 18.4mm on the exterior and fits perfectly into 90-degree angles. It fits 12mm LED strips perfectly within, making it an outstanding option for neat, built-in corner lighting. This profile protects your LED lights and helps them live longer by letting heat escape freely. It&#8217;s simple and safe to set up. First, use screws to attach the mounting clips to the corner. After that, the profile fits tightly into the clips that are already there.<\/p>\n<\/div>\n\n\n\n<div class=\"wp-block-group has-background is-vertical is-layout-flex wp-container-core-group-is-layout-d255d7c4 wp-block-group-is-layout-flex\" style=\"background-color:#f1f1f1;padding-top:var(--wp--preset--spacing--80);padding-bottom:var(--wp--preset--spacing--80)\">\n<div class=\"wp-block-group is-vertical is-layout-flex wp-container-core-group-is-layout-8cf370e7 wp-block-group-is-layout-flex\">\n<h2 class=\"wp-block-heading\" style=\"padding-top:var(--wp--preset--spacing--40);padding-bottom:var(--wp--preset--spacing--40);font-size:25px;font-style:normal;font-weight:600;text-transform:capitalize\">Por que escolher este perfil de canto para fita LED 18x18mm?<\/h2>\n\n\n\n<ul class=\"wp-block-list\">\n<li>Funciona com fitas LED de 12mm: Funciona com muitos tipos de luzes de fita LED, como RGB, RGBW, COB e fitas r\u00edgidas.<\/li>\n\n\n\n<li>Corpo forte: Feito de alum\u00ednio anodizado de alta qualidade 6063-T5, que mant\u00e9m as fitas LED frescas e resiste \u00e0 ferrugem.<\/li>\n\n\n\n<li>Luz suave: O difusor opalino fosco impede manchas de luz e espalha a luz de maneira uniforme e suave.<\/li>\n\n\n\n<li>It comes with end caps, a diffuser cover, and mounting clips, so it&#8217;s easy to put together.<\/li>\n<\/ul>\n<\/div>\n<\/div>\n\n\n\n<div class=\"wp-block-group is-vertical is-layout-flex wp-container-core-group-is-layout-d255d7c4 wp-block-group-is-layout-flex\" style=\"padding-top:var(--wp--preset--spacing--80);padding-bottom:var(--wp--preset--spacing--80)\">\n<hr class=\"wp-block-separator has-alpha-channel-opacity\"\/>\n\n\n\n<div class=\"wp-block-media-text has-media-on-the-right is-stacked-on-mobile\" style=\"grid-template-columns:auto 40%\"><div class=\"wp-block-media-text__content\">\n<h2 class=\"wp-block-heading\" style=\"padding-top:var(--wp--preset--spacing--40);padding-bottom:var(--wp--preset--spacing--40);font-size:25px;font-style:normal;font-weight:600;text-transform:capitalize\">como instalar o canal<\/h2>\n\n\n\n<ul class=\"wp-block-list\">\n<li>Use clipes de montagem para segur\u00e1-lo firmemente nos cantos.<\/li>\n\n\n\n<li>Corte a extrus\u00e3o para se adaptar ao seu local.<\/li>\n\n\n\n<li>Cole a fita LED dentro.<\/li>\n\n\n\n<li>Para suavizar a luz, encaixe o difusor curvo.<\/li>\n\n\n\n<li>Use tampas terminais para proteger os cabos e dar uma apar\u00eancia agrad\u00e1vel<\/li>\n<\/ul>\n<\/div><figure class=\"wp-block-media-text__media\"><img loading=\"lazy\" decoding=\"async\" width=\"500\" height=\"500\" src=\"https:\/\/tangooled.com\/wp-content\/uploads\/2025\/06\/la03-ins.webp\" alt=\"18x18mm led strip corner profile for 12mm led strips\" class=\"wp-image-41953 size-full\" srcset=\"https:\/\/tangooled.com\/wp-content\/uploads\/2025\/06\/la03-ins.webp 500w, https:\/\/tangooled.com\/wp-content\/uploads\/2025\/06\/la03-ins-300x300.webp 300w, https:\/\/tangooled.com\/wp-content\/uploads\/2025\/06\/la03-ins-150x150.webp 150w\" sizes=\"auto, (max-width: 500px) 100vw, 500px\" \/><\/figure><\/div>\n<\/div>\n\n\n\n<div class=\"wp-block-group has-background is-vertical is-layout-flex wp-container-core-group-is-layout-b429018a wp-block-group-is-layout-flex\" style=\"background-color:#f1f1f1f2;padding-top:var(--wp--preset--spacing--70);padding-bottom:var(--wp--preset--spacing--70)\">\n<h2 class=\"wp-block-heading\" style=\"padding-top:var(--wp--preset--spacing--40);padding-bottom:var(--wp--preset--spacing--40);font-size:25px;font-style:normal;font-weight:600;text-transform:capitalize\">o que vem na caixa?<\/h2>\n\n\n\n<ul class=\"wp-block-list\">\n<li>1x Canal de Alum\u00ednio (comprimento que voc\u00ea compra)<\/li>\n\n\n\n<li>1x Capa para Difusor Opalino<\/li>\n\n\n\n<li>2 clipes de montagem para mant\u00ea-lo no lugar<\/li>\n\n\n\n<li>Duas tampas terminais, uma s\u00f3lida e uma com um orif\u00edcio para um fio<\/li>\n<\/ul>\n<\/div>\n\n\n\n<div class=\"wp-block-group is-vertical is-layout-flex wp-container-core-group-is-layout-d255d7c4 wp-block-group-is-layout-flex\" style=\"padding-top:var(--wp--preset--spacing--80);padding-bottom:var(--wp--preset--spacing--80)\">\n<h2 class=\"wp-block-heading\" style=\"padding-top:var(--wp--preset--spacing--40);padding-bottom:var(--wp--preset--spacing--40);font-size:25px;font-style:normal;font-weight:600;text-transform:capitalize\">Usos comuns para nosso perfil de canto para fita LED 18x18mm<\/h2>\n\n\n\n<ul class=\"wp-block-list\">\n<li>Ilumina\u00e7\u00e3o para a cozinha: Coloque-o sob os arm\u00e1rios ou nas prateleiras de canto. \u00d3timo para iluminar bancadas com luz constante para leitura e culin\u00e1ria.<\/li>\n\n\n\n<li>Ilumina\u00e7\u00e3o de frisos para arquitetura: cria belas linhas de luz nos tetos ou nos cantos das paredes. Melhora qualquer ambiente e o torna mais acolhedor.<\/li>\n\n\n\n<li>Vitrines de lojas: Use elegantes fitas de luz de canto para atrair a aten\u00e7\u00e3o para os produtos e destac\u00e1-los.<\/li>\n\n\n\n<li>M\u00f3veis e escadas: Adicione-os a arm\u00e1rios, estantes e bordas de escadas. Adiciona eleg\u00e2ncia e seguran\u00e7a com luzes duradouras.<\/li>\n<\/ul>\n<\/div>\n\n\n\n<p>Para mais op\u00e7\u00f5es de perfis de ilumina\u00e7\u00e3o e guias de DIY, visite nossa cole\u00e7\u00e3o: <a href=\"https:\/\/tangooled.com\/pt\/product\/black-led-profile-with-black-diffuser-for-10mm-led-strip-light\/\"><mark style=\"background-color:rgba(0, 0, 0, 0)\" class=\"has-inline-color has-vivid-red-color\">Perfil LED preto com difusor preto para fita LED de 10mm<\/mark><\/a>, <a href=\"https:\/\/tangooled.com\/pt\/product\/led-strip-light-channel-aluminum-profile-with-diffused-cover-6mm-height\/\"><mark style=\"background-color:rgba(0, 0, 0, 0)\" class=\"has-inline-color has-vivid-red-color\">Canal de luz LED de alum\u00ednio com cobertura difusa, altura de 6 mm<\/mark><\/a>, <a href=\"https:\/\/tangooled.com\/pt\/product\/surface-mount-led-profile-with-frosted-diffuser-for-10mm-rope-lights\/\"><mark style=\"background-color:rgba(0, 0, 0, 0)\" class=\"has-inline-color has-vivid-red-color\">Perfil LED de montagem de superf\u00edcie com difusor fosco para luzes de cord\u00e3o de 10mm<\/mark><\/a>. <\/p>\n\n\n\n<p>Este perfil de canto para fita LED 18x18mm oferece uma maneira limpa, f\u00e1cil e duradoura de iluminar cantos. Torne seu espa\u00e7o mais iluminado e seguro com um brilho suave que destaca seus melhores locais.<\/p>","protected":false},"featured_media":14054,"template":"","meta":{"_acf_changed":true,"_seopress_robots_primary_cat":"none","_seopress_titles_title":"18x18mm LED Strip Corner Profile | Rigid Aluminum Channel | TANGOOLED","_seopress_titles_desc":"Premium 18x18mm LED strip corner profile (LA03) for 12mm strips. Durable aluminum corner channel for wide-angle lighting and heat dissipation.","_seopress_robots_index":""},"pcb-width":[228],"product-cat":[196],"class_list":{"0":"post-34898","1":"product","2":"type-product","3":"status-publish","4":"has-post-thumbnail","6":"pcb-width-6-12mm","7":"product-cat-corner-profile"},"acf":[],"_links":{"self":[{"href":"https:\/\/tangooled.com\/pt\/wp-json\/wp\/v2\/product\/34898","targetHints":{"allow":["GET"]}}],"collection":[{"href":"https:\/\/tangooled.com\/pt\/wp-json\/wp\/v2\/product"}],"about":[{"href":"https:\/\/tangooled.com\/pt\/wp-json\/wp\/v2\/types\/product"}],"wp:featuredmedia":[{"embeddable":true,"href":"https:\/\/tangooled.com\/pt\/wp-json\/wp\/v2\/media\/14054"}],"wp:attachment":[{"href":"https:\/\/tangooled.com\/pt\/wp-json\/wp\/v2\/media?parent=34898"}],"wp:term":[{"taxonomy":"pcb-width","embeddable":true,"href":"https:\/\/tangooled.com\/pt\/wp-json\/wp\/v2\/pcb-width?post=34898"},{"taxonomy":"product-cat","embeddable":true,"href":"https:\/\/tangooled.com\/pt\/wp-json\/wp\/v2\/product-cat?post=34898"}],"curies":[{"name":"wp","href":"https:\/\/api.w.org\/{rel}","templated":true}]}}