{"id":34896,"date":"2025-06-30T22:15:55","date_gmt":"2025-07-01T06:15:55","guid":{"rendered":"https:\/\/tangooled.com\/?post_type=product&#038;p=34896"},"modified":"2026-02-02T02:16:21","modified_gmt":"2026-02-02T10:16:21","slug":"16x16mm-led-corner-extrusion-curved-diffuser","status":"publish","type":"product","link":"https:\/\/tangooled.com\/pt\/product\/16x16mm-led-corner-extrusion-curved-diffuser\/","title":{"rendered":"difusor curvo 16x16mm extrus\u00e3o LED de canto para fitas LED de 10mm"},"content":{"rendered":"<div class=\"wp-block-group is-vertical is-layout-flex wp-container-core-group-is-layout-d255d7c4 wp-block-group-is-layout-flex\" style=\"padding-top:var(--wp--preset--spacing--80);padding-bottom:var(--wp--preset--spacing--80)\">\n<p>Nossa extrus\u00e3o LED de canto 16x16mm \u00e9 excelente para fitas LED de 10mm. Ela emite luz limpa, suave e segura. Este perfil tem 16,2mm por 16,2mm por fora e \u00e9 uma solu\u00e7\u00e3o invis\u00edvel e embutida para qualquer \u00e2ngulo de 90 graus. O design mant\u00e9m seus espa\u00e7os com um visual elegante e moderno enquanto fornece luz sem ofuscamento ou manchas. A instala\u00e7\u00e3o \u00e9 r\u00e1pida e f\u00e1cil. Primeiro, use parafusos para prender permanentemente os clipes de montagem \u00e0 superf\u00edcie. Em seguida, basta encaixar o perfil de alum\u00ednio nos clipes fixos.<\/p>\n<\/div>\n\n\n\n<div class=\"wp-block-group has-background is-vertical is-layout-flex wp-container-core-group-is-layout-d255d7c4 wp-block-group-is-layout-flex\" style=\"background-color:#f1f1f1;padding-top:var(--wp--preset--spacing--80);padding-bottom:var(--wp--preset--spacing--80)\">\n<div class=\"wp-block-group is-vertical is-layout-flex wp-container-core-group-is-layout-8cf370e7 wp-block-group-is-layout-flex\">\n<h2 class=\"wp-block-heading\" style=\"padding-top:var(--wp--preset--spacing--40);padding-bottom:var(--wp--preset--spacing--40);font-size:25px;font-style:normal;font-weight:600;text-transform:capitalize\">Por que escolher nossa extrus\u00e3o LED de canto 16x16mm?<\/h2>\n\n\n\n<ul class=\"wp-block-list\">\n<li>Tamanho perfeito: 16mm x 16mm se encaixa perfeitamente nos cantos.<\/li>\n\n\n\n<li>Works with LED strips that are 10mm wide\u2014no loose fits.<\/li>\n\n\n\n<li>O difusor curvo torna a luz suave e uniforme, sem pontos brilhantes.<\/li>\n\n\n\n<li>Feito de alum\u00ednio robusto e de alta qualidade para manter os LEDs frios.<\/li>\n\n\n\n<li>Protege as fitas LED da poeira e impactos.<\/li>\n\n\n\n<li>Vem com clipes de montagem e tampas de extremidade que facilitam a montagem.<\/li>\n\n\n\n<li>Dispon\u00edvel em prateado ou preto para um visual limpo.<\/li>\n<\/ul>\n<\/div>\n<\/div>\n\n\n\n<div class=\"wp-block-group\" style=\"padding-top:var(--wp--preset--spacing--60);padding-bottom:var(--wp--preset--spacing--60)\"><div class=\"wp-block-group__inner-container is-layout-constrained wp-block-group-is-layout-constrained\">\n<div class=\"wp-block-media-text has-media-on-the-right is-stacked-on-mobile\" style=\"grid-template-columns:auto 40%\"><div class=\"wp-block-media-text__content\">\n<h2 class=\"wp-block-heading\" style=\"padding-top:var(--wp--preset--spacing--40);padding-bottom:var(--wp--preset--spacing--40);font-size:25px;font-style:normal;font-weight:600;text-transform:capitalize\">Dicas para Instala\u00e7\u00e3o<\/h2>\n\n\n\n<ul class=\"wp-block-list\">\n<li>Use clipes de montagem para segur\u00e1-lo firmemente nos cantos.<\/li>\n\n\n\n<li>Corte a extrus\u00e3o para se adequar \u00e0 sua localiza\u00e7\u00e3o.<\/li>\n\n\n\n<li>Coloque sua fita LED de 10mm dentro.<\/li>\n\n\n\n<li>Para suavizar a luz, encaixe o difusor curvo.<\/li>\n\n\n\n<li>Use tampas de extremidade para proteger os cabos e deix\u00e1-los com uma boa apar\u00eancia.<\/li>\n<\/ul>\n<\/div><figure class=\"wp-block-media-text__media\"><img loading=\"lazy\" decoding=\"async\" width=\"500\" height=\"500\" src=\"https:\/\/tangooled.com\/wp-content\/uploads\/2025\/06\/la02-ins.webp\" alt=\"curved diffuser led corner extrusion 16x16mm for 10mm led strips\" class=\"wp-image-41950 size-full\" srcset=\"https:\/\/tangooled.com\/wp-content\/uploads\/2025\/06\/la02-ins.webp 500w, https:\/\/tangooled.com\/wp-content\/uploads\/2025\/06\/la02-ins-300x300.webp 300w, https:\/\/tangooled.com\/wp-content\/uploads\/2025\/06\/la02-ins-150x150.webp 150w\" sizes=\"auto, (max-width: 500px) 100vw, 500px\" \/><\/figure><\/div>\n<\/div><\/div>\n\n\n\n<div class=\"wp-block-group has-background is-vertical is-layout-flex wp-container-core-group-is-layout-b429018a wp-block-group-is-layout-flex\" style=\"background-color:#f1f1f1f2;padding-top:var(--wp--preset--spacing--70);padding-bottom:var(--wp--preset--spacing--70)\">\n<h2 class=\"wp-block-heading\" style=\"padding-top:var(--wp--preset--spacing--40);padding-bottom:var(--wp--preset--spacing--40);font-size:25px;font-style:normal;font-weight:600\">F\u00e1cil de usar em muitos locais<\/h2>\n\n\n\n<p>Nossa extrus\u00e3o LED de canto 16x16mm pode ser usada de v\u00e1rias maneiras:<\/p>\n\n\n\n<ul class=\"wp-block-list\">\n<li>Ilumina\u00e7\u00e3o em casa: Luz suave sob arm\u00e1rios de cozinha. Ilumina\u00e7\u00e3o embutida em quartos e salas.<\/li>\n\n\n\n<li>Closets e arm\u00e1rios: Luz brilhante e uniforme dentro de closets e prateleiras.<\/li>\n\n\n\n<li>Lojas e Exposi\u00e7\u00f5es: Use luz brilhante e constante para chamar a aten\u00e7\u00e3o para os produtos.<\/li>\n\n\n\n<li>Escrit\u00f3rios e Espa\u00e7os P\u00fablicos: Melhore a apar\u00eancia de corredores, escrit\u00f3rios e espa\u00e7os de recep\u00e7\u00e3o.<\/li>\n\n\n\n<li>Caracter\u00edsticas Arquitet\u00f4nicas: Crie efeitos de ilumina\u00e7\u00e3o indireta legais nos cantos.<\/li>\n<\/ul>\n<\/div>\n\n\n\n<div class=\"wp-block-group is-vertical is-layout-flex wp-container-core-group-is-layout-d255d7c4 wp-block-group-is-layout-flex\" style=\"padding-top:var(--wp--preset--spacing--80);padding-bottom:var(--wp--preset--spacing--80)\">\n<h2 class=\"wp-block-heading\" style=\"padding-top:var(--wp--preset--spacing--40);padding-bottom:var(--wp--preset--spacing--40);font-size:25px;font-style:normal;font-weight:600;text-transform:capitalize\">Compare com Outras Op\u00e7\u00f5es<\/h2>\n\n\n\n<ul class=\"wp-block-list\">\n<li>Para um perfil LED preto com difusor preto para fita LED de 10mm, veja isso. <a href=\"https:\/\/tangooled.com\/pt\/product\/black-led-profile-with-black-diffuser-for-10mm-led-strip-light\/\"><mark style=\"background-color:rgba(0, 0, 0, 0)\" class=\"has-inline-color has-vivid-red-color\">p\u00e1gina<\/mark><\/a><\/li>\n\n\n\n<li>Para um perfil LED de montagem superficial com difusor fosco para luzes de corda de 10mm, confira. <a href=\"https:\/\/tangooled.com\/pt\/product\/surface-mount-led-profile-with-frosted-diffuser-for-10mm-rope-lights\/\"><mark style=\"background-color:rgba(0, 0, 0, 0)\" class=\"has-inline-color has-vivid-red-color\">aqui<\/mark><\/a>.<\/li>\n\n\n\n<li>Quer mais estilos de canto? Confira o <a href=\"https:\/\/tangooled.com\/pt\/product\/45-degree-corner-led-aluminum-channel-for-10mm-led-strips\/\"><mark style=\"background-color:rgba(0, 0, 0, 0)\" class=\"has-inline-color has-vivid-red-color\">canal de alum\u00ednio de canto de 45 graus para fitas LED de 10mm<\/mark><\/a>.<\/li>\n<\/ul>\n\n\n\n<p>Fa\u00e7a seus cantos brilharem suavemente e intensamente com a melhor extrus\u00e3o LED de canto 16x16mm. Instala\u00e7\u00e3o simples. Luz bonita!<\/p>\n<\/div>\n\n\n\n<p><\/p>","protected":false},"featured_media":14043,"template":"","meta":{"_acf_changed":true,"_seopress_robots_primary_cat":"none","_seopress_titles_title":"16x16mm LED Corner Extrusion with Curved Diffuser | TANGOOLED","_seopress_titles_desc":"16x16mm LED corner extrusion (LA02) with a curved diffuser for 10mm strips, offering smooth corner lighting and heat dissipation. Buy it from TANGOOLED now.","_seopress_robots_index":""},"pcb-width":[228],"product-cat":[196],"class_list":{"0":"post-34896","1":"product","2":"type-product","3":"status-publish","4":"has-post-thumbnail","6":"pcb-width-6-12mm","7":"product-cat-corner-profile"},"acf":[],"_links":{"self":[{"href":"https:\/\/tangooled.com\/pt\/wp-json\/wp\/v2\/product\/34896","targetHints":{"allow":["GET"]}}],"collection":[{"href":"https:\/\/tangooled.com\/pt\/wp-json\/wp\/v2\/product"}],"about":[{"href":"https:\/\/tangooled.com\/pt\/wp-json\/wp\/v2\/types\/product"}],"wp:featuredmedia":[{"embeddable":true,"href":"https:\/\/tangooled.com\/pt\/wp-json\/wp\/v2\/media\/14043"}],"wp:attachment":[{"href":"https:\/\/tangooled.com\/pt\/wp-json\/wp\/v2\/media?parent=34896"}],"wp:term":[{"taxonomy":"pcb-width","embeddable":true,"href":"https:\/\/tangooled.com\/pt\/wp-json\/wp\/v2\/pcb-width?post=34896"},{"taxonomy":"product-cat","embeddable":true,"href":"https:\/\/tangooled.com\/pt\/wp-json\/wp\/v2\/product-cat?post=34896"}],"curies":[{"name":"wp","href":"https:\/\/api.w.org\/{rel}","templated":true}]}}