{"id":34893,"date":"2025-06-30T22:14:01","date_gmt":"2025-07-01T06:14:01","guid":{"rendered":"https:\/\/tangooled.com\/?post_type=product&#038;p=34893"},"modified":"2026-02-02T02:15:56","modified_gmt":"2026-02-02T10:15:56","slug":"corner-mount-right-angle-diffuser-aluminum-led-extrusion-profile-inner-12mm","status":"publish","type":"product","link":"https:\/\/tangooled.com\/pt\/product\/corner-mount-right-angle-diffuser-aluminum-led-extrusion-profile-inner-12mm\/","title":{"rendered":"difusor de alum\u00ednio para montagem em canto em \u00e2ngulo reto 12mm"},"content":{"rendered":"<div class=\"wp-block-group is-vertical is-layout-flex wp-container-core-group-is-layout-d255d7c4 wp-block-group-is-layout-flex\" style=\"padding-top:var(--wp--preset--spacing--80);padding-bottom:var(--wp--preset--spacing--80)\">\n<p>O perfil de difusor LED para montagem em canto em \u00e2ngulo reto \u00e9 a melhor forma de iluminar os cantos da sua casa ou loja. Este perfil se encaixa bem em cantos de 90 graus. Ele tem 16,2mm por 16,2mm na parte externa e pode acomodar tiras de LED de at\u00e9 12,2mm de largura na parte interna.<\/p>\n\n\n\n<p>The strong aluminum profile makes sure that heat escapes rapidly, and the diffuser cover spreads the light evenly and softly, getting rid of spots and rough edges for a bright, smooth light. It&#8217;s quick and safe to set up. First, use screws to attach the clips to the surface. After that, just snap the profile into the clips that are already there.<\/p>\n<\/div>\n\n\n\n<div class=\"wp-block-group has-background is-vertical is-layout-flex wp-container-core-group-is-layout-d255d7c4 wp-block-group-is-layout-flex\" style=\"background-color:#f1f1f1;padding-top:var(--wp--preset--spacing--80);padding-bottom:var(--wp--preset--spacing--80)\">\n<div class=\"wp-block-group is-vertical is-layout-flex wp-container-core-group-is-layout-8cf370e7 wp-block-group-is-layout-flex\">\n<h2 class=\"wp-block-heading\" style=\"padding-top:var(--wp--preset--spacing--40);padding-bottom:var(--wp--preset--spacing--40);font-size:25px;font-style:normal;font-weight:600;text-transform:capitalize\">Por que escolher este perfil de difusor LED para montagem em canto em \u00e2ngulo reto?<\/h2>\n\n\n\n<ul class=\"wp-block-list\">\n<li>A forma em V se encaixa perfeitamente em cantos de 90 graus, portanto pode ser utilizada em cozinhas, em arm\u00e1rios, em prateleiras, em vitrines e muito mais.<\/li>\n\n\n\n<li>Sem Pontos, Apenas Luz Suave: O difusor opal faz os pontos de LED desaparecerem, de modo que a luz parece suave e limpa.<\/li>\n\n\n\n<li>Vida \u00datil do LED Mais Longa: O alum\u00ednio anodizado resfria a tira de LED, fazendo com que dure mais.<\/li>\n\n\n\n<li>Compat\u00edvel com a maioria das tiras de LED, como SMD 5050, 3528 e 2835 que s\u00e3o 12mm de largura ou menos.<\/li>\n\n\n\n<li>F\u00e1cil de Instalar: Vem com clipes de montagem e um difusor que se encaixa, para que voc\u00ea possa configur\u00e1-lo rapidamente.<\/li>\n<\/ul>\n<\/div>\n<\/div>\n\n\n\n<div class=\"wp-block-group\" style=\"padding-top:var(--wp--preset--spacing--60);padding-bottom:var(--wp--preset--spacing--60)\"><div class=\"wp-block-group__inner-container is-layout-constrained wp-block-group-is-layout-constrained\">\n<div class=\"wp-block-media-text has-media-on-the-right is-stacked-on-mobile\" style=\"grid-template-columns:auto 40%\"><div class=\"wp-block-media-text__content\">\n<h2 class=\"wp-block-heading\" style=\"padding-top:var(--wp--preset--spacing--40);padding-bottom:var(--wp--preset--spacing--40);font-size:25px;font-style:normal;font-weight:600;text-transform:capitalize\">Como Configurar<\/h2>\n\n\n\n<ul class=\"wp-block-list\">\n<li>Coloque clipes nos cantos das suas paredes.<\/li>\n\n\n\n<li>Coloque o perfil firmemente nos clipes.<\/li>\n\n\n\n<li>Cole sua tira de LED dentro do canal.<\/li>\n\n\n\n<li>Coloque a capa do difusor sobre o perfil.<\/li>\n\n\n\n<li>Adicione tamp\u00f5es nas extremidades para deix\u00e1-lo bonito.<\/li>\n<\/ul>\n<\/div><figure class=\"wp-block-media-text__media\"><img loading=\"lazy\" decoding=\"async\" width=\"500\" height=\"500\" src=\"https:\/\/tangooled.com\/wp-content\/uploads\/2025\/06\/la01-ins.webp\" alt=\"corner mount right angle diffuser aluminum led extrusion profile inner 12mm\" class=\"wp-image-41946 size-full\" srcset=\"https:\/\/tangooled.com\/wp-content\/uploads\/2025\/06\/la01-ins.webp 500w, https:\/\/tangooled.com\/wp-content\/uploads\/2025\/06\/la01-ins-300x300.webp 300w, https:\/\/tangooled.com\/wp-content\/uploads\/2025\/06\/la01-ins-150x150.webp 150w\" sizes=\"auto, (max-width: 500px) 100vw, 500px\" \/><\/figure><\/div>\n<\/div><\/div>\n\n\n\n<div class=\"wp-block-group has-background is-vertical is-layout-flex wp-container-core-group-is-layout-b429018a wp-block-group-is-layout-flex\" style=\"background-color:#f1f1f1f2;padding-top:var(--wp--preset--spacing--70);padding-bottom:var(--wp--preset--spacing--70)\">\n<h2 class=\"wp-block-heading\" style=\"padding-top:var(--wp--preset--spacing--40);padding-bottom:var(--wp--preset--spacing--40);font-size:25px;font-style:normal;font-weight:600\">Onde Pode Us\u00e1-lo?<\/h2>\n\n\n\n<p>Voc\u00ea pode usar este perfil de difusor LED para montagem em canto em muitos lugares. Experimente para:<\/p>\n\n\n\n<ul class=\"wp-block-list\">\n<li>Bancadas de cozinha e sob arm\u00e1rios<\/li>\n\n\n\n<li>Cantoss das paredes e tetos para ilumina\u00e7\u00e3o ambiente quente<\/li>\n\n\n\n<li>Luzes de prateleira em lojas ou casas<\/li>\n\n\n\n<li>Vitrines e arm\u00e1rios<\/li>\n<\/ul>\n<\/div>\n\n\n\n<div class=\"wp-block-group is-vertical is-layout-flex wp-container-core-group-is-layout-d255d7c4 wp-block-group-is-layout-flex\" style=\"padding-top:var(--wp--preset--spacing--80);padding-bottom:var(--wp--preset--spacing--80)\">\n<h2 class=\"wp-block-heading\" style=\"padding-top:var(--wp--preset--spacing--40);padding-bottom:var(--wp--preset--spacing--40);font-size:25px;font-style:normal;font-weight:600;text-transform:capitalize\">Dentro da Caixa<\/h2>\n\n\n\n<p>Voc\u00ea recebe tudo o que precisa para mont\u00e1-lo rapidamente:<\/p>\n\n\n\n<ul class=\"wp-block-list\">\n<li>Um canal de alum\u00ednio em forma de V<\/li>\n\n\n\n<li>Uma capa difusora fosca<\/li>\n\n\n\n<li>Dois clips de montagem para cada metro<\/li>\n\n\n\n<li>Dois tamp\u00f5es de extremidade (um selado e um com um buraco para um fio)<\/li>\n<\/ul>\n<\/div>\n\n\n\n<div class=\"wp-block-group has-background\" style=\"background-color:#f1f1f1;padding-top:var(--wp--preset--spacing--80);padding-bottom:var(--wp--preset--spacing--80)\"><div class=\"wp-block-group__inner-container is-layout-constrained wp-block-group-is-layout-constrained\">\n<h2 class=\"wp-block-heading\" style=\"padding-top:var(--wp--preset--spacing--40);padding-bottom:var(--wp--preset--spacing--40);font-size:25px;font-style:normal;font-weight:600;text-transform:capitalize\">Conclus\u00e3o: Sua Solu\u00e7\u00e3o de Luz em Canto<\/h2>\n\n\n\n<p style=\"padding-right:var(--wp--preset--spacing--50);padding-left:var(--wp--preset--spacing--50)\">Se voc\u00ea deseja luz brilhante em cantos, este perfil de difusor LED para montagem em canto em \u00e2ngulo reto \u00e9 a maneira inteligente e simples. Ele mant\u00e9m seu LED seguro e faz sua luz parecer suave, n\u00e3o pontilhada. O canal de alum\u00ednio permanece frio e forte. F\u00e1cil de montar para qualquer instalador, seja iniciante ou profissional. Saiba mais sobre outros perfis de LED para encontrar as op\u00e7\u00f5es perfeitas para seu projeto: <\/p>\n\n\n\n<ul class=\"wp-block-list\">\n<li>Explore o <a href=\"https:\/\/tangooled.com\/pt\/product\/black-led-diffuser-aluminum-channel-for-12mm-tape-lights\/\"><mark style=\"background-color:rgba(0, 0, 0, 0)\" class=\"has-inline-color has-vivid-red-color\">perfil de alum\u00ednio difusor LED preto para tiras de 12mm<\/mark> <\/a>para um visual elegante.<\/li>\n\n\n\n<li>Veja o <a href=\"https:\/\/tangooled.com\/pt\/product\/18x18mm-led-strip-corner-profile-for-12mm-led-strips\/\"><mark style=\"background-color:rgba(0, 0, 0, 0)\" class=\"has-inline-color has-vivid-red-color\">perfil de canto para tiras LED de 18x18mm<\/mark><\/a> se voc\u00ea quer um perfil maior.<\/li>\n\n\n\n<li>Experimente o <a href=\"https:\/\/tangooled.com\/pt\/product\/surface-mount-led-profile-with-frosted-diffuser-for-10mm-rope-lights\/\"><mark style=\"background-color:rgba(0, 0, 0, 0)\" class=\"has-inline-color has-vivid-red-color\">perfil de LED de montagem em superf\u00edcie com difusor fosco<\/mark><\/a> para tiras mais finas.<\/li>\n<\/ul>\n<\/div><\/div>\n\n\n\n<p><\/p>","protected":false},"featured_media":14039,"template":"","meta":{"_acf_changed":true,"_seopress_robots_primary_cat":"none","_seopress_titles_title":"Corner Mount Right Angle LED Profile with Diffuser | TANGOOLED","_seopress_titles_desc":"Corner mount right angle diffuser LED profile for 12mm strips. LED extrusion (LA01) for 90-degree corner lighting & heat dissipation. Ideal for under-cabinet and professional corner lighting.","_seopress_robots_index":""},"pcb-width":[228],"product-cat":[196],"class_list":{"0":"post-34893","1":"product","2":"type-product","3":"status-publish","4":"has-post-thumbnail","6":"pcb-width-6-12mm","7":"product-cat-corner-profile"},"acf":[],"_links":{"self":[{"href":"https:\/\/tangooled.com\/pt\/wp-json\/wp\/v2\/product\/34893","targetHints":{"allow":["GET"]}}],"collection":[{"href":"https:\/\/tangooled.com\/pt\/wp-json\/wp\/v2\/product"}],"about":[{"href":"https:\/\/tangooled.com\/pt\/wp-json\/wp\/v2\/types\/product"}],"wp:featuredmedia":[{"embeddable":true,"href":"https:\/\/tangooled.com\/pt\/wp-json\/wp\/v2\/media\/14039"}],"wp:attachment":[{"href":"https:\/\/tangooled.com\/pt\/wp-json\/wp\/v2\/media?parent=34893"}],"wp:term":[{"taxonomy":"pcb-width","embeddable":true,"href":"https:\/\/tangooled.com\/pt\/wp-json\/wp\/v2\/pcb-width?post=34893"},{"taxonomy":"product-cat","embeddable":true,"href":"https:\/\/tangooled.com\/pt\/wp-json\/wp\/v2\/product-cat?post=34893"}],"curies":[{"name":"wp","href":"https:\/\/api.w.org\/{rel}","templated":true}]}}