{"id":34888,"date":"2025-06-30T22:07:20","date_gmt":"2025-07-01T06:07:20","guid":{"rendered":"https:\/\/tangooled.com\/?post_type=product&#038;p=34888"},"modified":"2026-02-02T01:54:35","modified_gmt":"2026-02-02T09:54:35","slug":"18mm-flexible-led-profile-for-12mm-led-strips","status":"publish","type":"product","link":"https:\/\/tangooled.com\/pt\/product\/18mm-flexible-led-profile-for-12mm-led-strips\/","title":{"rendered":"Perfil LED flex\u00edvel de 18mm para faixas LED de 12mm"},"content":{"rendered":"<div class=\"wp-block-group is-vertical is-layout-flex wp-container-core-group-is-layout-d255d7c4 wp-block-group-is-layout-flex\" style=\"padding-top:var(--wp--preset--spacing--80);padding-bottom:var(--wp--preset--spacing--80)\">\n<p>This 18mm flexible LED profile is made to make lighting setups that are smooth, curved, and very brilliant. This flexible channel is made of strong, high-quality aluminum that bends easily. This makes it easy to install around corners, curves, and other circular architectural components. It is made to fit flexible LED strips that are 12mm wide. The profile features a soft, white cover (diffuser) that effectively hides the harsh, bright dots or &#8220;hotspots&#8221; from the LED strip. This makes sure that the light output is a perfectly even and diffused line. The channel also protects your LED lighting parts from dust and damage, which makes them last longer.<\/p>\n<\/div>\n\n\n\n<div class=\"wp-block-group has-background is-vertical is-layout-flex wp-container-core-group-is-layout-d255d7c4 wp-block-group-is-layout-flex\" style=\"background-color:#f1f1f1;padding-top:var(--wp--preset--spacing--80);padding-bottom:var(--wp--preset--spacing--80)\">\n<div class=\"wp-block-group is-vertical is-layout-flex wp-container-core-group-is-layout-8cf370e7 wp-block-group-is-layout-flex\">\n<h2 class=\"wp-block-heading\" style=\"padding-top:var(--wp--preset--spacing--40);padding-bottom:var(--wp--preset--spacing--40);font-size:25px;font-style:normal;font-weight:600;text-transform:capitalize\">Por Que Escolher Nosso Perfil de LED Flex\u00edvel de 18mm?<\/h2>\n\n\n\n<ul class=\"wp-block-list\">\n<li>Funciona com suas luzes: Este perfil \u00e9 compat\u00edvel com qualquer fita LED flex\u00edvel que tenha 12mm de largura ou menos.<\/li>\n\n\n\n<li>Dobra e mant\u00e9m: o alum\u00ednio \u00e9 robusto, mas flex\u00edvel. Ele dobra onde voc\u00ea deseja e permanece assim.<\/li>\n\n\n\n<li>Protege as luzes: A caixa de alum\u00ednio evita que sua fita LED fique empoeirada ou seja tocada.<\/li>\n\n\n\n<li>Fica bonito em qualquer ambiente: Escolha um acabamento que combine com seu ambiente, como prata, preto ou branco.<\/li>\n\n\n\n<li>Vem com tudo que voc\u00ea precisa para instal\u00e1-lo, como clipes e tampas.<\/li>\n<\/ul>\n<\/div>\n<\/div>\n\n\n\n<div class=\"wp-block-group is-vertical is-layout-flex wp-container-core-group-is-layout-d255d7c4 wp-block-group-is-layout-flex\" style=\"padding-top:var(--wp--preset--spacing--80);padding-bottom:var(--wp--preset--spacing--80)\">\n<hr class=\"wp-block-separator has-alpha-channel-opacity\"\/>\n\n\n\n<div class=\"wp-block-media-text has-media-on-the-right is-stacked-on-mobile\" style=\"grid-template-columns:auto 40%\"><div class=\"wp-block-media-text__content\">\n<h2 class=\"wp-block-heading\" style=\"padding-top:var(--wp--preset--spacing--40);padding-bottom:var(--wp--preset--spacing--40);font-size:25px;font-style:normal;font-weight:600;text-transform:capitalize\">Como Instal\u00e1-lo<\/h2>\n\n\n\n<ul class=\"wp-block-list\">\n<li>Fa\u00e7a o perfil dobrar na forma desejada.<\/li>\n\n\n\n<li>Coloque a sua fita LED de 12mm dentro do canal.<\/li>\n\n\n\n<li>Coloque a cobertura suave e branca por cima.<\/li>\n\n\n\n<li>Use clipes de montagem para fixar o perfil na parede ou no teto.<\/li>\n\n\n\n<li>Coloque as tampas de extremidade para dar um acabamento.<\/li>\n<\/ul>\n<\/div><figure class=\"wp-block-media-text__media\"><img loading=\"lazy\" decoding=\"async\" width=\"500\" height=\"500\" src=\"https:\/\/tangooled.com\/wp-content\/uploads\/2026\/01\/bp01-ins.webp\" alt=\"bp01 ins\" class=\"wp-image-46013 size-full\" srcset=\"https:\/\/tangooled.com\/wp-content\/uploads\/2026\/01\/bp01-ins.webp 500w, https:\/\/tangooled.com\/wp-content\/uploads\/2026\/01\/bp01-ins-300x300.webp 300w, https:\/\/tangooled.com\/wp-content\/uploads\/2026\/01\/bp01-ins-150x150.webp 150w\" sizes=\"auto, (max-width: 500px) 100vw, 500px\" \/><\/figure><\/div>\n<\/div>\n\n\n\n<div class=\"wp-block-group has-background is-vertical is-layout-flex wp-container-core-group-is-layout-b429018a wp-block-group-is-layout-flex\" style=\"background-color:#f1f1f1f2;padding-top:var(--wp--preset--spacing--70);padding-bottom:var(--wp--preset--spacing--70)\">\n<h2 class=\"wp-block-heading\" style=\"padding-top:var(--wp--preset--spacing--40);padding-bottom:var(--wp--preset--spacing--40);font-size:25px;font-style:normal;font-weight:600\">Use-o Para Estas Id\u00e9ias Divertidas<\/h2>\n\n\n\n<ul class=\"wp-block-list\">\n<li>Luzes em uma parede que curva ou em uma mesa que \u00e9 redonda.<\/li>\n\n\n\n<li>Luzes que acompanham um arco em uma porta.<\/li>\n\n\n\n<li>Luzes que est\u00e3o escondidas em um recesso no teto.<\/li>\n\n\n\n<li>Luzes que ficam debaixo dos seus arm\u00e1rios de cozinha ou prateleiras.<\/li>\n\n\n\n<li>Formas de luz que s\u00e3o legais e fluidas para uma vitrine.<\/li>\n<\/ul>\n<\/div>\n\n\n\n<div class=\"wp-block-group is-vertical is-layout-flex wp-container-core-group-is-layout-d255d7c4 wp-block-group-is-layout-flex\" style=\"padding-top:var(--wp--preset--spacing--80);padding-bottom:var(--wp--preset--spacing--80)\">\n<h2 class=\"wp-block-heading\" style=\"padding-top:var(--wp--preset--spacing--40);padding-bottom:var(--wp--preset--spacing--40);font-size:25px;font-style:normal;font-weight:600;text-transform:capitalize\">Veja Nossos Outros Produtos<\/h2>\n\n\n\n<p>Este perfil de LED flex\u00edvel de 18mm faz parte de uma grande fam\u00edlia de produtos de ilumina\u00e7\u00e3o. Se voc\u00ea gosta disso, pode tamb\u00e9m gostar de:<\/p>\n\n\n\n<ul class=\"wp-block-list\">\n<li><a href=\"https:\/\/tangooled.com\/pt\/product\/black-led-diffuser-aluminum-channel-for-12mm-tape-lights\/\"><mark style=\"background-color:rgba(0, 0, 0, 0)\" class=\"has-inline-color has-vivid-red-color\">Um canal de alum\u00ednio difusor LED preto para fitas de 12mm<\/mark> <\/a>para um visual muito moderno.<\/li>\n\n\n\n<li><a href=\"https:\/\/tangooled.com\/pt\/product\/surface-mount-led-profile-with-frosted-diffuser-for-10mm-rope-lights\/\"><mark style=\"background-color:rgba(0, 0, 0, 0)\" class=\"has-inline-color has-vivid-red-color\">Perfil LED de montagem em superf\u00edcie com difusor fosco para luzes de fita de 10mm<\/mark><\/a> se precisar de uma op\u00e7\u00e3o reta que n\u00e3o dobre.<\/li>\n\n\n\n<li><a href=\"https:\/\/tangooled.com\/pt\/product\/black-led-diffuser-aluminum-channel-for-12mm-tape-lights\/\"><mark style=\"background-color:rgba(0, 0, 0, 0)\" class=\"has-inline-color has-vivid-red-color\">Canal de alum\u00ednio difusor LED preto para fitas de 12mm<\/mark><\/a> para um visual diferente que tamb\u00e9m \u00e9 \u00f3timo para muitos projetos.<\/li>\n<\/ul>\n<\/div>\n\n\n\n<p><\/p>","protected":false},"featured_media":13110,"template":"","meta":{"_acf_changed":true,"_seopress_robots_primary_cat":"none","_seopress_titles_title":"Bendable 18mm Flexible LED Profile for 12mm Strip Lights | TANGOOLED","_seopress_titles_desc":"High-quality 18mm flexible LED profile designed for 12mm LED strips. Perfect for curved lighting designs, furniture, and architectural DIY projects.","_seopress_robots_index":""},"pcb-width":[228],"product-cat":[203],"class_list":{"0":"post-34888","1":"product","2":"type-product","3":"status-publish","4":"has-post-thumbnail","6":"pcb-width-6-12mm","7":"product-cat-flexible-profile"},"acf":[],"_links":{"self":[{"href":"https:\/\/tangooled.com\/pt\/wp-json\/wp\/v2\/product\/34888","targetHints":{"allow":["GET"]}}],"collection":[{"href":"https:\/\/tangooled.com\/pt\/wp-json\/wp\/v2\/product"}],"about":[{"href":"https:\/\/tangooled.com\/pt\/wp-json\/wp\/v2\/types\/product"}],"wp:featuredmedia":[{"embeddable":true,"href":"https:\/\/tangooled.com\/pt\/wp-json\/wp\/v2\/media\/13110"}],"wp:attachment":[{"href":"https:\/\/tangooled.com\/pt\/wp-json\/wp\/v2\/media?parent=34888"}],"wp:term":[{"taxonomy":"pcb-width","embeddable":true,"href":"https:\/\/tangooled.com\/pt\/wp-json\/wp\/v2\/pcb-width?post=34888"},{"taxonomy":"product-cat","embeddable":true,"href":"https:\/\/tangooled.com\/pt\/wp-json\/wp\/v2\/product-cat?post=34888"}],"curies":[{"name":"wp","href":"https:\/\/api.w.org\/{rel}","templated":true}]}}