{"id":34702,"date":"2025-06-29T23:44:22","date_gmt":"2025-06-30T07:44:22","guid":{"rendered":"https:\/\/tangooled.com\/?post_type=product&#038;p=34702"},"modified":"2026-01-29T23:50:13","modified_gmt":"2026-01-30T07:50:13","slug":"aluminum-u-channel-with-curved-led-diffuser-inner-16mm","status":"publish","type":"product","link":"https:\/\/tangooled.com\/pt\/product\/aluminum-u-channel-with-curved-led-diffuser-inner-16mm\/","title":{"rendered":"canal U de alum\u00ednio com difusor LED curvado interno de 16mm"},"content":{"rendered":"<div class=\"wp-block-group is-vertical is-layout-flex wp-container-core-group-is-layout-d255d7c4 wp-block-group-is-layout-flex\" style=\"padding-top:var(--wp--preset--spacing--80);padding-bottom:var(--wp--preset--spacing--80)\">\n<p>Our aluminum u channel with curved led diffuser inner 16mm is made for easy use. It has a wide 16.2mm inner width and a high-quality curved diffuser that makes sure the light is smooth and dot-free. This aluminum channel is meant to be mounted on the surface. It comes with matching end caps and mounting clips to make sure it looks professional. You can choose from silver, white, or black finishes to make sure they match your design&nbsp;exactly. It&#8217;s a safe, high-quality place to store your LED strips, whether you need it for personal or business use.<\/p>\n<\/div>\n\n\n\n<div class=\"wp-block-group has-background\" style=\"background-color:#f1f1f1;padding-top:var(--wp--preset--spacing--80);padding-bottom:var(--wp--preset--spacing--80)\"><div class=\"wp-block-group__inner-container is-layout-constrained wp-block-group-is-layout-constrained\">\n<div class=\"wp-block-group is-vertical is-layout-flex wp-container-core-group-is-layout-8cf370e7 wp-block-group-is-layout-flex\">\n<h2 class=\"wp-block-heading\" style=\"padding-top:var(--wp--preset--spacing--40);padding-bottom:var(--wp--preset--spacing--40);font-size:25px;font-style:normal;font-weight:600;text-transform:capitalize\">Por que escolher o nosso canal em U de alum\u00ednio com difusor LED curvado?<\/h2>\n\n\n\n<ul class=\"wp-block-list\">\n<li>Funciona com fitas LED de at\u00e9 16mm de largura. Funciona bem com fitas LED que t\u00eam uma ou duas fileiras.<\/li>\n\n\n\n<li>O canal \u00e9 feito de alum\u00ednio anodizado 6063-T5 de longa dura\u00e7\u00e3o, que mant\u00e9m seus LEDs frescos, permitindo que durem mais.<\/li>\n\n\n\n<li>O difusor em forma de c\u00fapula curvada fornece luz suave e sem pontos, mantendo seus LEDs protegidos da poeira.<\/li>\n\n\n\n<li>F\u00e1cil de montar na superf\u00edcie com os clipes e tampas de extremidade fornecidos.<\/li>\n\n\n\n<li>Dispon\u00edvel em acabamentos prateado, preto e branco para se adequar ao seu espa\u00e7o.<\/li>\n\n\n\n<li>Voc\u00ea pode obter comprimentos personalizados (1m, 2m) cortados para atender ao seu projeto.<\/li>\n<\/ul>\n<\/div>\n<\/div><\/div>\n\n\n\n<div class=\"wp-block-group is-vertical is-layout-flex wp-container-core-group-is-layout-d255d7c4 wp-block-group-is-layout-flex\" style=\"padding-top:var(--wp--preset--spacing--80);padding-bottom:var(--wp--preset--spacing--80)\">\n<hr class=\"wp-block-separator has-alpha-channel-opacity\"\/>\n\n\n\n<div class=\"wp-block-media-text has-media-on-the-right is-stacked-on-mobile\" style=\"grid-template-columns:auto 40%\"><div class=\"wp-block-media-text__content\">\n<h2 class=\"wp-block-heading\" style=\"padding-top:var(--wp--preset--spacing--40);padding-bottom:var(--wp--preset--spacing--40);font-size:25px;font-style:normal;font-weight:600;text-transform:capitalize\">Como Instalar<\/h2>\n\n\n\n<ul class=\"wp-block-list\">\n<li>Use uma serra manual para cortar o alojamento de alum\u00ednio extrudado no tamanho certo.<\/li>\n\n\n\n<li>Anexe os clipes de montagem para o perfil de alum\u00ednio \u00e0 superf\u00edcie com parafusos ou cola.<\/li>\n\n\n\n<li>Remova o adesivo da fita da fita LED e coloque-a dentro do tubo de alum\u00ednio.<\/li>\n\n\n\n<li>Para uma luz sem pontos, encaixe o difusor de lente curvado.<\/li>\n\n\n\n<li>Use as tampas de extremidade fornecidas para finalizar as bordas.<\/li>\n<\/ul>\n<\/div><figure class=\"wp-block-media-text__media\"><img loading=\"lazy\" decoding=\"async\" width=\"500\" height=\"500\" src=\"https:\/\/tangooled.com\/wp-content\/uploads\/2025\/06\/lp02a-ins.webp\" alt=\"aluminum u channel with curved led diffuser inner 16mm\" class=\"wp-image-48300 size-full\" srcset=\"https:\/\/tangooled.com\/wp-content\/uploads\/2025\/06\/lp02a-ins.webp 500w, https:\/\/tangooled.com\/wp-content\/uploads\/2025\/06\/lp02a-ins-300x300.webp 300w, https:\/\/tangooled.com\/wp-content\/uploads\/2025\/06\/lp02a-ins-150x150.webp 150w\" sizes=\"auto, (max-width: 500px) 100vw, 500px\" \/><\/figure><\/div>\n<\/div>\n\n\n\n<div class=\"wp-block-group has-background is-vertical is-layout-flex wp-container-core-group-is-layout-b429018a wp-block-group-is-layout-flex\" style=\"background-color:#f1f1f1f2;padding-top:var(--wp--preset--spacing--70);padding-bottom:var(--wp--preset--spacing--70)\">\n<h2 class=\"wp-block-heading\" style=\"padding-top:var(--wp--preset--spacing--40);padding-bottom:var(--wp--preset--spacing--40);font-size:25px;font-style:normal;font-weight:600\">Onde Pode Us\u00e1-lo?<\/h2>\n\n\n\n<p>O nosso canal em U de alum\u00ednio com difusor LED curvado interno de 16mm se encaixa em muitos lugares:<\/p>\n\n\n\n<ul class=\"wp-block-list\">\n<li>Sob Arm\u00e1rios: Use ilumina\u00e7\u00e3o suave para iluminar cozinhas e \u00e1reas de trabalho.<\/li>\n\n\n\n<li>Ilumina\u00e7\u00e3o de Cove: Fa\u00e7a com que as paredes e os tetos brilhem uniformemente.<\/li>\n\n\n\n<li>Guarda-roupas e prateleiras: Linhas retas melhoram a apar\u00eancia dos m\u00f3veis.<\/li>\n\n\n\n<li>Exibi\u00e7\u00f5es de Varejo: Use luz uniforme para tornar os produtos atraentes.<\/li>\n\n\n\n<li>Para sua casa ou escrit\u00f3rio, crie canais de lumin\u00e1rias modernas para dar um visual elegante.<\/li>\n\n\n\n<li>Detalhes Arquitet\u00f4nicos: Use para ilumina\u00e7\u00e3o profissional e decorativa.<\/li>\n<\/ul>\n<\/div>\n\n\n\n<div class=\"wp-block-group is-vertical is-layout-flex wp-container-core-group-is-layout-d255d7c4 wp-block-group-is-layout-flex\" style=\"padding-top:var(--wp--preset--spacing--80);padding-bottom:var(--wp--preset--spacing--80)\">\n<h2 class=\"wp-block-heading\" style=\"padding-top:var(--wp--preset--spacing--40);padding-bottom:var(--wp--preset--spacing--40);font-size:25px;font-style:normal;font-weight:600;text-transform:capitalize\">Produtos Relacionados e Mais <\/h2>\n\n\n\n<ul class=\"wp-block-list\">\n<li><a href=\"https:\/\/tangooled.com\/pt\/product\/u-shape-aluminum-channel-with-square-diffuser-inner-16mm\/\"><mark style=\"background-color:rgba(0, 0, 0, 0)\" class=\"has-inline-color has-vivid-red-color\">canal em U de alum\u00ednio com difusor quadrado interno de 16mm<\/mark><\/a><\/li>\n\n\n\n<li><a href=\"https:\/\/tangooled.com\/pt\/product\/20x18mm-double-layer-led-channel-inner-16mm-with-curved-diffuser\/\"><mark style=\"background-color:rgba(0, 0, 0, 0)\" class=\"has-inline-color has-vivid-red-color\">canal LED de camada dupla de 20x18mm interno de 16mm com difusor curvado<\/mark><\/a><\/li>\n\n\n\n<li><a href=\"https:\/\/tangooled.com\/pt\/product\/aluminum-led-strip-extrusion-diffuser-channel-for-5050-double-row-led-strip\/\"><mark style=\"background-color:rgba(0, 0, 0, 0)\" class=\"has-inline-color has-vivid-red-color\">Difusor de canal em extrus\u00e3o de alum\u00ednio para fita LED de dupla fileira 5050<\/mark><\/a><\/li>\n<\/ul>\n<\/div>\n\n\n\n<div class=\"wp-block-group has-background is-vertical is-layout-flex wp-container-core-group-is-layout-b429018a wp-block-group-is-layout-flex\" style=\"background-color:#f1f1f1f2;padding-top:var(--wp--preset--spacing--70);padding-bottom:var(--wp--preset--spacing--70)\">\n<p style=\"padding-right:var(--wp--preset--spacing--50);padding-left:var(--wp--preset--spacing--50)\">Obtenha o melhor perfil linear de alum\u00ednio LED para o seu pr\u00f3ximo projeto de ilumina\u00e7\u00e3o. Nosso dissipador de calor de alum\u00ednio de grau profissional com difusor curvado est\u00e1 pronto para ajud\u00e1-lo a criar luz limpa, brilhante e uniforme. Confira os detalhes completos do produto e fa\u00e7a seu pedido hoje na Tangooled. <mark style=\"background-color:rgba(0, 0, 0, 0)\" class=\"has-inline-color has-vivid-red-color\"><a href=\"https:\/\/tangooled.com\/pt\/led-profiles\/\">aqui<\/a><\/mark>.<\/p>\n<\/div>\n\n\n\n<p><\/p>","protected":false},"featured_media":14090,"template":"","meta":{"_acf_changed":true,"_seopress_robots_primary_cat":"none","_seopress_titles_title":"Aluminum U Channel with Curved LED Diffuser Inner 16mm | TANGOOLED","_seopress_titles_desc":"Source the aluminum U channel LP02A. Featuring an inner 16mm width and a curved LED diffuser, this profile provides professional housing for flexible LED strips.","_seopress_robots_index":""},"pcb-width":[229],"product-cat":[192],"class_list":{"0":"post-34702","1":"product","2":"type-product","3":"status-publish","4":"has-post-thumbnail","6":"pcb-width-15-20mm","7":"product-cat-surface-led-profile"},"acf":[],"_links":{"self":[{"href":"https:\/\/tangooled.com\/pt\/wp-json\/wp\/v2\/product\/34702","targetHints":{"allow":["GET"]}}],"collection":[{"href":"https:\/\/tangooled.com\/pt\/wp-json\/wp\/v2\/product"}],"about":[{"href":"https:\/\/tangooled.com\/pt\/wp-json\/wp\/v2\/types\/product"}],"wp:featuredmedia":[{"embeddable":true,"href":"https:\/\/tangooled.com\/pt\/wp-json\/wp\/v2\/media\/14090"}],"wp:attachment":[{"href":"https:\/\/tangooled.com\/pt\/wp-json\/wp\/v2\/media?parent=34702"}],"wp:term":[{"taxonomy":"pcb-width","embeddable":true,"href":"https:\/\/tangooled.com\/pt\/wp-json\/wp\/v2\/pcb-width?post=34702"},{"taxonomy":"product-cat","embeddable":true,"href":"https:\/\/tangooled.com\/pt\/wp-json\/wp\/v2\/product-cat?post=34702"}],"curies":[{"name":"wp","href":"https:\/\/api.w.org\/{rel}","templated":true}]}}