{"id":34698,"date":"2025-06-29T23:37:27","date_gmt":"2025-06-30T07:37:27","guid":{"rendered":"https:\/\/tangooled.com\/?post_type=product&#038;p=34698"},"modified":"2026-01-29T19:06:13","modified_gmt":"2026-01-30T03:06:13","slug":"double-layer-led-channel-inner-16mm-with-curved-diffuser-lp01a","status":"publish","type":"product","link":"https:\/\/tangooled.com\/pt\/product\/double-layer-led-channel-inner-16mm-with-curved-diffuser-lp01a\/","title":{"rendered":"canal LED de camada dupla interior 16mm com difusor curvado LP01A"},"content":{"rendered":"<div class=\"wp-block-group is-vertical is-layout-flex wp-container-core-group-is-layout-d255d7c4 wp-block-group-is-layout-flex\" style=\"padding-top:var(--wp--preset--spacing--80);padding-bottom:var(--wp--preset--spacing--80)\">\n<p>Use nosso canal LED de camada dupla com difusor curvado LP01A para obter uma luz limpa e suave. Este perfil de alum\u00ednio elegante tem 20mm de largura e 18.8mm de altura, podendo acomodar fitas LED de at\u00e9 16mm de largura. Isso o torna excelente para fitas LED largas, de dupla face ou de alta qualidade. Seu difusor curvado emite um brilho bonito e sem pontos que se adapta bem a casas modernas, empresas e vitrines. H\u00e1 duas etapas para a instala\u00e7\u00e3o: primeiro, fixe o canal base \u00e0 superf\u00edcie de montagem. Em seguida, o canal superior, que j\u00e1 vem com a fita LED e o&nbsp;difusor curvado instalados, pode ser encaixado na base fixa para um acabamento profissional e seguro.<\/p>\n<\/div>\n\n\n\n<div class=\"wp-block-group has-background is-vertical is-layout-flex wp-container-core-group-is-layout-d255d7c4 wp-block-group-is-layout-flex\" style=\"background-color:#f1f1f1;padding-top:var(--wp--preset--spacing--80);padding-bottom:var(--wp--preset--spacing--80)\">\n<div class=\"wp-block-group is-vertical is-layout-flex wp-container-core-group-is-layout-8cf370e7 wp-block-group-is-layout-flex\">\n<h2 class=\"wp-block-heading\" style=\"padding-top:var(--wp--preset--spacing--40);padding-bottom:var(--wp--preset--spacing--40);font-size:25px;font-style:normal;font-weight:600;text-transform:capitalize\">Por que escolher nosso canal LED de camada dupla 20x18mm?<\/h2>\n\n\n\n<ul class=\"wp-block-list\">\n<li>O canal interno largo pode acomodar fitas LED de at\u00e9 16mm de largura, como fitas Philips Hue e COB.<\/li>\n\n\n\n<li>A tampa do difusor curvado espalha a luz de maneira uniforme, evitando pontos afiados ou \u00e1reas quentes.<\/li>\n\n\n\n<li>Duas camadas de alum\u00ednio anodizado ajudam a manter seus LEDs frescos e gerenciam bem o calor.<\/li>\n\n\n\n<li>O design poderoso e elegante do perfil \u00e9 tanto atraente quanto resistente.<\/li>\n\n\n\n<li>Voc\u00ea pode escolher entre acabamentos prateado, preto ou branco para combinar com qualquer estilo.<\/li>\n<\/ul>\n<\/div>\n<\/div>\n\n\n\n<div class=\"wp-block-group is-vertical is-layout-flex wp-container-core-group-is-layout-d255d7c4 wp-block-group-is-layout-flex\" style=\"padding-top:var(--wp--preset--spacing--80);padding-bottom:var(--wp--preset--spacing--80)\">\n<hr class=\"wp-block-separator has-alpha-channel-opacity\"\/>\n\n\n\n<div class=\"wp-block-media-text has-media-on-the-right is-stacked-on-mobile\" style=\"grid-template-columns:auto 40%\"><div class=\"wp-block-media-text__content\">\n<h2 class=\"wp-block-heading\" style=\"padding-top:var(--wp--preset--spacing--40);padding-bottom:var(--wp--preset--spacing--40);font-size:25px;font-style:normal;font-weight:600;text-transform:capitalize\">As melhores maneiras de usar o canal LED de camada dupla<\/h2>\n\n\n\n<ul class=\"wp-block-list\">\n<li>Ilumina\u00e7\u00e3o Linear de Grau Arquitet\u00f4nico: Esta pista LED \u00e9 perfeita para casas e empresas modernas que exigem ilumina\u00e7\u00e3o poderosa e uniforme devido \u00e0 sua constru\u00e7\u00e3o de camada dupla larga.<\/li>\n\n\n\n<li>Ilumina\u00e7\u00e3o Sob a Bancada e Tarefa: Torne cozinhas e espa\u00e7os de trabalho mais iluminados com um brilho suave e sem pontos.<\/li>\n\n\n\n<li>Retail and Display Shelving: Use professional lighting that won&#8217;t create bright spots to draw attention to your merchandise.<\/li>\n\n\n\n<li>Ilumina\u00e7\u00e3o Personalizada para Cove &amp; Paredes: O difusor curvado torna poss\u00edvel criar lavagens suaves em paredes ou coves de teto.<\/li>\n<\/ul>\n<\/div><figure class=\"wp-block-media-text__media\"><img loading=\"lazy\" decoding=\"async\" width=\"500\" height=\"500\" src=\"https:\/\/tangooled.com\/wp-content\/uploads\/2025\/06\/lp01a-ins.webp\" alt=\"20x18mm double layer led channel inner 16mm with curved diffuser\" class=\"wp-image-41907 size-full\" srcset=\"https:\/\/tangooled.com\/wp-content\/uploads\/2025\/06\/lp01a-ins.webp 500w, https:\/\/tangooled.com\/wp-content\/uploads\/2025\/06\/lp01a-ins-300x300.webp 300w, https:\/\/tangooled.com\/wp-content\/uploads\/2025\/06\/lp01a-ins-150x150.webp 150w\" sizes=\"auto, (max-width: 500px) 100vw, 500px\" \/><\/figure><\/div>\n<\/div>\n\n\n\n<div class=\"wp-block-group has-background\" style=\"background-color:#f1f1f1;padding-top:var(--wp--preset--spacing--80);padding-bottom:var(--wp--preset--spacing--80)\"><div class=\"wp-block-group__inner-container is-layout-constrained wp-block-group-is-layout-constrained\">\n<h2 class=\"wp-block-heading\" style=\"padding-top:var(--wp--preset--spacing--40);padding-bottom:var(--wp--preset--spacing--40);font-size:25px;font-style:normal;font-weight:600;text-transform:capitalize\">Componentes Inclu\u00eddos para Come\u00e7ar<\/h2>\n\n\n\n<ul class=\"wp-block-list\">\n<li>Dois canais de alum\u00ednio, cortados para o comprimento que voc\u00ea deseja<\/li>\n\n\n\n<li>Um difusor curvado em opala<\/li>\n\n\n\n<li>Tampas finais, uma delas com um buraco para um fio para fazer conex\u00f5es limpas.<\/li>\n<\/ul>\n<\/div><\/div>\n\n\n\n<div class=\"wp-block-group\" style=\"padding-top:var(--wp--preset--spacing--80);padding-bottom:var(--wp--preset--spacing--80)\"><div class=\"wp-block-group__inner-container is-layout-constrained wp-block-group-is-layout-constrained\">\n<h2 class=\"wp-block-heading\" style=\"padding-top:var(--wp--preset--spacing--40);padding-bottom:var(--wp--preset--spacing--40);font-size:25px;font-style:normal;font-weight:600;text-transform:capitalize\">resumo<\/h2>\n\n\n\n<p>Nosso canal LED de camada dupla 20x18mm com um canal interno de 16mm e um difusor curvado \u00e9 um sucesso entre arquitetos, designers e entusiastas do fa\u00e7a voc\u00ea mesmo. Para ver diferentes tamanhos de canais e tipos de difusores, veja:<\/p>\n\n\n\n<ul class=\"wp-block-list\">\n<li><a href=\"https:\/\/tangooled.com\/pt\/product\/surface-mount-led-profile-with-frosted-diffuser-for-10mm-rope-lights\/\"><mark style=\"background-color:rgba(0, 0, 0, 0)\" class=\"has-inline-color has-vivid-red-color\">Perfil LED de montagem de superf\u00edcie com difusor fosco para luzes de cord\u00e3o de 10mm<\/mark><\/a><\/li>\n\n\n\n<li><a href=\"https:\/\/tangooled.com\/pt\/product\/aluminum-u-channel-with-curved-led-diffuser-inner-16mm\/\"><mark style=\"background-color:rgba(0, 0, 0, 0)\" class=\"has-inline-color has-vivid-red-color\">Canal de alum\u00ednio em U com difusor LED curvado interior de 16mm<\/mark><\/a><\/li>\n\n\n\n<li><a href=\"https:\/\/tangooled.com\/pt\/product\/20x19mm-double-layer-aluminum-extrusion-led-channel\/\"><mark style=\"background-color:rgba(0, 0, 0, 0)\" class=\"has-inline-color has-vivid-red-color\">canal de extrus\u00e3o de alum\u00ednio de camada dupla 20x19mm<\/mark><\/a><\/li>\n<\/ul>\n<\/div><\/div>\n\n\n\n<p><\/p>","protected":false},"featured_media":14084,"template":"","meta":{"_acf_changed":true,"_seopress_robots_primary_cat":"none","_seopress_titles_title":"Double Layer LED Channel Inner 16mm Curved Diffuser LP01A | TANGOOLED","_seopress_titles_desc":"The LP01A is a premium double layer led channel with an inner 16mm width. Featuring a sleek curved diffuser for dot-free linear lighting. Perfect for modern cabinetry and architectural accents.","_seopress_robots_index":""},"pcb-width":[229],"product-cat":[192],"class_list":{"0":"post-34698","1":"product","2":"type-product","3":"status-publish","4":"has-post-thumbnail","6":"pcb-width-15-20mm","7":"product-cat-surface-led-profile"},"acf":[],"_links":{"self":[{"href":"https:\/\/tangooled.com\/pt\/wp-json\/wp\/v2\/product\/34698","targetHints":{"allow":["GET"]}}],"collection":[{"href":"https:\/\/tangooled.com\/pt\/wp-json\/wp\/v2\/product"}],"about":[{"href":"https:\/\/tangooled.com\/pt\/wp-json\/wp\/v2\/types\/product"}],"wp:featuredmedia":[{"embeddable":true,"href":"https:\/\/tangooled.com\/pt\/wp-json\/wp\/v2\/media\/14084"}],"wp:attachment":[{"href":"https:\/\/tangooled.com\/pt\/wp-json\/wp\/v2\/media?parent=34698"}],"wp:term":[{"taxonomy":"pcb-width","embeddable":true,"href":"https:\/\/tangooled.com\/pt\/wp-json\/wp\/v2\/pcb-width?post=34698"},{"taxonomy":"product-cat","embeddable":true,"href":"https:\/\/tangooled.com\/pt\/wp-json\/wp\/v2\/product-cat?post=34698"}],"curies":[{"name":"wp","href":"https:\/\/api.w.org\/{rel}","templated":true}]}}