{"id":34686,"date":"2025-06-29T23:11:41","date_gmt":"2025-06-30T07:11:41","guid":{"rendered":"https:\/\/tangooled.com\/?post_type=product&#038;p=34686"},"modified":"2026-01-21T18:51:40","modified_gmt":"2026-01-22T02:51:40","slug":"17mm-led-strip-light-aluminum-channel-for-surface-mounting","status":"publish","type":"product","link":"https:\/\/tangooled.com\/pt\/product\/17mm-led-strip-light-aluminum-channel-for-surface-mounting\/","title":{"rendered":"canal de alum\u00ednio para fita de LED de 17mm para montagem em superf\u00edcie"},"content":{"rendered":"<div class=\"wp-block-group is-vertical is-layout-flex wp-container-core-group-is-layout-d255d7c4 wp-block-group-is-layout-flex\" style=\"padding-top:var(--wp--preset--spacing--80);padding-bottom:var(--wp--preset--spacing--80)\">\n<p>Usar nosso canal de luz LED de 17mm \u00e9 a melhor maneira de garantir que seu projeto de ilumina\u00e7\u00e3o tenha uma apar\u00eancia profissional e resista ao teste do tempo. Este perfil de alum\u00ednio elegante, para montagem em superf\u00edcie, foi feito para acomodar fitas LED de at\u00e9 12mm de largura. Ele proporciona uma estrutura protetora robusta que tamb\u00e9m atua como um dissipador de calor para fazer suas luzes durarem mais. O kit vem com&nbsp;clipes de montagem que facilitam a fixa\u00e7\u00e3o do canal em qualquer superf\u00edcie plana, incluindo arm\u00e1rios de cozinha ou guarda-roupas. Para completar o visual, tampas de extremidade correspondentes s\u00e3o usadas para selar o perfil. Isso oculta as bordas irregulares e evita o ac\u00famulo de poeira.<br>Este canal de luz LED de 17mm se adapta bem em muitos locais internos, como cozinhas, guarda-roupas e lojas, tornando seu projeto de ilumina\u00e7\u00e3o simples e organizado.<\/p>\n<\/div>\n\n\n\n<div class=\"wp-block-group has-background is-vertical is-layout-flex wp-container-core-group-is-layout-d255d7c4 wp-block-group-is-layout-flex\" style=\"background-color:#f1f1f1;padding-top:var(--wp--preset--spacing--80);padding-bottom:var(--wp--preset--spacing--80)\">\n<div class=\"wp-block-group is-vertical is-layout-flex wp-container-core-group-is-layout-8cf370e7 wp-block-group-is-layout-flex\">\n<h2 class=\"wp-block-heading\" style=\"padding-top:var(--wp--preset--spacing--40);padding-bottom:var(--wp--preset--spacing--40);font-size:25px;font-style:normal;font-weight:600;text-transform:capitalize\">Por que escolher este canal de alum\u00ednio para fita de LED de 17mm?<\/h2>\n<\/div>\n\n\n\n<ul class=\"wp-block-list\">\n<li>Feito de alum\u00ednio anodizado, que ajuda a prolongar a vida \u00fatil do LED agindo como um dissipador de calor.<\/li>\n\n\n\n<li>Funciona com a maioria&nbsp;das fitas LED populares, como SMD 5050, SMD 2835 e fitas LED COB.<\/li>\n\n\n\n<li>Vem com um difusor de policarbonato (dispon\u00edvel em opal, fosco ou transparente) para criar um efeito de luz suave.<\/li>\n\n\n\n<li>Vem com clipes de montagem e tampas de extremidade para uma instala\u00e7\u00e3o simples e segura em uma superf\u00edcie plana.<\/li>\n\n\n\n<li>Funciona em v\u00e1rios locais, incluindo cozinhas, lojas, arm\u00e1rios, locais de trabalho e mais.<\/li>\n<\/ul>\n<\/div>\n\n\n\n<div class=\"wp-block-group is-vertical is-layout-flex wp-container-core-group-is-layout-d255d7c4 wp-block-group-is-layout-flex\" style=\"padding-top:var(--wp--preset--spacing--80);padding-bottom:var(--wp--preset--spacing--80)\">\n<hr class=\"wp-block-separator has-alpha-channel-opacity\"\/>\n\n\n\n<div class=\"wp-block-media-text has-media-on-the-right is-stacked-on-mobile\" style=\"grid-template-columns:auto 40%\"><div class=\"wp-block-media-text__content\">\n<h2 class=\"wp-block-heading\" style=\"font-size:25px;font-style:normal;font-weight:600;text-transform:capitalize\">Onde voc\u00ea pode usar o canal de alum\u00ednio para fita de LED de 17mm<\/h2>\n\n\n\n<ul class=\"wp-block-list\">\n<li>Under-cabinet kitchen lighting: Light that is clean and doesn&#8217;t leave dots on surfaces<\/li>\n\n\n\n<li>Arm\u00e1rios e guarda-roupas: Luz suave e clara que se adapta \u00e0s bordas dos m\u00f3veis<\/li>\n\n\n\n<li>Arm\u00e1rios de exibi\u00e7\u00e3o e lojas de varejo: Destaque produtos com uma ilumina\u00e7\u00e3o suave e constante<\/li>\n\n\n\n<li>Ilumina\u00e7\u00e3o de tarefa em escrit\u00f3rios e oficinas: Ilumina\u00e7\u00e3o de trabalho que \u00e9 brilhante e limpa<\/li>\n<\/ul>\n<\/div><figure class=\"wp-block-media-text__media\"><img loading=\"lazy\" decoding=\"async\" width=\"535\" height=\"536\" src=\"https:\/\/tangooled.com\/wp-content\/uploads\/2026\/01\/fp17-ins.webp\" alt=\"canal de alum\u00ednio para fita de LED de 17mm para montagem em superf\u00edcie\" class=\"wp-image-44714 size-full\" srcset=\"https:\/\/tangooled.com\/wp-content\/uploads\/2026\/01\/fp17-ins.webp 535w, https:\/\/tangooled.com\/wp-content\/uploads\/2026\/01\/fp17-ins-300x300.webp 300w, https:\/\/tangooled.com\/wp-content\/uploads\/2026\/01\/fp17-ins-150x150.webp 150w\" sizes=\"auto, (max-width: 535px) 100vw, 535px\" \/><\/figure><\/div>\n<\/div>\n\n\n\n<div class=\"wp-block-group has-background is-vertical is-layout-flex wp-container-core-group-is-layout-d255d7c4 wp-block-group-is-layout-flex\" style=\"background-color:#f1f1f1;padding-top:var(--wp--preset--spacing--80);padding-bottom:var(--wp--preset--spacing--80)\">\n<h2 class=\"wp-block-heading\" style=\"padding-top:var(--wp--preset--spacing--40);padding-bottom:var(--wp--preset--spacing--40);font-size:25px;font-style:normal;font-weight:600;text-transform:capitalize\">Inclui tudo o que voc\u00ea precisa!<\/h2>\n\n\n\n<p>Quando voc\u00ea compra este canal de luz LED de 17mm, voc\u00ea recebe:<\/p>\n\n\n\n<ul class=\"wp-block-list\">\n<li>1x canal de extrus\u00e3o de alum\u00ednio<\/li>\n\n\n\n<li>1x capa difusora para os LEDs (selecione transparente, fosco ou opal)<\/li>\n\n\n\n<li>Clipes para montagem (geralmente dois por metro)<\/li>\n\n\n\n<li>Tampas de extremidade (uma s\u00f3lida e outra com um buraco para o fio passar)<\/li>\n<\/ul>\n<\/div>\n\n\n\n<div class=\"wp-block-group is-vertical is-layout-flex wp-container-core-group-is-layout-d255d7c4 wp-block-group-is-layout-flex\" style=\"padding-top:var(--wp--preset--spacing--80);padding-bottom:var(--wp--preset--spacing--80)\">\n<h2 class=\"wp-block-heading\" style=\"padding-top:var(--wp--preset--spacing--40);padding-bottom:var(--wp--preset--spacing--40);font-size:25px;font-style:normal;font-weight:600;text-transform:capitalize\">Produtos Relacionados que Voc\u00ea Pode Gostar<\/h2>\n\n\n\n<ul class=\"wp-block-list\">\n<li><a href=\"https:\/\/tangooled.com\/pt\/product\/black-led-diffuser-aluminum-channel-for-12mm-tape-lights\/\"><mark style=\"background-color:rgba(0, 0, 0, 0)\" class=\"has-inline-color has-vivid-red-color\">Canal de alum\u00ednio com difusor LED preto para luzes de fita de 12mm<\/mark><\/a><\/li>\n\n\n\n<li><a href=\"https:\/\/tangooled.com\/pt\/product\/surface-mount-led-profile-with-frosted-diffuser-for-10mm-rope-lights\/\"><mark style=\"background-color:rgba(0, 0, 0, 0)\" class=\"has-inline-color has-vivid-red-color\">Perfil LED de montagem de superf\u00edcie com difusor fosco para luzes de cord\u00e3o de 10mm<\/mark><\/a><\/li>\n\n\n\n<li><a href=\"https:\/\/tangooled.com\/pt\/product\/led-strip-light-channel-aluminum-profile-with-diffused-cover-6mm-height\/\"><mark style=\"background-color:rgba(0, 0, 0, 0)\" class=\"has-inline-color has-vivid-red-color\">Canal de luz LED de alum\u00ednio com cobertura difusa, altura de 6 mm<\/mark><\/a><\/li>\n\n\n\n<li><a href=\"https:\/\/tangooled.com\/pt\/product\/black-aluminum-u-channel-profile-for-10mm-led-strips\/\"><mark style=\"background-color:rgba(0, 0, 0, 0)\" class=\"has-inline-color has-vivid-red-color\">Perfil de canal U de alum\u00ednio preto para tiras LED de 10mm<\/mark><\/a><\/li>\n<\/ul>\n<\/div>\n\n\n\n<div class=\"wp-block-group has-background is-vertical is-layout-flex wp-container-core-group-is-layout-d255d7c4 wp-block-group-is-layout-flex\" style=\"background-color:#f1f1f1;padding-top:var(--wp--preset--spacing--80);padding-bottom:var(--wp--preset--spacing--80)\">\n<h2 class=\"wp-block-heading\" style=\"padding-top:var(--wp--preset--spacing--40);padding-bottom:var(--wp--preset--spacing--40);font-size:25px;font-style:normal;font-weight:600;text-transform:capitalize\">resumo<\/h2>\n\n\n\n<p style=\"padding-right:var(--wp--preset--spacing--50);padding-left:var(--wp--preset--spacing--50)\">O canal de luz LED de 17mm para montagem em superf\u00edcie \u00e9 sua melhor escolha para instala\u00e7\u00f5es de fita LED organizadas, duradouras e profissionais. Este perfil de alum\u00ednio dur\u00e1vel funciona com a maioria dos tipos de fitas LED e fornece uma luz suave, sem pontos. Voc\u00ea pode us\u00e1-lo para ilumina\u00e7\u00e3o de tarefa em cozinhas, exibi\u00e7\u00f5es de lojas ou ilumina\u00e7\u00e3o de guarda-roupas.<\/p>\n<\/div>\n\n\n\n<p><\/p>","protected":false},"featured_media":13985,"template":"","meta":{"_acf_changed":true,"_seopress_robots_primary_cat":"none","_seopress_titles_title":"Aluminum 17mm LED Strip Light Channel | TANGOOLED","_seopress_titles_desc":"Source the 17mm LED strip light channel. This FP17 is designed for surface mounting, this aluminum profile ensures professional heat dissipation for flexible LED tapes.","_seopress_robots_index":""},"pcb-width":[228],"product-cat":[192],"class_list":{"0":"post-34686","1":"product","2":"type-product","3":"status-publish","4":"has-post-thumbnail","6":"pcb-width-6-12mm","7":"product-cat-surface-led-profile"},"acf":[],"_links":{"self":[{"href":"https:\/\/tangooled.com\/pt\/wp-json\/wp\/v2\/product\/34686","targetHints":{"allow":["GET"]}}],"collection":[{"href":"https:\/\/tangooled.com\/pt\/wp-json\/wp\/v2\/product"}],"about":[{"href":"https:\/\/tangooled.com\/pt\/wp-json\/wp\/v2\/types\/product"}],"wp:featuredmedia":[{"embeddable":true,"href":"https:\/\/tangooled.com\/pt\/wp-json\/wp\/v2\/media\/13985"}],"wp:attachment":[{"href":"https:\/\/tangooled.com\/pt\/wp-json\/wp\/v2\/media?parent=34686"}],"wp:term":[{"taxonomy":"pcb-width","embeddable":true,"href":"https:\/\/tangooled.com\/pt\/wp-json\/wp\/v2\/pcb-width?post=34686"},{"taxonomy":"product-cat","embeddable":true,"href":"https:\/\/tangooled.com\/pt\/wp-json\/wp\/v2\/product-cat?post=34686"}],"curies":[{"name":"wp","href":"https:\/\/api.w.org\/{rel}","templated":true}]}}