{"id":13209,"date":"2023-10-12T02:47:53","date_gmt":"2023-10-12T02:47:53","guid":{"rendered":"https:\/\/tangooled.com\/?post_type=product&#038;p=13209"},"modified":"2026-01-29T17:26:15","modified_gmt":"2026-01-30T01:26:15","slug":"black-led-profile-with-black-diffuser-for-10mm-led-strip-light","status":"publish","type":"product","link":"https:\/\/tangooled.com\/pt\/product\/black-led-profile-with-black-diffuser-for-10mm-led-strip-light\/","title":{"rendered":"perfil led preto com difusor preto para fita de LED de 10mm"},"content":{"rendered":"<div class=\"wp-block-group\" style=\"padding-top:var(--wp--preset--spacing--80);padding-bottom:var(--wp--preset--spacing--80)\"><div class=\"wp-block-group__inner-container is-layout-constrained wp-block-group-is-layout-constrained\">\n<p>This black led profile with black diffuser is made of high-quality materials, including 6063-T5 anodized aluminum and polycarbonate covers that meet industry standards. Each kit comes with\u00a0everything you need for a professional installation, including mounting clips and end caps. This black LED channel adheres to the top standards on the market, so it works with standard 10mm LED strip lights, such as flexible LED tapes and rigid bar lights. This black LED profile with black diffuser is made just for 10mm LED profile strips. Both professionals and lighting enthusiasts trust it to make subtle, discreet, and attractive lighting effects.<\/p>\n<\/div><\/div>\n\n\n\n<div class=\"wp-block-group has-background\" style=\"background-color:#f2f2f2f2;padding-top:var(--wp--preset--spacing--80);padding-bottom:var(--wp--preset--spacing--80)\"><div class=\"wp-block-group__inner-container is-layout-constrained wp-block-group-is-layout-constrained\">\n<div class=\"wp-block-group is-vertical is-layout-flex wp-container-core-group-is-layout-8cf370e7 wp-block-group-is-layout-flex\">\n<h2 class=\"wp-block-heading\" style=\"padding-top:var(--wp--preset--spacing--40);padding-bottom:var(--wp--preset--spacing--40);font-size:25px;font-style:normal;font-weight:600;text-transform:capitalize\">Por que escolher este perfil LED preto com difusor preto?<\/h2>\n\n\n\n<ul class=\"wp-block-list\">\n<li>Quando desligado, o alum\u00ednio preto mate e o difusor combinam bem com superf\u00edcies escuras como madeira preta, mobili\u00e1rio escuro ou paredes ripadas.<\/li>\n\n\n\n<li>Sem pontos quando ligado: O difusor preto oculta o padr\u00e3o de pontos brilhantes dos LEDs, permitindo que a luz brilhe em linha reta.<\/li>\n\n\n\n<li>Mant\u00e9m os LEDs seguros e frescos: O canal LED preto&nbsp;protege as fitas LED de poeira e danos e ajuda a prolongar sua vida \u00fatil, funcionando como um dissipador de calor.<\/li>\n\n\n\n<li>O difusor preto reduz o brilho da luz, proporcionando o acendimento e a ilumina\u00e7\u00e3o ambiente perfeitos sem ser muito intenso.<\/li>\n\n\n\n<li>Se encaixa perfeitamente com estilos de montagem em superf\u00edcie: \u00d3timo para instala\u00e7\u00e3o r\u00e1pida em paredes, prateleiras, m\u00f3veis e mais.<\/li>\n<\/ul>\n<\/div>\n<\/div><\/div>\n\n\n\n<div class=\"wp-block-group\" style=\"padding-top:var(--wp--preset--spacing--80);padding-bottom:var(--wp--preset--spacing--80)\"><div class=\"wp-block-group__inner-container is-layout-constrained wp-block-group-is-layout-constrained\">\n<div class=\"wp-block-media-text has-media-on-the-right is-stacked-on-mobile\" style=\"padding-top:0;padding-bottom:0;grid-template-columns:auto 40%\"><div class=\"wp-block-media-text__content\">\n<h2 class=\"wp-block-heading\" style=\"font-size:25px;font-style:normal;font-weight:600;text-transform:capitalize\">Instala\u00e7\u00e3o f\u00e1cil em 4 etapas<\/h2>\n\n\n\n<ul class=\"wp-block-list\">\n<li>Corte e me\u00e7a: Use uma serra de precis\u00e3o para cortar o perfil de alum\u00ednio e o difusor no comprimento que voc\u00ea deseja.<\/li>\n\n\n\n<li>Anexe os clipes: Use os clipes de metal que acompanham o produto para fix\u00e1-los na superf\u00edcie onde voc\u00ea deseja coloc\u00e1-los.<\/li>\n\n\n\n<li>Coloque a fita LED onde deve estar: Coloque sua fita LED de 10mm no canal do perfil.<\/li>\n\n\n\n<li>Adicione as capas finais e fixe a tampa do difusor preto para finalizar.<\/li>\n<\/ul>\n<\/div><figure class=\"wp-block-media-text__media\"><img loading=\"lazy\" decoding=\"async\" width=\"500\" height=\"500\" src=\"https:\/\/tangooled.com\/wp-content\/uploads\/2023\/10\/fp01-ins.webp\" alt=\"perfil led preto com difusor preto para fita de LED de 10mm\" class=\"wp-image-36167 size-full\" srcset=\"https:\/\/tangooled.com\/wp-content\/uploads\/2023\/10\/fp01-ins.webp 500w, https:\/\/tangooled.com\/wp-content\/uploads\/2023\/10\/fp01-ins-300x300.webp 300w, https:\/\/tangooled.com\/wp-content\/uploads\/2023\/10\/fp01-ins-150x150.webp 150w\" sizes=\"auto, (max-width: 500px) 100vw, 500px\" \/><\/figure><\/div>\n<\/div><\/div>\n\n\n\n<div class=\"wp-block-group has-background\" style=\"background-color:#f2f2f2;padding-top:var(--wp--preset--spacing--80);padding-bottom:var(--wp--preset--spacing--80)\"><div class=\"wp-block-group__inner-container is-layout-constrained wp-block-group-is-layout-constrained\">\n<h2 class=\"wp-block-heading\" style=\"padding-top:var(--wp--preset--spacing--40);padding-bottom:var(--wp--preset--spacing--40);font-size:25px;font-style:normal;font-weight:600;text-transform:capitalize\">Onde usar este perfil LED preto com difusor preto?<\/h2>\n\n\n\n<ul class=\"wp-block-list\">\n<li>Ilumina\u00e7\u00e3o para sob os arm\u00e1rios e na cozinha: Funciona muito bem sob arm\u00e1rios ou bancadas pretas.<\/li>\n\n\n\n<li>Atmosfera de home theater: Adiciona uma ilumina\u00e7\u00e3o suave e evocativa sem ser distraente.<\/li>\n\n\n\n<li>Prateleiras de exibi\u00e7\u00e3o e closets: Oculte a fonte de luz enquanto exibe os objetos.<\/li>\n\n\n\n<li>Ilumina\u00e7\u00e3o para m\u00f3veis: F\u00e1cil de colocar em camas, mesas e arm\u00e1rios.<\/li>\n<\/ul>\n<\/div><\/div>\n\n\n\n<div class=\"wp-block-group\" style=\"padding-top:var(--wp--preset--spacing--80);padding-bottom:var(--wp--preset--spacing--80)\"><div class=\"wp-block-group__inner-container is-layout-constrained wp-block-group-is-layout-constrained\">\n<h2 class=\"wp-block-heading\" style=\"padding-top:var(--wp--preset--spacing--40);padding-bottom:var(--wp--preset--spacing--40);font-size:25px;font-style:normal;font-weight:600;text-transform:capitalize\">Produtos Relacionados Que Voc\u00ea Pode Gostar<\/h2>\n\n\n\n<ul class=\"wp-block-list\">\n<li><a href=\"https:\/\/tangooled.com\/pt\/product\/black-aluminum-u-channel-profile-for-10mm-led-strips\/\"><mark style=\"background-color:rgba(0, 0, 0, 0)\" class=\"has-inline-color has-vivid-red-color\">Perfil em U de Alum\u00ednio Preto para Fitas LED de 10mm <\/mark><\/a>\u2014 Sleek black led channel profile designed for durable, clean installations. <\/li>\n\n\n\n<li><a href=\"https:\/\/tangooled.com\/pt\/product\/led-light-diffuser-channel-aluminum-15x12mm-for-10mm-led-strips\/\"><mark style=\"background-color:rgba(0, 0, 0, 0)\" class=\"has-inline-color has-vivid-red-color\">Perfil LED de montagem em superf\u00edcie em forma de U com difusor fosco<\/mark><\/a> \u2014 Ideal for soft light effects with easy surface mount design. <\/li>\n\n\n\n<li><a href=\"https:\/\/tangooled.com\/pt\/product\/25x6mm-low-profile-led-strip-channel-for-10mm-led-strip-light\/\"><mark style=\"background-color:rgba(0, 0, 0, 0)\" class=\"has-inline-color has-vivid-red-color\">Canal LED de perfil baixo para fita LED de 10mm<\/mark><\/a> \u2014 Perfect for narrow spaces, offering a slim and elegant solution.<\/li>\n<\/ul>\n<\/div><\/div>\n\n\n\n<div class=\"wp-block-group has-background\" style=\"background-color:#f2f2f2f2;padding-top:var(--wp--preset--spacing--80);padding-bottom:var(--wp--preset--spacing--80)\"><div class=\"wp-block-group__inner-container is-layout-constrained wp-block-group-is-layout-constrained\">\n<h2 class=\"wp-block-heading\" style=\"padding-top:var(--wp--preset--spacing--40);padding-bottom:var(--wp--preset--spacing--40);font-size:25px;font-style:normal;font-weight:600\">Por que usar um perfil LED preto com difusor preto?<\/h2>\n\n\n\n<p style=\"padding-right:var(--wp--preset--spacing--50);padding-left:var(--wp--preset--spacing--50)\">Voc\u00ea pode obter uma apar\u00eancia de ilumina\u00e7\u00e3o arquitet\u00f4nica sem pontos LED brilhantes usando um perfil LED preto com difusor preto. O acabamento preto combina bem com interiores escuros e oculta efetivamente a fonte de luz, proporcionando uma apar\u00eancia limpa. O canal de alum\u00ednio tamb\u00e9m protege sua fita LED e a mant\u00e9m fresca, assim dura muito tempo. Este perfil LED preto \u00e9 uma solu\u00e7\u00e3o ideal se voc\u00ea deseja um acabamento profissional e de alta qualidade com uma instala\u00e7\u00e3o f\u00e1cil de suas fitas de LED flex\u00edveis de 10mm.<\/p>\n<\/div><\/div>\n\n\n\n<p><\/p>","protected":false},"featured_media":40748,"template":"","meta":{"_acf_changed":true,"_seopress_robots_primary_cat":"none","_seopress_titles_title":"Black LED Profile with Black Diffuser | 10mm LED Strip Channel | TANGOOLED","_seopress_titles_desc":"High-quality FP01 black LED profile with black diffuser. Designed for 10mm LED strip lights, this aluminum channel provides a seamless, modern \"dark light\" effect for architectural lighting.","_seopress_robots_index":""},"pcb-width":[228],"product-cat":[192],"class_list":{"0":"post-13209","1":"product","2":"type-product","3":"status-publish","4":"has-post-thumbnail","6":"pcb-width-6-12mm","7":"product-cat-surface-led-profile"},"acf":[],"_links":{"self":[{"href":"https:\/\/tangooled.com\/pt\/wp-json\/wp\/v2\/product\/13209","targetHints":{"allow":["GET"]}}],"collection":[{"href":"https:\/\/tangooled.com\/pt\/wp-json\/wp\/v2\/product"}],"about":[{"href":"https:\/\/tangooled.com\/pt\/wp-json\/wp\/v2\/types\/product"}],"wp:featuredmedia":[{"embeddable":true,"href":"https:\/\/tangooled.com\/pt\/wp-json\/wp\/v2\/media\/40748"}],"wp:attachment":[{"href":"https:\/\/tangooled.com\/pt\/wp-json\/wp\/v2\/media?parent=13209"}],"wp:term":[{"taxonomy":"pcb-width","embeddable":true,"href":"https:\/\/tangooled.com\/pt\/wp-json\/wp\/v2\/pcb-width?post=13209"},{"taxonomy":"product-cat","embeddable":true,"href":"https:\/\/tangooled.com\/pt\/wp-json\/wp\/v2\/product-cat?post=13209"}],"curies":[{"name":"wp","href":"https:\/\/api.w.org\/{rel}","templated":true}]}}